{"id":991,"date":"2018-06-19T11:56:47","date_gmt":"2018-06-19T11:56:47","guid":{"rendered":"http:\/\/geodron.dev-smedialab.es\/tecnologia-laser-escaner\/"},"modified":"2018-07-14T13:25:06","modified_gmt":"2018-07-14T13:25:06","slug":"tecnologia-laser-escaner","status":"publish","type":"page","link":"https:\/\/geodronsl.com\/fr\/technologie\/scanner-laser-pour-la-topographie\/","title":{"rendered":"Scanner Laser pour la Topographie"},"content":{"rendered":"<p>[vc_row row_type=\u00a0\u00bbrow\u00a0\u00bb use_row_as_full_screen_section=\u00a0\u00bbno\u00a0\u00bb type=\u00a0\u00bbfull_width\u00a0\u00bb angled_section=\u00a0\u00bbno\u00a0\u00bb text_align=\u00a0\u00bbleft\u00a0\u00bb background_image_as_pattern=\u00a0\u00bbwithout_pattern\u00a0\u00bb css_animation=\u00a0\u00bb\u00a0\u00bb][vc_column width=\u00a0\u00bb1\/2&Prime;][vc_column_text]<\/p>\n<h1>Scanner Laser pour la Topographie<\/h1>\n<p>[\/vc_column_text][vc_separator type=\u00a0\u00bbtransparent\u00a0\u00bb][vc_column_text]Cette technologie nous permet de cr\u00e9er des mod\u00e8les en 3D avec une pr\u00e9cision milim\u00e9trique et dont le champ d\u2019application est illimit\u00e9. Le produit cr\u00e9\u00e9 consiste en un nuage de points de tr\u00e8s haute intensit\u00e9 \u00e0 partir duquel l\u2019on peut effectuer des calculs m\u00e9triques, modeler des \u00e9l\u00e9ments en 3D et 2D, obtenir des dessins, des sections, des coupes, des calculs topographiques\u2026[\/vc_column_text][vc_separator type=\u00a0\u00bbtransparent\u00a0\u00bb][vc_column_text]<\/p>\n<h2>Applications de scanner laser<\/h2>\n<p>[\/vc_column_text][vc_separator type=\u00a0\u00bbtransparent\u00a0\u00bb][vc_column_text]<\/p>\n<ul>\n<li>Lev\u00e9s topographiques<\/li>\n<li>Lev\u00e9s miniers et souterrains<\/li>\n<li>Barrages<\/li>\n<li>Voies de communication (routes, talus, structures\u2026)<\/li>\n<li>Viaducs et travaux de ma\u00e7onnerie<\/li>\n<li>Architecture et construction<\/li>\n<li>Lignes \u00e9lectriques et sous-stations<\/li>\n<li>Usines industrielles (raffineries de gaz, de p\u00e9trole\u2026)<\/li>\n<li>Installations (industrie automobile, a\u00e9ronautique\u2026)<\/li>\n<li>Industrie navale, conduits, plate-formes maritimes<\/li>\n<li>Documentation et suivi du patrimoine (architectural, arch\u00e9ologique, \u0153uvres d\u2019art\u2026)<\/li>\n<li>\u00c9tudes m\u00e9dico-l\u00e9gales<\/li>\n<li>Entourages militaires\u2026<\/li>\n<\/ul>\n<p>[\/vc_column_text][\/vc_column][vc_column width=\u00a0\u00bb1\/2&Prime;][vc_column_text]<img loading=\"lazy\" decoding=\"async\" class=\"alignnone wp-image-1221 size-full\" title=\"scanner laser pour la topographie\" src=\"https:\/\/geodronsl.com\/wp-content\/uploads\/2018\/07\/scanner-laser-pour-la-topographie.jpg\" alt=\"applications de scanner laser\" width=\"500\" height=\"500\" srcset=\"https:\/\/geodronsl.com\/wp-content\/uploads\/2018\/07\/scanner-laser-pour-la-topographie.jpg 500w, https:\/\/geodronsl.com\/wp-content\/uploads\/2018\/07\/scanner-laser-pour-la-topographie-150x150.jpg 150w, https:\/\/geodronsl.com\/wp-content\/uploads\/2018\/07\/scanner-laser-pour-la-topographie-300x300.jpg 300w\" sizes=\"auto, (max-width: 500px) 100vw, 500px\" \/>[\/vc_column_text][\/vc_column][\/vc_row]<\/p>\n","protected":false},"excerpt":{"rendered":"<p>[vc_row row_type=\u00a0\u00bbrow\u00a0\u00bb use_row_as_full_screen_section=\u00a0\u00bbno\u00a0\u00bb type=\u00a0\u00bbfull_width\u00a0\u00bb angled_section=\u00a0\u00bbno\u00a0\u00bb text_align=\u00a0\u00bbleft\u00a0\u00bb background_image_as_pattern=\u00a0\u00bbwithout_pattern\u00a0\u00bb css_animation=\u00a0\u00bb\u00a0\u00bb][vc_column width=\u00a0\u00bb1\/2&Prime;][vc_column_text] Scanner Laser pour la Topographie [\/vc_column_text][vc_separator type=\u00a0\u00bbtransparent\u00a0\u00bb][vc_column_text]Cette technologie nous permet de cr\u00e9er des mod\u00e8les en 3D avec une pr\u00e9cision milim\u00e9trique et dont le champ d\u2019application est illimit\u00e9. Le produit cr\u00e9\u00e9 consiste en un nuage de points&#8230;<\/p>\n","protected":false},"author":5,"featured_media":0,"parent":0,"menu_order":0,"comment_status":"closed","ping_status":"closed","template":"","meta":{"footnotes":""},"class_list":["post-991","page","type-page","status-publish","hentry"],"_links":{"self":[{"href":"https:\/\/geodronsl.com\/fr\/wp-json\/wp\/v2\/pages\/991","targetHints":{"allow":["GET"]}}],"collection":[{"href":"https:\/\/geodronsl.com\/fr\/wp-json\/wp\/v2\/pages"}],"about":[{"href":"https:\/\/geodronsl.com\/fr\/wp-json\/wp\/v2\/types\/page"}],"author":[{"embeddable":true,"href":"https:\/\/geodronsl.com\/fr\/wp-json\/wp\/v2\/users\/5"}],"replies":[{"embeddable":true,"href":"https:\/\/geodronsl.com\/fr\/wp-json\/wp\/v2\/comments?post=991"}],"version-history":[{"count":4,"href":"https:\/\/geodronsl.com\/fr\/wp-json\/wp\/v2\/pages\/991\/revisions"}],"predecessor-version":[{"id":1224,"href":"https:\/\/geodronsl.com\/fr\/wp-json\/wp\/v2\/pages\/991\/revisions\/1224"}],"wp:attachment":[{"href":"https:\/\/geodronsl.com\/fr\/wp-json\/wp\/v2\/media?parent=991"}],"curies":[{"name":"wp","href":"https:\/\/api.w.org\/{rel}","templated":true}]}}