{"id":975,"date":"2018-06-19T11:58:13","date_gmt":"2018-06-19T11:58:13","guid":{"rendered":"http:\/\/geodron.dev-smedialab.es\/tecnologia-lidar\/"},"modified":"2018-07-14T15:32:01","modified_gmt":"2018-07-14T15:32:01","slug":"tecnologia-lidar","status":"publish","type":"page","link":"https:\/\/geodronsl.com\/fr\/technologie\/technologie-lidar-pour-professionnels\/","title":{"rendered":"Technologie Lidar pour professionnels"},"content":{"rendered":"<p>[vc_row row_type=\u00a0\u00bbrow\u00a0\u00bb use_row_as_full_screen_section=\u00a0\u00bbno\u00a0\u00bb type=\u00a0\u00bbfull_width\u00a0\u00bb angled_section=\u00a0\u00bbno\u00a0\u00bb text_align=\u00a0\u00bbleft\u00a0\u00bb background_image_as_pattern=\u00a0\u00bbwithout_pattern\u00a0\u00bb css_animation=\u00a0\u00bb\u00a0\u00bb][vc_column width=\u00a0\u00bb1\/2&Prime; css=\u00a0\u00bb.vc_custom_1489669217146{padding-right: 0px !important;padding-left: 0px !important;}\u00a0\u00bb el_class=\u00a0\u00bbelement_from_left element_from_left_on\u00a0\u00bb][vc_column_text]<img loading=\"lazy\" decoding=\"async\" class=\"alignnone wp-image-1312 size-full\" title=\"technologie lidar pour professionnels\" src=\"https:\/\/geodronsl.com\/wp-content\/uploads\/2018\/07\/technologie-lidar-pour-professionnels.jpg\" alt=\"technologie lidar pour professionnels\" width=\"500\" height=\"500\" srcset=\"https:\/\/geodronsl.com\/wp-content\/uploads\/2018\/07\/technologie-lidar-pour-professionnels.jpg 500w, https:\/\/geodronsl.com\/wp-content\/uploads\/2018\/07\/technologie-lidar-pour-professionnels-150x150.jpg 150w, https:\/\/geodronsl.com\/wp-content\/uploads\/2018\/07\/technologie-lidar-pour-professionnels-300x300.jpg 300w\" sizes=\"auto, (max-width: 500px) 100vw, 500px\" \/>[\/vc_column_text][\/vc_column][vc_column width=\u00a0\u00bb1\/2&Prime;][vc_column_text]<\/p>\n<h1>Technologie Lidar pour professionnels<\/h1>\n<p>[\/vc_column_text][vc_separator type=\u00a0\u00bbtransparent\u00a0\u00bb][vc_column_text]Pour dresser des cartes extr\u00eamement pr\u00e9cises et en haute r\u00e9solution, GEODRON dispose de la technologie LIDAR, une r\u00e9f\u00e9rence en la mati\u00e8re pour les ing\u00e9nieurs, les \u00e9cologistes, les personnes responsables de g\u00e9rer l\u2019habitat et pour les institutions financi\u00e8res qui investissent dans le domaine des \u00e9nergies, leur offrant ainsi des informations essentielles et leur apportant des solutions qui leur permettront d\u2019obtenir les meilleurs r\u00e9sultats de chaque projet.[\/vc_column_text][\/vc_column][\/vc_row]<\/p>\n","protected":false},"excerpt":{"rendered":"<p>[vc_row row_type=\u00a0\u00bbrow\u00a0\u00bb use_row_as_full_screen_section=\u00a0\u00bbno\u00a0\u00bb type=\u00a0\u00bbfull_width\u00a0\u00bb angled_section=\u00a0\u00bbno\u00a0\u00bb text_align=\u00a0\u00bbleft\u00a0\u00bb background_image_as_pattern=\u00a0\u00bbwithout_pattern\u00a0\u00bb css_animation=\u00a0\u00bb\u00a0\u00bb][vc_column width=\u00a0\u00bb1\/2&Prime; css=\u00a0\u00bb.vc_custom_1489669217146{padding-right: 0px !important;padding-left: 0px !important;}\u00a0\u00bb el_class=\u00a0\u00bbelement_from_left element_from_left_on\u00a0\u00bb][vc_column_text][\/vc_column_text][\/vc_column][vc_column width=\u00a0\u00bb1\/2&Prime;][vc_column_text] Technologie Lidar pour professionnels [\/vc_column_text][vc_separator type=\u00a0\u00bbtransparent\u00a0\u00bb][vc_column_text]Pour dresser des cartes extr\u00eamement pr\u00e9cises et en haute r\u00e9solution, GEODRON dispose de la technologie LIDAR, une r\u00e9f\u00e9rence en la mati\u00e8re pour les&#8230;<\/p>\n","protected":false},"author":5,"featured_media":0,"parent":0,"menu_order":0,"comment_status":"closed","ping_status":"closed","template":"","meta":{"footnotes":""},"class_list":["post-975","page","type-page","status-publish","hentry"],"_links":{"self":[{"href":"https:\/\/geodronsl.com\/fr\/wp-json\/wp\/v2\/pages\/975","targetHints":{"allow":["GET"]}}],"collection":[{"href":"https:\/\/geodronsl.com\/fr\/wp-json\/wp\/v2\/pages"}],"about":[{"href":"https:\/\/geodronsl.com\/fr\/wp-json\/wp\/v2\/types\/page"}],"author":[{"embeddable":true,"href":"https:\/\/geodronsl.com\/fr\/wp-json\/wp\/v2\/users\/5"}],"replies":[{"embeddable":true,"href":"https:\/\/geodronsl.com\/fr\/wp-json\/wp\/v2\/comments?post=975"}],"version-history":[{"count":5,"href":"https:\/\/geodronsl.com\/fr\/wp-json\/wp\/v2\/pages\/975\/revisions"}],"predecessor-version":[{"id":1315,"href":"https:\/\/geodronsl.com\/fr\/wp-json\/wp\/v2\/pages\/975\/revisions\/1315"}],"wp:attachment":[{"href":"https:\/\/geodronsl.com\/fr\/wp-json\/wp\/v2\/media?parent=975"}],"curies":[{"name":"wp","href":"https:\/\/api.w.org\/{rel}","templated":true}]}}