{"id":966,"date":"2018-06-19T12:00:56","date_gmt":"2018-06-19T12:00:56","guid":{"rendered":"http:\/\/geodron.dev-smedialab.es\/tecnologia-software\/"},"modified":"2018-07-14T14:17:15","modified_gmt":"2018-07-14T14:17:15","slug":"tecnologia-software","status":"publish","type":"page","link":"https:\/\/geodronsl.com\/fr\/technologie\/logiciel-de-photogrammetrie\/","title":{"rendered":"Logiciel de photogramm\u00e9trie"},"content":{"rendered":"<p>[vc_row row_type=\u00a0\u00bbrow\u00a0\u00bb use_row_as_full_screen_section=\u00a0\u00bbno\u00a0\u00bb type=\u00a0\u00bbfull_width\u00a0\u00bb angled_section=\u00a0\u00bbno\u00a0\u00bb text_align=\u00a0\u00bbleft\u00a0\u00bb background_image_as_pattern=\u00a0\u00bbwithout_pattern\u00a0\u00bb css_animation=\u00a0\u00bb\u00a0\u00bb][vc_column width=\u00a0\u00bb1\/2&Prime; css=\u00a0\u00bb.vc_custom_1489669225955{padding-right: 0px !important;padding-left: 0px !important;}\u00a0\u00bb el_class=\u00a0\u00bbelement_from_left element_from_left_on\u00a0\u00bb][vc_column_text]<img loading=\"lazy\" decoding=\"async\" class=\"alignnone wp-image-1260 size-full\" title=\"logiciel de photogramm\u00e9trie, traitement de nuage de points\" src=\"https:\/\/geodronsl.com\/wp-content\/uploads\/2018\/07\/logiciel-de-photogrammetrie-traitement-de-nuage-de-points.jpg\" alt=\"logiciel de photogramm\u00e9trie, traitement de nuage de points\" width=\"500\" height=\"500\" srcset=\"https:\/\/geodronsl.com\/wp-content\/uploads\/2018\/07\/logiciel-de-photogrammetrie-traitement-de-nuage-de-points.jpg 500w, https:\/\/geodronsl.com\/wp-content\/uploads\/2018\/07\/logiciel-de-photogrammetrie-traitement-de-nuage-de-points-150x150.jpg 150w, https:\/\/geodronsl.com\/wp-content\/uploads\/2018\/07\/logiciel-de-photogrammetrie-traitement-de-nuage-de-points-300x300.jpg 300w\" sizes=\"auto, (max-width: 500px) 100vw, 500px\" \/>[\/vc_column_text][\/vc_column][vc_column width=\u00a0\u00bb1\/2&Prime;][vc_column_text]<\/p>\n<h1>Logiciel de photogramm\u00e9trie, traitement de nuage de points, restitution, G.I.S<\/h1>\n<p>[\/vc_column_text][vc_separator type=\u00a0\u00bbtransparent\u00a0\u00bb][vc_column_text]Geodron emploie des logiciels professionnels sp\u00e9cialis\u00e9s dans la production et le traitement de l\u2019information g\u00e9ographique, en employant les technologies de traitement et de visualisation st\u00e9r\u00e9oscopiques 3D les plus avanc\u00e9es du march\u00e9, qui apportent les avantages suivants\u00a0:[\/vc_column_text][vc_separator type=\u00a0\u00bbtransparent\u00a0\u00bb][vc_column_text el_class=\u00a0\u00bbdiv-Custom-List\u00a0\u00bb]<\/p>\n<ul>\n<li>Int\u00e8gre dans un seul outil des fonctions qui de fa\u00e7on traditionnelle \u00e9taient effectu\u00e9es en utilisant diff\u00e9rents logiciels d\u2019analyse ou de production dans un m\u00eame projet (restitution st\u00e9r\u00e9o, \u00e9puration Li DAR, g\u00e9n\u00e9ration de produits d\u2019altim\u00e9trie, num\u00e9risation 2D, g\u00e9otraitement, analyse raster, ex\u00e9cution d\u2019outils de lignes de commande de logiciel libre, exportation de diff\u00e9rents formats, gestion compl\u00e8te de vols photogramm\u00e9triques, y compris l\u2019a\u00e9rotriangulation, g\u00e9n\u00e9ration de nuages de points 3D par corr\u00e9lation d\u2019images, orthophotographie, etc.)<\/li>\n<li>Contr\u00f4le int\u00e9gr\u00e9 de toutes les sources de donn\u00e9es dans un seul syst\u00e8me (LiDAR, couples st\u00e9r\u00e9oscopiques, MNE, orthophotographie, WMS, etc.)<\/li>\n<li>Capture en 3D d\u2019information sur des mod\u00e8les de donn\u00e9es SIG, au moyen de la st\u00e9r\u00e9oscopie ou de la capture de cotes \u00e0 partir de LiDAR, ce qui constitue un support pour divers formats et syst\u00e8mes de projection.<\/li>\n<\/ul>\n<p>[\/vc_column_text][vc_separator type=\u00a0\u00bbtransparent\u00a0\u00bb][vc_column_text]Applications\u00a0: de la g\u00e9n\u00e9ration et la production cartographique au contr\u00f4le de la qualit\u00e9 ou \u00e0 l\u2019exploitation int\u00e9gr\u00e9 avec d\u2019autres syst\u00e8mes \u00e0 diff\u00e9rentes fonctions, tels que SIG, solutions de r\u00e9alit\u00e9 augment\u00e9e, syst\u00e8mes d\u2019urgence, gestion des c\u00f4tes et des zones inondables, etc.[\/vc_column_text][\/vc_column][\/vc_row]<\/p>\n","protected":false},"excerpt":{"rendered":"<p>[vc_row row_type=\u00a0\u00bbrow\u00a0\u00bb use_row_as_full_screen_section=\u00a0\u00bbno\u00a0\u00bb type=\u00a0\u00bbfull_width\u00a0\u00bb angled_section=\u00a0\u00bbno\u00a0\u00bb text_align=\u00a0\u00bbleft\u00a0\u00bb background_image_as_pattern=\u00a0\u00bbwithout_pattern\u00a0\u00bb css_animation=\u00a0\u00bb\u00a0\u00bb][vc_column width=\u00a0\u00bb1\/2&Prime; css=\u00a0\u00bb.vc_custom_1489669225955{padding-right: 0px !important;padding-left: 0px !important;}\u00a0\u00bb el_class=\u00a0\u00bbelement_from_left element_from_left_on\u00a0\u00bb][vc_column_text][\/vc_column_text][\/vc_column][vc_column width=\u00a0\u00bb1\/2&Prime;][vc_column_text] Logiciel de photogramm\u00e9trie, traitement de nuage de points, restitution, G.I.S [\/vc_column_text][vc_separator type=\u00a0\u00bbtransparent\u00a0\u00bb][vc_column_text]Geodron emploie des logiciels professionnels sp\u00e9cialis\u00e9s dans la production et le traitement de l\u2019information g\u00e9ographique, en employant&#8230;<\/p>\n","protected":false},"author":5,"featured_media":0,"parent":0,"menu_order":0,"comment_status":"closed","ping_status":"closed","template":"","meta":{"footnotes":""},"class_list":["post-966","page","type-page","status-publish","hentry"],"_links":{"self":[{"href":"https:\/\/geodronsl.com\/fr\/wp-json\/wp\/v2\/pages\/966","targetHints":{"allow":["GET"]}}],"collection":[{"href":"https:\/\/geodronsl.com\/fr\/wp-json\/wp\/v2\/pages"}],"about":[{"href":"https:\/\/geodronsl.com\/fr\/wp-json\/wp\/v2\/types\/page"}],"author":[{"embeddable":true,"href":"https:\/\/geodronsl.com\/fr\/wp-json\/wp\/v2\/users\/5"}],"replies":[{"embeddable":true,"href":"https:\/\/geodronsl.com\/fr\/wp-json\/wp\/v2\/comments?post=966"}],"version-history":[{"count":4,"href":"https:\/\/geodronsl.com\/fr\/wp-json\/wp\/v2\/pages\/966\/revisions"}],"predecessor-version":[{"id":1590,"href":"https:\/\/geodronsl.com\/fr\/wp-json\/wp\/v2\/pages\/966\/revisions\/1590"}],"wp:attachment":[{"href":"https:\/\/geodronsl.com\/fr\/wp-json\/wp\/v2\/media?parent=966"}],"curies":[{"name":"wp","href":"https:\/\/api.w.org\/{rel}","templated":true}]}}