{"id":952,"date":"2018-06-19T15:54:29","date_gmt":"2018-06-19T15:54:29","guid":{"rendered":"http:\/\/geodron.dev-smedialab.es\/aplicaciones-paisajisticas\/"},"modified":"2018-07-14T13:23:36","modified_gmt":"2018-07-14T13:23:36","slug":"aplicaciones-paisajisticas","status":"publish","type":"page","link":"https:\/\/geodronsl.com\/fr\/services\/paysagisme-avec-des-drones\/","title":{"rendered":"Paysagisme avec des Drones"},"content":{"rendered":"<p>[vc_row row_type=\u00a0\u00bbrow\u00a0\u00bb use_row_as_full_screen_section=\u00a0\u00bbno\u00a0\u00bb type=\u00a0\u00bbfull_width\u00a0\u00bb angled_section=\u00a0\u00bbno\u00a0\u00bb text_align=\u00a0\u00bbleft\u00a0\u00bb background_image_as_pattern=\u00a0\u00bbwithout_pattern\u00a0\u00bb css_animation=\u00a0\u00bb\u00a0\u00bb][vc_column width=\u00a0\u00bb1\/2&Prime;][vc_column_text]<img loading=\"lazy\" decoding=\"async\" class=\"alignnone wp-image-1242 size-full\" title=\"paysagisme avec des drones\" src=\"https:\/\/geodronsl.com\/wp-content\/uploads\/2018\/07\/paysagisme-avec-des-drones.jpg\" alt=\"paysagisme avec des drones\" width=\"500\" height=\"500\" srcset=\"https:\/\/geodronsl.com\/wp-content\/uploads\/2018\/07\/paysagisme-avec-des-drones.jpg 500w, https:\/\/geodronsl.com\/wp-content\/uploads\/2018\/07\/paysagisme-avec-des-drones-150x150.jpg 150w, https:\/\/geodronsl.com\/wp-content\/uploads\/2018\/07\/paysagisme-avec-des-drones-300x300.jpg 300w\" sizes=\"auto, (max-width: 500px) 100vw, 500px\" \/>[\/vc_column_text][\/vc_column][vc_column width=\u00a0\u00bb1\/2&Prime;][vc_column_text]<\/p>\n<h1>PAYSAGISME AVEC DES DRONES<\/h1>\n<p>[\/vc_column_text][vc_separator type=\u00a0\u00bbtransparent\u00a0\u00bb][vc_column_text el_class=\u00a0\u00bbdiv-Custom-List\u00a0\u00bb]<\/p>\n<ul>\n<li>\u00c9tudes d\u2019am\u00e9nagement et d\u2019analyse du paysage<\/li>\n<li>Suivi pour audits environnementaux et d\u2019infrastructures<\/li>\n<li>\u00c9tudes de l\u2019impact environnemental et cartographie des risques naturels<\/li>\n<li>Suivi, planification, restauration et r\u00e9g\u00e9n\u00e9ration d\u2019espaces et de l\u2019utilisation du sol<\/li>\n<li>D\u00e9termination de l\u2019impact de la s\u00e9cheresse, de la d\u00e9gradation et de l\u2019\u00e9rosion des c\u00f4tes et de la contamination du sol<\/li>\n<li>Contr\u00f4le des d\u00e9versements, scellage et entreposage de d\u00e9chets solides<\/li>\n<li>Contr\u00f4le des bassins hydrographiques<\/li>\n<li>Restauration environnementale des sites d\u2019extraction mini\u00e8re<\/li>\n<li>Am\u00e9nagement et gestion du territoire<\/li>\n<li>Mesure et contr\u00f4le des versants instables<\/li>\n<li>\u00c9tudes d\u2019inondations pour l\u2019\u00e9valuation des risques<\/li>\n<\/ul>\n<p>[\/vc_column_text][\/vc_column][\/vc_row]<\/p>\n","protected":false},"excerpt":{"rendered":"<p>[vc_row row_type=\u00a0\u00bbrow\u00a0\u00bb use_row_as_full_screen_section=\u00a0\u00bbno\u00a0\u00bb type=\u00a0\u00bbfull_width\u00a0\u00bb angled_section=\u00a0\u00bbno\u00a0\u00bb text_align=\u00a0\u00bbleft\u00a0\u00bb background_image_as_pattern=\u00a0\u00bbwithout_pattern\u00a0\u00bb css_animation=\u00a0\u00bb\u00a0\u00bb][vc_column width=\u00a0\u00bb1\/2&Prime;][vc_column_text][\/vc_column_text][\/vc_column][vc_column width=\u00a0\u00bb1\/2&Prime;][vc_column_text] PAYSAGISME AVEC DES DRONES [\/vc_column_text][vc_separator type=\u00a0\u00bbtransparent\u00a0\u00bb][vc_column_text el_class=\u00a0\u00bbdiv-Custom-List\u00a0\u00bb] \u00c9tudes d\u2019am\u00e9nagement et d\u2019analyse du paysage Suivi pour audits environnementaux et d\u2019infrastructures \u00c9tudes de l\u2019impact environnemental et cartographie des risques naturels Suivi, planification, restauration et r\u00e9g\u00e9n\u00e9ration d\u2019espaces et&#8230;<\/p>\n","protected":false},"author":5,"featured_media":0,"parent":0,"menu_order":0,"comment_status":"closed","ping_status":"closed","template":"","meta":{"footnotes":""},"class_list":["post-952","page","type-page","status-publish","hentry"],"_links":{"self":[{"href":"https:\/\/geodronsl.com\/fr\/wp-json\/wp\/v2\/pages\/952","targetHints":{"allow":["GET"]}}],"collection":[{"href":"https:\/\/geodronsl.com\/fr\/wp-json\/wp\/v2\/pages"}],"about":[{"href":"https:\/\/geodronsl.com\/fr\/wp-json\/wp\/v2\/types\/page"}],"author":[{"embeddable":true,"href":"https:\/\/geodronsl.com\/fr\/wp-json\/wp\/v2\/users\/5"}],"replies":[{"embeddable":true,"href":"https:\/\/geodronsl.com\/fr\/wp-json\/wp\/v2\/comments?post=952"}],"version-history":[{"count":4,"href":"https:\/\/geodronsl.com\/fr\/wp-json\/wp\/v2\/pages\/952\/revisions"}],"predecessor-version":[{"id":1245,"href":"https:\/\/geodronsl.com\/fr\/wp-json\/wp\/v2\/pages\/952\/revisions\/1245"}],"wp:attachment":[{"href":"https:\/\/geodronsl.com\/fr\/wp-json\/wp\/v2\/media?parent=952"}],"curies":[{"name":"wp","href":"https:\/\/api.w.org\/{rel}","templated":true}]}}