{"id":945,"date":"2018-06-19T11:59:36","date_gmt":"2018-06-19T11:59:36","guid":{"rendered":"http:\/\/geodron.dev-smedialab.es\/tecnologia-mobile-mapping\/"},"modified":"2018-07-14T15:49:21","modified_gmt":"2018-07-14T15:49:21","slug":"tecnologia-mobile-mapping","status":"publish","type":"page","link":"https:\/\/geodronsl.com\/fr\/technologie\/obtention-de-donnees-par-mobile-mapping\/","title":{"rendered":"Obtention De Donn\u00e9es Par Mobile Mapping"},"content":{"rendered":"<p>[vc_row row_type=\u00a0\u00bbrow\u00a0\u00bb use_row_as_full_screen_section=\u00a0\u00bbno\u00a0\u00bb type=\u00a0\u00bbfull_width\u00a0\u00bb angled_section=\u00a0\u00bbno\u00a0\u00bb text_align=\u00a0\u00bbleft\u00a0\u00bb background_image_as_pattern=\u00a0\u00bbwithout_pattern\u00a0\u00bb css_animation=\u00a0\u00bb\u00a0\u00bb][vc_column width=\u00a0\u00bb1\/2&Prime;][vc_column_text]<\/p>\n<h1>OBTENTION DE DONN\u00c9ES PAR MOBILE MAPPING<\/h1>\n<p>[\/vc_column_text][vc_separator type=\u00a0\u00bbtransparent\u00a0\u00bb][vc_column_text]C\u2019est opter clairement pour une technologie qui offre un nombre infini d\u2019applications et de nouvelles pratiques dans divers domaines, de la planification et la gestion de la voie publique gr\u00e2ce \u00e0 la connaissance d\u00e9taill\u00e9 du mobilier urbain, du patrimoine, de l\u2019\u00e9clairage, du pavement, des espaces verts, conceptions de plans de mobilit\u00e9 et \u00e9tudes d\u2019accessibilit\u00e9 pour les \u00e9quipes de secours et de protection civile, gestion optimis\u00e9 des services de collecte des d\u00e9chets et de nettoyage des rues\u2026tout cela en photographiant et en scannant le r\u00e9seau routier sur un angle de 360\u00a0\u00ba depuis un v\u00e9hicule, lui permettant d\u2019obtenir des images et des donn\u00e9es n\u00e9cessaires pour transformer des millions de points en produits pr\u00eats \u00e0 livrer et utiles \u00e0 l\u2019ing\u00e9nierie, \u00e0 la topographie, \u00e0 la cartographie urbaine, \u00e0 l\u2019\u00e9laboration d\u2019inventaires\u2026.[\/vc_column_text][\/vc_column][vc_column width=\u00a0\u00bb1\/2&Prime; css=\u00a0\u00bb.vc_custom_1489669179067{padding-right: 0px !important;padding-left: 0px !important;}\u00a0\u00bb el_class=\u00a0\u00bbelement_from_right element_from_right_on\u00a0\u00bb][vc_column_text]<img loading=\"lazy\" decoding=\"async\" class=\"alignnone wp-image-1166 size-full\" title=\"obtention de donnees par mobile mapping\" src=\"https:\/\/geodronsl.com\/wp-content\/uploads\/2018\/07\/obtention-de-donnees-par-mobile-mapping.jpg\" alt=\"obtention de donnees par mobile mapping\" width=\"500\" height=\"500\" srcset=\"https:\/\/geodronsl.com\/wp-content\/uploads\/2018\/07\/obtention-de-donnees-par-mobile-mapping.jpg 500w, https:\/\/geodronsl.com\/wp-content\/uploads\/2018\/07\/obtention-de-donnees-par-mobile-mapping-150x150.jpg 150w, https:\/\/geodronsl.com\/wp-content\/uploads\/2018\/07\/obtention-de-donnees-par-mobile-mapping-300x300.jpg 300w\" sizes=\"auto, (max-width: 500px) 100vw, 500px\" \/>[\/vc_column_text][\/vc_column][\/vc_row]<\/p>\n","protected":false},"excerpt":{"rendered":"<p>[vc_row row_type=\u00a0\u00bbrow\u00a0\u00bb use_row_as_full_screen_section=\u00a0\u00bbno\u00a0\u00bb type=\u00a0\u00bbfull_width\u00a0\u00bb angled_section=\u00a0\u00bbno\u00a0\u00bb text_align=\u00a0\u00bbleft\u00a0\u00bb background_image_as_pattern=\u00a0\u00bbwithout_pattern\u00a0\u00bb css_animation=\u00a0\u00bb\u00a0\u00bb][vc_column width=\u00a0\u00bb1\/2&Prime;][vc_column_text] OBTENTION DE DONN\u00c9ES PAR MOBILE MAPPING [\/vc_column_text][vc_separator type=\u00a0\u00bbtransparent\u00a0\u00bb][vc_column_text]C\u2019est opter clairement pour une technologie qui offre un nombre infini d\u2019applications et de nouvelles pratiques dans divers domaines, de la planification et la gestion de la voie publique&#8230;<\/p>\n","protected":false},"author":5,"featured_media":0,"parent":0,"menu_order":0,"comment_status":"closed","ping_status":"closed","template":"","meta":{"footnotes":""},"class_list":["post-945","page","type-page","status-publish","hentry"],"_links":{"self":[{"href":"https:\/\/geodronsl.com\/fr\/wp-json\/wp\/v2\/pages\/945","targetHints":{"allow":["GET"]}}],"collection":[{"href":"https:\/\/geodronsl.com\/fr\/wp-json\/wp\/v2\/pages"}],"about":[{"href":"https:\/\/geodronsl.com\/fr\/wp-json\/wp\/v2\/types\/page"}],"author":[{"embeddable":true,"href":"https:\/\/geodronsl.com\/fr\/wp-json\/wp\/v2\/users\/5"}],"replies":[{"embeddable":true,"href":"https:\/\/geodronsl.com\/fr\/wp-json\/wp\/v2\/comments?post=945"}],"version-history":[{"count":4,"href":"https:\/\/geodronsl.com\/fr\/wp-json\/wp\/v2\/pages\/945\/revisions"}],"predecessor-version":[{"id":1591,"href":"https:\/\/geodronsl.com\/fr\/wp-json\/wp\/v2\/pages\/945\/revisions\/1591"}],"wp:attachment":[{"href":"https:\/\/geodronsl.com\/fr\/wp-json\/wp\/v2\/media?parent=945"}],"curies":[{"name":"wp","href":"https:\/\/api.w.org\/{rel}","templated":true}]}}