{"id":929,"date":"2018-06-13T14:52:20","date_gmt":"2018-06-13T14:52:20","guid":{"rendered":"http:\/\/geodron.dev-smedialab.es\/agricultura-de-precision\/"},"modified":"2018-07-14T12:10:12","modified_gmt":"2018-07-14T12:10:12","slug":"agricultura-de-precision","status":"publish","type":"page","link":"https:\/\/geodronsl.com\/fr\/services\/agriculture-de-precision-avec-des-drones\/","title":{"rendered":"Agriculture de pr\u00e9cision avec des Drones"},"content":{"rendered":"<p>[vc_row row_type=\u00a0\u00bbrow\u00a0\u00bb use_row_as_full_screen_section=\u00a0\u00bbno\u00a0\u00bb type=\u00a0\u00bbfull_width\u00a0\u00bb angled_section=\u00a0\u00bbno\u00a0\u00bb text_align=\u00a0\u00bbleft\u00a0\u00bb background_image_as_pattern=\u00a0\u00bbwithout_pattern\u00a0\u00bb css_animation=\u00a0\u00bb\u00a0\u00bb][vc_column width=\u00a0\u00bb1\/2&Prime;][vc_column_text]<\/p>\n<h1>Agriculture de pr\u00e9cision avec des Drones<\/h1>\n<p>[\/vc_column_text][vc_separator type=\u00a0\u00bbtransparent\u00a0\u00bb][vc_column_text]Il s\u2019agit d\u2019un <strong>syst\u00e8me de gestion intelligent des cultures<\/strong> qui utilise les derniers outils technologiques et qui apporte des avantages sur le plan \u00e9conomique, ainsi qu\u2019en mati\u00e8re d\u2019efficacit\u00e9 environnementale, permettant de r\u00e9duire le co\u00fbt de l\u2019arrosage, de la fertilisation, de la fumigation\u2026[\/vc_column_text][vc_separator type=\u00a0\u00bbtransparent\u00a0\u00bb][vc_column_text]\u201cLes plantes tombent malades, mais leurs sympt\u00f4mes ne sont pas toujours visibles \u00e0 l\u2019oeil humain\u201d[\/vc_column_text][vc_separator type=\u00a0\u00bbtransparent\u00a0\u00bb][vc_column_text]<\/p>\n<h2>CAM\u00c9RAS THERMIQUES POUR L&rsquo;AGRICULTURE DE PR\u00c9CISION<\/h2>\n<p>[\/vc_column_text][vc_column_text]Sachant l\u2019importance qu\u2019acquiert de nos jours l\u2019optimisation des ressources disponibles, GEODRON fournit un outil fondamental <strong>pour l\u2019agriculture de pr\u00e9cision et pour la sylviculture. En utilisant les UAV<\/strong> munis de cam\u00e9ras multispectrales et thermiques, nous pouvons conna\u00eetre en temps r\u00e9el l\u2019\u00e9tat des diff\u00e9rents sites et am\u00e9liorer leur efficacit\u00e9\u00a0; il est possible d\u2019intervenir au moment appropri\u00e9 et \u00e0 l\u2019endroit pr\u00e9cis.[\/vc_column_text][\/vc_column][vc_column width=\u00a0\u00bb1\/2&Prime; css=\u00a0\u00bb.vc_custom_1489669033905{padding-right: 0px !important;padding-left: 0px !important;}\u00a0\u00bb el_class=\u00a0\u00bbelement_from_right element_from_right_on\u00a0\u00bb][vc_column_text]<img loading=\"lazy\" decoding=\"async\" class=\"alignnone wp-image-1162 size-full\" title=\"agriculture de precision avec des drones\" src=\"https:\/\/geodronsl.com\/wp-content\/uploads\/2018\/07\/agriculture-de-precision-avec-des-drones.gif\" alt=\"cameras thermiques pour lagriculture de precision\" width=\"535\" height=\"591\" \/>[\/vc_column_text][\/vc_column][\/vc_row][vc_row row_type=\u00a0\u00bbrow\u00a0\u00bb use_row_as_full_screen_section=\u00a0\u00bbno\u00a0\u00bb type=\u00a0\u00bbfull_width\u00a0\u00bb angled_section=\u00a0\u00bbno\u00a0\u00bb text_align=\u00a0\u00bbleft\u00a0\u00bb background_image_as_pattern=\u00a0\u00bbwithout_pattern\u00a0\u00bb css_animation=\u00a0\u00bb\u00a0\u00bb][vc_column][vc_separator type=\u00a0\u00bbnormal\u00a0\u00bb up=\u00a0\u00bb20px\u00a0\u00bb][\/vc_column][\/vc_row][vc_row row_type=\u00a0\u00bbrow\u00a0\u00bb use_row_as_full_screen_section=\u00a0\u00bbno\u00a0\u00bb type=\u00a0\u00bbfull_width\u00a0\u00bb angled_section=\u00a0\u00bbno\u00a0\u00bb text_align=\u00a0\u00bbleft\u00a0\u00bb background_image_as_pattern=\u00a0\u00bbwithout_pattern\u00a0\u00bb css_animation=\u00a0\u00bb\u00a0\u00bb el_id=\u00a0\u00bbproyectos\u00a0\u00bb][vc_column][vc_column_text]<\/p>\n<h2>Projets d&rsquo;agriculture de pr\u00e9cision<\/h2>\n<p>[\/vc_column_text][\/vc_column][\/vc_row][vc_row row_type=\u00a0\u00bbrow\u00a0\u00bb use_row_as_full_screen_section=\u00a0\u00bbno\u00a0\u00bb type=\u00a0\u00bbfull_width\u00a0\u00bb angled_section=\u00a0\u00bbno\u00a0\u00bb text_align=\u00a0\u00bbleft\u00a0\u00bb background_image_as_pattern=\u00a0\u00bbwithout_pattern\u00a0\u00bb css_animation=\u00a0\u00bb\u00a0\u00bb][vc_column]<div class=\"projects_masonry_wrapper \"><div class=\"projects_masonry_holder portfolio_main_holder portfolio_masonry_gallery_with_space  gs5\"><div class=\"qode-portfolio-masonry-gallery-grid-sizer\"><\/div><div class=\"qode-portfolio-masonry-gallery-grid-gutter\"><\/div><article class='portfolio_masonry_item portfolio_category_23  default'><div class='image_holder'><a itemprop='url' class='portfolio_link_for_touch' href='https:\/\/geodronsl.com\/fr\/services\/agriculture-de-precision-avec-des-drones\/projets\/culture-de-mais\/' target='_self'><span class='image'><img loading=\"lazy\" decoding=\"async\" width=\"500\" height=\"500\" src=\"https:\/\/geodronsl.com\/wp-content\/uploads\/2017\/05\/AGRICULTURA-DE-PRECISI\u00d3N_conjunto-500x500.jpg\" class=\"attachment-portfolio_masonry_regular size-portfolio_masonry_regular wp-post-image\" alt=\"\" srcset=\"https:\/\/geodronsl.com\/wp-content\/uploads\/2017\/05\/AGRICULTURA-DE-PRECISI\u00d3N_conjunto-500x500.jpg 500w, https:\/\/geodronsl.com\/wp-content\/uploads\/2017\/05\/AGRICULTURA-DE-PRECISI\u00d3N_conjunto-150x150.jpg 150w, https:\/\/geodronsl.com\/wp-content\/uploads\/2017\/05\/AGRICULTURA-DE-PRECISI\u00d3N_conjunto-570x570.jpg 570w\" sizes=\"auto, (max-width: 500px) 100vw, 500px\" \/><\/span><\/a><span class='text_holder'><span class='text_outer'><span class='text_inner'><div class=\"hover_feature_holder_title\"><div class=\"hover_feature_holder_title_inner\"><h3 itemprop=\"name\" class=\"portfolio_title entry_title\"><a itemprop=\"url\" href=\"https:\/\/geodronsl.com\/fr\/services\/agriculture-de-precision-avec-des-drones\/projets\/culture-de-mais\/\"  target=\"_self\">Vol photogramm\u00e9trique avec cam\u00e9ra NIR &#8211; Culture de ma\u00efs &#8211; Huesca<\/a><\/h3><span class=\"project_category\" >Agriculture de pr\u00e9cision et environnement<\/span><\/div><\/div><span class='feature_holder'><span class=\"feature_holder_icons\"><a itemprop='url' class='preview qbutton small white' href='https:\/\/geodronsl.com\/fr\/services\/agriculture-de-precision-avec-des-drones\/projets\/culture-de-mais\/' target='_self'>vue<\/i><\/a><\/span><\/span><\/span><\/span><\/span><\/div><\/article><\/div><\/div>[\/vc_column][\/vc_row]<\/p>\n","protected":false},"excerpt":{"rendered":"<p>[vc_row row_type=\u00a0\u00bbrow\u00a0\u00bb use_row_as_full_screen_section=\u00a0\u00bbno\u00a0\u00bb type=\u00a0\u00bbfull_width\u00a0\u00bb angled_section=\u00a0\u00bbno\u00a0\u00bb text_align=\u00a0\u00bbleft\u00a0\u00bb background_image_as_pattern=\u00a0\u00bbwithout_pattern\u00a0\u00bb css_animation=\u00a0\u00bb\u00a0\u00bb][vc_column width=\u00a0\u00bb1\/2&Prime;][vc_column_text] Agriculture de pr\u00e9cision avec des Drones [\/vc_column_text][vc_separator type=\u00a0\u00bbtransparent\u00a0\u00bb][vc_column_text]Il s\u2019agit d\u2019un syst\u00e8me de gestion intelligent des cultures qui utilise les derniers outils technologiques et qui apporte des avantages sur le plan \u00e9conomique, ainsi qu\u2019en mati\u00e8re d\u2019efficacit\u00e9 environnementale,&#8230;<\/p>\n","protected":false},"author":5,"featured_media":0,"parent":0,"menu_order":0,"comment_status":"closed","ping_status":"closed","template":"","meta":{"footnotes":""},"class_list":["post-929","page","type-page","status-publish","hentry"],"_links":{"self":[{"href":"https:\/\/geodronsl.com\/fr\/wp-json\/wp\/v2\/pages\/929","targetHints":{"allow":["GET"]}}],"collection":[{"href":"https:\/\/geodronsl.com\/fr\/wp-json\/wp\/v2\/pages"}],"about":[{"href":"https:\/\/geodronsl.com\/fr\/wp-json\/wp\/v2\/types\/page"}],"author":[{"embeddable":true,"href":"https:\/\/geodronsl.com\/fr\/wp-json\/wp\/v2\/users\/5"}],"replies":[{"embeddable":true,"href":"https:\/\/geodronsl.com\/fr\/wp-json\/wp\/v2\/comments?post=929"}],"version-history":[{"count":8,"href":"https:\/\/geodronsl.com\/fr\/wp-json\/wp\/v2\/pages\/929\/revisions"}],"predecessor-version":[{"id":1586,"href":"https:\/\/geodronsl.com\/fr\/wp-json\/wp\/v2\/pages\/929\/revisions\/1586"}],"wp:attachment":[{"href":"https:\/\/geodronsl.com\/fr\/wp-json\/wp\/v2\/media?parent=929"}],"curies":[{"name":"wp","href":"https:\/\/api.w.org\/{rel}","templated":true}]}}