{"id":564,"date":"2018-06-13T13:46:03","date_gmt":"2018-06-13T13:46:03","guid":{"rendered":"http:\/\/geodron.dev-smedialab.es\/?page_id=564\/"},"modified":"2018-07-14T14:07:44","modified_gmt":"2018-07-14T14:07:44","slug":"servicios-2","status":"publish","type":"page","link":"https:\/\/geodronsl.com\/fr\/services\/","title":{"rendered":"SERVICES DE CARTOGRAPHIE ET DE TOPOGRAPHIE"},"content":{"rendered":"<p>[vc_row row_type=\u00a0\u00bbrow\u00a0\u00bb use_row_as_full_screen_section=\u00a0\u00bbno\u00a0\u00bb type=\u00a0\u00bbfull_width\u00a0\u00bb angled_section=\u00a0\u00bbno\u00a0\u00bb text_align=\u00a0\u00bbleft\u00a0\u00bb background_image_as_pattern=\u00a0\u00bbwithout_pattern\u00a0\u00bb css_animation=\u00a0\u00bb\u00a0\u00bb][vc_column][vc_separator type=\u00a0\u00bbtransparent\u00a0\u00bb up=\u00a0\u00bb5px\u00a0\u00bb down=\u00a0\u00bb5px\u00a0\u00bb][\/vc_column][\/vc_row][vc_row row_type=\u00a0\u00bbrow\u00a0\u00bb use_row_as_full_screen_section=\u00a0\u00bbno\u00a0\u00bb type=\u00a0\u00bbfull_width\u00a0\u00bb angled_section=\u00a0\u00bbno\u00a0\u00bb text_align=\u00a0\u00bbleft\u00a0\u00bb background_image_as_pattern=\u00a0\u00bbwithout_pattern\u00a0\u00bb css_animation=\u00a0\u00bb\u00a0\u00bb][vc_column width=\u00a0\u00bb1\/2&Prime;][vc_column_text]<img loading=\"lazy\" decoding=\"async\" class=\"alignnone wp-image-1517 size-full\" style=\"margin: 0;\" title=\"Services Cartographi Topograhie\" src=\"https:\/\/geodronsl.com\/wp-content\/uploads\/2018\/07\/services-cartographi-topograhie.jpg\" alt=\"Services Cartographi Topograhie\" width=\"602\" height=\"556\" srcset=\"https:\/\/geodronsl.com\/wp-content\/uploads\/2018\/07\/services-cartographi-topograhie.jpg 602w, https:\/\/geodronsl.com\/wp-content\/uploads\/2018\/07\/services-cartographi-topograhie-300x277.jpg 300w\" sizes=\"auto, (max-width: 602px) 100vw, 602px\" \/>[\/vc_column_text][\/vc_column][vc_column width=\u00a0\u00bb1\/2&Prime; el_class=\u00a0\u00bbelement_from_right element_from_right_on\u00a0\u00bb][vc_column_text]<\/p>\n<h1>SERVICES DE CARTOGRAPHIE ET DE TOPOGRAPHIE<\/h1>\n<p>[\/vc_column_text][vc_separator type=\u00a0\u00bbtransparent\u00a0\u00bb][vc_column_text]<\/p>\n<p style=\"font-size: 16px;\">Chez GEODRON nous sommes en mesure d\u2019obtenir les meilleurs r\u00e9sultats en utilisant une technologie de pointe dans les diff\u00e9rents champs d\u2019application de nos services, ce qui constitue une \u00e9conomie de temps et d\u2019argent pour nos clients.<\/p>\n<p>[\/vc_column_text][vc_separator type=\u00a0\u00bbtransparent\u00a0\u00bb][vc_column_text]Pour chacune de ces industries, les vues a\u00e9riennes peuvent \u00eatre utilis\u00e9es pour r\u00e9aliser toutes sortes d\u2019op\u00e9rations et obtenir une large gamme de r\u00e9sultats. Les solutions d\u00e9rivant des prises de vues a\u00e9riennes UAV de GEODRON sont utilis\u00e9es pour la r\u00e9alisation de lev\u00e9s topographiques et de limites, pour la planification d\u2019itin\u00e9raires et d\u2019emplacements de travaux, pour le suivi des progr\u00e8s, pour effectuer des lev\u00e9s de situation, pour le calcul des volumes, pour d\u00e9terminer la sant\u00e9 des v\u00e9g\u00e9taux et pour analyser les d\u00e9g\u00e2ts. Nos techniciens peuvent \u00e9tablir lors d\u2019un m\u00eame vol des cartes de caract\u00e9ristiques, des courbes de niveau topographiques, des mod\u00e8les de surface 3D, des orthophotographies et des cartes d\u2019indice v\u00e9g\u00e9tation par diff\u00e9rence normalis\u00e9e.[\/vc_column_text][\/vc_column][\/vc_row][vc_row row_type=\u00a0\u00bbrow\u00a0\u00bb use_row_as_full_screen_section=\u00a0\u00bbno\u00a0\u00bb type=\u00a0\u00bbfull_width\u00a0\u00bb angled_section=\u00a0\u00bbno\u00a0\u00bb text_align=\u00a0\u00bbleft\u00a0\u00bb background_image_as_pattern=\u00a0\u00bbwithout_pattern\u00a0\u00bb css_animation=\u00a0\u00bb\u00a0\u00bb][vc_column][vc_separator type=\u00a0\u00bbtransparent\u00a0\u00bb up=\u00a0\u00bb5px\u00a0\u00bb down=\u00a0\u00bb5px\u00a0\u00bb][\/vc_column][\/vc_row][vc_row row_type=\u00a0\u00bbrow\u00a0\u00bb use_row_as_full_screen_section=\u00a0\u00bbno\u00a0\u00bb type=\u00a0\u00bbfull_width\u00a0\u00bb angled_section=\u00a0\u00bbno\u00a0\u00bb text_align=\u00a0\u00bbleft\u00a0\u00bb background_image_as_pattern=\u00a0\u00bbwithout_pattern\u00a0\u00bb css_animation=\u00a0\u00bb\u00a0\u00bb][vc_column width=\u00a0\u00bb1\/3&Prime;][vc_column_text]<\/p>\n<h2 class=\"h2-servicio\"><a title=\"topografia y obra civil en tenerife\" href=\"https:\/\/geodronsl.com\/fr\/services\/topographie-et-genie-civil\/\">Topographie Et G\u00e9nie Civil<\/a><\/h2>\n<p><a href=\"https:\/\/geodronsl.com\/fr\/services\/topographie-et-genie-civil\/\"><img loading=\"lazy\" decoding=\"async\" class=\"alignnone wp-image-1285 size-medium\" title=\"Topographie Et G\u00e9nie Civil\" src=\"https:\/\/geodronsl.com\/wp-content\/uploads\/2018\/07\/topographie-et-genie-civil-300x300.jpg\" alt=\"Topographie Et G\u00e9nie Civil\" width=\"300\" height=\"300\" srcset=\"https:\/\/geodronsl.com\/wp-content\/uploads\/2018\/07\/topographie-et-genie-civil-300x300.jpg 300w, https:\/\/geodronsl.com\/wp-content\/uploads\/2018\/07\/topographie-et-genie-civil-150x150.jpg 150w, https:\/\/geodronsl.com\/wp-content\/uploads\/2018\/07\/topographie-et-genie-civil.jpg 500w\" sizes=\"auto, (max-width: 300px) 100vw, 300px\" \/><\/a>[\/vc_column_text][vc_separator type=\u00a0\u00bbtransparent\u00a0\u00bb up=\u00a0\u00bb5px\u00a0\u00bb down=\u00a0\u00bb5px\u00a0\u00bb][\/vc_column][vc_column width=\u00a0\u00bb1\/3&Prime;][vc_column_text]<\/p>\n<h2 class=\"h2-servicio\"><a title=\"inspeccion de infraestructuras con drones - uav\" href=\"https:\/\/geodronsl.com\/fr\/services\/inspection-dinfrastructures\/\">Ing\u00e9nierie et Urbanisme<\/a><\/h2>\n<p><a href=\"https:\/\/geodronsl.com\/fr\/services\/inspection-dinfrastructures\/\"><img loading=\"lazy\" decoding=\"async\" class=\"alignnone wp-image-1203 size-medium\" title=\"Inspection D\u2019infrastructures \" src=\"https:\/\/geodronsl.com\/wp-content\/uploads\/2018\/07\/inspection-dinfrastructures-au-moyen-de-drones-scanner-laser-et-mobile-mapping-300x300.jpg\" alt=\"Inspection D\u2019infrastructures \" width=\"300\" height=\"300\" srcset=\"https:\/\/geodronsl.com\/wp-content\/uploads\/2018\/07\/inspection-dinfrastructures-au-moyen-de-drones-scanner-laser-et-mobile-mapping-300x300.jpg 300w, https:\/\/geodronsl.com\/wp-content\/uploads\/2018\/07\/inspection-dinfrastructures-au-moyen-de-drones-scanner-laser-et-mobile-mapping-150x150.jpg 150w, https:\/\/geodronsl.com\/wp-content\/uploads\/2018\/07\/inspection-dinfrastructures-au-moyen-de-drones-scanner-laser-et-mobile-mapping.jpg 500w\" sizes=\"auto, (max-width: 300px) 100vw, 300px\" \/><\/a>[\/vc_column_text][vc_separator type=\u00a0\u00bbtransparent\u00a0\u00bb up=\u00a0\u00bb5px\u00a0\u00bb down=\u00a0\u00bb5px\u00a0\u00bb][\/vc_column][vc_column width=\u00a0\u00bb1\/3&Prime;][vc_column_text]<\/p>\n<h2 class=\"h2-servicio\"><a title=\"control de lineas electricas con drones\" href=\"https:\/\/geodronsl.com\/fr\/services\/controle-des-lignes-electriques\/\">Lignes \u00c9lectriques<\/a><\/h2>\n<p><a href=\"https:\/\/geodronsl.com\/fr\/services\/controle-des-lignes-electriques\/\"><img loading=\"lazy\" decoding=\"async\" class=\"alignnone wp-image-1182 size-medium\" title=\"controle des lignes electriques avec des drones et scanner laser\" src=\"https:\/\/geodronsl.com\/wp-content\/uploads\/2018\/07\/controle-des-lignes-electriques-avec-des-drones-et-scanner-laser-233x300.jpg\" alt=\"controle des lignes electriques avec des drones et scanner laser\" width=\"233\" height=\"300\" srcset=\"https:\/\/geodronsl.com\/wp-content\/uploads\/2018\/07\/controle-des-lignes-electriques-avec-des-drones-et-scanner-laser-233x300.jpg 233w, https:\/\/geodronsl.com\/wp-content\/uploads\/2018\/07\/controle-des-lignes-electriques-avec-des-drones-et-scanner-laser.jpg 535w\" sizes=\"auto, (max-width: 233px) 100vw, 233px\" \/><\/a>[\/vc_column_text][vc_separator type=\u00a0\u00bbtransparent\u00a0\u00bb up=\u00a0\u00bb5px\u00a0\u00bb down=\u00a0\u00bb5px\u00a0\u00bb][\/vc_column][\/vc_row][vc_row row_type=\u00a0\u00bbrow\u00a0\u00bb use_row_as_full_screen_section=\u00a0\u00bbno\u00a0\u00bb type=\u00a0\u00bbfull_width\u00a0\u00bb angled_section=\u00a0\u00bbno\u00a0\u00bb text_align=\u00a0\u00bbleft\u00a0\u00bb background_image_as_pattern=\u00a0\u00bbwithout_pattern\u00a0\u00bb css_animation=\u00a0\u00bb\u00a0\u00bb][vc_column width=\u00a0\u00bb1\/3&Prime;][vc_column_text]<\/p>\n<h2 class=\"h2-servicio\"><a title=\"topografia de minas y canteras con drones - uav\" href=\"https:\/\/geodronsl.com\/fr\/services\/topographie-de-mines-et-de-carrieres\/\">Mines Et De Carri\u00e8res<\/a><\/h2>\n<p><a href=\"https:\/\/geodronsl.com\/fr\/services\/topographie-de-mines-et-de-carrieres\/\"><img loading=\"lazy\" decoding=\"async\" class=\"alignnone wp-image-1297 size-medium\" title=\"topographie de mines et de carri\u00e8res au moyen de drones et de scanner laser\" src=\"https:\/\/geodronsl.com\/wp-content\/uploads\/2018\/07\/topographie-de-mines-et-de-carri\u00e8res-au-moyen-de-drones-et-de-scanner-laser-300x300.jpg\" alt=\"topographie de mines et de carri\u00e8res au moyen de drones et de scanner laser\" width=\"300\" height=\"300\" srcset=\"https:\/\/geodronsl.com\/wp-content\/uploads\/2018\/07\/topographie-de-mines-et-de-carri\u00e8res-au-moyen-de-drones-et-de-scanner-laser-300x300.jpg 300w, https:\/\/geodronsl.com\/wp-content\/uploads\/2018\/07\/topographie-de-mines-et-de-carri\u00e8res-au-moyen-de-drones-et-de-scanner-laser-150x150.jpg 150w, https:\/\/geodronsl.com\/wp-content\/uploads\/2018\/07\/topographie-de-mines-et-de-carri\u00e8res-au-moyen-de-drones-et-de-scanner-laser.jpg 500w\" sizes=\"auto, (max-width: 300px) 100vw, 300px\" \/><\/a>[\/vc_column_text][vc_separator type=\u00a0\u00bbtransparent\u00a0\u00bb up=\u00a0\u00bb5px\u00a0\u00bb down=\u00a0\u00bb5px\u00a0\u00bb][\/vc_column][vc_column width=\u00a0\u00bb1\/3&Prime;][vc_column_text]<\/p>\n<h2 class=\"h2-servicio\"><a title=\"agricultura de precision con drones\" href=\"https:\/\/geodronsl.com\/fr\/services\/agriculture-de-precision-avec-des-drones\/\">Agriculture De Pr\u00e9cision<\/a><\/h2>\n<p><a href=\"https:\/\/geodronsl.com\/fr\/services\/agriculture-de-precision-avec-des-drones\/\"><img loading=\"lazy\" decoding=\"async\" class=\"alignnone wp-image-1162 size-medium\" title=\"agriculture de precision avec des drones\" src=\"https:\/\/geodronsl.com\/wp-content\/uploads\/2018\/07\/agriculture-de-precision-avec-des-drones-272x300.gif\" alt=\"agriculture de precision avec des drones\" width=\"272\" height=\"300\" \/><\/a>[\/vc_column_text][vc_separator type=\u00a0\u00bbtransparent\u00a0\u00bb up=\u00a0\u00bb5px\u00a0\u00bb down=\u00a0\u00bb5px\u00a0\u00bb][\/vc_column][vc_column width=\u00a0\u00bb1\/3&Prime;][vc_column_text]<\/p>\n<h2 class=\"h2-servicio\"><a title=\"ordenacion del territorio con drones - uav\" href=\"https:\/\/geodronsl.com\/fr\/services\/amenagement-du-territoire-avec-des-drones\/\">Am\u00e9nagement Du Territoire<\/a><a href=\"https:\/\/geodronsl.com\/fr\/services\/amenagement-du-territoire-avec-des-drones\/\"><img loading=\"lazy\" decoding=\"async\" class=\"alignnone wp-image-1233 size-medium\" title=\"am\u00e9nagement du territoire avec des drones\" src=\"https:\/\/geodronsl.com\/wp-content\/uploads\/2018\/07\/amenagement-du-territoire-avec-des-drones-300x300.jpg\" alt=\"am\u00e9nagement du territoire avec des drones\" width=\"300\" height=\"300\" srcset=\"https:\/\/geodronsl.com\/wp-content\/uploads\/2018\/07\/amenagement-du-territoire-avec-des-drones-300x300.jpg 300w, https:\/\/geodronsl.com\/wp-content\/uploads\/2018\/07\/amenagement-du-territoire-avec-des-drones-150x150.jpg 150w, https:\/\/geodronsl.com\/wp-content\/uploads\/2018\/07\/amenagement-du-territoire-avec-des-drones.jpg 500w\" sizes=\"auto, (max-width: 300px) 100vw, 300px\" \/><\/a><\/h2>\n<p>[\/vc_column_text][vc_separator type=\u00a0\u00bbtransparent\u00a0\u00bb up=\u00a0\u00bb5px\u00a0\u00bb down=\u00a0\u00bb5px\u00a0\u00bb][\/vc_column][\/vc_row][vc_row row_type=\u00a0\u00bbrow\u00a0\u00bb use_row_as_full_screen_section=\u00a0\u00bbno\u00a0\u00bb type=\u00a0\u00bbfull_width\u00a0\u00bb angled_section=\u00a0\u00bbno\u00a0\u00bb text_align=\u00a0\u00bbleft\u00a0\u00bb background_image_as_pattern=\u00a0\u00bbwithout_pattern\u00a0\u00bb css_animation=\u00a0\u00bb\u00a0\u00bb][vc_column width=\u00a0\u00bb1\/3&Prime;][vc_column_text]<\/p>\n<h2 class=\"h2-servicio\"><a title=\"cuidado del medio ambiente con drones - uav\" href=\"https:\/\/geodronsl.com\/fr\/services\/drones-pour-la-protection-de-lenvironnement\/\">Environnement<\/a><\/h2>\n<p><a href=\"https:\/\/geodronsl.com\/fr\/services\/drones-pour-la-protection-de-lenvironnement\/\"><img loading=\"lazy\" decoding=\"async\" class=\"alignnone wp-image-1191 size-medium\" title=\"drones pour la protection de l\u2019environnement\" src=\"https:\/\/geodronsl.com\/wp-content\/uploads\/2018\/07\/drones-pour-la-protection-de-lenvironnement-300x300.jpg\" alt=\"drones pour la protection de l\u2019environnement\" width=\"300\" height=\"300\" srcset=\"https:\/\/geodronsl.com\/wp-content\/uploads\/2018\/07\/drones-pour-la-protection-de-lenvironnement-300x300.jpg 300w, https:\/\/geodronsl.com\/wp-content\/uploads\/2018\/07\/drones-pour-la-protection-de-lenvironnement-150x150.jpg 150w, https:\/\/geodronsl.com\/wp-content\/uploads\/2018\/07\/drones-pour-la-protection-de-lenvironnement.jpg 500w\" sizes=\"auto, (max-width: 300px) 100vw, 300px\" \/><\/a>[\/vc_column_text][vc_separator type=\u00a0\u00bbtransparent\u00a0\u00bb up=\u00a0\u00bb5px\u00a0\u00bb down=\u00a0\u00bb5px\u00a0\u00bb][\/vc_column][vc_column width=\u00a0\u00bb1\/3&Prime;][vc_column_text]<\/p>\n<h2 class=\"h2-servicio\"><a title=\"recursos forestales con drones - uav\" href=\"https:\/\/geodronsl.com\/fr\/services\/ressources-forestieres-avec-des-drones\/\">Ressources Foresti\u00e8res<\/a><\/h2>\n<p><a href=\"https:\/\/geodronsl.com\/fr\/services\/ressources-forestieres-avec-des-drones\/\"><img loading=\"lazy\" decoding=\"async\" class=\"alignnone wp-image-1251 size-medium\" title=\"ressources foresti\u00e8res avec des drones\" src=\"https:\/\/geodronsl.com\/wp-content\/uploads\/2018\/07\/ressources-forestieres-avec-des-drones-300x300.jpg\" alt=\"ressources foresti\u00e8res avec des drones\" width=\"300\" height=\"300\" srcset=\"https:\/\/geodronsl.com\/wp-content\/uploads\/2018\/07\/ressources-forestieres-avec-des-drones-300x300.jpg 300w, https:\/\/geodronsl.com\/wp-content\/uploads\/2018\/07\/ressources-forestieres-avec-des-drones-150x150.jpg 150w, https:\/\/geodronsl.com\/wp-content\/uploads\/2018\/07\/ressources-forestieres-avec-des-drones.jpg 500w\" sizes=\"auto, (max-width: 300px) 100vw, 300px\" \/><\/a>[\/vc_column_text][vc_separator type=\u00a0\u00bbtransparent\u00a0\u00bb up=\u00a0\u00bb5px\u00a0\u00bb down=\u00a0\u00bb5px\u00a0\u00bb][\/vc_column][vc_column width=\u00a0\u00bb1\/3&Prime;][vc_column_text]<\/p>\n<h2 class=\"h2-servicio\"><a title=\"paisajismo con drones\" href=\"https:\/\/geodronsl.com\/fr\/services\/paysagisme-avec-des-drones\/\">Applications dans le paysagisme<\/a><\/h2>\n<p><a href=\"https:\/\/geodronsl.com\/fr\/services\/paysagisme-avec-des-drones\/\"><img loading=\"lazy\" decoding=\"async\" class=\"alignnone wp-image-1242 size-medium\" title=\"paysagisme avec des drones\" src=\"https:\/\/geodronsl.com\/wp-content\/uploads\/2018\/07\/paysagisme-avec-des-drones-300x300.jpg\" alt=\"paysagisme avec des drones\" width=\"300\" height=\"300\" srcset=\"https:\/\/geodronsl.com\/wp-content\/uploads\/2018\/07\/paysagisme-avec-des-drones-300x300.jpg 300w, https:\/\/geodronsl.com\/wp-content\/uploads\/2018\/07\/paysagisme-avec-des-drones-150x150.jpg 150w, https:\/\/geodronsl.com\/wp-content\/uploads\/2018\/07\/paysagisme-avec-des-drones.jpg 500w\" sizes=\"auto, (max-width: 300px) 100vw, 300px\" \/><\/a>[\/vc_column_text][vc_separator type=\u00a0\u00bbtransparent\u00a0\u00bb up=\u00a0\u00bb5px\u00a0\u00bb down=\u00a0\u00bb5px\u00a0\u00bb][\/vc_column][\/vc_row][vc_row row_type=\u00a0\u00bbrow\u00a0\u00bb use_row_as_full_screen_section=\u00a0\u00bbno\u00a0\u00bb type=\u00a0\u00bbfull_width\u00a0\u00bb angled_section=\u00a0\u00bbno\u00a0\u00bb text_align=\u00a0\u00bbleft\u00a0\u00bb background_image_as_pattern=\u00a0\u00bbwithout_pattern\u00a0\u00bb css_animation=\u00a0\u00bb\u00a0\u00bb][vc_column width=\u00a0\u00bb1\/3&Prime;][vc_column_text]<\/p>\n<h2 class=\"h2-servicio\"><a title=\"inspeccion y revision de instalaciones con drones\" href=\"https:\/\/geodronsl.com\/fr\/services\/travaux-photographies-et-audiovisuels\/\">Travaux photographies et audiovisuels<\/a><\/h2>\n<p><a href=\"https:\/\/geodronsl.com\/fr\/services\/travaux-photographies-et-audiovisuels\/\"><img loading=\"lazy\" decoding=\"async\" class=\"alignnone wp-image-1212 size-medium\" title=\"inspection d\u2019infrastructures au moyen de drones, scanner laser et mobile mapping\" src=\"https:\/\/geodronsl.com\/wp-content\/uploads\/2018\/07\/inspection-dinfrastructures-au-moyen-de-drones-scanner-laser-et-mobile-mapping-1-300x300.jpg\" alt=\"inspection d\u2019infrastructures au moyen de drones, scanner laser et mobile mapping\" width=\"300\" height=\"300\" srcset=\"https:\/\/geodronsl.com\/wp-content\/uploads\/2018\/07\/inspection-dinfrastructures-au-moyen-de-drones-scanner-laser-et-mobile-mapping-1-300x300.jpg 300w, https:\/\/geodronsl.com\/wp-content\/uploads\/2018\/07\/inspection-dinfrastructures-au-moyen-de-drones-scanner-laser-et-mobile-mapping-1-150x150.jpg 150w, https:\/\/geodronsl.com\/wp-content\/uploads\/2018\/07\/inspection-dinfrastructures-au-moyen-de-drones-scanner-laser-et-mobile-mapping-1.jpg 500w\" sizes=\"auto, (max-width: 300px) 100vw, 300px\" \/><\/a>[\/vc_column_text][vc_separator type=\u00a0\u00bbtransparent\u00a0\u00bb up=\u00a0\u00bb5px\u00a0\u00bb down=\u00a0\u00bb5px\u00a0\u00bb][\/vc_column][vc_column width=\u00a0\u00bb1\/3&Prime;][\/vc_column][vc_column width=\u00a0\u00bb1\/3&Prime;][\/vc_column][\/vc_row]<\/p>\n","protected":false},"excerpt":{"rendered":"<p>[vc_row row_type=\u00a0\u00bbrow\u00a0\u00bb use_row_as_full_screen_section=\u00a0\u00bbno\u00a0\u00bb type=\u00a0\u00bbfull_width\u00a0\u00bb angled_section=\u00a0\u00bbno\u00a0\u00bb text_align=\u00a0\u00bbleft\u00a0\u00bb background_image_as_pattern=\u00a0\u00bbwithout_pattern\u00a0\u00bb css_animation=\u00a0\u00bb\u00a0\u00bb][vc_column][vc_separator type=\u00a0\u00bbtransparent\u00a0\u00bb up=\u00a0\u00bb5px\u00a0\u00bb down=\u00a0\u00bb5px\u00a0\u00bb][\/vc_column][\/vc_row][vc_row row_type=\u00a0\u00bbrow\u00a0\u00bb use_row_as_full_screen_section=\u00a0\u00bbno\u00a0\u00bb type=\u00a0\u00bbfull_width\u00a0\u00bb angled_section=\u00a0\u00bbno\u00a0\u00bb text_align=\u00a0\u00bbleft\u00a0\u00bb background_image_as_pattern=\u00a0\u00bbwithout_pattern\u00a0\u00bb css_animation=\u00a0\u00bb\u00a0\u00bb][vc_column width=\u00a0\u00bb1\/2&Prime;][vc_column_text][\/vc_column_text][\/vc_column][vc_column width=\u00a0\u00bb1\/2&Prime; el_class=\u00a0\u00bbelement_from_right element_from_right_on\u00a0\u00bb][vc_column_text] SERVICES DE CARTOGRAPHIE ET DE TOPOGRAPHIE [\/vc_column_text][vc_separator type=\u00a0\u00bbtransparent\u00a0\u00bb][vc_column_text] Chez GEODRON nous sommes en mesure d\u2019obtenir les meilleurs r\u00e9sultats en utilisant une technologie de&#8230;<\/p>\n","protected":false},"author":5,"featured_media":0,"parent":0,"menu_order":0,"comment_status":"closed","ping_status":"closed","template":"","meta":{"footnotes":""},"class_list":["post-564","page","type-page","status-publish","hentry"],"_links":{"self":[{"href":"https:\/\/geodronsl.com\/fr\/wp-json\/wp\/v2\/pages\/564","targetHints":{"allow":["GET"]}}],"collection":[{"href":"https:\/\/geodronsl.com\/fr\/wp-json\/wp\/v2\/pages"}],"about":[{"href":"https:\/\/geodronsl.com\/fr\/wp-json\/wp\/v2\/types\/page"}],"author":[{"embeddable":true,"href":"https:\/\/geodronsl.com\/fr\/wp-json\/wp\/v2\/users\/5"}],"replies":[{"embeddable":true,"href":"https:\/\/geodronsl.com\/fr\/wp-json\/wp\/v2\/comments?post=564"}],"version-history":[{"count":13,"href":"https:\/\/geodronsl.com\/fr\/wp-json\/wp\/v2\/pages\/564\/revisions"}],"predecessor-version":[{"id":1569,"href":"https:\/\/geodronsl.com\/fr\/wp-json\/wp\/v2\/pages\/564\/revisions\/1569"}],"wp:attachment":[{"href":"https:\/\/geodronsl.com\/fr\/wp-json\/wp\/v2\/media?parent=564"}],"curies":[{"name":"wp","href":"https:\/\/api.w.org\/{rel}","templated":true}]}}