{"id":466,"date":"2018-06-05T10:25:23","date_gmt":"2018-06-05T10:25:23","guid":{"rendered":"http:\/\/geodron.dev-smedialab.es\/empresa\/"},"modified":"2018-07-14T14:22:33","modified_gmt":"2018-07-14T14:22:33","slug":"entreprise","status":"publish","type":"page","link":"https:\/\/geodronsl.com\/fr\/entreprise\/","title":{"rendered":"Entreprise"},"content":{"rendered":"<p>[vc_row row_type=\u00a0\u00bbrow\u00a0\u00bb use_row_as_full_screen_section=\u00a0\u00bbno\u00a0\u00bb type=\u00a0\u00bbfull_width\u00a0\u00bb angled_section=\u00a0\u00bbno\u00a0\u00bb text_align=\u00a0\u00bbleft\u00a0\u00bb background_image_as_pattern=\u00a0\u00bbwithout_pattern\u00a0\u00bb css_animation=\u00a0\u00bb\u00a0\u00bb][vc_column width=\u00a0\u00bb1\/2&Prime; css=\u00a0\u00bb.vc_custom_1489669250339{padding-right: 0px !important;padding-left: 0px !important;}\u00a0\u00bb el_class=\u00a0\u00bbelement_from_left element_from_left_on\u00a0\u00bb][vc_column_text]<img loading=\"lazy\" decoding=\"async\" class=\"alignnone wp-image-1338 size-full\" style=\"margin: 0;\" title=\"entreprise de topographie, cartographie et technologie de l'information\" src=\"https:\/\/geodronsl.com\/wp-content\/uploads\/2018\/07\/entreprise-de-topographie-cartographie-et-technologie-de-linformation.jpg\" alt=\"entreprise de topographie, cartographie et technologie de l'information\" width=\"1024\" height=\"848\" srcset=\"https:\/\/geodronsl.com\/wp-content\/uploads\/2018\/07\/entreprise-de-topographie-cartographie-et-technologie-de-linformation.jpg 1024w, https:\/\/geodronsl.com\/wp-content\/uploads\/2018\/07\/entreprise-de-topographie-cartographie-et-technologie-de-linformation-300x248.jpg 300w, https:\/\/geodronsl.com\/wp-content\/uploads\/2018\/07\/entreprise-de-topographie-cartographie-et-technologie-de-linformation-768x636.jpg 768w, https:\/\/geodronsl.com\/wp-content\/uploads\/2018\/07\/entreprise-de-topographie-cartographie-et-technologie-de-linformation-700x580.jpg 700w\" sizes=\"auto, (max-width: 1024px) 100vw, 1024px\" \/>[\/vc_column_text][\/vc_column][vc_column width=\u00a0\u00bb1\/2&Prime; css=\u00a0\u00bb.vc_custom_1489669276106{padding-top: 50px !important;padding-right: 50px !important;padding-left: 50px !important;}\u00a0\u00bb el_class=\u00a0\u00bbelement_from_right element_from_right_on\u00a0\u00bb][vc_column_text]<\/p>\n<h1>Service a la clientele de lentreprise de topographie<\/h1>\n<p>[\/vc_column_text][vc_column_text]N\u00e9e de l&rsquo;union de deux cabinets de topographie ayant plus de 20 d&rsquo;exp\u00e9rience dans le domaine de la g\u00e9omatique et de la cartographie.[\/vc_column_text][vc_separator type=\u00a0\u00bbtransparent\u00a0\u00bb][vc_column_text]Tout au long de cette p\u00e9riode, nous avons mis\u00e9 sur un d\u00e9veloppement d&rsquo;entreprise bas\u00e9 sur l&rsquo;innovation technologique et sur la sp\u00e9cialisation dans le but d&rsquo;apporter des solutions comp\u00e9titives au plan international dans des domaines o\u00f9 la cartographie est le d\u00e9nominateur commun \u00e0 diff\u00e9rents niveaux:[\/vc_column_text][vc_separator type=\u00a0\u00bbtransparent\u00a0\u00bb][vc_column_text el_class=\u00a0\u00bbdiv-Custom-List\u00a0\u00bb]<\/p>\n<ul>\n<li>La topographie<\/li>\n<li>Le g\u00e9nie civil et industriel<\/li>\n<li>L&rsquo;environnement et l&rsquo;am\u00e9nagement du territoire<\/li>\n<li>L&rsquo;agriculture de pr\u00e9cision et la sylviculture<\/li>\n<li>L&rsquo;extraction mini\u00e8re<\/li>\n<li>SIG \/ GIS<\/li>\n<\/ul>\n<p>[\/vc_column_text][\/vc_column][\/vc_row][vc_row row_type=\u00a0\u00bbrow\u00a0\u00bb use_row_as_full_screen_section=\u00a0\u00bbno\u00a0\u00bb type=\u00a0\u00bbfull_width\u00a0\u00bb angled_section=\u00a0\u00bbno\u00a0\u00bb text_align=\u00a0\u00bbleft\u00a0\u00bb background_image_as_pattern=\u00a0\u00bbwithout_pattern\u00a0\u00bb css_animation=\u00a0\u00bb\u00a0\u00bb][vc_column width=\u00a0\u00bb1\/2&Prime; css=\u00a0\u00bb.vc_custom_1489669253962{padding-top: 15px !important;padding-right: 50px !important;padding-bottom: 15px !important;padding-left: 50px !important;}\u00a0\u00bb el_class=\u00a0\u00bbelement_from_left element_from_left_on\u00a0\u00bb][vc_column_text css=\u00a0\u00bb.vc_custom_1502358387437{padding-top: 20px !important;padding-bottom: 20px !important;}\u00a0\u00bb]<\/p>\n<h3>SERVICE CLIENT<\/h3>\n<p>[\/vc_column_text][vc_separator type=\u00a0\u00bbtransparent\u00a0\u00bb][vc_column_text]Geodron travaille avec une \u00e9quipe multidisciplinaire capable de d\u00e9velopper dans son domaine d&rsquo;action tout projet ind\u00e9pendant. L&rsquo;apport de cette \u00e9quipe est essentiel pour garantir la r\u00e9ussite de chacun des projets.[\/vc_column_text][vc_separator type=\u00a0\u00bbtransparent\u00a0\u00bb][vc_column_text]Nous appliquons une politique active de formation tant sur le plan technologique que sur celui des capacit\u00e9s personnelles et collectives afin de favoriser l&rsquo;\u00e9panouissement de nos ressources humaines, ce qui se traduit par un r\u00e9sultat final satisfaisant pour le client.[\/vc_column_text][vc_separator type=\u00a0\u00bbtransparent\u00a0\u00bb][vc_column_text]L&rsquo;essor de notre compagnie d\u00e9pend de votre confiance et de votre satisfaction qui elles-m\u00eames se doivent \u00e0 un travail bien fait et \u00e0 une garantie totale de qualit\u00e9. Notre obligation envers nos clients est de savoir nous r\u00e9inventer et de leur offrir un service de qualit\u00e9, une valeur qui nous distingue dans un march\u00e9 o\u00f9 la concurrence est de plus en plus forte.[\/vc_column_text][vc_separator type=\u00a0\u00bbtransparent\u00a0\u00bb][\/vc_column][vc_column width=\u00a0\u00bb1\/2&Prime; css=\u00a0\u00bb.vc_custom_1489669272515{padding-right: 0px !important;padding-left: 0px !important;}\u00a0\u00bb el_class=\u00a0\u00bbelement_from_right element_from_right_on\u00a0\u00bb][vc_column_text]<img loading=\"lazy\" decoding=\"async\" class=\"alignnone wp-image-1342 size-full\" style=\"margin: 0;\" title=\"Service a la clientele de lentreprise de topographie\" src=\"https:\/\/geodronsl.com\/wp-content\/uploads\/2018\/07\/service-a-la-clientele-de-lentreprise-de-topographie.jpg\" alt=\"Service a la clientele de lentreprise de topographie\" width=\"535\" height=\"497\" srcset=\"https:\/\/geodronsl.com\/wp-content\/uploads\/2018\/07\/service-a-la-clientele-de-lentreprise-de-topographie.jpg 535w, https:\/\/geodronsl.com\/wp-content\/uploads\/2018\/07\/service-a-la-clientele-de-lentreprise-de-topographie-300x279.jpg 300w\" sizes=\"auto, (max-width: 535px) 100vw, 535px\" \/>[\/vc_column_text][\/vc_column][\/vc_row]<\/p>\n","protected":false},"excerpt":{"rendered":"<p>[vc_row row_type=\u00a0\u00bbrow\u00a0\u00bb use_row_as_full_screen_section=\u00a0\u00bbno\u00a0\u00bb type=\u00a0\u00bbfull_width\u00a0\u00bb angled_section=\u00a0\u00bbno\u00a0\u00bb text_align=\u00a0\u00bbleft\u00a0\u00bb background_image_as_pattern=\u00a0\u00bbwithout_pattern\u00a0\u00bb css_animation=\u00a0\u00bb\u00a0\u00bb][vc_column width=\u00a0\u00bb1\/2&Prime; css=\u00a0\u00bb.vc_custom_1489669250339{padding-right: 0px !important;padding-left: 0px !important;}\u00a0\u00bb el_class=\u00a0\u00bbelement_from_left element_from_left_on\u00a0\u00bb][vc_column_text][\/vc_column_text][\/vc_column][vc_column width=\u00a0\u00bb1\/2&Prime; css=\u00a0\u00bb.vc_custom_1489669276106{padding-top: 50px !important;padding-right: 50px !important;padding-left: 50px !important;}\u00a0\u00bb el_class=\u00a0\u00bbelement_from_right element_from_right_on\u00a0\u00bb][vc_column_text] Service a la clientele de lentreprise de topographie [\/vc_column_text][vc_column_text]N\u00e9e de l&rsquo;union de deux cabinets de topographie ayant plus de&#8230;<\/p>\n","protected":false},"author":1,"featured_media":0,"parent":0,"menu_order":0,"comment_status":"closed","ping_status":"closed","template":"","meta":{"footnotes":""},"class_list":["post-466","page","type-page","status-publish","hentry"],"_links":{"self":[{"href":"https:\/\/geodronsl.com\/fr\/wp-json\/wp\/v2\/pages\/466","targetHints":{"allow":["GET"]}}],"collection":[{"href":"https:\/\/geodronsl.com\/fr\/wp-json\/wp\/v2\/pages"}],"about":[{"href":"https:\/\/geodronsl.com\/fr\/wp-json\/wp\/v2\/types\/page"}],"author":[{"embeddable":true,"href":"https:\/\/geodronsl.com\/fr\/wp-json\/wp\/v2\/users\/1"}],"replies":[{"embeddable":true,"href":"https:\/\/geodronsl.com\/fr\/wp-json\/wp\/v2\/comments?post=466"}],"version-history":[{"count":4,"href":"https:\/\/geodronsl.com\/fr\/wp-json\/wp\/v2\/pages\/466\/revisions"}],"predecessor-version":[{"id":1348,"href":"https:\/\/geodronsl.com\/fr\/wp-json\/wp\/v2\/pages\/466\/revisions\/1348"}],"wp:attachment":[{"href":"https:\/\/geodronsl.com\/fr\/wp-json\/wp\/v2\/media?parent=466"}],"curies":[{"name":"wp","href":"https:\/\/api.w.org\/{rel}","templated":true}]}}