{"id":463,"date":"2018-06-05T09:42:25","date_gmt":"2018-06-05T09:42:25","guid":{"rendered":"http:\/\/geodron.dev-smedialab.es\/inicio\/"},"modified":"2018-07-13T11:21:33","modified_gmt":"2018-07-13T11:21:33","slug":"inicio","status":"publish","type":"page","link":"https:\/\/geodronsl.com\/fr\/","title":{"rendered":"Des solutions pour la cartographie, la topographie et la technologie de l&rsquo;information"},"content":{"rendered":"<p>[vc_row row_type=\u00a0\u00bbrow\u00a0\u00bb use_row_as_full_screen_section=\u00a0\u00bbno\u00a0\u00bb type=\u00a0\u00bbfull_width\u00a0\u00bb angled_section=\u00a0\u00bbno\u00a0\u00bb text_align=\u00a0\u00bbleft\u00a0\u00bb background_image_as_pattern=\u00a0\u00bbwithout_pattern\u00a0\u00bb css_animation=\u00a0\u00bb\u00a0\u00bb css=\u00a0\u00bb.vc_custom_1470811915118{padding-bottom: 40px !important;}\u00a0\u00bb][vc_column][vc_column_text]<\/p>\n<h1 style=\"text-align: center; color: #f34621;\">Des solutions pour la cartographie, la topographie et la technologie de l&rsquo;information<\/h1>\n<p>[\/vc_column_text][vc_separator type=\u00a0\u00bbtransparent\u00a0\u00bb][vc_column_text]<\/p>\n<p style=\"text-align: center;\">Capture d\u2019images a\u00e9riennes au moyen de V\u00e9hicules A\u00e9riens Sans Pilote (UAV). Outils professionnels de cartographie pour la Photogramm\u00e9trie A\u00e9rienne et Terrestre (Scanner Laser, GPS) et un Logiciel puissant pour le traitement des donn\u00e9es<\/p>\n<p>[\/vc_column_text][\/vc_column][\/vc_row]<\/p>\n","protected":false},"excerpt":{"rendered":"<p>[vc_row row_type=\u00a0\u00bbrow\u00a0\u00bb use_row_as_full_screen_section=\u00a0\u00bbno\u00a0\u00bb type=\u00a0\u00bbfull_width\u00a0\u00bb angled_section=\u00a0\u00bbno\u00a0\u00bb text_align=\u00a0\u00bbleft\u00a0\u00bb background_image_as_pattern=\u00a0\u00bbwithout_pattern\u00a0\u00bb css_animation=\u00a0\u00bb\u00a0\u00bb css=\u00a0\u00bb.vc_custom_1470811915118{padding-bottom: 40px !important;}\u00a0\u00bb][vc_column][vc_column_text] Des solutions pour la cartographie, la topographie et la technologie de l&rsquo;information [\/vc_column_text][vc_separator type=\u00a0\u00bbtransparent\u00a0\u00bb][vc_column_text] Capture d\u2019images a\u00e9riennes au moyen de V\u00e9hicules A\u00e9riens Sans Pilote (UAV). Outils professionnels de cartographie pour la Photogramm\u00e9trie A\u00e9rienne et&#8230;<\/p>\n","protected":false},"author":1,"featured_media":0,"parent":0,"menu_order":0,"comment_status":"closed","ping_status":"closed","template":"","meta":{"footnotes":""},"class_list":["post-463","page","type-page","status-publish","hentry"],"_links":{"self":[{"href":"https:\/\/geodronsl.com\/fr\/wp-json\/wp\/v2\/pages\/463","targetHints":{"allow":["GET"]}}],"collection":[{"href":"https:\/\/geodronsl.com\/fr\/wp-json\/wp\/v2\/pages"}],"about":[{"href":"https:\/\/geodronsl.com\/fr\/wp-json\/wp\/v2\/types\/page"}],"author":[{"embeddable":true,"href":"https:\/\/geodronsl.com\/fr\/wp-json\/wp\/v2\/users\/1"}],"replies":[{"embeddable":true,"href":"https:\/\/geodronsl.com\/fr\/wp-json\/wp\/v2\/comments?post=463"}],"version-history":[{"count":5,"href":"https:\/\/geodronsl.com\/fr\/wp-json\/wp\/v2\/pages\/463\/revisions"}],"predecessor-version":[{"id":1580,"href":"https:\/\/geodronsl.com\/fr\/wp-json\/wp\/v2\/pages\/463\/revisions\/1580"}],"wp:attachment":[{"href":"https:\/\/geodronsl.com\/fr\/wp-json\/wp\/v2\/media?parent=463"}],"curies":[{"name":"wp","href":"https:\/\/api.w.org\/{rel}","templated":true}]}}