{"id":1469,"date":"2018-07-12T11:38:32","date_gmt":"2018-07-12T11:38:32","guid":{"rendered":"http:\/\/geodron.dev-smedialab.es\/proyecto-de-agricultura-de-precision-y-medio-ambiente-5\/"},"modified":"2018-07-14T15:42:45","modified_gmt":"2018-07-14T15:42:45","slug":"proyecto-de-agricultura-de-precision-y-medio-ambiente-5","status":"publish","type":"page","link":"https:\/\/geodronsl.com\/fr\/services\/topographie-de-mines-et-de-carrieres\/projets\/","title":{"rendered":"Projets Extraction mini\u00e8re et carri\u00e8res"},"content":{"rendered":"<p>[vc_row row_type=\u00a0\u00bbrow\u00a0\u00bb use_row_as_full_screen_section=\u00a0\u00bbno\u00a0\u00bb type=\u00a0\u00bbfull_width\u00a0\u00bb angled_section=\u00a0\u00bbno\u00a0\u00bb text_align=\u00a0\u00bbleft\u00a0\u00bb background_image_as_pattern=\u00a0\u00bbwithout_pattern\u00a0\u00bb css_animation=\u00a0\u00bb\u00a0\u00bb][vc_column]<div class=\"projects_masonry_wrapper \"><div class=\"projects_masonry_holder portfolio_main_holder portfolio_masonry_gallery_with_space  gs3\"><div class=\"qode-portfolio-masonry-gallery-grid-sizer\"><\/div><div class=\"qode-portfolio-masonry-gallery-grid-gutter\"><\/div><article class='portfolio_masonry_item portfolio_category_22  default'><div class='image_holder'><a itemprop='url' class='portfolio_link_for_touch' href='https:\/\/geodronsl.com\/fr\/services\/topographie-de-mines-et-de-carrieres\/projets\/leve-topographique-par-photogrammetrie-aeriennecarriere-el-rio\/' target='_self'><span class='image'><img loading=\"lazy\" decoding=\"async\" width=\"500\" height=\"500\" src=\"https:\/\/geodronsl.com\/wp-content\/uploads\/2017\/05\/MINER\u00cdA-DE-CANTERA_CANTERA-EL-R\u00cdO-TENO-INGENIEROS-2-500x500.jpg\" class=\"attachment-portfolio_masonry_regular size-portfolio_masonry_regular wp-post-image\" alt=\"\" srcset=\"https:\/\/geodronsl.com\/wp-content\/uploads\/2017\/05\/MINER\u00cdA-DE-CANTERA_CANTERA-EL-R\u00cdO-TENO-INGENIEROS-2-500x500.jpg 500w, https:\/\/geodronsl.com\/wp-content\/uploads\/2017\/05\/MINER\u00cdA-DE-CANTERA_CANTERA-EL-R\u00cdO-TENO-INGENIEROS-2-150x150.jpg 150w, https:\/\/geodronsl.com\/wp-content\/uploads\/2017\/05\/MINER\u00cdA-DE-CANTERA_CANTERA-EL-R\u00cdO-TENO-INGENIEROS-2-570x570.jpg 570w\" sizes=\"auto, (max-width: 500px) 100vw, 500px\" \/><\/span><\/a><span class='text_holder'><span class='text_outer'><span class='text_inner'><div class=\"hover_feature_holder_title\"><div class=\"hover_feature_holder_title_inner\"><h5 itemprop=\"name\" class=\"portfolio_title entry_title\"><a itemprop=\"url\" href=\"https:\/\/geodronsl.com\/fr\/services\/topographie-de-mines-et-de-carrieres\/projets\/leve-topographique-par-photogrammetrie-aeriennecarriere-el-rio\/\"  target=\"_self\">Lev\u00e9 topographique par photogramm\u00e9trie a\u00e9rienne &#8211; Carri\u00e8re El R\u00edo<\/a><\/h5><span class=\"project_category\" >Extraction mini\u00e8re et carri\u00e8res<\/span><\/div><\/div><span class='feature_holder'><span class=\"feature_holder_icons\"><a itemprop='url' class='preview qbutton small white' href='https:\/\/geodronsl.com\/fr\/services\/topographie-de-mines-et-de-carrieres\/projets\/leve-topographique-par-photogrammetrie-aeriennecarriere-el-rio\/' target='_self'>vue<\/i><\/a><\/span><\/span><\/span><\/span><\/span><\/div><\/article><article class='portfolio_masonry_item portfolio_category_22  default'><div class='image_holder'><a itemprop='url' class='portfolio_link_for_touch' href='https:\/\/geodronsl.com\/fr\/services\/topographie-de-mines-et-de-carrieres\/projets\/port-granadilla\/' target='_self'><span class='image'><img loading=\"lazy\" decoding=\"async\" width=\"500\" height=\"500\" src=\"https:\/\/geodronsl.com\/wp-content\/uploads\/2017\/05\/MINER\u00cdA-DE-CANTERAS_EXTRACCI\u00d3N-DE-\u00c1RIDOS-PUERTO-DE-GRANADILLA-TENERIFE-500x500.jpg\" class=\"attachment-portfolio_masonry_regular size-portfolio_masonry_regular wp-post-image\" alt=\"\" srcset=\"https:\/\/geodronsl.com\/wp-content\/uploads\/2017\/05\/MINER\u00cdA-DE-CANTERAS_EXTRACCI\u00d3N-DE-\u00c1RIDOS-PUERTO-DE-GRANADILLA-TENERIFE-500x500.jpg 500w, https:\/\/geodronsl.com\/wp-content\/uploads\/2017\/05\/MINER\u00cdA-DE-CANTERAS_EXTRACCI\u00d3N-DE-\u00c1RIDOS-PUERTO-DE-GRANADILLA-TENERIFE-150x150.jpg 150w, https:\/\/geodronsl.com\/wp-content\/uploads\/2017\/05\/MINER\u00cdA-DE-CANTERAS_EXTRACCI\u00d3N-DE-\u00c1RIDOS-PUERTO-DE-GRANADILLA-TENERIFE-570x570.jpg 570w\" sizes=\"auto, (max-width: 500px) 100vw, 500px\" \/><\/span><\/a><span class='text_holder'><span class='text_outer'><span class='text_inner'><div class=\"hover_feature_holder_title\"><div class=\"hover_feature_holder_title_inner\"><h5 itemprop=\"name\" class=\"portfolio_title entry_title\"><a itemprop=\"url\" href=\"https:\/\/geodronsl.com\/fr\/services\/topographie-de-mines-et-de-carrieres\/projets\/port-granadilla\/\"  target=\"_self\">Lev\u00e9 topographique du mouvement de terres &#8211; Port de Granadilla<\/a><\/h5><span class=\"project_category\" >Extraction mini\u00e8re et carri\u00e8res<\/span><\/div><\/div><span class='feature_holder'><span class=\"feature_holder_icons\"><a itemprop='url' class='preview qbutton small white' href='https:\/\/geodronsl.com\/fr\/services\/topographie-de-mines-et-de-carrieres\/projets\/port-granadilla\/' target='_self'>vue<\/i><\/a><\/span><\/span><\/span><\/span><\/span><\/div><\/article><\/div><\/div>[\/vc_column][\/vc_row]<\/p>\n","protected":false},"excerpt":{"rendered":"<p>[vc_row row_type=\u00a0\u00bbrow\u00a0\u00bb use_row_as_full_screen_section=\u00a0\u00bbno\u00a0\u00bb type=\u00a0\u00bbfull_width\u00a0\u00bb angled_section=\u00a0\u00bbno\u00a0\u00bb text_align=\u00a0\u00bbleft\u00a0\u00bb background_image_as_pattern=\u00a0\u00bbwithout_pattern\u00a0\u00bb css_animation=\u00a0\u00bb\u00a0\u00bb][vc_column][\/vc_column][\/vc_row]<\/p>\n","protected":false},"author":5,"featured_media":0,"parent":0,"menu_order":0,"comment_status":"closed","ping_status":"closed","template":"","meta":{"footnotes":""},"class_list":["post-1469","page","type-page","status-publish","hentry"],"_links":{"self":[{"href":"https:\/\/geodronsl.com\/fr\/wp-json\/wp\/v2\/pages\/1469","targetHints":{"allow":["GET"]}}],"collection":[{"href":"https:\/\/geodronsl.com\/fr\/wp-json\/wp\/v2\/pages"}],"about":[{"href":"https:\/\/geodronsl.com\/fr\/wp-json\/wp\/v2\/types\/page"}],"author":[{"embeddable":true,"href":"https:\/\/geodronsl.com\/fr\/wp-json\/wp\/v2\/users\/5"}],"replies":[{"embeddable":true,"href":"https:\/\/geodronsl.com\/fr\/wp-json\/wp\/v2\/comments?post=1469"}],"version-history":[{"count":2,"href":"https:\/\/geodronsl.com\/fr\/wp-json\/wp\/v2\/pages\/1469\/revisions"}],"predecessor-version":[{"id":1502,"href":"https:\/\/geodronsl.com\/fr\/wp-json\/wp\/v2\/pages\/1469\/revisions\/1502"}],"wp:attachment":[{"href":"https:\/\/geodronsl.com\/fr\/wp-json\/wp\/v2\/media?parent=1469"}],"curies":[{"name":"wp","href":"https:\/\/api.w.org\/{rel}","templated":true}]}}