{"id":1355,"date":"2018-06-05T10:25:40","date_gmt":"2018-06-05T10:25:40","guid":{"rendered":"http:\/\/geodron.dev-smedialab.es\/tecnologia-2\/"},"modified":"2018-07-13T11:26:34","modified_gmt":"2018-07-13T11:26:34","slug":"tecnologia-2","status":"publish","type":"page","link":"https:\/\/geodronsl.com\/fr\/technologie\/","title":{"rendered":"Technologie avanc\u00e9e pour la cartographie et l&rsquo;arpentage"},"content":{"rendered":"<p>[vc_row row_type=\u00a0\u00bbrow\u00a0\u00bb use_row_as_full_screen_section=\u00a0\u00bbno\u00a0\u00bb type=\u00a0\u00bbfull_width\u00a0\u00bb angled_section=\u00a0\u00bbno\u00a0\u00bb text_align=\u00a0\u00bbleft\u00a0\u00bb background_image_as_pattern=\u00a0\u00bbwithout_pattern\u00a0\u00bb css_animation=\u00a0\u00bb\u00a0\u00bb][vc_column width=\u00a0\u00bb1\/2&Prime;][vc_column_text]<img loading=\"lazy\" decoding=\"async\" class=\"alignnone wp-image-1389 size-full\" title=\"TECHNOLOGIE AVANC\u00c9E POUR LA CARTOGRAPHIE ET L\u2019ARPENTAGE\" src=\"https:\/\/geodronsl.com\/wp-content\/uploads\/2018\/07\/technologie-avancee-pour-la-cartographie-et-larpentage.jpg\" alt=\"TECHNOLOGIE AVANC\u00c9E POUR LA CARTOGRAPHIE ET L\u2019ARPENTAGE\" width=\"602\" height=\"379\" srcset=\"https:\/\/geodronsl.com\/wp-content\/uploads\/2018\/07\/technologie-avancee-pour-la-cartographie-et-larpentage.jpg 602w, https:\/\/geodronsl.com\/wp-content\/uploads\/2018\/07\/technologie-avancee-pour-la-cartographie-et-larpentage-300x189.jpg 300w, https:\/\/geodronsl.com\/wp-content\/uploads\/2018\/07\/technologie-avancee-pour-la-cartographie-et-larpentage-600x379.jpg 600w\" sizes=\"auto, (max-width: 602px) 100vw, 602px\" \/>[\/vc_column_text][\/vc_column][vc_column width=\u00a0\u00bb1\/2&Prime;][vc_column_text]<\/p>\n<h1>Technologie avanc\u00e9e pour la cartographie et l&rsquo;arpentage<\/h1>\n<p>[\/vc_column_text][vc_column_text]Nous travaillons avec des marques leader au niveau mondial dans le <strong>domaine de la cartographie<\/strong>, de la <strong>photom\u00e9trie a\u00e9rienne<\/strong> et de la <strong>topographie terrestre<\/strong>. En employant cette haute technologie sans pr\u00e9c\u00e9dents, nous d\u00e9veloppons de fa\u00e7on agile des projets et des travaux qui de fa\u00e7on traditionnelle seraient plus co\u00fbteux et impossibles \u00e0 r\u00e9aliser dans nos d\u00e9lais habituels. Des d\u00e9lais plus r\u00e9duits et donc une plus grande rentabilit\u00e9 pour nos clients.[\/vc_column_text][\/vc_column][\/vc_row][vc_row row_type=\u00a0\u00bbrow\u00a0\u00bb use_row_as_full_screen_section=\u00a0\u00bbno\u00a0\u00bb type=\u00a0\u00bbfull_width\u00a0\u00bb angled_section=\u00a0\u00bbno\u00a0\u00bb text_align=\u00a0\u00bbleft\u00a0\u00bb background_image_as_pattern=\u00a0\u00bbwithout_pattern\u00a0\u00bb css_animation=\u00a0\u00bb\u00a0\u00bb][vc_column][vc_separator type=\u00a0\u00bbtransparent\u00a0\u00bb up=\u00a0\u00bb5px\u00a0\u00bb down=\u00a0\u00bb5px\u00a0\u00bb][\/vc_column][\/vc_row][vc_row row_type=\u00a0\u00bbrow\u00a0\u00bb use_row_as_full_screen_section=\u00a0\u00bbno\u00a0\u00bb type=\u00a0\u00bbfull_width\u00a0\u00bb angled_section=\u00a0\u00bbno\u00a0\u00bb text_align=\u00a0\u00bbleft\u00a0\u00bb background_image_as_pattern=\u00a0\u00bbwithout_pattern\u00a0\u00bb css_animation=\u00a0\u00bb\u00a0\u00bb][vc_column width=\u00a0\u00bb1\/3&Prime;][vc_column_text]<\/p>\n<h2><a href=\"https:\/\/geodronsl.com\/fr\/technologie\/cartographie-et-photogrammetrie-aerienne-avec-des-drones-uav\/\">Cartographie et photogramm\u00e9trie a\u00e9rienne<\/a><\/h2>\n<p><a href=\"https:\/\/geodronsl.com\/fr\/technologie\/cartographie-et-photogrammetrie-aerienne-avec-des-drones-uav\/\"><img loading=\"lazy\" decoding=\"async\" class=\"alignnone wp-image-1272 size-full\" title=\"CARTOGRAPHIE ET PHOTOGRAMM\u00c9TRIE A\u00c9RIENNE AVEC DES DRONES \u2013 UAV\" src=\"https:\/\/geodronsl.com\/wp-content\/uploads\/2018\/07\/cartographie-et-photogrammetrie-aerienne-avec-des-drones.jpg\" alt=\"CARTOGRAPHIE ET PHOTOGRAMM\u00c9TRIE A\u00c9RIENNE AVEC DES DRONES \u2013 UAV\" width=\"500\" height=\"500\" srcset=\"https:\/\/geodronsl.com\/wp-content\/uploads\/2018\/07\/cartographie-et-photogrammetrie-aerienne-avec-des-drones.jpg 500w, https:\/\/geodronsl.com\/wp-content\/uploads\/2018\/07\/cartographie-et-photogrammetrie-aerienne-avec-des-drones-150x150.jpg 150w, https:\/\/geodronsl.com\/wp-content\/uploads\/2018\/07\/cartographie-et-photogrammetrie-aerienne-avec-des-drones-300x300.jpg 300w\" sizes=\"auto, (max-width: 500px) 100vw, 500px\" \/><\/a>[\/vc_column_text][vc_separator type=\u00a0\u00bbtransparent\u00a0\u00bb up=\u00a0\u00bb5px\u00a0\u00bb down=\u00a0\u00bb5px\u00a0\u00bb][\/vc_column][vc_column width=\u00a0\u00bb1\/3&Prime;][vc_column_text]<\/p>\n<h2 class=\"h2-tecnologia\"><a href=\"https:\/\/geodronsl.com\/fr\/technologie\/scanner-laser-pour-la-topographie\/\">Scanner laser<\/a><\/h2>\n<p>[\/vc_column_text][vc_separator type=\u00a0\u00bbtransparent\u00a0\u00bb up=\u00a0\u00bb14&Prime; down=\u00a0\u00bb14&Prime; el_class=\u00a0\u00bbseparator-hide\u00a0\u00bb][vc_column_text]<a href=\"https:\/\/geodronsl.com\/fr\/technologie\/scanner-laser-pour-la-topographie\/\"><img loading=\"lazy\" decoding=\"async\" class=\"alignnone wp-image-1221 size-full\" title=\"SCANNER LASER POUR LA TOPOGRAPHIE\" src=\"https:\/\/geodronsl.com\/wp-content\/uploads\/2018\/07\/scanner-laser-pour-la-topographie.jpg\" alt=\"SCANNER LASER POUR LA TOPOGRAPHIE\" width=\"500\" height=\"500\" srcset=\"https:\/\/geodronsl.com\/wp-content\/uploads\/2018\/07\/scanner-laser-pour-la-topographie.jpg 500w, https:\/\/geodronsl.com\/wp-content\/uploads\/2018\/07\/scanner-laser-pour-la-topographie-150x150.jpg 150w, https:\/\/geodronsl.com\/wp-content\/uploads\/2018\/07\/scanner-laser-pour-la-topographie-300x300.jpg 300w\" sizes=\"auto, (max-width: 500px) 100vw, 500px\" \/><\/a>[\/vc_column_text][vc_separator type=\u00a0\u00bbtransparent\u00a0\u00bb up=\u00a0\u00bb5px\u00a0\u00bb down=\u00a0\u00bb5px\u00a0\u00bb][\/vc_column][vc_column width=\u00a0\u00bb1\/3&Prime;][vc_column_text]<\/p>\n<h2 class=\"h2-tecnologia\"><a title=\"tecnolog\u00eda lidar en tenerife\" href=\"https:\/\/geodronsl.com\/fr\/technologie\/technologie-lidar-pour-professionnels\/\">Lidar<\/a><\/h2>\n<p>[\/vc_column_text][vc_separator type=\u00a0\u00bbtransparent\u00a0\u00bb up=\u00a0\u00bb14&Prime; down=\u00a0\u00bb14&Prime; el_class=\u00a0\u00bbseparator-hide\u00a0\u00bb][vc_column_text]<a href=\"https:\/\/geodronsl.com\/fr\/technologie\/technologie-lidar-pour-professionnels\/\"><img loading=\"lazy\" decoding=\"async\" class=\"alignnone wp-image-1312 size-full\" title=\"TECHNOLOGIE LIDAR POUR PROFESSIONNELS\" src=\"https:\/\/geodronsl.com\/wp-content\/uploads\/2018\/07\/technologie-lidar-pour-professionnels.jpg\" alt=\"TECHNOLOGIE LIDAR POUR PROFESSIONNELS\" width=\"500\" height=\"500\" srcset=\"https:\/\/geodronsl.com\/wp-content\/uploads\/2018\/07\/technologie-lidar-pour-professionnels.jpg 500w, https:\/\/geodronsl.com\/wp-content\/uploads\/2018\/07\/technologie-lidar-pour-professionnels-150x150.jpg 150w, https:\/\/geodronsl.com\/wp-content\/uploads\/2018\/07\/technologie-lidar-pour-professionnels-300x300.jpg 300w\" sizes=\"auto, (max-width: 500px) 100vw, 500px\" \/><\/a>[\/vc_column_text][vc_separator type=\u00a0\u00bbtransparent\u00a0\u00bb up=\u00a0\u00bb5px\u00a0\u00bb down=\u00a0\u00bb5px\u00a0\u00bb][\/vc_column][\/vc_row][vc_row row_type=\u00a0\u00bbrow\u00a0\u00bb use_row_as_full_screen_section=\u00a0\u00bbno\u00a0\u00bb type=\u00a0\u00bbfull_width\u00a0\u00bb angled_section=\u00a0\u00bbno\u00a0\u00bb text_align=\u00a0\u00bbleft\u00a0\u00bb background_image_as_pattern=\u00a0\u00bbwithout_pattern\u00a0\u00bb css_animation=\u00a0\u00bb\u00a0\u00bb][vc_column width=\u00a0\u00bb1\/3&Prime;][vc_column_text]<\/p>\n<h2 class=\"h2-tecnologia\"><a title=\"captar datos con mobile mapping en tenerife\" href=\"https:\/\/geodronsl.com\/fr\/technologie\/obtention-de-donnees-par-mobile-mapping\/\">Mobile Mapping<\/a><\/h2>\n<p><a href=\"https:\/\/geodronsl.com\/fr\/technologie\/obtention-de-donnees-par-mobile-mapping\/\"><img loading=\"lazy\" decoding=\"async\" class=\"alignnone wp-image-1166 size-full\" title=\"OBTENTION DE DONN\u00c9ES PAR MOBILE MAPPING\" src=\"https:\/\/geodronsl.com\/wp-content\/uploads\/2018\/07\/obtention-de-donnees-par-mobile-mapping.jpg\" alt=\"OBTENTION DE DONN\u00c9ES PAR MOBILE MAPPING\" width=\"500\" height=\"500\" srcset=\"https:\/\/geodronsl.com\/wp-content\/uploads\/2018\/07\/obtention-de-donnees-par-mobile-mapping.jpg 500w, https:\/\/geodronsl.com\/wp-content\/uploads\/2018\/07\/obtention-de-donnees-par-mobile-mapping-150x150.jpg 150w, https:\/\/geodronsl.com\/wp-content\/uploads\/2018\/07\/obtention-de-donnees-par-mobile-mapping-300x300.jpg 300w\" sizes=\"auto, (max-width: 500px) 100vw, 500px\" \/><\/a>[\/vc_column_text][vc_separator type=\u00a0\u00bbtransparent\u00a0\u00bb up=\u00a0\u00bb5px\u00a0\u00bb down=\u00a0\u00bb5px\u00a0\u00bb][\/vc_column][vc_column width=\u00a0\u00bb1\/3&Prime;][vc_column_text]<\/p>\n<h2 class=\"h2-tecnologia\"><a href=\"https:\/\/geodronsl.com\/fr\/technologie\/logiciel-de-photogrammetrie\/\">Logiciel<\/a><\/h2>\n<p><a href=\"https:\/\/geodronsl.com\/fr\/technologie\/logiciel-de-photogrammetrie\/\"><img loading=\"lazy\" decoding=\"async\" class=\"alignnone wp-image-1260 size-full\" title=\"LOGICIEL DE PHOTOGRAMM\u00c9TRIE, TRAITEMENT DE NUAGE DE POINTS, RESTITUTION, G.I.S\" src=\"https:\/\/geodronsl.com\/wp-content\/uploads\/2018\/07\/logiciel-de-photogrammetrie-traitement-de-nuage-de-points.jpg\" alt=\"LOGICIEL DE PHOTOGRAMM\u00c9TRIE, TRAITEMENT DE NUAGE DE POINTS, RESTITUTION, G.I.S\" width=\"500\" height=\"500\" srcset=\"https:\/\/geodronsl.com\/wp-content\/uploads\/2018\/07\/logiciel-de-photogrammetrie-traitement-de-nuage-de-points.jpg 500w, https:\/\/geodronsl.com\/wp-content\/uploads\/2018\/07\/logiciel-de-photogrammetrie-traitement-de-nuage-de-points-150x150.jpg 150w, https:\/\/geodronsl.com\/wp-content\/uploads\/2018\/07\/logiciel-de-photogrammetrie-traitement-de-nuage-de-points-300x300.jpg 300w\" sizes=\"auto, (max-width: 500px) 100vw, 500px\" \/><\/a>[\/vc_column_text][vc_separator type=\u00a0\u00bbtransparent\u00a0\u00bb up=\u00a0\u00bb5px\u00a0\u00bb down=\u00a0\u00bb5px\u00a0\u00bb][\/vc_column][vc_column width=\u00a0\u00bb1\/3&Prime;][\/vc_column][\/vc_row]<\/p>\n","protected":false},"excerpt":{"rendered":"<p>[vc_row row_type=\u00a0\u00bbrow\u00a0\u00bb use_row_as_full_screen_section=\u00a0\u00bbno\u00a0\u00bb type=\u00a0\u00bbfull_width\u00a0\u00bb angled_section=\u00a0\u00bbno\u00a0\u00bb text_align=\u00a0\u00bbleft\u00a0\u00bb background_image_as_pattern=\u00a0\u00bbwithout_pattern\u00a0\u00bb css_animation=\u00a0\u00bb\u00a0\u00bb][vc_column width=\u00a0\u00bb1\/2&Prime;][vc_column_text][\/vc_column_text][\/vc_column][vc_column width=\u00a0\u00bb1\/2&Prime;][vc_column_text] Technologie avanc\u00e9e pour la cartographie et l&rsquo;arpentage [\/vc_column_text][vc_column_text]Nous travaillons avec des marques leader au niveau mondial dans le domaine de la cartographie, de la photom\u00e9trie a\u00e9rienne et de la topographie terrestre. En employant cette haute&#8230;<\/p>\n","protected":false},"author":1,"featured_media":0,"parent":0,"menu_order":0,"comment_status":"closed","ping_status":"closed","template":"","meta":{"footnotes":""},"class_list":["post-1355","page","type-page","status-publish","hentry"],"_links":{"self":[{"href":"https:\/\/geodronsl.com\/fr\/wp-json\/wp\/v2\/pages\/1355","targetHints":{"allow":["GET"]}}],"collection":[{"href":"https:\/\/geodronsl.com\/fr\/wp-json\/wp\/v2\/pages"}],"about":[{"href":"https:\/\/geodronsl.com\/fr\/wp-json\/wp\/v2\/types\/page"}],"author":[{"embeddable":true,"href":"https:\/\/geodronsl.com\/fr\/wp-json\/wp\/v2\/users\/1"}],"replies":[{"embeddable":true,"href":"https:\/\/geodronsl.com\/fr\/wp-json\/wp\/v2\/comments?post=1355"}],"version-history":[{"count":7,"href":"https:\/\/geodronsl.com\/fr\/wp-json\/wp\/v2\/pages\/1355\/revisions"}],"predecessor-version":[{"id":1581,"href":"https:\/\/geodronsl.com\/fr\/wp-json\/wp\/v2\/pages\/1355\/revisions\/1581"}],"wp:attachment":[{"href":"https:\/\/geodronsl.com\/fr\/wp-json\/wp\/v2\/media?parent=1355"}],"curies":[{"name":"wp","href":"https:\/\/api.w.org\/{rel}","templated":true}]}}