{"id":1099,"date":"2018-06-23T11:07:02","date_gmt":"2018-06-23T11:07:02","guid":{"rendered":"http:\/\/geodron.dev-smedialab.es\/ingenieria-construccion-urbanismo\/"},"modified":"2018-07-14T14:04:13","modified_gmt":"2018-07-14T14:04:13","slug":"ingenieria-construccion-urbanismo","status":"publish","type":"page","link":"https:\/\/geodronsl.com\/fr\/services\/inspection-dinfrastructures\/","title":{"rendered":"Inspection d&rsquo;infrastructures au moyen de Drones, scanner laser et mobile mapping"},"content":{"rendered":"<p>[vc_row row_type=\u00a0\u00bbrow\u00a0\u00bb use_row_as_full_screen_section=\u00a0\u00bbno\u00a0\u00bb type=\u00a0\u00bbfull_width\u00a0\u00bb angled_section=\u00a0\u00bbno\u00a0\u00bb text_align=\u00a0\u00bbleft\u00a0\u00bb background_image_as_pattern=\u00a0\u00bbwithout_pattern\u00a0\u00bb css_animation=\u00a0\u00bb\u00a0\u00bb][vc_column width=\u00a0\u00bb1\/2&Prime;][vc_column_text]<img loading=\"lazy\" decoding=\"async\" class=\"alignnone wp-image-1203 size-full\" title=\"inspection d\u2019infrastructures au moyen de drones, scanner laser et mobile mapping\" src=\"https:\/\/geodronsl.com\/wp-content\/uploads\/2018\/07\/inspection-dinfrastructures-au-moyen-de-drones-scanner-laser-et-mobile-mapping.jpg\" alt=\"projets d\u2019inspection d\u2019infrastructure\" width=\"500\" height=\"500\" srcset=\"https:\/\/geodronsl.com\/wp-content\/uploads\/2018\/07\/inspection-dinfrastructures-au-moyen-de-drones-scanner-laser-et-mobile-mapping.jpg 500w, https:\/\/geodronsl.com\/wp-content\/uploads\/2018\/07\/inspection-dinfrastructures-au-moyen-de-drones-scanner-laser-et-mobile-mapping-150x150.jpg 150w, https:\/\/geodronsl.com\/wp-content\/uploads\/2018\/07\/inspection-dinfrastructures-au-moyen-de-drones-scanner-laser-et-mobile-mapping-300x300.jpg 300w\" sizes=\"auto, (max-width: 500px) 100vw, 500px\" \/>[\/vc_column_text][\/vc_column][vc_column width=\u00a0\u00bb1\/2&Prime;][vc_column_text]<\/p>\n<h1>Inspection d&rsquo;infrastructures au moyen de Drones, scanner laser et mobile mapping<\/h1>\n<p>[\/vc_column_text][vc_separator type=\u00a0\u00bbtransparent\u00a0\u00bb][vc_column_text]Les soci\u00e9t\u00e9s de construction font toujours face aux m\u00eames probl\u00e8mes en ce qui concerne l\u2019am\u00e9lioration des infrastructures. Dans le contexte actuel, toujours changeant, et face \u00e0 la demande d\u2019un service d\u2019\u00e9laboration de cartes rapide, la technologie de Geodron est devenue un acteur indispensable dans le domaine de la construction et de sa planification. Les travaux routiers, les ponts, les rampes, les canaux et les zones d\u2019inondation peuvent d\u00e9sormais \u00eatre facilement inspect\u00e9es depuis les airs. Une grande vision g\u00e9n\u00e9rale de la zone du projet permet aux ing\u00e9nieurs de prendre les pr\u00e9cautions n\u00e9cessaires lors de la construction d\u2019infrastructures. Cette technologie peut remplacer les \u00e9tudes traditionnelles du terrain et fournir une plus grande quantit\u00e9 de renseignements dans des d\u00e9lais plus courts, pour un co\u00fbt total r\u00e9duit.[\/vc_column_text][vc_separator type=\u00a0\u00bbtransparent\u00a0\u00bb][vc_column_text el_class=\u00a0\u00bbdiv-Custom-List\u00a0\u00bb]<\/p>\n<h2>Projets d&rsquo;inspection d&rsquo;infrastructure<\/h2>\n<ul>\n<li>Photogramm\u00e9trie et images a\u00e9riennes pour le suivi de travaux<\/li>\n<li>Mod\u00e8les num\u00e9riques du terrain en 3D pour le cubage, la mesure, les profils transversaux et longitudinaux, courbes de niveau\u2026<\/li>\n<li>Industrie du gaz et p\u00e9troli\u00e8re<\/li>\n<li>Contr\u00f4le d\u2019ex\u00e9cution en haute pr\u00e9cision et en diff\u00e9rentes p\u00e9riodes<\/li>\n<\/ul>\n<p>[\/vc_column_text][\/vc_column][\/vc_row][vc_row row_type=\u00a0\u00bbrow\u00a0\u00bb use_row_as_full_screen_section=\u00a0\u00bbno\u00a0\u00bb type=\u00a0\u00bbfull_width\u00a0\u00bb angled_section=\u00a0\u00bbno\u00a0\u00bb text_align=\u00a0\u00bbleft\u00a0\u00bb background_image_as_pattern=\u00a0\u00bbwithout_pattern\u00a0\u00bb css_animation=\u00a0\u00bb\u00a0\u00bb][vc_column][vc_separator type=\u00a0\u00bbnormal\u00a0\u00bb up=\u00a0\u00bb20px\u00a0\u00bb][\/vc_column][\/vc_row][vc_row row_type=\u00a0\u00bbrow\u00a0\u00bb use_row_as_full_screen_section=\u00a0\u00bbno\u00a0\u00bb type=\u00a0\u00bbfull_width\u00a0\u00bb angled_section=\u00a0\u00bbno\u00a0\u00bb text_align=\u00a0\u00bbleft\u00a0\u00bb background_image_as_pattern=\u00a0\u00bbwithout_pattern\u00a0\u00bb css_animation=\u00a0\u00bb\u00a0\u00bb el_id=\u00a0\u00bbproyectos\u00a0\u00bb][vc_column][vc_column_text]<\/p>\n<h2>Projets d&rsquo;ing\u00e9nierie et d&rsquo;urbanisme<\/h2>\n<p>[\/vc_column_text][\/vc_column][\/vc_row][vc_row row_type=\u00a0\u00bbrow\u00a0\u00bb use_row_as_full_screen_section=\u00a0\u00bbno\u00a0\u00bb type=\u00a0\u00bbfull_width\u00a0\u00bb angled_section=\u00a0\u00bbno\u00a0\u00bb text_align=\u00a0\u00bbleft\u00a0\u00bb background_image_as_pattern=\u00a0\u00bbwithout_pattern\u00a0\u00bb css_animation=\u00a0\u00bb\u00a0\u00bb][vc_column]<div class=\"projects_masonry_wrapper \"><div class=\"projects_masonry_holder portfolio_main_holder portfolio_masonry_gallery_with_space  gs5\"><div class=\"qode-portfolio-masonry-gallery-grid-sizer\"><\/div><div class=\"qode-portfolio-masonry-gallery-grid-gutter\"><\/div><article class='portfolio_masonry_item portfolio_category_21  default'><div class='image_holder'><a itemprop='url' class='portfolio_link_for_touch' href='https:\/\/geodronsl.com\/fr\/services\/inspection-dinfrastructures\/projets\/stations-service-cepsa\/' target='_self'><span class='image'><img loading=\"lazy\" decoding=\"async\" width=\"500\" height=\"500\" src=\"https:\/\/geodronsl.com\/wp-content\/uploads\/2017\/05\/INGENIER\u00cdA_CONSTRUCCI\u00d3N-Y-URBANISMO_GASOLINERAS_LA-CALETA-500x500.jpg\" class=\"attachment-portfolio_masonry_regular size-portfolio_masonry_regular wp-post-image\" alt=\"\" srcset=\"https:\/\/geodronsl.com\/wp-content\/uploads\/2017\/05\/INGENIER\u00cdA_CONSTRUCCI\u00d3N-Y-URBANISMO_GASOLINERAS_LA-CALETA-500x500.jpg 500w, https:\/\/geodronsl.com\/wp-content\/uploads\/2017\/05\/INGENIER\u00cdA_CONSTRUCCI\u00d3N-Y-URBANISMO_GASOLINERAS_LA-CALETA-150x150.jpg 150w, https:\/\/geodronsl.com\/wp-content\/uploads\/2017\/05\/INGENIER\u00cdA_CONSTRUCCI\u00d3N-Y-URBANISMO_GASOLINERAS_LA-CALETA-570x570.jpg 570w\" sizes=\"auto, (max-width: 500px) 100vw, 500px\" \/><\/span><\/a><span class='text_holder'><span class='text_outer'><span class='text_inner'><div class=\"hover_feature_holder_title\"><div class=\"hover_feature_holder_title_inner\"><h3 itemprop=\"name\" class=\"portfolio_title entry_title\"><a itemprop=\"url\" href=\"https:\/\/geodronsl.com\/fr\/services\/inspection-dinfrastructures\/projets\/stations-service-cepsa\/\"  target=\"_self\">Lev\u00e9s topographiques de pr\u00e9cision et de d\u00e9tail &#8211; Stations service CEPSA<\/a><\/h3><span class=\"project_category\" >Ing\u00e9nierie et urbanisme<\/span><\/div><\/div><span class='feature_holder'><span class=\"feature_holder_icons\"><a itemprop='url' class='preview qbutton small white' href='https:\/\/geodronsl.com\/fr\/services\/inspection-dinfrastructures\/projets\/stations-service-cepsa\/' target='_self'>vue<\/i><\/a><\/span><\/span><\/span><\/span><\/span><\/div><\/article><article class='portfolio_masonry_item portfolio_category_21  default'><div class='image_holder'><a itemprop='url' class='portfolio_link_for_touch' href='https:\/\/geodronsl.com\/fr\/services\/inspection-dinfrastructures\/projets\/leve-topographique-de-precision-hotel-jardines-nivaria-tenerife\/' target='_self'><span class='image'><img loading=\"lazy\" decoding=\"async\" width=\"500\" height=\"500\" src=\"https:\/\/geodronsl.com\/wp-content\/uploads\/2017\/05\/HOTELES_jardines-de-nivaria_1-500x500.jpg\" class=\"attachment-portfolio_masonry_regular size-portfolio_masonry_regular wp-post-image\" alt=\"\" srcset=\"https:\/\/geodronsl.com\/wp-content\/uploads\/2017\/05\/HOTELES_jardines-de-nivaria_1-500x500.jpg 500w, https:\/\/geodronsl.com\/wp-content\/uploads\/2017\/05\/HOTELES_jardines-de-nivaria_1-150x150.jpg 150w, https:\/\/geodronsl.com\/wp-content\/uploads\/2017\/05\/HOTELES_jardines-de-nivaria_1-570x570.jpg 570w\" sizes=\"auto, (max-width: 500px) 100vw, 500px\" \/><\/span><\/a><span class='text_holder'><span class='text_outer'><span class='text_inner'><div class=\"hover_feature_holder_title\"><div class=\"hover_feature_holder_title_inner\"><h3 itemprop=\"name\" class=\"portfolio_title entry_title\"><a itemprop=\"url\" href=\"https:\/\/geodronsl.com\/fr\/services\/inspection-dinfrastructures\/projets\/leve-topographique-de-precision-hotel-jardines-nivaria-tenerife\/\"  target=\"_self\">Lev\u00e9 topographique de pr\u00e9cision &#8211; H\u00f4tel Jardines de Nivaria<\/a><\/h3><span class=\"project_category\" >Ing\u00e9nierie et urbanisme<\/span><\/div><\/div><span class='feature_holder'><span class=\"feature_holder_icons\"><a itemprop='url' class='preview qbutton small white' href='https:\/\/geodronsl.com\/fr\/services\/inspection-dinfrastructures\/projets\/leve-topographique-de-precision-hotel-jardines-nivaria-tenerife\/' target='_self'>vue<\/i><\/a><\/span><\/span><\/span><\/span><\/span><\/div><\/article><article class='portfolio_masonry_item portfolio_category_21  default'><div class='image_holder'><a itemprop='url' class='portfolio_link_for_touch' href='https:\/\/geodronsl.com\/fr\/services\/inspection-dinfrastructures\/projets\/hotel-playa-paraiso-tenerife\/' target='_self'><span class='image'><img loading=\"lazy\" decoding=\"async\" width=\"500\" height=\"500\" src=\"https:\/\/geodronsl.com\/wp-content\/uploads\/2017\/05\/HOTELES_PLAYA-PARA\u00cdSO_1-500x500.jpg\" class=\"attachment-portfolio_masonry_regular size-portfolio_masonry_regular wp-post-image\" alt=\"\" srcset=\"https:\/\/geodronsl.com\/wp-content\/uploads\/2017\/05\/HOTELES_PLAYA-PARA\u00cdSO_1-500x500.jpg 500w, https:\/\/geodronsl.com\/wp-content\/uploads\/2017\/05\/HOTELES_PLAYA-PARA\u00cdSO_1-150x150.jpg 150w, https:\/\/geodronsl.com\/wp-content\/uploads\/2017\/05\/HOTELES_PLAYA-PARA\u00cdSO_1-570x570.jpg 570w\" sizes=\"auto, (max-width: 500px) 100vw, 500px\" \/><\/span><\/a><span class='text_holder'><span class='text_outer'><span class='text_inner'><div class=\"hover_feature_holder_title\"><div class=\"hover_feature_holder_title_inner\"><h3 itemprop=\"name\" class=\"portfolio_title entry_title\"><a itemprop=\"url\" href=\"https:\/\/geodronsl.com\/fr\/services\/inspection-dinfrastructures\/projets\/hotel-playa-paraiso-tenerife\/\"  target=\"_self\">Lev\u00e9 topographique &#8211; H\u00f4tel \u00e0 Playa Para\u00edso<\/a><\/h3><span class=\"project_category\" >Ing\u00e9nierie et urbanisme<\/span><\/div><\/div><span class='feature_holder'><span class=\"feature_holder_icons\"><a itemprop='url' class='preview qbutton small white' href='https:\/\/geodronsl.com\/fr\/services\/inspection-dinfrastructures\/projets\/hotel-playa-paraiso-tenerife\/' target='_self'>vue<\/i><\/a><\/span><\/span><\/span><\/span><\/span><\/div><\/article><article class='portfolio_masonry_item portfolio_category_21  default'><div class='image_holder'><a itemprop='url' class='portfolio_link_for_touch' href='https:\/\/geodronsl.com\/fr\/services\/inspection-dinfrastructures\/projets\/parc-pino-las-jabas\/' target='_self'><span class='image'><img loading=\"lazy\" decoding=\"async\" width=\"500\" height=\"500\" src=\"https:\/\/geodronsl.com\/wp-content\/uploads\/2017\/05\/PARQUE-LAS-VEGAS-500x500.jpg\" class=\"attachment-portfolio_masonry_regular size-portfolio_masonry_regular wp-post-image\" alt=\"\" srcset=\"https:\/\/geodronsl.com\/wp-content\/uploads\/2017\/05\/PARQUE-LAS-VEGAS-500x500.jpg 500w, https:\/\/geodronsl.com\/wp-content\/uploads\/2017\/05\/PARQUE-LAS-VEGAS-150x150.jpg 150w, https:\/\/geodronsl.com\/wp-content\/uploads\/2017\/05\/PARQUE-LAS-VEGAS-570x570.jpg 570w\" sizes=\"auto, (max-width: 500px) 100vw, 500px\" \/><\/span><\/a><span class='text_holder'><span class='text_outer'><span class='text_inner'><div class=\"hover_feature_holder_title\"><div class=\"hover_feature_holder_title_inner\"><h3 itemprop=\"name\" class=\"portfolio_title entry_title\"><a itemprop=\"url\" href=\"https:\/\/geodronsl.com\/fr\/services\/inspection-dinfrastructures\/projets\/parc-pino-las-jabas\/\"  target=\"_self\">Lev\u00e9 topographique du parc ethnographique &#8211; Parc ethnographique Pino las Jabas<\/a><\/h3><span class=\"project_category\" >Ing\u00e9nierie et urbanisme<\/span><\/div><\/div><span class='feature_holder'><span class=\"feature_holder_icons\"><a itemprop='url' class='preview qbutton small white' href='https:\/\/geodronsl.com\/fr\/services\/inspection-dinfrastructures\/projets\/parc-pino-las-jabas\/' target='_self'>vue<\/i><\/a><\/span><\/span><\/span><\/span><\/span><\/div><\/article><article class='portfolio_masonry_item portfolio_category_21  default'><div class='image_holder'><a itemprop='url' class='portfolio_link_for_touch' href='https:\/\/geodronsl.com\/fr\/services\/inspection-dinfrastructures\/projets\/aeroport-sur-reina-sofia\/' target='_self'><span class='image'><img loading=\"lazy\" decoding=\"async\" width=\"500\" height=\"500\" src=\"https:\/\/geodronsl.com\/wp-content\/uploads\/2017\/05\/CONELSAN-CAPA-RODADURA-TENERIFE-SUR-500x500.jpg\" class=\"attachment-portfolio_masonry_regular size-portfolio_masonry_regular wp-post-image\" alt=\"\" srcset=\"https:\/\/geodronsl.com\/wp-content\/uploads\/2017\/05\/CONELSAN-CAPA-RODADURA-TENERIFE-SUR-500x500.jpg 500w, https:\/\/geodronsl.com\/wp-content\/uploads\/2017\/05\/CONELSAN-CAPA-RODADURA-TENERIFE-SUR-150x150.jpg 150w, https:\/\/geodronsl.com\/wp-content\/uploads\/2017\/05\/CONELSAN-CAPA-RODADURA-TENERIFE-SUR-570x570.jpg 570w\" sizes=\"auto, (max-width: 500px) 100vw, 500px\" \/><\/span><\/a><span class='text_holder'><span class='text_outer'><span class='text_inner'><div class=\"hover_feature_holder_title\"><div class=\"hover_feature_holder_title_inner\"><h3 itemprop=\"name\" class=\"portfolio_title entry_title\"><a itemprop=\"url\" href=\"https:\/\/geodronsl.com\/fr\/services\/inspection-dinfrastructures\/projets\/aeroport-sur-reina-sofia\/\"  target=\"_self\">Lev\u00e9 topographique des chemins de roulement &#8211; A\u00e9roport Reina Sof\u00eda<\/a><\/h3><span class=\"project_category\" >Ing\u00e9nierie et urbanisme<\/span><\/div><\/div><span class='feature_holder'><span class=\"feature_holder_icons\"><a itemprop='url' class='preview qbutton small white' href='https:\/\/geodronsl.com\/fr\/services\/inspection-dinfrastructures\/projets\/aeroport-sur-reina-sofia\/' target='_self'>vue<\/i><\/a><\/span><\/span><\/span><\/span><\/span><\/div><\/article><article class='portfolio_masonry_item portfolio_category_21  default'><div class='image_holder'><a itemprop='url' class='portfolio_link_for_touch' href='https:\/\/geodronsl.com\/fr\/services\/inspection-dinfrastructures\/projets\/stade-heliodoro-rodriguez-lopez\/' target='_self'><span class='image'><img loading=\"lazy\" decoding=\"async\" width=\"500\" height=\"500\" src=\"https:\/\/geodronsl.com\/wp-content\/uploads\/2017\/05\/HELIODORO-RODRIGUEZ-LOPEZ-500x500.jpg\" class=\"attachment-portfolio_masonry_regular size-portfolio_masonry_regular wp-post-image\" alt=\"\" srcset=\"https:\/\/geodronsl.com\/wp-content\/uploads\/2017\/05\/HELIODORO-RODRIGUEZ-LOPEZ-500x500.jpg 500w, https:\/\/geodronsl.com\/wp-content\/uploads\/2017\/05\/HELIODORO-RODRIGUEZ-LOPEZ-150x150.jpg 150w, https:\/\/geodronsl.com\/wp-content\/uploads\/2017\/05\/HELIODORO-RODRIGUEZ-LOPEZ-570x570.jpg 570w\" sizes=\"auto, (max-width: 500px) 100vw, 500px\" \/><\/span><\/a><span class='text_holder'><span class='text_outer'><span class='text_inner'><div class=\"hover_feature_holder_title\"><div class=\"hover_feature_holder_title_inner\"><h3 itemprop=\"name\" class=\"portfolio_title entry_title\"><a itemprop=\"url\" href=\"https:\/\/geodronsl.com\/fr\/services\/inspection-dinfrastructures\/projets\/stade-heliodoro-rodriguez-lopez\/\"  target=\"_self\">Lev\u00e9 topographique &#8211; Stade Heliodoro Rodr\u00edguez L\u00f3pez<\/a><\/h3><span class=\"project_category\" >Ing\u00e9nierie et urbanisme<\/span><\/div><\/div><span class='feature_holder'><span class=\"feature_holder_icons\"><a itemprop='url' class='preview qbutton small white' href='https:\/\/geodronsl.com\/fr\/services\/inspection-dinfrastructures\/projets\/stade-heliodoro-rodriguez-lopez\/' target='_self'>vue<\/i><\/a><\/span><\/span><\/span><\/span><\/span><\/div><\/article><article class='portfolio_masonry_item portfolio_category_21  default'><div class='image_holder'><a itemprop='url' class='portfolio_link_for_touch' href='https:\/\/geodronsl.com\/fr\/services\/inspection-dinfrastructures\/projets\/segregation-finca-barrameda\/' target='_self'><span class='image'><img loading=\"lazy\" decoding=\"async\" width=\"500\" height=\"500\" src=\"https:\/\/geodronsl.com\/wp-content\/uploads\/2017\/05\/segregaci\u00f3n-finca-barrameda-barrameda-tance-s.l-500x500.jpg\" class=\"attachment-portfolio_masonry_regular size-portfolio_masonry_regular wp-post-image\" alt=\"\" srcset=\"https:\/\/geodronsl.com\/wp-content\/uploads\/2017\/05\/segregaci\u00f3n-finca-barrameda-barrameda-tance-s.l-500x500.jpg 500w, https:\/\/geodronsl.com\/wp-content\/uploads\/2017\/05\/segregaci\u00f3n-finca-barrameda-barrameda-tance-s.l-150x150.jpg 150w, https:\/\/geodronsl.com\/wp-content\/uploads\/2017\/05\/segregaci\u00f3n-finca-barrameda-barrameda-tance-s.l-570x570.jpg 570w\" sizes=\"auto, (max-width: 500px) 100vw, 500px\" \/><\/span><\/a><span class='text_holder'><span class='text_outer'><span class='text_inner'><div class=\"hover_feature_holder_title\"><div class=\"hover_feature_holder_title_inner\"><h3 itemprop=\"name\" class=\"portfolio_title entry_title\"><a itemprop=\"url\" href=\"https:\/\/geodronsl.com\/fr\/services\/inspection-dinfrastructures\/projets\/segregation-finca-barrameda\/\"  target=\"_self\">Lev\u00e9 planim\u00e9trique de la Finca Barrameda &#8211; Rapport de s\u00e9gr\u00e9gation<\/a><\/h3><span class=\"project_category\" >Ing\u00e9nierie et urbanisme<\/span><\/div><\/div><span class='feature_holder'><span class=\"feature_holder_icons\"><a itemprop='url' class='preview qbutton small white' href='https:\/\/geodronsl.com\/fr\/services\/inspection-dinfrastructures\/projets\/segregation-finca-barrameda\/' target='_self'>vue<\/i><\/a><\/span><\/span><\/span><\/span><\/span><\/div><\/article><\/div><\/div>[\/vc_column][\/vc_row]<\/p>\n","protected":false},"excerpt":{"rendered":"<p>[vc_row row_type=\u00a0\u00bbrow\u00a0\u00bb use_row_as_full_screen_section=\u00a0\u00bbno\u00a0\u00bb type=\u00a0\u00bbfull_width\u00a0\u00bb angled_section=\u00a0\u00bbno\u00a0\u00bb text_align=\u00a0\u00bbleft\u00a0\u00bb background_image_as_pattern=\u00a0\u00bbwithout_pattern\u00a0\u00bb css_animation=\u00a0\u00bb\u00a0\u00bb][vc_column width=\u00a0\u00bb1\/2&Prime;][vc_column_text][\/vc_column_text][\/vc_column][vc_column width=\u00a0\u00bb1\/2&Prime;][vc_column_text] Inspection d&rsquo;infrastructures au moyen de Drones, scanner laser et mobile mapping [\/vc_column_text][vc_separator type=\u00a0\u00bbtransparent\u00a0\u00bb][vc_column_text]Les soci\u00e9t\u00e9s de construction font toujours face aux m\u00eames probl\u00e8mes en ce qui concerne l\u2019am\u00e9lioration des infrastructures. Dans le contexte actuel, toujours changeant,&#8230;<\/p>\n","protected":false},"author":1,"featured_media":0,"parent":0,"menu_order":0,"comment_status":"closed","ping_status":"closed","template":"","meta":{"footnotes":""},"class_list":["post-1099","page","type-page","status-publish","hentry"],"_links":{"self":[{"href":"https:\/\/geodronsl.com\/fr\/wp-json\/wp\/v2\/pages\/1099","targetHints":{"allow":["GET"]}}],"collection":[{"href":"https:\/\/geodronsl.com\/fr\/wp-json\/wp\/v2\/pages"}],"about":[{"href":"https:\/\/geodronsl.com\/fr\/wp-json\/wp\/v2\/types\/page"}],"author":[{"embeddable":true,"href":"https:\/\/geodronsl.com\/fr\/wp-json\/wp\/v2\/users\/1"}],"replies":[{"embeddable":true,"href":"https:\/\/geodronsl.com\/fr\/wp-json\/wp\/v2\/comments?post=1099"}],"version-history":[{"count":3,"href":"https:\/\/geodronsl.com\/fr\/wp-json\/wp\/v2\/pages\/1099\/revisions"}],"predecessor-version":[{"id":1206,"href":"https:\/\/geodronsl.com\/fr\/wp-json\/wp\/v2\/pages\/1099\/revisions\/1206"}],"wp:attachment":[{"href":"https:\/\/geodronsl.com\/fr\/wp-json\/wp\/v2\/media?parent=1099"}],"curies":[{"name":"wp","href":"https:\/\/api.w.org\/{rel}","templated":true}]}}