{"id":1091,"date":"2018-06-13T13:39:20","date_gmt":"2018-06-13T13:39:20","guid":{"rendered":"http:\/\/geodron.dev-smedialab.es\/topografia-y-obra-civil\/"},"modified":"2018-07-14T15:29:51","modified_gmt":"2018-07-14T15:29:51","slug":"topografia-y-obra-civil","status":"publish","type":"page","link":"https:\/\/geodronsl.com\/fr\/services\/topographie-et-genie-civil\/","title":{"rendered":"Topographie et G\u00e9nie Civil"},"content":{"rendered":"<p>[vc_row row_type=\u00a0\u00bbrow\u00a0\u00bb use_row_as_full_screen_section=\u00a0\u00bbno\u00a0\u00bb type=\u00a0\u00bbfull_width\u00a0\u00bb angled_section=\u00a0\u00bbno\u00a0\u00bb text_align=\u00a0\u00bbleft\u00a0\u00bb background_image_as_pattern=\u00a0\u00bbwithout_pattern\u00a0\u00bb css_animation=\u00a0\u00bb\u00a0\u00bb][vc_column width=\u00a0\u00bb1\/2&Prime;][vc_column_text]<\/p>\n<h1 style=\"text-align: left;\">Topographie et G\u00e9nie Civil<\/h1>\n<p>[\/vc_column_text][vc_separator type=\u00a0\u00bbtransparent\u00a0\u00bb][vc_column_text]Nos ing\u00e9nieurs sont des sp\u00e9cialistes extr\u00eamement polyvalents dans l\u2019utilisation de cette technologie pour faire la repr\u00e9sentation pr\u00e9cise et d\u00e9taill\u00e9e d\u2019une infrastructure quelconque\u00a0: routes, voies ferr\u00e9es, lignes \u00e9lectriques\u2026 et r\u00e9alisent \u00e9galement la cartographie de tr\u00e8s grandes zones inaccessibles et compliqu\u00e9es.[\/vc_column_text][vc_separator type=\u00a0\u00bbtransparent\u00a0\u00bb][vc_column_text]La photogramm\u00e9trie a\u00e9rienne nous permet d\u2019obtenir des Mod\u00e8les Num\u00e9riques de Terrain et des orthophotographies ayant un grand niveau de d\u00e9tail, comme s\u2019il s\u2019agissait de plans ou de cartes, qui permettent d\u2019effectuer des mesures exactes.[\/vc_column_text][\/vc_column][vc_column width=\u00a0\u00bb1\/2&Prime;][vc_column_text]<img loading=\"lazy\" decoding=\"async\" class=\"alignnone wp-image-1285 size-full\" title=\"topographie et g\u00e9nie civil\" src=\"https:\/\/geodronsl.com\/wp-content\/uploads\/2018\/07\/topographie-et-genie-civil.jpg\" alt=\"topographie et g\u00e9nie civil\" width=\"500\" height=\"500\" srcset=\"https:\/\/geodronsl.com\/wp-content\/uploads\/2018\/07\/topographie-et-genie-civil.jpg 500w, https:\/\/geodronsl.com\/wp-content\/uploads\/2018\/07\/topographie-et-genie-civil-150x150.jpg 150w, https:\/\/geodronsl.com\/wp-content\/uploads\/2018\/07\/topographie-et-genie-civil-300x300.jpg 300w\" sizes=\"auto, (max-width: 500px) 100vw, 500px\" \/>[\/vc_column_text][\/vc_column][\/vc_row][vc_row row_type=\u00a0\u00bbrow\u00a0\u00bb use_row_as_full_screen_section=\u00a0\u00bbno\u00a0\u00bb type=\u00a0\u00bbfull_width\u00a0\u00bb angled_section=\u00a0\u00bbno\u00a0\u00bb text_align=\u00a0\u00bbleft\u00a0\u00bb background_image_as_pattern=\u00a0\u00bbwithout_pattern\u00a0\u00bb css_animation=\u00a0\u00bb\u00a0\u00bb][vc_column width=\u00a0\u00bb1\/2&Prime;][vc_column_text]<img loading=\"lazy\" decoding=\"async\" class=\"alignnone wp-image-1288 size-full\" style=\"margin: 0;\" title=\"topographie classique, photographie a\u00e9rienne, scanner laser et mobile mapping\" src=\"https:\/\/geodronsl.com\/wp-content\/uploads\/2018\/07\/topographie-classique.jpg\" alt=\"topographie classique, photographie a\u00e9rienne, scanner laser et mobile mapping\" width=\"602\" height=\"946\" srcset=\"https:\/\/geodronsl.com\/wp-content\/uploads\/2018\/07\/topographie-classique.jpg 602w, https:\/\/geodronsl.com\/wp-content\/uploads\/2018\/07\/topographie-classique-191x300.jpg 191w\" sizes=\"auto, (max-width: 602px) 100vw, 602px\" \/>[\/vc_column_text][\/vc_column][vc_column width=\u00a0\u00bb1\/2&Prime;][vc_separator type=\u00a0\u00bbtransparent\u00a0\u00bb][vc_column_text]<\/p>\n<h2>Topographie classique, Photographie a\u00e9rienne, Scanner Laser et Mobile Mapping<\/h2>\n<p>[\/vc_column_text][vc_separator type=\u00a0\u00bbtransparent\u00a0\u00bb][vc_column_text]Afin de proposer un service complet et \u00e0 l\u2019aide d\u2019instruments de pointe, GEODRON dispose d\u2019ing\u00e9nieurs topographes qui effectuent en tant que professionnels toute sorte de travail topographiques traditionnel de confiance et de premi\u00e8re qualit\u00e9 en conseillant et en offrant une assistance globale \u00e0 divers professionnels de la construction, de l\u2019administration, de l\u2019enseignement, \u00e0 des entreprises et \u00e0 des particuliers.[\/vc_column_text][vc_separator type=\u00a0\u00bbtransparent\u00a0\u00bb][vc_column_text el_class=\u00a0\u00bbdiv-Custom-List\u00a0\u00bb]<\/p>\n<ul>\n<li>Ajustement des coordonn\u00e9es d\u2019emplacement<\/li>\n<li>Sections et structuration de projets<\/li>\n<li>Proc\u00e8s-verbaux d\u2019implantation<\/li>\n<li>Auscultations\u00a0: Barrages, viaducs, structures\u2026<\/li>\n<li>Implantation de structures<\/li>\n<li>Implantation de travaux lin\u00e9aires<\/li>\n<li>Nivellements<\/li>\n<li>Supports photogramm\u00e9triques au moyen de GPS<\/li>\n<li>Ex\u00e9cution et contr\u00f4le de travaux\u00a0: Travaux de g\u00e9nie civil \u2013 Viaducs, routes, chemins de fer, tunnels\u2026 Hydrauliques \u2013 Barrages, canalisations, r\u00e9servoirs de stockage\u2026Industriels \u2013 Lignes \u00e9lectriques et lignes de communication, Parcs \u00e9oliens, centrales, raffineries, gazoducs\u2026 Urbanisations<\/li>\n<li>Contr\u00f4le de mesures<\/li>\n<li>Lev\u00e9s topographiques pour projets (en 3D, architecture\u2026)<\/li>\n<li>Plans de finalisation des travaux<\/li>\n<li>\u00c9laboration de rapports techniques d\u2019expert pour des d\u00e9marches et r\u00e9clamations (cadastre, registre des propri\u00e9t\u00e9s, mairie\u2026)<\/li>\n<li>Partages d\u2019h\u00e9ritages<\/li>\n<li>Projets de s\u00e9gr\u00e9gation et de regroupement de parcelles<\/li>\n<li>Identification et localisation de propri\u00e9t\u00e9s<\/li>\n<li>D\u00e9limitation et bornage de parcelles<\/li>\n<\/ul>\n<p>[\/vc_column_text][\/vc_column][\/vc_row][vc_row row_type=\u00a0\u00bbrow\u00a0\u00bb use_row_as_full_screen_section=\u00a0\u00bbno\u00a0\u00bb type=\u00a0\u00bbfull_width\u00a0\u00bb angled_section=\u00a0\u00bbno\u00a0\u00bb text_align=\u00a0\u00bbleft\u00a0\u00bb background_image_as_pattern=\u00a0\u00bbwithout_pattern\u00a0\u00bb css_animation=\u00a0\u00bb\u00a0\u00bb][vc_column][vc_separator type=\u00a0\u00bbnormal\u00a0\u00bb up=\u00a0\u00bb20px\u00a0\u00bb][\/vc_column][\/vc_row][vc_row row_type=\u00a0\u00bbrow\u00a0\u00bb use_row_as_full_screen_section=\u00a0\u00bbno\u00a0\u00bb type=\u00a0\u00bbfull_width\u00a0\u00bb angled_section=\u00a0\u00bbno\u00a0\u00bb text_align=\u00a0\u00bbleft\u00a0\u00bb background_image_as_pattern=\u00a0\u00bbwithout_pattern\u00a0\u00bb css_animation=\u00a0\u00bb\u00a0\u00bb el_id=\u00a0\u00bbproyectos\u00a0\u00bb][vc_column][vc_column_text]<\/p>\n<h2>Projets de Topographie et de G\u00e9nie Civil<\/h2>\n<p>[\/vc_column_text][\/vc_column][\/vc_row][vc_row row_type=\u00a0\u00bbrow\u00a0\u00bb use_row_as_full_screen_section=\u00a0\u00bbno\u00a0\u00bb type=\u00a0\u00bbfull_width\u00a0\u00bb angled_section=\u00a0\u00bbno\u00a0\u00bb text_align=\u00a0\u00bbleft\u00a0\u00bb background_image_as_pattern=\u00a0\u00bbwithout_pattern\u00a0\u00bb css_animation=\u00a0\u00bb\u00a0\u00bb][vc_column]<div class=\"projects_masonry_wrapper \"><div class=\"projects_masonry_holder portfolio_main_holder portfolio_masonry_gallery_with_space  gs5\"><div class=\"qode-portfolio-masonry-gallery-grid-sizer\"><\/div><div class=\"qode-portfolio-masonry-gallery-grid-gutter\"><\/div><article class='portfolio_masonry_item portfolio_category_20  default'><div class='image_holder'><a itemprop='url' class='portfolio_link_for_touch' href='https:\/\/geodronsl.com\/fr\/services\/topographie-et-genie-civil\/projets\/restitution-photogrammetrique-et-leve-topographique-aeroport-la-gomera\/' target='_self'><span class='image'><img loading=\"lazy\" decoding=\"async\" width=\"500\" height=\"500\" src=\"https:\/\/geodronsl.com\/wp-content\/uploads\/2017\/05\/Topograf\u00eda-y-obra-civil_Proyma_1-500x500.jpg\" class=\"attachment-portfolio_masonry_regular size-portfolio_masonry_regular wp-post-image\" alt=\"\" srcset=\"https:\/\/geodronsl.com\/wp-content\/uploads\/2017\/05\/Topograf\u00eda-y-obra-civil_Proyma_1-500x500.jpg 500w, https:\/\/geodronsl.com\/wp-content\/uploads\/2017\/05\/Topograf\u00eda-y-obra-civil_Proyma_1-150x150.jpg 150w, https:\/\/geodronsl.com\/wp-content\/uploads\/2017\/05\/Topograf\u00eda-y-obra-civil_Proyma_1-570x570.jpg 570w\" sizes=\"auto, (max-width: 500px) 100vw, 500px\" \/><\/span><\/a><span class='text_holder'><span class='text_outer'><span class='text_inner'><div class=\"hover_feature_holder_title\"><div class=\"hover_feature_holder_title_inner\"><h3 itemprop=\"name\" class=\"portfolio_title entry_title\"><a itemprop=\"url\" href=\"https:\/\/geodronsl.com\/fr\/services\/topographie-et-genie-civil\/projets\/restitution-photogrammetrique-et-leve-topographique-aeroport-la-gomera\/\"  target=\"_self\">Restitution photogramm\u00e9trique et lev\u00e9 topographique \u00abParedes &#8211; Alajer\u00f3 &#8211; A\u00e9roport de La Gomera\u00bb<\/a><\/h3><span class=\"project_category\" >Topographie et travaux de g\u00e9nie civil<\/span><\/div><\/div><span class='feature_holder'><span class=\"feature_holder_icons\"><a itemprop='url' class='preview qbutton small white' href='https:\/\/geodronsl.com\/fr\/services\/topographie-et-genie-civil\/projets\/restitution-photogrammetrique-et-leve-topographique-aeroport-la-gomera\/' target='_self'>vue<\/i><\/a><\/span><\/span><\/span><\/span><\/span><\/div><\/article><article class='portfolio_masonry_item portfolio_category_20  default'><div class='image_holder'><a itemprop='url' class='portfolio_link_for_touch' href='https:\/\/geodronsl.com\/fr\/services\/topographie-et-genie-civil\/projets\/observatoire-du-roque-muchachos\/' target='_self'><span class='image'><img loading=\"lazy\" decoding=\"async\" width=\"500\" height=\"500\" src=\"https:\/\/geodronsl.com\/wp-content\/uploads\/2017\/05\/Topograf\u00eda-y-obra-civil_Roque-de-los-Muchachos_2-500x500.jpg\" class=\"attachment-portfolio_masonry_regular size-portfolio_masonry_regular wp-post-image\" alt=\"\" srcset=\"https:\/\/geodronsl.com\/wp-content\/uploads\/2017\/05\/Topograf\u00eda-y-obra-civil_Roque-de-los-Muchachos_2-500x500.jpg 500w, https:\/\/geodronsl.com\/wp-content\/uploads\/2017\/05\/Topograf\u00eda-y-obra-civil_Roque-de-los-Muchachos_2-150x150.jpg 150w, https:\/\/geodronsl.com\/wp-content\/uploads\/2017\/05\/Topograf\u00eda-y-obra-civil_Roque-de-los-Muchachos_2-570x570.jpg 570w\" sizes=\"auto, (max-width: 500px) 100vw, 500px\" \/><\/span><\/a><span class='text_holder'><span class='text_outer'><span class='text_inner'><div class=\"hover_feature_holder_title\"><div class=\"hover_feature_holder_title_inner\"><h3 itemprop=\"name\" class=\"portfolio_title entry_title\"><a itemprop=\"url\" href=\"https:\/\/geodronsl.com\/fr\/services\/topographie-et-genie-civil\/projets\/observatoire-du-roque-muchachos\/\"  target=\"_self\">Vol photogramm\u00e9trique d\u2019un avion sans pilote &#8211; Observatoire du Roque de Los Muchachos<\/a><\/h3><span class=\"project_category\" >Topographie et travaux de g\u00e9nie civil<\/span><\/div><\/div><span class='feature_holder'><span class=\"feature_holder_icons\"><a itemprop='url' class='preview qbutton small white' href='https:\/\/geodronsl.com\/fr\/services\/topographie-et-genie-civil\/projets\/observatoire-du-roque-muchachos\/' target='_self'>vue<\/i><\/a><\/span><\/span><\/span><\/span><\/span><\/div><\/article><\/div><\/div>[\/vc_column][\/vc_row]<\/p>\n","protected":false},"excerpt":{"rendered":"<p>[vc_row row_type=\u00a0\u00bbrow\u00a0\u00bb use_row_as_full_screen_section=\u00a0\u00bbno\u00a0\u00bb type=\u00a0\u00bbfull_width\u00a0\u00bb angled_section=\u00a0\u00bbno\u00a0\u00bb text_align=\u00a0\u00bbleft\u00a0\u00bb background_image_as_pattern=\u00a0\u00bbwithout_pattern\u00a0\u00bb css_animation=\u00a0\u00bb\u00a0\u00bb][vc_column width=\u00a0\u00bb1\/2&Prime;][vc_column_text] Topographie et G\u00e9nie Civil [\/vc_column_text][vc_separator type=\u00a0\u00bbtransparent\u00a0\u00bb][vc_column_text]Nos ing\u00e9nieurs sont des sp\u00e9cialistes extr\u00eamement polyvalents dans l\u2019utilisation de cette technologie pour faire la repr\u00e9sentation pr\u00e9cise et d\u00e9taill\u00e9e d\u2019une infrastructure quelconque\u00a0: routes, voies ferr\u00e9es, lignes \u00e9lectriques\u2026 et r\u00e9alisent \u00e9galement la&#8230;<\/p>\n","protected":false},"author":5,"featured_media":0,"parent":0,"menu_order":0,"comment_status":"closed","ping_status":"closed","template":"","meta":{"footnotes":""},"class_list":["post-1091","page","type-page","status-publish","hentry"],"_links":{"self":[{"href":"https:\/\/geodronsl.com\/fr\/wp-json\/wp\/v2\/pages\/1091","targetHints":{"allow":["GET"]}}],"collection":[{"href":"https:\/\/geodronsl.com\/fr\/wp-json\/wp\/v2\/pages"}],"about":[{"href":"https:\/\/geodronsl.com\/fr\/wp-json\/wp\/v2\/types\/page"}],"author":[{"embeddable":true,"href":"https:\/\/geodronsl.com\/fr\/wp-json\/wp\/v2\/users\/5"}],"replies":[{"embeddable":true,"href":"https:\/\/geodronsl.com\/fr\/wp-json\/wp\/v2\/comments?post=1091"}],"version-history":[{"count":3,"href":"https:\/\/geodronsl.com\/fr\/wp-json\/wp\/v2\/pages\/1091\/revisions"}],"predecessor-version":[{"id":1291,"href":"https:\/\/geodronsl.com\/fr\/wp-json\/wp\/v2\/pages\/1091\/revisions\/1291"}],"wp:attachment":[{"href":"https:\/\/geodronsl.com\/fr\/wp-json\/wp\/v2\/media?parent=1091"}],"curies":[{"name":"wp","href":"https:\/\/api.w.org\/{rel}","templated":true}]}}