{"id":1079,"date":"2018-06-13T13:47:36","date_gmt":"2018-06-13T13:47:36","guid":{"rendered":"http:\/\/geodron.dev-smedialab.es\/lineas-electricas\/"},"modified":"2018-07-14T13:29:41","modified_gmt":"2018-07-14T13:29:41","slug":"lineas-electricas","status":"publish","type":"page","link":"https:\/\/geodronsl.com\/fr\/services\/controle-des-lignes-electriques\/","title":{"rendered":"Contr\u00f4le des lignes \u00e9lectriques avec des Drones et scanner laser"},"content":{"rendered":"<p>[vc_row row_type=\u00a0\u00bbrow\u00a0\u00bb use_row_as_full_screen_section=\u00a0\u00bbno\u00a0\u00bb type=\u00a0\u00bbfull_width\u00a0\u00bb angled_section=\u00a0\u00bbno\u00a0\u00bb text_align=\u00a0\u00bbleft\u00a0\u00bb background_image_as_pattern=\u00a0\u00bbwithout_pattern\u00a0\u00bb css_animation=\u00a0\u00bb\u00a0\u00bb][vc_column width=\u00a0\u00bb1\/2&Prime;][vc_column_text]<\/p>\n<h1>Contr\u00f4le des lignes \u00e9lectriques avec des Drones et scanner laser<\/h1>\n<p>[\/vc_column_text][vc_separator type=\u00a0\u00bbtransparent\u00a0\u00bb][vc_column_text]Nous r\u00e9alisons des t\u00e2ches de surveillance et d\u2019inspection d\u2019infrastructures au moyen d\u2019avions sans pilote, munis de cam\u00e9ras thermographiques et de tr\u00e8s haute r\u00e9solution afin de pouvoir voler tr\u00e8s pr\u00e8s des c\u00e2bles sans aucun risque humain, tout en r\u00e9duisant les co\u00fbts \u00e9conomiques et en permettant de d\u00e9tecter et de pr\u00e9venir tout probl\u00e8me sur la ligne et en fournissant des renseignements pr\u00e9cis pour l\u2019\u00e9valuation des raisons d\u2019un mauvais fonctionnement des lignes. Le scanner laser et LIDAR (terrestre et a\u00e9rien) sont les compl\u00e9ments parfaits pour une mesure exacte de tous les \u00e9l\u00e9ments d\u2019un r\u00e9seau.[\/vc_column_text][vc_separator type=\u00a0\u00bbtransparent\u00a0\u00bb][vc_column_text]<\/p>\n<h2>Cam\u00e9ras thermographiques pour le suivi de lignes \u00e9lectriques<\/h2>\n<p>[\/vc_column_text][vc_column_text]Les cam\u00e9ras thermiques peuvent \u00e9galement \u00eatre appliqu\u00e9es dans le contr\u00f4le d\u2019usines solaires et thermosolaires en analysant toutes les donn\u00e9es obtenues pour g\u00e9rer une grande quantit\u00e9 d\u2019information et pouvoir r\u00e9aliser un entretien pr\u00e9ventif et correctif et calculer les co\u00fbts de production en cas de mauvais fonctionnement, ainsi qu\u2019\u00e9valuer les \u00e9ventuelles r\u00e9parations.[\/vc_column_text][vc_separator type=\u00a0\u00bbtransparent\u00a0\u00bb][vc_column_text el_class=\u00a0\u00bbdiv-Custom-List\u00a0\u00bb]<\/p>\n<ul>\n<li>\u00c9oliennes<\/li>\n<li>Lignes \u00e0 haute et \u00e0 moyenne tension<\/li>\n<li>Ol\u00e9oducs<\/li>\n<li>Gazoducs<\/li>\n<li>Chemins de fer<\/li>\n<li>Installations solaires<\/li>\n<\/ul>\n<p>[\/vc_column_text][\/vc_column][vc_column width=\u00a0\u00bb1\/2&Prime; css=\u00a0\u00bb.vc_custom_1489669027146{padding-right: 0px !important;padding-left: 0px !important;}\u00a0\u00bb el_class=\u00a0\u00bbelement_from_right element_from_right_on\u00a0\u00bb][vc_column_text]<img loading=\"lazy\" decoding=\"async\" class=\"alignnone wp-image-1182 size-full\" title=\"controle des lignes electriques avec des drones et scanner laser\" src=\"https:\/\/geodronsl.com\/wp-content\/uploads\/2018\/07\/controle-des-lignes-electriques-avec-des-drones-et-scanner-laser.jpg\" alt=\"cameras thermographiques pour le suivi de lignes electriques\" width=\"535\" height=\"689\" srcset=\"https:\/\/geodronsl.com\/wp-content\/uploads\/2018\/07\/controle-des-lignes-electriques-avec-des-drones-et-scanner-laser.jpg 535w, https:\/\/geodronsl.com\/wp-content\/uploads\/2018\/07\/controle-des-lignes-electriques-avec-des-drones-et-scanner-laser-233x300.jpg 233w\" sizes=\"auto, (max-width: 535px) 100vw, 535px\" \/>[\/vc_column_text][\/vc_column][\/vc_row][vc_row row_type=\u00a0\u00bbrow\u00a0\u00bb use_row_as_full_screen_section=\u00a0\u00bbno\u00a0\u00bb type=\u00a0\u00bbfull_width\u00a0\u00bb angled_section=\u00a0\u00bbno\u00a0\u00bb text_align=\u00a0\u00bbleft\u00a0\u00bb background_image_as_pattern=\u00a0\u00bbwithout_pattern\u00a0\u00bb css_animation=\u00a0\u00bb\u00a0\u00bb][vc_column][vc_separator type=\u00a0\u00bbnormal\u00a0\u00bb up=\u00a0\u00bb20px\u00a0\u00bb][\/vc_column][\/vc_row][vc_row row_type=\u00a0\u00bbrow\u00a0\u00bb use_row_as_full_screen_section=\u00a0\u00bbno\u00a0\u00bb type=\u00a0\u00bbfull_width\u00a0\u00bb angled_section=\u00a0\u00bbno\u00a0\u00bb text_align=\u00a0\u00bbleft\u00a0\u00bb background_image_as_pattern=\u00a0\u00bbwithout_pattern\u00a0\u00bb css_animation=\u00a0\u00bb\u00a0\u00bb el_id=\u00a0\u00bbproyectos\u00a0\u00bb][vc_column][vc_column_text]<\/p>\n<h2>Projets de contr\u00f4le de ligne \u00e9lectrique<\/h2>\n<p>[\/vc_column_text][\/vc_column][\/vc_row][vc_row row_type=\u00a0\u00bbrow\u00a0\u00bb use_row_as_full_screen_section=\u00a0\u00bbno\u00a0\u00bb type=\u00a0\u00bbfull_width\u00a0\u00bb angled_section=\u00a0\u00bbno\u00a0\u00bb text_align=\u00a0\u00bbleft\u00a0\u00bb background_image_as_pattern=\u00a0\u00bbwithout_pattern\u00a0\u00bb css_animation=\u00a0\u00bb\u00a0\u00bb][vc_column]<div class=\"projects_masonry_wrapper \"><div class=\"projects_masonry_holder portfolio_main_holder portfolio_masonry_gallery_with_space  gs5\"><div class=\"qode-portfolio-masonry-gallery-grid-sizer\"><\/div><div class=\"qode-portfolio-masonry-gallery-grid-gutter\"><\/div><article class='portfolio_masonry_item portfolio_category_25  default'><div class='image_holder'><a itemprop='url' class='portfolio_link_for_touch' href='https:\/\/geodronsl.com\/fr\/services\/controle-des-lignes-electriques\/projets\/parc-eolien-bermejo-abote\/' target='_self'><span class='image'><img loading=\"lazy\" decoding=\"async\" width=\"500\" height=\"500\" src=\"https:\/\/geodronsl.com\/wp-content\/uploads\/2017\/05\/L\u00cdNEAS_EL\u00c9CTRICAS-500x500.jpg\" class=\"attachment-portfolio_masonry_regular size-portfolio_masonry_regular wp-post-image\" alt=\"\" srcset=\"https:\/\/geodronsl.com\/wp-content\/uploads\/2017\/05\/L\u00cdNEAS_EL\u00c9CTRICAS-500x500.jpg 500w, https:\/\/geodronsl.com\/wp-content\/uploads\/2017\/05\/L\u00cdNEAS_EL\u00c9CTRICAS-150x150.jpg 150w, https:\/\/geodronsl.com\/wp-content\/uploads\/2017\/05\/L\u00cdNEAS_EL\u00c9CTRICAS-570x570.jpg 570w\" sizes=\"auto, (max-width: 500px) 100vw, 500px\" \/><\/span><\/a><span class='text_holder'><span class='text_outer'><span class='text_inner'><div class=\"hover_feature_holder_title\"><div class=\"hover_feature_holder_title_inner\"><h3 itemprop=\"name\" class=\"portfolio_title entry_title\"><a itemprop=\"url\" href=\"https:\/\/geodronsl.com\/fr\/services\/controle-des-lignes-electriques\/projets\/parc-eolien-bermejo-abote\/\"  target=\"_self\">Lev\u00e9 topographique par photogramm\u00e9trie a\u00e9rienne &#8211; Parc \u00e9olien Bermejo-Abote<\/a><\/h3><span class=\"project_category\" >Lignes \u00e9lectriques<\/span><\/div><\/div><span class='feature_holder'><span class=\"feature_holder_icons\"><a itemprop='url' class='preview qbutton small white' href='https:\/\/geodronsl.com\/fr\/services\/controle-des-lignes-electriques\/projets\/parc-eolien-bermejo-abote\/' target='_self'>vue<\/i><\/a><\/span><\/span><\/span><\/span><\/span><\/div><\/article><\/div><\/div>[\/vc_column][\/vc_row]<\/p>\n","protected":false},"excerpt":{"rendered":"<p>[vc_row row_type=\u00a0\u00bbrow\u00a0\u00bb use_row_as_full_screen_section=\u00a0\u00bbno\u00a0\u00bb type=\u00a0\u00bbfull_width\u00a0\u00bb angled_section=\u00a0\u00bbno\u00a0\u00bb text_align=\u00a0\u00bbleft\u00a0\u00bb background_image_as_pattern=\u00a0\u00bbwithout_pattern\u00a0\u00bb css_animation=\u00a0\u00bb\u00a0\u00bb][vc_column width=\u00a0\u00bb1\/2&Prime;][vc_column_text] Contr\u00f4le des lignes \u00e9lectriques avec des Drones et scanner laser [\/vc_column_text][vc_separator type=\u00a0\u00bbtransparent\u00a0\u00bb][vc_column_text]Nous r\u00e9alisons des t\u00e2ches de surveillance et d\u2019inspection d\u2019infrastructures au moyen d\u2019avions sans pilote, munis de cam\u00e9ras thermographiques et de tr\u00e8s haute r\u00e9solution afin de&#8230;<\/p>\n","protected":false},"author":5,"featured_media":0,"parent":0,"menu_order":0,"comment_status":"closed","ping_status":"closed","template":"","meta":{"footnotes":""},"class_list":["post-1079","page","type-page","status-publish","hentry"],"_links":{"self":[{"href":"https:\/\/geodronsl.com\/fr\/wp-json\/wp\/v2\/pages\/1079","targetHints":{"allow":["GET"]}}],"collection":[{"href":"https:\/\/geodronsl.com\/fr\/wp-json\/wp\/v2\/pages"}],"about":[{"href":"https:\/\/geodronsl.com\/fr\/wp-json\/wp\/v2\/types\/page"}],"author":[{"embeddable":true,"href":"https:\/\/geodronsl.com\/fr\/wp-json\/wp\/v2\/users\/5"}],"replies":[{"embeddable":true,"href":"https:\/\/geodronsl.com\/fr\/wp-json\/wp\/v2\/comments?post=1079"}],"version-history":[{"count":3,"href":"https:\/\/geodronsl.com\/fr\/wp-json\/wp\/v2\/pages\/1079\/revisions"}],"predecessor-version":[{"id":1185,"href":"https:\/\/geodronsl.com\/fr\/wp-json\/wp\/v2\/pages\/1079\/revisions\/1185"}],"wp:attachment":[{"href":"https:\/\/geodronsl.com\/fr\/wp-json\/wp\/v2\/media?parent=1079"}],"curies":[{"name":"wp","href":"https:\/\/api.w.org\/{rel}","templated":true}]}}