{"id":1069,"date":"2018-06-13T14:49:32","date_gmt":"2018-06-13T14:49:32","guid":{"rendered":"http:\/\/geodron.dev-smedialab.es\/mineria-canteras\/"},"modified":"2018-07-14T13:23:00","modified_gmt":"2018-07-14T13:23:00","slug":"mineria-canteras","status":"publish","type":"page","link":"https:\/\/geodronsl.com\/fr\/services\/topographie-de-mines-et-de-carrieres\/","title":{"rendered":"Topographie de mines et de carri\u00e8res au moyen de Drones et de scanner laser"},"content":{"rendered":"<p>[vc_row row_type=\u00a0\u00bbrow\u00a0\u00bb use_row_as_full_screen_section=\u00a0\u00bbno\u00a0\u00bb type=\u00a0\u00bbfull_width\u00a0\u00bb angled_section=\u00a0\u00bbno\u00a0\u00bb text_align=\u00a0\u00bbleft\u00a0\u00bb background_image_as_pattern=\u00a0\u00bbwithout_pattern\u00a0\u00bb css_animation=\u00a0\u00bb\u00a0\u00bb][vc_column width=\u00a0\u00bb1\/2&Prime;][vc_column_text]<img loading=\"lazy\" decoding=\"async\" class=\"alignnone wp-image-1297 size-full\" title=\"topographie de mines et de carri\u00e8res au moyen de drones et de scanner laser\" src=\"https:\/\/geodronsl.com\/wp-content\/uploads\/2018\/07\/topographie-de-mines-et-de-carri\u00e8res-au-moyen-de-drones-et-de-scanner-laser.jpg\" alt=\"avantages de l\u2019utilisation de drones dans des mines et des carri\u00e8res\" width=\"500\" height=\"500\" srcset=\"https:\/\/geodronsl.com\/wp-content\/uploads\/2018\/07\/topographie-de-mines-et-de-carri\u00e8res-au-moyen-de-drones-et-de-scanner-laser.jpg 500w, https:\/\/geodronsl.com\/wp-content\/uploads\/2018\/07\/topographie-de-mines-et-de-carri\u00e8res-au-moyen-de-drones-et-de-scanner-laser-150x150.jpg 150w, https:\/\/geodronsl.com\/wp-content\/uploads\/2018\/07\/topographie-de-mines-et-de-carri\u00e8res-au-moyen-de-drones-et-de-scanner-laser-300x300.jpg 300w\" sizes=\"auto, (max-width: 500px) 100vw, 500px\" \/>[\/vc_column_text][\/vc_column][vc_column width=\u00a0\u00bb1\/2&Prime;][vc_column_text]<\/p>\n<h1>Topographie de mines et de carri\u00e8res au moyen de Drones et de scanner laser<\/h1>\n<p>[\/vc_column_text][vc_separator type=\u00a0\u00bbtransparent\u00a0\u00bb][vc_column_text]La topographie d\u2019une mine \u00e0 ciel ouvert peut \u00eatre une t\u00e2che dangereuse. Compte tenu des normes de s\u00e9curit\u00e9 et des sanctions existantes, certaines soci\u00e9t\u00e9s refusent de permettre \u00e0 l\u2019ing\u00e9nieur en topographie d\u2019approcher les zones critiques. Il est n\u00e9cessaire de trouver une fa\u00e7on d\u2019effectuer des mesures rapides et pr\u00e9cises, avec le moindre risque pour la sant\u00e9 et pour la s\u00e9curit\u00e9.[\/vc_column_text][vc_separator type=\u00a0\u00bbtransparent\u00a0\u00bb][vc_column_text]\u00a0\u00bbLa meilleure solution, et la plus efficace, vient de l\u2019air.\u00a0\u00bb[\/vc_column_text][vc_separator type=\u00a0\u00bbtransparent\u00a0\u00bb][vc_column_text]<\/p>\n<h2>Avantages de l&rsquo;utilisation de drones dans des mines et des carri\u00e8res<\/h2>\n<p>[\/vc_column_text][vc_column_text]L\u2019un des grands avantages de l\u2019utilisation des avions sans pilote de GEODRON est que, contrairement aux mesures topographiques traditionnelles, le travail ne se fait pas sur place et n\u2019interf\u00e8re donc pas dans le processus minier, ce qui garantit une s\u00e9curit\u00e9 optimale pour les topographes. Cette m\u00e9thode de travail permet de travailler de fa\u00e7on s\u00fbre et sans risque de l\u00e9sion comme cons\u00e9quence de terrains dangereux, de polluants environnementaux ou de machines dangereuses.[\/vc_column_text][\/vc_column][\/vc_row][vc_row row_type=\u00a0\u00bbrow\u00a0\u00bb use_row_as_full_screen_section=\u00a0\u00bbno\u00a0\u00bb type=\u00a0\u00bbfull_width\u00a0\u00bb angled_section=\u00a0\u00bbno\u00a0\u00bb text_align=\u00a0\u00bbleft\u00a0\u00bb background_image_as_pattern=\u00a0\u00bbwithout_pattern\u00a0\u00bb css_animation=\u00a0\u00bb\u00a0\u00bb][vc_column][vc_separator type=\u00a0\u00bbnormal\u00a0\u00bb up=\u00a0\u00bb20px\u00a0\u00bb][\/vc_column][\/vc_row][vc_row row_type=\u00a0\u00bbrow\u00a0\u00bb use_row_as_full_screen_section=\u00a0\u00bbno\u00a0\u00bb type=\u00a0\u00bbfull_width\u00a0\u00bb angled_section=\u00a0\u00bbno\u00a0\u00bb text_align=\u00a0\u00bbleft\u00a0\u00bb background_image_as_pattern=\u00a0\u00bbwithout_pattern\u00a0\u00bb css_animation=\u00a0\u00bb\u00a0\u00bb el_id=\u00a0\u00bbproyectos\u00a0\u00bb][vc_column][vc_column_text]<\/p>\n<h2>Projets r\u00e9alis\u00e9s de Topographie dans les mines et les carri\u00e8res<\/h2>\n<p>[\/vc_column_text][\/vc_column][\/vc_row][vc_row row_type=\u00a0\u00bbrow\u00a0\u00bb use_row_as_full_screen_section=\u00a0\u00bbno\u00a0\u00bb type=\u00a0\u00bbfull_width\u00a0\u00bb angled_section=\u00a0\u00bbno\u00a0\u00bb text_align=\u00a0\u00bbleft\u00a0\u00bb background_image_as_pattern=\u00a0\u00bbwithout_pattern\u00a0\u00bb css_animation=\u00a0\u00bb\u00a0\u00bb][vc_column]<div class=\"projects_masonry_wrapper \"><div class=\"projects_masonry_holder portfolio_main_holder portfolio_masonry_gallery_with_space  gs5\"><div class=\"qode-portfolio-masonry-gallery-grid-sizer\"><\/div><div class=\"qode-portfolio-masonry-gallery-grid-gutter\"><\/div><article class='portfolio_masonry_item portfolio_category_22  default'><div class='image_holder'><a itemprop='url' class='portfolio_link_for_touch' href='https:\/\/geodronsl.com\/fr\/services\/topographie-de-mines-et-de-carrieres\/projets\/leve-topographique-par-photogrammetrie-aeriennecarriere-el-rio\/' target='_self'><span class='image'><img loading=\"lazy\" decoding=\"async\" width=\"500\" height=\"500\" src=\"https:\/\/geodronsl.com\/wp-content\/uploads\/2017\/05\/MINER\u00cdA-DE-CANTERA_CANTERA-EL-R\u00cdO-TENO-INGENIEROS-2-500x500.jpg\" class=\"attachment-portfolio_masonry_regular size-portfolio_masonry_regular wp-post-image\" alt=\"\" srcset=\"https:\/\/geodronsl.com\/wp-content\/uploads\/2017\/05\/MINER\u00cdA-DE-CANTERA_CANTERA-EL-R\u00cdO-TENO-INGENIEROS-2-500x500.jpg 500w, https:\/\/geodronsl.com\/wp-content\/uploads\/2017\/05\/MINER\u00cdA-DE-CANTERA_CANTERA-EL-R\u00cdO-TENO-INGENIEROS-2-150x150.jpg 150w, https:\/\/geodronsl.com\/wp-content\/uploads\/2017\/05\/MINER\u00cdA-DE-CANTERA_CANTERA-EL-R\u00cdO-TENO-INGENIEROS-2-570x570.jpg 570w\" sizes=\"auto, (max-width: 500px) 100vw, 500px\" \/><\/span><\/a><span class='text_holder'><span class='text_outer'><span class='text_inner'><div class=\"hover_feature_holder_title\"><div class=\"hover_feature_holder_title_inner\"><h3 itemprop=\"name\" class=\"portfolio_title entry_title\"><a itemprop=\"url\" href=\"https:\/\/geodronsl.com\/fr\/services\/topographie-de-mines-et-de-carrieres\/projets\/leve-topographique-par-photogrammetrie-aeriennecarriere-el-rio\/\"  target=\"_self\">Lev\u00e9 topographique par photogramm\u00e9trie a\u00e9rienne &#8211; Carri\u00e8re El R\u00edo<\/a><\/h3><span class=\"project_category\" >Extraction mini\u00e8re et carri\u00e8res<\/span><\/div><\/div><span class='feature_holder'><span class=\"feature_holder_icons\"><a itemprop='url' class='preview qbutton small white' href='https:\/\/geodronsl.com\/fr\/services\/topographie-de-mines-et-de-carrieres\/projets\/leve-topographique-par-photogrammetrie-aeriennecarriere-el-rio\/' target='_self'>vue<\/i><\/a><\/span><\/span><\/span><\/span><\/span><\/div><\/article><article class='portfolio_masonry_item portfolio_category_22  default'><div class='image_holder'><a itemprop='url' class='portfolio_link_for_touch' href='https:\/\/geodronsl.com\/fr\/services\/topographie-de-mines-et-de-carrieres\/projets\/port-granadilla\/' target='_self'><span class='image'><img loading=\"lazy\" decoding=\"async\" width=\"500\" height=\"500\" src=\"https:\/\/geodronsl.com\/wp-content\/uploads\/2017\/05\/MINER\u00cdA-DE-CANTERAS_EXTRACCI\u00d3N-DE-\u00c1RIDOS-PUERTO-DE-GRANADILLA-TENERIFE-500x500.jpg\" class=\"attachment-portfolio_masonry_regular size-portfolio_masonry_regular wp-post-image\" alt=\"\" srcset=\"https:\/\/geodronsl.com\/wp-content\/uploads\/2017\/05\/MINER\u00cdA-DE-CANTERAS_EXTRACCI\u00d3N-DE-\u00c1RIDOS-PUERTO-DE-GRANADILLA-TENERIFE-500x500.jpg 500w, https:\/\/geodronsl.com\/wp-content\/uploads\/2017\/05\/MINER\u00cdA-DE-CANTERAS_EXTRACCI\u00d3N-DE-\u00c1RIDOS-PUERTO-DE-GRANADILLA-TENERIFE-150x150.jpg 150w, https:\/\/geodronsl.com\/wp-content\/uploads\/2017\/05\/MINER\u00cdA-DE-CANTERAS_EXTRACCI\u00d3N-DE-\u00c1RIDOS-PUERTO-DE-GRANADILLA-TENERIFE-570x570.jpg 570w\" sizes=\"auto, (max-width: 500px) 100vw, 500px\" \/><\/span><\/a><span class='text_holder'><span class='text_outer'><span class='text_inner'><div class=\"hover_feature_holder_title\"><div class=\"hover_feature_holder_title_inner\"><h3 itemprop=\"name\" class=\"portfolio_title entry_title\"><a itemprop=\"url\" href=\"https:\/\/geodronsl.com\/fr\/services\/topographie-de-mines-et-de-carrieres\/projets\/port-granadilla\/\"  target=\"_self\">Lev\u00e9 topographique du mouvement de terres &#8211; Port de Granadilla<\/a><\/h3><span class=\"project_category\" >Extraction mini\u00e8re et carri\u00e8res<\/span><\/div><\/div><span class='feature_holder'><span class=\"feature_holder_icons\"><a itemprop='url' class='preview qbutton small white' href='https:\/\/geodronsl.com\/fr\/services\/topographie-de-mines-et-de-carrieres\/projets\/port-granadilla\/' target='_self'>vue<\/i><\/a><\/span><\/span><\/span><\/span><\/span><\/div><\/article><\/div><\/div>[\/vc_column][\/vc_row]<\/p>\n","protected":false},"excerpt":{"rendered":"<p>[vc_row row_type=\u00a0\u00bbrow\u00a0\u00bb use_row_as_full_screen_section=\u00a0\u00bbno\u00a0\u00bb type=\u00a0\u00bbfull_width\u00a0\u00bb angled_section=\u00a0\u00bbno\u00a0\u00bb text_align=\u00a0\u00bbleft\u00a0\u00bb background_image_as_pattern=\u00a0\u00bbwithout_pattern\u00a0\u00bb css_animation=\u00a0\u00bb\u00a0\u00bb][vc_column width=\u00a0\u00bb1\/2&Prime;][vc_column_text][\/vc_column_text][\/vc_column][vc_column width=\u00a0\u00bb1\/2&Prime;][vc_column_text] Topographie de mines et de carri\u00e8res au moyen de Drones et de scanner laser [\/vc_column_text][vc_separator type=\u00a0\u00bbtransparent\u00a0\u00bb][vc_column_text]La topographie d\u2019une mine \u00e0 ciel ouvert peut \u00eatre une t\u00e2che dangereuse. Compte tenu des normes de s\u00e9curit\u00e9 et des&#8230;<\/p>\n","protected":false},"author":5,"featured_media":0,"parent":0,"menu_order":0,"comment_status":"closed","ping_status":"closed","template":"","meta":{"footnotes":""},"class_list":["post-1069","page","type-page","status-publish","hentry"],"_links":{"self":[{"href":"https:\/\/geodronsl.com\/fr\/wp-json\/wp\/v2\/pages\/1069","targetHints":{"allow":["GET"]}}],"collection":[{"href":"https:\/\/geodronsl.com\/fr\/wp-json\/wp\/v2\/pages"}],"about":[{"href":"https:\/\/geodronsl.com\/fr\/wp-json\/wp\/v2\/types\/page"}],"author":[{"embeddable":true,"href":"https:\/\/geodronsl.com\/fr\/wp-json\/wp\/v2\/users\/5"}],"replies":[{"embeddable":true,"href":"https:\/\/geodronsl.com\/fr\/wp-json\/wp\/v2\/comments?post=1069"}],"version-history":[{"count":3,"href":"https:\/\/geodronsl.com\/fr\/wp-json\/wp\/v2\/pages\/1069\/revisions"}],"predecessor-version":[{"id":1300,"href":"https:\/\/geodronsl.com\/fr\/wp-json\/wp\/v2\/pages\/1069\/revisions\/1300"}],"wp:attachment":[{"href":"https:\/\/geodronsl.com\/fr\/wp-json\/wp\/v2\/media?parent=1069"}],"curies":[{"name":"wp","href":"https:\/\/api.w.org\/{rel}","templated":true}]}}