{"id":1057,"date":"2018-06-13T14:56:21","date_gmt":"2018-06-13T14:56:21","guid":{"rendered":"http:\/\/geodron.dev-smedialab.es\/ordenacion-territorio\/"},"modified":"2018-07-14T13:33:03","modified_gmt":"2018-07-14T13:33:03","slug":"ordenacion-territorio","status":"publish","type":"page","link":"https:\/\/geodronsl.com\/fr\/services\/amenagement-du-territoire-avec-des-drones\/","title":{"rendered":"Ordenamiento territorial con Drones &#8211; UAV"},"content":{"rendered":"<p>[vc_row row_type=\u00a0\u00bbrow\u00a0\u00bb use_row_as_full_screen_section=\u00a0\u00bbno\u00a0\u00bb type=\u00a0\u00bbfull_width\u00a0\u00bb angled_section=\u00a0\u00bbno\u00a0\u00bb text_align=\u00a0\u00bbleft\u00a0\u00bb background_image_as_pattern=\u00a0\u00bbwithout_pattern\u00a0\u00bb css_animation=\u00a0\u00bb\u00a0\u00bb][vc_column width=\u00a0\u00bb1\/2&Prime;][vc_column_text]<img loading=\"lazy\" decoding=\"async\" class=\"alignnone wp-image-1233 size-full\" title=\"am\u00e9nagement du territoire avec des drones\" src=\"https:\/\/geodronsl.com\/wp-content\/uploads\/2018\/07\/amenagement-du-territoire-avec-des-drones.jpg\" alt=\"am\u00e9nagement du territoire avec des drones\" width=\"500\" height=\"500\" srcset=\"https:\/\/geodronsl.com\/wp-content\/uploads\/2018\/07\/amenagement-du-territoire-avec-des-drones.jpg 500w, https:\/\/geodronsl.com\/wp-content\/uploads\/2018\/07\/amenagement-du-territoire-avec-des-drones-150x150.jpg 150w, https:\/\/geodronsl.com\/wp-content\/uploads\/2018\/07\/amenagement-du-territoire-avec-des-drones-300x300.jpg 300w\" sizes=\"auto, (max-width: 500px) 100vw, 500px\" \/>[\/vc_column_text][\/vc_column][vc_column width=\u00a0\u00bb1\/2&Prime;][vc_column_text]<\/p>\n<h1>Am\u00e9nagement du territoire avec des Drones<\/h1>\n<p>[\/vc_column_text][vc_separator type=\u00a0\u00bbtransparent\u00a0\u00bb][vc_column_text]Des projets int\u00e9graux de r\u00e9g\u00e9n\u00e9ration des espaces urbains, des \u00e9valuations environnementales, des \u00e9tudes de transport, de trafic et de mobilit\u00e9\u2026il s\u2019agit de projets auxquels GEODRON peut apporter des donn\u00e9es efficaces pour pouvoir les mener \u00e0 bien avec pr\u00e9cision et avec succ\u00e8s. Gr\u00e2ce aux donn\u00e9es saisies avec les UAV, qui sont trait\u00e9es correctement au moyen de logiciels de SIG (Syst\u00e8me d\u2019Information G\u00e9ographique), il est possible d\u2019offrir des solutions durables \u00e0 des probl\u00e8mes territoriales.[\/vc_column_text][vc_separator type=\u00a0\u00bbtransparent\u00a0\u00bb][vc_column_text]\u00a0\u00bbLa raison fondamentale pour utiliser un SIG est la gestion de l\u2019information spatiale\u00a0\u00bb[\/vc_column_text][\/vc_column][\/vc_row][vc_row row_type=\u00a0\u00bbrow\u00a0\u00bb use_row_as_full_screen_section=\u00a0\u00bbno\u00a0\u00bb type=\u00a0\u00bbfull_width\u00a0\u00bb angled_section=\u00a0\u00bbno\u00a0\u00bb text_align=\u00a0\u00bbleft\u00a0\u00bb background_image_as_pattern=\u00a0\u00bbwithout_pattern\u00a0\u00bb css_animation=\u00a0\u00bb\u00a0\u00bb][vc_column][vc_separator type=\u00a0\u00bbnormal\u00a0\u00bb up=\u00a0\u00bb20px\u00a0\u00bb][\/vc_column][\/vc_row][vc_row row_type=\u00a0\u00bbrow\u00a0\u00bb use_row_as_full_screen_section=\u00a0\u00bbno\u00a0\u00bb type=\u00a0\u00bbfull_width\u00a0\u00bb angled_section=\u00a0\u00bbno\u00a0\u00bb text_align=\u00a0\u00bbleft\u00a0\u00bb background_image_as_pattern=\u00a0\u00bbwithout_pattern\u00a0\u00bb css_animation=\u00a0\u00bb\u00a0\u00bb el_id=\u00a0\u00bbproyectos\u00a0\u00bb][vc_column][vc_column_text]<\/p>\n<h2>Projets de planification territoriale avec drones<\/h2>\n<p>[\/vc_column_text][\/vc_column][\/vc_row][vc_row row_type=\u00a0\u00bbrow\u00a0\u00bb use_row_as_full_screen_section=\u00a0\u00bbno\u00a0\u00bb type=\u00a0\u00bbfull_width\u00a0\u00bb angled_section=\u00a0\u00bbno\u00a0\u00bb text_align=\u00a0\u00bbleft\u00a0\u00bb background_image_as_pattern=\u00a0\u00bbwithout_pattern\u00a0\u00bb css_animation=\u00a0\u00bb\u00a0\u00bb][vc_column]<div class=\"projects_masonry_wrapper \"><div class=\"projects_masonry_holder portfolio_main_holder portfolio_masonry_gallery_with_space  gs5\"><div class=\"qode-portfolio-masonry-gallery-grid-sizer\"><\/div><div class=\"qode-portfolio-masonry-gallery-grid-gutter\"><\/div><article class='portfolio_masonry_item portfolio_category_24  default'><div class='image_holder'><a itemprop='url' class='portfolio_link_for_touch' href='https:\/\/geodronsl.com\/fr\/services\/amenagement-du-territoire-avec-des-drones\/projets\/port-de-morrojable\/' target='_self'><span class='image'><img loading=\"lazy\" decoding=\"async\" width=\"500\" height=\"500\" src=\"https:\/\/geodronsl.com\/wp-content\/uploads\/2017\/05\/BATIMETR\u00cdA-TOPOGR\u00c1FICO-MORROJABLE-500x500.jpg\" class=\"attachment-portfolio_masonry_regular size-portfolio_masonry_regular wp-post-image\" alt=\"\" srcset=\"https:\/\/geodronsl.com\/wp-content\/uploads\/2017\/05\/BATIMETR\u00cdA-TOPOGR\u00c1FICO-MORROJABLE-500x500.jpg 500w, https:\/\/geodronsl.com\/wp-content\/uploads\/2017\/05\/BATIMETR\u00cdA-TOPOGR\u00c1FICO-MORROJABLE-150x150.jpg 150w, https:\/\/geodronsl.com\/wp-content\/uploads\/2017\/05\/BATIMETR\u00cdA-TOPOGR\u00c1FICO-MORROJABLE-570x570.jpg 570w\" sizes=\"auto, (max-width: 500px) 100vw, 500px\" \/><\/span><\/a><span class='text_holder'><span class='text_outer'><span class='text_inner'><div class=\"hover_feature_holder_title\"><div class=\"hover_feature_holder_title_inner\"><h3 itemprop=\"name\" class=\"portfolio_title entry_title\"><a itemprop=\"url\" href=\"https:\/\/geodronsl.com\/fr\/services\/amenagement-du-territoire-avec-des-drones\/projets\/port-de-morrojable\/\"  target=\"_self\">L\u2019\u00e9tude topo-bathym\u00e9trique et de l\u2019inspection sous-marine &#8211; Port de Morro Jable<\/a><\/h3><span class=\"project_category\" >SIG, Am\u00e9nagement du territoire<\/span><\/div><\/div><span class='feature_holder'><span class=\"feature_holder_icons\"><a itemprop='url' class='preview qbutton small white' href='https:\/\/geodronsl.com\/fr\/services\/amenagement-du-territoire-avec-des-drones\/projets\/port-de-morrojable\/' target='_self'>vue<\/i><\/a><\/span><\/span><\/span><\/span><\/span><\/div><\/article><article class='portfolio_masonry_item portfolio_category_24  default'><div class='image_holder'><a itemprop='url' class='portfolio_link_for_touch' href='https:\/\/geodronsl.com\/fr\/services\/amenagement-du-territoire-avec-des-drones\/projets\/p-i-r-s\/' target='_self'><span class='image'><img loading=\"lazy\" decoding=\"async\" width=\"500\" height=\"500\" src=\"https:\/\/geodronsl.com\/wp-content\/uploads\/2017\/05\/P.I.R.S-CONTROL-SELLADO-CELDA-4-TENERIFE-FINAL-500x500.jpg\" class=\"attachment-portfolio_masonry_regular size-portfolio_masonry_regular wp-post-image\" alt=\"\" srcset=\"https:\/\/geodronsl.com\/wp-content\/uploads\/2017\/05\/P.I.R.S-CONTROL-SELLADO-CELDA-4-TENERIFE-FINAL-500x500.jpg 500w, https:\/\/geodronsl.com\/wp-content\/uploads\/2017\/05\/P.I.R.S-CONTROL-SELLADO-CELDA-4-TENERIFE-FINAL-150x150.jpg 150w, https:\/\/geodronsl.com\/wp-content\/uploads\/2017\/05\/P.I.R.S-CONTROL-SELLADO-CELDA-4-TENERIFE-FINAL-570x570.jpg 570w\" sizes=\"auto, (max-width: 500px) 100vw, 500px\" \/><\/span><\/a><span class='text_holder'><span class='text_outer'><span class='text_inner'><div class=\"hover_feature_holder_title\"><div class=\"hover_feature_holder_title_inner\"><h3 itemprop=\"name\" class=\"portfolio_title entry_title\"><a itemprop=\"url\" href=\"https:\/\/geodronsl.com\/fr\/services\/amenagement-du-territoire-avec-des-drones\/projets\/p-i-r-s\/\"  target=\"_self\">Lev\u00e9 topographique &#8211; Plan Insulaire de D\u00e9chets Solides (P.I.R.S)<\/a><\/h3><span class=\"project_category\" >SIG, Am\u00e9nagement du territoire<\/span><\/div><\/div><span class='feature_holder'><span class=\"feature_holder_icons\"><a itemprop='url' class='preview qbutton small white' href='https:\/\/geodronsl.com\/fr\/services\/amenagement-du-territoire-avec-des-drones\/projets\/p-i-r-s\/' target='_self'>vue<\/i><\/a><\/span><\/span><\/span><\/span><\/span><\/div><\/article><article class='portfolio_masonry_item portfolio_category_24  default'><div class='image_holder'><a itemprop='url' class='portfolio_link_for_touch' href='https:\/\/geodronsl.com\/fr\/services\/amenagement-du-territoire-avec-des-drones\/projets\/central-hydroelectrique-san-gaban-peru\/' target='_self'><span class='image'><img loading=\"lazy\" decoding=\"async\" width=\"500\" height=\"500\" src=\"https:\/\/geodronsl.com\/wp-content\/uploads\/2017\/05\/CONJUNTO-CASAHUIRI-500x500.jpg\" class=\"attachment-portfolio_masonry_regular size-portfolio_masonry_regular wp-post-image\" alt=\"\" srcset=\"https:\/\/geodronsl.com\/wp-content\/uploads\/2017\/05\/CONJUNTO-CASAHUIRI-500x500.jpg 500w, https:\/\/geodronsl.com\/wp-content\/uploads\/2017\/05\/CONJUNTO-CASAHUIRI-150x150.jpg 150w, https:\/\/geodronsl.com\/wp-content\/uploads\/2017\/05\/CONJUNTO-CASAHUIRI-570x570.jpg 570w\" sizes=\"auto, (max-width: 500px) 100vw, 500px\" \/><\/span><\/a><span class='text_holder'><span class='text_outer'><span class='text_inner'><div class=\"hover_feature_holder_title\"><div class=\"hover_feature_holder_title_inner\"><h3 itemprop=\"name\" class=\"portfolio_title entry_title\"><a itemprop=\"url\" href=\"https:\/\/geodronsl.com\/fr\/services\/amenagement-du-territoire-avec-des-drones\/projets\/central-hydroelectrique-san-gaban-peru\/\"  target=\"_self\">Assistance topographique sur place, r\u00e9vision et \u00e9laboration des plans finaux &#8211; Centrale hydro\u00e9lectrique de SAN GAB\u00c1N III<\/a><\/h3><span class=\"project_category\" >SIG, Am\u00e9nagement du territoire<\/span><\/div><\/div><span class='feature_holder'><span class=\"feature_holder_icons\"><a itemprop='url' class='preview qbutton small white' href='https:\/\/geodronsl.com\/fr\/services\/amenagement-du-territoire-avec-des-drones\/projets\/central-hydroelectrique-san-gaban-peru\/' target='_self'>vue<\/i><\/a><\/span><\/span><\/span><\/span><\/span><\/div><\/article><\/div><\/div>[\/vc_column][\/vc_row]<\/p>\n","protected":false},"excerpt":{"rendered":"<p>[vc_row row_type=\u00a0\u00bbrow\u00a0\u00bb use_row_as_full_screen_section=\u00a0\u00bbno\u00a0\u00bb type=\u00a0\u00bbfull_width\u00a0\u00bb angled_section=\u00a0\u00bbno\u00a0\u00bb text_align=\u00a0\u00bbleft\u00a0\u00bb background_image_as_pattern=\u00a0\u00bbwithout_pattern\u00a0\u00bb css_animation=\u00a0\u00bb\u00a0\u00bb][vc_column width=\u00a0\u00bb1\/2&Prime;][vc_column_text][\/vc_column_text][\/vc_column][vc_column width=\u00a0\u00bb1\/2&Prime;][vc_column_text] Am\u00e9nagement du territoire avec des Drones [\/vc_column_text][vc_separator type=\u00a0\u00bbtransparent\u00a0\u00bb][vc_column_text]Des projets int\u00e9graux de r\u00e9g\u00e9n\u00e9ration des espaces urbains, des \u00e9valuations environnementales, des \u00e9tudes de transport, de trafic et de mobilit\u00e9\u2026il s\u2019agit de projets auxquels GEODRON peut apporter des&#8230;<\/p>\n","protected":false},"author":5,"featured_media":0,"parent":0,"menu_order":0,"comment_status":"closed","ping_status":"closed","template":"","meta":{"footnotes":""},"class_list":["post-1057","page","type-page","status-publish","hentry"],"_links":{"self":[{"href":"https:\/\/geodronsl.com\/fr\/wp-json\/wp\/v2\/pages\/1057","targetHints":{"allow":["GET"]}}],"collection":[{"href":"https:\/\/geodronsl.com\/fr\/wp-json\/wp\/v2\/pages"}],"about":[{"href":"https:\/\/geodronsl.com\/fr\/wp-json\/wp\/v2\/types\/page"}],"author":[{"embeddable":true,"href":"https:\/\/geodronsl.com\/fr\/wp-json\/wp\/v2\/users\/5"}],"replies":[{"embeddable":true,"href":"https:\/\/geodronsl.com\/fr\/wp-json\/wp\/v2\/comments?post=1057"}],"version-history":[{"count":4,"href":"https:\/\/geodronsl.com\/fr\/wp-json\/wp\/v2\/pages\/1057\/revisions"}],"predecessor-version":[{"id":1236,"href":"https:\/\/geodronsl.com\/fr\/wp-json\/wp\/v2\/pages\/1057\/revisions\/1236"}],"wp:attachment":[{"href":"https:\/\/geodronsl.com\/fr\/wp-json\/wp\/v2\/media?parent=1057"}],"curies":[{"name":"wp","href":"https:\/\/api.w.org\/{rel}","templated":true}]}}