{"id":1047,"date":"2018-06-13T15:04:44","date_gmt":"2018-06-13T15:04:44","guid":{"rendered":"http:\/\/geodron.dev-smedialab.es\/aplicaciones-forestales\/"},"modified":"2018-07-14T13:07:57","modified_gmt":"2018-07-14T13:07:57","slug":"aplicaciones-forestales","status":"publish","type":"page","link":"https:\/\/geodronsl.com\/fr\/services\/ressources-forestieres-avec-des-drones\/","title":{"rendered":"Ressources foresti\u00e8res avec des Drones"},"content":{"rendered":"<p>[vc_row row_type=\u00a0\u00bbrow\u00a0\u00bb use_row_as_full_screen_section=\u00a0\u00bbno\u00a0\u00bb type=\u00a0\u00bbfull_width\u00a0\u00bb angled_section=\u00a0\u00bbno\u00a0\u00bb text_align=\u00a0\u00bbleft\u00a0\u00bb background_image_as_pattern=\u00a0\u00bbwithout_pattern\u00a0\u00bb css_animation=\u00a0\u00bb\u00a0\u00bb][vc_column width=\u00a0\u00bb1\/2&Prime;][vc_column_text]<img loading=\"lazy\" decoding=\"async\" class=\"alignnone wp-image-1251 size-full\" title=\"ressources foresti\u00e8res avec des drones\" src=\"https:\/\/geodronsl.com\/wp-content\/uploads\/2018\/07\/ressources-forestieres-avec-des-drones.jpg\" alt=\"ressources foresti\u00e8res avec des drones\" width=\"500\" height=\"500\" srcset=\"https:\/\/geodronsl.com\/wp-content\/uploads\/2018\/07\/ressources-forestieres-avec-des-drones.jpg 500w, https:\/\/geodronsl.com\/wp-content\/uploads\/2018\/07\/ressources-forestieres-avec-des-drones-150x150.jpg 150w, https:\/\/geodronsl.com\/wp-content\/uploads\/2018\/07\/ressources-forestieres-avec-des-drones-300x300.jpg 300w\" sizes=\"auto, (max-width: 500px) 100vw, 500px\" \/>[\/vc_column_text][\/vc_column][vc_column width=\u00a0\u00bb1\/2&Prime;][vc_column_text]<\/p>\n<h1>Ressources foresti\u00e8res avec des Drones<\/h1>\n<p>[\/vc_column_text][vc_separator type=\u00a0\u00bbtransparent\u00a0\u00bb][vc_column_text el_class=\u00a0\u00bbdiv-Custom-List\u00a0\u00bb]<\/p>\n<ul>\n<li>Inventaires forestiers<\/li>\n<li>Plans d\u2019am\u00e9nagement des for\u00eats<\/li>\n<li>Sant\u00e9 des for\u00eats<\/li>\n<li>Programmes de reboisement et de quantification<\/li>\n<li>Pr\u00e9vention, d\u00e9tection et cartographie des d\u00e9g\u00e2ts caus\u00e9s par des organismes nuisibles, des maladies, des incendies et les plantations<\/li>\n<li>Identification des zones souffrant de carences pour l\u2019application d\u2019engrais<\/li>\n<li>Op\u00e9rations d\u2019\u00e9claircissage, de planification et de r\u00e9colte<\/li>\n<li>Suivi de la r\u00e9habilitation du site apr\u00e8s la r\u00e9colte<\/li>\n<li>\u00c9tudes de terrain pr\u00e9liminaires<\/li>\n<\/ul>\n<p>[\/vc_column_text][\/vc_column][\/vc_row]<\/p>\n","protected":false},"excerpt":{"rendered":"<p>[vc_row row_type=\u00a0\u00bbrow\u00a0\u00bb use_row_as_full_screen_section=\u00a0\u00bbno\u00a0\u00bb type=\u00a0\u00bbfull_width\u00a0\u00bb angled_section=\u00a0\u00bbno\u00a0\u00bb text_align=\u00a0\u00bbleft\u00a0\u00bb background_image_as_pattern=\u00a0\u00bbwithout_pattern\u00a0\u00bb css_animation=\u00a0\u00bb\u00a0\u00bb][vc_column width=\u00a0\u00bb1\/2&Prime;][vc_column_text][\/vc_column_text][\/vc_column][vc_column width=\u00a0\u00bb1\/2&Prime;][vc_column_text] Ressources foresti\u00e8res avec des Drones [\/vc_column_text][vc_separator type=\u00a0\u00bbtransparent\u00a0\u00bb][vc_column_text el_class=\u00a0\u00bbdiv-Custom-List\u00a0\u00bb] Inventaires forestiers Plans d\u2019am\u00e9nagement des for\u00eats Sant\u00e9 des for\u00eats Programmes de reboisement et de quantification Pr\u00e9vention, d\u00e9tection et cartographie des d\u00e9g\u00e2ts caus\u00e9s par des organismes nuisibles, des&#8230;<\/p>\n","protected":false},"author":5,"featured_media":0,"parent":0,"menu_order":0,"comment_status":"closed","ping_status":"closed","template":"","meta":{"footnotes":""},"class_list":["post-1047","page","type-page","status-publish","hentry"],"_links":{"self":[{"href":"https:\/\/geodronsl.com\/fr\/wp-json\/wp\/v2\/pages\/1047","targetHints":{"allow":["GET"]}}],"collection":[{"href":"https:\/\/geodronsl.com\/fr\/wp-json\/wp\/v2\/pages"}],"about":[{"href":"https:\/\/geodronsl.com\/fr\/wp-json\/wp\/v2\/types\/page"}],"author":[{"embeddable":true,"href":"https:\/\/geodronsl.com\/fr\/wp-json\/wp\/v2\/users\/5"}],"replies":[{"embeddable":true,"href":"https:\/\/geodronsl.com\/fr\/wp-json\/wp\/v2\/comments?post=1047"}],"version-history":[{"count":3,"href":"https:\/\/geodronsl.com\/fr\/wp-json\/wp\/v2\/pages\/1047\/revisions"}],"predecessor-version":[{"id":1048,"href":"https:\/\/geodronsl.com\/fr\/wp-json\/wp\/v2\/pages\/1047\/revisions\/1048"}],"wp:attachment":[{"href":"https:\/\/geodronsl.com\/fr\/wp-json\/wp\/v2\/media?parent=1047"}],"curies":[{"name":"wp","href":"https:\/\/api.w.org\/{rel}","templated":true}]}}