{"id":1026,"date":"2018-06-13T14:57:53","date_gmt":"2018-06-13T14:57:53","guid":{"rendered":"http:\/\/geodron.dev-smedialab.es\/medio-ambiente\/"},"modified":"2018-07-14T13:06:42","modified_gmt":"2018-07-14T13:06:42","slug":"medio-ambiente","status":"publish","type":"page","link":"https:\/\/geodronsl.com\/fr\/services\/drones-pour-la-protection-de-lenvironnement\/","title":{"rendered":"Drones pour la protection de l&rsquo;Environnement"},"content":{"rendered":"<p>[vc_row row_type=\u00a0\u00bbrow\u00a0\u00bb use_row_as_full_screen_section=\u00a0\u00bbno\u00a0\u00bb type=\u00a0\u00bbfull_width\u00a0\u00bb angled_section=\u00a0\u00bbno\u00a0\u00bb text_align=\u00a0\u00bbleft\u00a0\u00bb background_image_as_pattern=\u00a0\u00bbwithout_pattern\u00a0\u00bb css_animation=\u00a0\u00bb\u00a0\u00bb][vc_column width=\u00a0\u00bb1\/2&Prime;][vc_column_text]<\/p>\n<h1>Drones pour la protection de l&rsquo;Environnement<\/h1>\n<p>[\/vc_column_text][vc_separator type=\u00a0\u00bbtransparent\u00a0\u00bb][vc_column_text]Les donn\u00e9es obtenues avec les UAV de GEODRON sont employ\u00e9es \u00e0 de diff\u00e9rentes fins environnementales. Les SIG (Syst\u00e8me d\u2019Information G\u00e9ographique) se basent sur ces donn\u00e9es, ce qui permet une meilleure planification des services d\u2019entretien et de contr\u00f4le des soci\u00e9t\u00e9 qui r\u00e9alisent des travaux dans les diff\u00e9rents domaines en d\u00e9veloppant des programmes et en utilisant la documentation photographique pour chaque action particuli\u00e8re.[\/vc_column_text][vc_separator type=\u00a0\u00bbtransparent\u00a0\u00bb][vc_column_text]\u00a0\u00bbGEODRON est consciente de l\u2019importance de la protection de nos ressources naturelles et de faciliter le d\u00e9veloppement humain de fa\u00e7on durable.\u00a0\u00bb[\/vc_column_text][vc_separator type=\u00a0\u00bbtransparent\u00a0\u00bb][vc_column_text]<\/p>\n<h2>Drones pour la gestion du territoire<\/h2>\n<p>[\/vc_column_text][vc_column_text]La technologie employ\u00e9e par GEODRON facilite le travail des administrations publiques, des cabinets d\u2019architecture ou des soci\u00e9t\u00e9s qui r\u00e9alisent des \u00e9tudes de gestion territoriale, en collaborant avec ces entit\u00e9s dans le domaine forestier et dans celui du paysagisme.[\/vc_column_text][\/vc_column][vc_column width=\u00a0\u00bb1\/2&Prime;][vc_column_text]<img loading=\"lazy\" decoding=\"async\" class=\"alignnone wp-image-1191 size-full\" title=\"drones pour la protection de l\u2019environnement\" src=\"https:\/\/geodronsl.com\/wp-content\/uploads\/2018\/07\/drones-pour-la-protection-de-lenvironnement.jpg\" alt=\"drones pour la gestion du territoire\" width=\"500\" height=\"500\" srcset=\"https:\/\/geodronsl.com\/wp-content\/uploads\/2018\/07\/drones-pour-la-protection-de-lenvironnement.jpg 500w, https:\/\/geodronsl.com\/wp-content\/uploads\/2018\/07\/drones-pour-la-protection-de-lenvironnement-150x150.jpg 150w, https:\/\/geodronsl.com\/wp-content\/uploads\/2018\/07\/drones-pour-la-protection-de-lenvironnement-300x300.jpg 300w\" sizes=\"auto, (max-width: 500px) 100vw, 500px\" \/>[\/vc_column_text][\/vc_column][\/vc_row][vc_row row_type=\u00a0\u00bbrow\u00a0\u00bb use_row_as_full_screen_section=\u00a0\u00bbno\u00a0\u00bb type=\u00a0\u00bbfull_width\u00a0\u00bb angled_section=\u00a0\u00bbno\u00a0\u00bb text_align=\u00a0\u00bbleft\u00a0\u00bb background_image_as_pattern=\u00a0\u00bbwithout_pattern\u00a0\u00bb css_animation=\u00a0\u00bb\u00a0\u00bb][vc_column][vc_separator type=\u00a0\u00bbnormal\u00a0\u00bb up=\u00a0\u00bb20px\u00a0\u00bb][\/vc_column][\/vc_row][vc_row row_type=\u00a0\u00bbrow\u00a0\u00bb use_row_as_full_screen_section=\u00a0\u00bbno\u00a0\u00bb type=\u00a0\u00bbfull_width\u00a0\u00bb angled_section=\u00a0\u00bbno\u00a0\u00bb text_align=\u00a0\u00bbleft\u00a0\u00bb background_image_as_pattern=\u00a0\u00bbwithout_pattern\u00a0\u00bb css_animation=\u00a0\u00bb\u00a0\u00bb el_id=\u00a0\u00bbproyectos\u00a0\u00bb][vc_column][vc_column_text]<\/p>\n<h2>Projets environnementaux<\/h2>\n<p>[\/vc_column_text][\/vc_column][\/vc_row][vc_row row_type=\u00a0\u00bbrow\u00a0\u00bb use_row_as_full_screen_section=\u00a0\u00bbno\u00a0\u00bb type=\u00a0\u00bbfull_width\u00a0\u00bb angled_section=\u00a0\u00bbno\u00a0\u00bb text_align=\u00a0\u00bbleft\u00a0\u00bb background_image_as_pattern=\u00a0\u00bbwithout_pattern\u00a0\u00bb css_animation=\u00a0\u00bb\u00a0\u00bb][vc_column]<div class=\"projects_masonry_wrapper \"><div class=\"projects_masonry_holder portfolio_main_holder portfolio_masonry_gallery_with_space  gs5\"><div class=\"qode-portfolio-masonry-gallery-grid-sizer\"><\/div><div class=\"qode-portfolio-masonry-gallery-grid-gutter\"><\/div><article class='portfolio_masonry_item portfolio_category_23  default'><div class='image_holder'><a itemprop='url' class='portfolio_link_for_touch' href='https:\/\/geodronsl.com\/fr\/services\/agriculture-de-precision-avec-des-drones\/projets\/culture-de-mais\/' target='_self'><span class='image'><img loading=\"lazy\" decoding=\"async\" width=\"500\" height=\"500\" src=\"https:\/\/geodronsl.com\/wp-content\/uploads\/2017\/05\/AGRICULTURA-DE-PRECISI\u00d3N_conjunto-500x500.jpg\" class=\"attachment-portfolio_masonry_regular size-portfolio_masonry_regular wp-post-image\" alt=\"\" srcset=\"https:\/\/geodronsl.com\/wp-content\/uploads\/2017\/05\/AGRICULTURA-DE-PRECISI\u00d3N_conjunto-500x500.jpg 500w, https:\/\/geodronsl.com\/wp-content\/uploads\/2017\/05\/AGRICULTURA-DE-PRECISI\u00d3N_conjunto-150x150.jpg 150w, https:\/\/geodronsl.com\/wp-content\/uploads\/2017\/05\/AGRICULTURA-DE-PRECISI\u00d3N_conjunto-570x570.jpg 570w\" sizes=\"auto, (max-width: 500px) 100vw, 500px\" \/><\/span><\/a><span class='text_holder'><span class='text_outer'><span class='text_inner'><div class=\"hover_feature_holder_title\"><div class=\"hover_feature_holder_title_inner\"><h3 itemprop=\"name\" class=\"portfolio_title entry_title\"><a itemprop=\"url\" href=\"https:\/\/geodronsl.com\/fr\/services\/agriculture-de-precision-avec-des-drones\/projets\/culture-de-mais\/\"  target=\"_self\">Vol photogramm\u00e9trique avec cam\u00e9ra NIR &#8211; Culture de ma\u00efs &#8211; Huesca<\/a><\/h3><span class=\"project_category\" >Agriculture de pr\u00e9cision et environnement<\/span><\/div><\/div><span class='feature_holder'><span class=\"feature_holder_icons\"><a itemprop='url' class='preview qbutton small white' href='https:\/\/geodronsl.com\/fr\/services\/agriculture-de-precision-avec-des-drones\/projets\/culture-de-mais\/' target='_self'>vue<\/i><\/a><\/span><\/span><\/span><\/span><\/span><\/div><\/article><\/div><\/div>[\/vc_column][\/vc_row]<\/p>\n","protected":false},"excerpt":{"rendered":"<p>[vc_row row_type=\u00a0\u00bbrow\u00a0\u00bb use_row_as_full_screen_section=\u00a0\u00bbno\u00a0\u00bb type=\u00a0\u00bbfull_width\u00a0\u00bb angled_section=\u00a0\u00bbno\u00a0\u00bb text_align=\u00a0\u00bbleft\u00a0\u00bb background_image_as_pattern=\u00a0\u00bbwithout_pattern\u00a0\u00bb css_animation=\u00a0\u00bb\u00a0\u00bb][vc_column width=\u00a0\u00bb1\/2&Prime;][vc_column_text] Drones pour la protection de l&rsquo;Environnement [\/vc_column_text][vc_separator type=\u00a0\u00bbtransparent\u00a0\u00bb][vc_column_text]Les donn\u00e9es obtenues avec les UAV de GEODRON sont employ\u00e9es \u00e0 de diff\u00e9rentes fins environnementales. Les SIG (Syst\u00e8me d\u2019Information G\u00e9ographique) se basent sur ces donn\u00e9es, ce qui permet une&#8230;<\/p>\n","protected":false},"author":5,"featured_media":0,"parent":0,"menu_order":0,"comment_status":"closed","ping_status":"closed","template":"","meta":{"footnotes":""},"class_list":["post-1026","page","type-page","status-publish","hentry"],"_links":{"self":[{"href":"https:\/\/geodronsl.com\/fr\/wp-json\/wp\/v2\/pages\/1026","targetHints":{"allow":["GET"]}}],"collection":[{"href":"https:\/\/geodronsl.com\/fr\/wp-json\/wp\/v2\/pages"}],"about":[{"href":"https:\/\/geodronsl.com\/fr\/wp-json\/wp\/v2\/types\/page"}],"author":[{"embeddable":true,"href":"https:\/\/geodronsl.com\/fr\/wp-json\/wp\/v2\/users\/5"}],"replies":[{"embeddable":true,"href":"https:\/\/geodronsl.com\/fr\/wp-json\/wp\/v2\/comments?post=1026"}],"version-history":[{"count":6,"href":"https:\/\/geodronsl.com\/fr\/wp-json\/wp\/v2\/pages\/1026\/revisions"}],"predecessor-version":[{"id":1194,"href":"https:\/\/geodronsl.com\/fr\/wp-json\/wp\/v2\/pages\/1026\/revisions\/1194"}],"wp:attachment":[{"href":"https:\/\/geodronsl.com\/fr\/wp-json\/wp\/v2\/media?parent=1026"}],"curies":[{"name":"wp","href":"https:\/\/api.w.org\/{rel}","templated":true}]}}