{"id":1015,"date":"2018-06-13T15:33:37","date_gmt":"2018-06-13T15:33:37","guid":{"rendered":"http:\/\/geodron.dev-smedialab.es\/trabajos-fotograficos-audiovisuales\/"},"modified":"2018-07-14T13:43:36","modified_gmt":"2018-07-14T13:43:36","slug":"trabajos-fotograficos-audiovisuales","status":"publish","type":"page","link":"https:\/\/geodronsl.com\/fr\/services\/travaux-photographies-et-audiovisuels\/","title":{"rendered":"Travaux photographies et audiovisuels"},"content":{"rendered":"<p>[vc_row row_type=\u00a0\u00bbrow\u00a0\u00bb use_row_as_full_screen_section=\u00a0\u00bbno\u00a0\u00bb type=\u00a0\u00bbfull_width\u00a0\u00bb angled_section=\u00a0\u00bbno\u00a0\u00bb text_align=\u00a0\u00bbleft\u00a0\u00bb background_image_as_pattern=\u00a0\u00bbwithout_pattern\u00a0\u00bb css_animation=\u00a0\u00bb\u00a0\u00bb][vc_column width=\u00a0\u00bb1\/2&Prime;][vc_column_text]<\/p>\n<h1>Travaux photographies et audiovisuels<\/h1>\n<p>[\/vc_column_text][vc_separator type=\u00a0\u00bbtransparent\u00a0\u00bb][vc_column_text]Le rapport prix \/ service excellent offert par GEODRON par rapport \u00e0 d\u2019autres syst\u00e8mes et a\u00e9ronefs traditionnels (h\u00e9licopt\u00e8res, avions pilot\u00e9s\u2026) permet une augmentation de l\u2019efficacit\u00e9 et une diminution des co\u00fbts en raison de sa capacit\u00e9 d\u2019inspection et de r\u00e9vision dans des installations de grandes dimensions ou dont l\u2019acc\u00e8s est difficile, en obtenant des images de haute qualit\u00e9.[\/vc_column_text][vc_separator type=\u00a0\u00bbtransparent\u00a0\u00bb][vc_column_text]<\/p>\n<h2>Applications dans le domaine du paysagisme<\/h2>\n<p>[\/vc_column_text][vc_separator type=\u00a0\u00bbtransparent\u00a0\u00bb][vc_column_text el_class=\u00a0\u00bbdiv-Custom-List\u00a0\u00bb]<\/p>\n<ul>\n<li>Suivi de travaux de g\u00e9nie civil et de travaux publics<\/li>\n<li>Inspections d\u2019\u00e9oliennes<\/li>\n<li>Inspections g\u00e9n\u00e9rales de navires, b\u00e2timents et grandes infrastructures (barrages, ponts, viaducs\u2026)<\/li>\n<li>Documentaires<\/li>\n<li>Tourisme<\/li>\n<li>Architecture<\/li>\n<li>Arch\u00e9ologie et patrimoine historique artistique<\/li>\n<li>mages a\u00e9riennes en g\u00e9n\u00e9ral<\/li>\n<\/ul>\n<p>[\/vc_column_text][\/vc_column][vc_column width=\u00a0\u00bb1\/2&Prime;][vc_column_text]<img loading=\"lazy\" decoding=\"async\" class=\"alignnone wp-image-1212 size-full\" title=\"Travaux photographies et audiovisuels \" src=\"https:\/\/geodronsl.com\/wp-content\/uploads\/2018\/07\/inspection-dinfrastructures-au-moyen-de-drones-scanner-laser-et-mobile-mapping-1.jpg\" alt=\"applications dans le domaine du paysagisme\" width=\"500\" height=\"500\" srcset=\"https:\/\/geodronsl.com\/wp-content\/uploads\/2018\/07\/inspection-dinfrastructures-au-moyen-de-drones-scanner-laser-et-mobile-mapping-1.jpg 500w, https:\/\/geodronsl.com\/wp-content\/uploads\/2018\/07\/inspection-dinfrastructures-au-moyen-de-drones-scanner-laser-et-mobile-mapping-1-150x150.jpg 150w, https:\/\/geodronsl.com\/wp-content\/uploads\/2018\/07\/inspection-dinfrastructures-au-moyen-de-drones-scanner-laser-et-mobile-mapping-1-300x300.jpg 300w\" sizes=\"auto, (max-width: 500px) 100vw, 500px\" \/>[\/vc_column_text][\/vc_column][\/vc_row]<\/p>\n","protected":false},"excerpt":{"rendered":"<p>[vc_row row_type=\u00a0\u00bbrow\u00a0\u00bb use_row_as_full_screen_section=\u00a0\u00bbno\u00a0\u00bb type=\u00a0\u00bbfull_width\u00a0\u00bb angled_section=\u00a0\u00bbno\u00a0\u00bb text_align=\u00a0\u00bbleft\u00a0\u00bb background_image_as_pattern=\u00a0\u00bbwithout_pattern\u00a0\u00bb css_animation=\u00a0\u00bb\u00a0\u00bb][vc_column width=\u00a0\u00bb1\/2&Prime;][vc_column_text] Travaux photographies et audiovisuels [\/vc_column_text][vc_separator type=\u00a0\u00bbtransparent\u00a0\u00bb][vc_column_text]Le rapport prix \/ service excellent offert par GEODRON par rapport \u00e0 d\u2019autres syst\u00e8mes et a\u00e9ronefs traditionnels (h\u00e9licopt\u00e8res, avions pilot\u00e9s\u2026) permet une augmentation de l\u2019efficacit\u00e9 et une diminution des co\u00fbts en&#8230;<\/p>\n","protected":false},"author":5,"featured_media":0,"parent":0,"menu_order":0,"comment_status":"closed","ping_status":"closed","template":"","meta":{"footnotes":""},"class_list":["post-1015","page","type-page","status-publish","hentry"],"_links":{"self":[{"href":"https:\/\/geodronsl.com\/fr\/wp-json\/wp\/v2\/pages\/1015","targetHints":{"allow":["GET"]}}],"collection":[{"href":"https:\/\/geodronsl.com\/fr\/wp-json\/wp\/v2\/pages"}],"about":[{"href":"https:\/\/geodronsl.com\/fr\/wp-json\/wp\/v2\/types\/page"}],"author":[{"embeddable":true,"href":"https:\/\/geodronsl.com\/fr\/wp-json\/wp\/v2\/users\/5"}],"replies":[{"embeddable":true,"href":"https:\/\/geodronsl.com\/fr\/wp-json\/wp\/v2\/comments?post=1015"}],"version-history":[{"count":4,"href":"https:\/\/geodronsl.com\/fr\/wp-json\/wp\/v2\/pages\/1015\/revisions"}],"predecessor-version":[{"id":1559,"href":"https:\/\/geodronsl.com\/fr\/wp-json\/wp\/v2\/pages\/1015\/revisions\/1559"}],"wp:attachment":[{"href":"https:\/\/geodronsl.com\/fr\/wp-json\/wp\/v2\/media?parent=1015"}],"curies":[{"name":"wp","href":"https:\/\/api.w.org\/{rel}","templated":true}]}}