{"id":1003,"date":"2018-06-19T11:50:53","date_gmt":"2018-06-19T11:50:53","guid":{"rendered":"http:\/\/geodron.dev-smedialab.es\/tecnologia\/tecnologia-cartografia-fotogrametria-aerea\/"},"modified":"2018-07-14T14:19:01","modified_gmt":"2018-07-14T14:19:01","slug":"tecnologia-cartografia-fotogrametria-aerea","status":"publish","type":"page","link":"https:\/\/geodronsl.com\/fr\/technologie\/cartographie-et-photogrammetrie-aerienne-avec-des-drones-uav\/","title":{"rendered":"Cartographie et Photogramm\u00e9trie A\u00e9rienne avec des Drones &#8211; UAV"},"content":{"rendered":"<p>[vc_row row_type=\u00a0\u00bbrow\u00a0\u00bb use_row_as_full_screen_section=\u00a0\u00bbno\u00a0\u00bb type=\u00a0\u00bbfull_width\u00a0\u00bb angled_section=\u00a0\u00bbno\u00a0\u00bb text_align=\u00a0\u00bbleft\u00a0\u00bb background_image_as_pattern=\u00a0\u00bbwithout_pattern\u00a0\u00bb css_animation=\u00a0\u00bb\u00a0\u00bb][vc_column width=\u00a0\u00bb1\/2&Prime;][vc_column_text]<\/p>\n<h1>Cartographie et Photogramm\u00e9trie A\u00e9rienne avec des Drones &#8211; UAV<\/h1>\n<p>[\/vc_column_text][vc_separator type=\u00a0\u00bbtransparent\u00a0\u00bb][vc_column_text]Au moyen des UAV \u00e0 voilure fixe et \u00e0 voilure tournante de GEODRON, nous \u00e9tablissons un nouveau standard de pr\u00e9cision, de robustesse et de performance cartographique, par la capture d\u2019images a\u00e9riennes comme support pr\u00e9cis dans l\u2019obtention de donn\u00e9es pour des travaux topographiques et d\u2019information g\u00e9ospatiale.[\/vc_column_text][vc_separator type=\u00a0\u00bbtransparent\u00a0\u00bb][vc_column_text]<\/p>\n<h2>Technologie RTK dans les Drones<\/h2>\n<p>[\/vc_column_text][vc_column_text]Munis de RTK, les nouveaux UAV de Geodron peuvent assumer davantage d\u2019hectares par vol que tout autre avion sans pilote de poids \u00e9quivalent. Capables de voler \u00e0 une hauteur permise de 120\u00a0m au-dessus du terrain et pendant plus de 1 heure, la couverture du terrain est de 220\u00a0ha, avec une GSD de 1\u00a0cm\/pixel, ce qui \u00e9quivaut \u00e0 une pr\u00e9cision en xyz de 3\u00a0cm.[\/vc_column_text][\/vc_column][vc_column width=\u00a0\u00bb1\/2&Prime; css=\u00a0\u00bb.vc_custom_1489669162394{padding-right: 0px !important;padding-left: 0px !important;}\u00a0\u00bb el_class=\u00a0\u00bbelement_from_right element_from_right_on\u00a0\u00bb][vc_column_text]<img loading=\"lazy\" decoding=\"async\" class=\"alignnone wp-image-1272 size-full\" title=\"cartographie et photogramm\u00e9trie a\u00e9rienne avec des drones \u2013 uav\" src=\"https:\/\/geodronsl.com\/wp-content\/uploads\/2018\/07\/cartographie-et-photogrammetrie-aerienne-avec-des-drones.jpg\" alt=\"technologie rtk dans les drones\" width=\"500\" height=\"500\" srcset=\"https:\/\/geodronsl.com\/wp-content\/uploads\/2018\/07\/cartographie-et-photogrammetrie-aerienne-avec-des-drones.jpg 500w, https:\/\/geodronsl.com\/wp-content\/uploads\/2018\/07\/cartographie-et-photogrammetrie-aerienne-avec-des-drones-150x150.jpg 150w, https:\/\/geodronsl.com\/wp-content\/uploads\/2018\/07\/cartographie-et-photogrammetrie-aerienne-avec-des-drones-300x300.jpg 300w\" sizes=\"auto, (max-width: 500px) 100vw, 500px\" \/>[\/vc_column_text][\/vc_column][\/vc_row]<\/p>\n","protected":false},"excerpt":{"rendered":"<p>[vc_row row_type=\u00a0\u00bbrow\u00a0\u00bb use_row_as_full_screen_section=\u00a0\u00bbno\u00a0\u00bb type=\u00a0\u00bbfull_width\u00a0\u00bb angled_section=\u00a0\u00bbno\u00a0\u00bb text_align=\u00a0\u00bbleft\u00a0\u00bb background_image_as_pattern=\u00a0\u00bbwithout_pattern\u00a0\u00bb css_animation=\u00a0\u00bb\u00a0\u00bb][vc_column width=\u00a0\u00bb1\/2&Prime;][vc_column_text] Cartographie et Photogramm\u00e9trie A\u00e9rienne avec des Drones &#8211; UAV [\/vc_column_text][vc_separator type=\u00a0\u00bbtransparent\u00a0\u00bb][vc_column_text]Au moyen des UAV \u00e0 voilure fixe et \u00e0 voilure tournante de GEODRON, nous \u00e9tablissons un nouveau standard de pr\u00e9cision, de robustesse et de performance cartographique,&#8230;<\/p>\n","protected":false},"author":5,"featured_media":0,"parent":0,"menu_order":0,"comment_status":"closed","ping_status":"closed","template":"","meta":{"footnotes":""},"class_list":["post-1003","page","type-page","status-publish","hentry"],"_links":{"self":[{"href":"https:\/\/geodronsl.com\/fr\/wp-json\/wp\/v2\/pages\/1003","targetHints":{"allow":["GET"]}}],"collection":[{"href":"https:\/\/geodronsl.com\/fr\/wp-json\/wp\/v2\/pages"}],"about":[{"href":"https:\/\/geodronsl.com\/fr\/wp-json\/wp\/v2\/types\/page"}],"author":[{"embeddable":true,"href":"https:\/\/geodronsl.com\/fr\/wp-json\/wp\/v2\/users\/5"}],"replies":[{"embeddable":true,"href":"https:\/\/geodronsl.com\/fr\/wp-json\/wp\/v2\/comments?post=1003"}],"version-history":[{"count":4,"href":"https:\/\/geodronsl.com\/fr\/wp-json\/wp\/v2\/pages\/1003\/revisions"}],"predecessor-version":[{"id":1275,"href":"https:\/\/geodronsl.com\/fr\/wp-json\/wp\/v2\/pages\/1003\/revisions\/1275"}],"wp:attachment":[{"href":"https:\/\/geodronsl.com\/fr\/wp-json\/wp\/v2\/media?parent=1003"}],"curies":[{"name":"wp","href":"https:\/\/api.w.org\/{rel}","templated":true}]}}