{"id":9,"date":"2018-06-05T09:42:25","date_gmt":"2018-06-05T09:42:25","guid":{"rendered":"http:\/\/www.new.url:6689\/wordpress\/geodron\/?page_id=9"},"modified":"2022-06-14T10:20:10","modified_gmt":"2022-06-14T10:20:10","slug":"inicio","status":"publish","type":"page","link":"https:\/\/geodronsl.com\/es\/","title":{"rendered":"Consultor\u00eda e Ingenier\u00eda de Cartograf\u00eda y Topograf\u00eda"},"content":{"rendered":"<p>[vc_row row_type=\u00bbrow\u00bb use_row_as_full_screen_section=\u00bbno\u00bb type=\u00bbfull_width\u00bb angled_section=\u00bbno\u00bb text_align=\u00bbleft\u00bb background_image_as_pattern=\u00bbwithout_pattern\u00bb css_animation=\u00bb\u00bb css=\u00bb.vc_custom_1470811915118{padding-bottom: 40px !important;}\u00bb][vc_column][vc_column_text]<\/p>\n<h1 style=\"text-align: center;\">CARTOGRAF\u00cdA, TOPOGRAF\u00cdA Y TECNOLOG\u00cdA DE LA INFORMACI\u00d3N<\/h1>\n<p>[\/vc_column_text][vc_separator type=\u00bbtransparent\u00bb][vc_column_text]<\/p>\n<p style=\"text-align: center;\">Captaci\u00f3n de im\u00e1genes a\u00e9reas mediante Sistemas A\u00e9reos No Tripulados (UAV). Herramientas de mapeo profesionales para Fotogrametr\u00eda A\u00e9rea y Terrestre (L\u00e1ser Esc\u00e1ner, GPS) y potente Software para el procesamiento de datos<\/p>\n<p>[\/vc_column_text][\/vc_column][\/vc_row]<\/p>\n","protected":false},"excerpt":{"rendered":"<p>[vc_row row_type=\u00bbrow\u00bb use_row_as_full_screen_section=\u00bbno\u00bb type=\u00bbfull_width\u00bb angled_section=\u00bbno\u00bb text_align=\u00bbleft\u00bb background_image_as_pattern=\u00bbwithout_pattern\u00bb css_animation=\u00bb\u00bb css=\u00bb.vc_custom_1470811915118{padding-bottom: 40px !important;}\u00bb][vc_column][vc_column_text] CARTOGRAF\u00cdA, TOPOGRAF\u00cdA Y TECNOLOG\u00cdA DE LA INFORMACI\u00d3N [\/vc_column_text][vc_separator type=\u00bbtransparent\u00bb][vc_column_text] Captaci\u00f3n de im\u00e1genes a\u00e9reas mediante Sistemas A\u00e9reos No Tripulados (UAV). Herramientas de mapeo profesionales para Fotogrametr\u00eda A\u00e9rea y Terrestre (L\u00e1ser Esc\u00e1ner, GPS) y potente Software&#8230;<\/p>\n","protected":false},"author":1,"featured_media":0,"parent":0,"menu_order":0,"comment_status":"closed","ping_status":"closed","template":"","meta":{"footnotes":""},"class_list":["post-9","page","type-page","status-publish","hentry"],"_links":{"self":[{"href":"https:\/\/geodronsl.com\/es\/wp-json\/wp\/v2\/pages\/9","targetHints":{"allow":["GET"]}}],"collection":[{"href":"https:\/\/geodronsl.com\/es\/wp-json\/wp\/v2\/pages"}],"about":[{"href":"https:\/\/geodronsl.com\/es\/wp-json\/wp\/v2\/types\/page"}],"author":[{"embeddable":true,"href":"https:\/\/geodronsl.com\/es\/wp-json\/wp\/v2\/users\/1"}],"replies":[{"embeddable":true,"href":"https:\/\/geodronsl.com\/es\/wp-json\/wp\/v2\/comments?post=9"}],"version-history":[{"count":12,"href":"https:\/\/geodronsl.com\/es\/wp-json\/wp\/v2\/pages\/9\/revisions"}],"predecessor-version":[{"id":720,"href":"https:\/\/geodronsl.com\/es\/wp-json\/wp\/v2\/pages\/9\/revisions\/720"}],"wp:attachment":[{"href":"https:\/\/geodronsl.com\/es\/wp-json\/wp\/v2\/media?parent=9"}],"curies":[{"name":"wp","href":"https:\/\/api.w.org\/{rel}","templated":true}]}}