{"id":659,"date":"2018-06-19T15:54:29","date_gmt":"2018-06-19T15:54:29","guid":{"rendered":"http:\/\/geodron.dev-smedialab.es\/?page_id=659\/"},"modified":"2018-07-13T11:48:26","modified_gmt":"2018-07-13T11:48:26","slug":"aplicaciones-paisajisticas","status":"publish","type":"page","link":"https:\/\/geodronsl.com\/es\/servicios\/paisajismo-drones-uav\/","title":{"rendered":"Paisajismo con Drones &#8211; UAV"},"content":{"rendered":"<p>[vc_row row_type=\u00bbrow\u00bb use_row_as_full_screen_section=\u00bbno\u00bb type=\u00bbfull_width\u00bb angled_section=\u00bbno\u00bb text_align=\u00bbleft\u00bb background_image_as_pattern=\u00bbwithout_pattern\u00bb css_animation=\u00bb\u00bb][vc_column width=\u00bb1\/2&#8243;][vc_column_text]<img loading=\"lazy\" decoding=\"async\" class=\"alignnone wp-image-787 size-full\" title=\"paisajismo con drones - uav \" src=\"https:\/\/geodronsl.com\/wp-content\/uploads\/2017\/10\/paisajismo-con-drones-uav.jpg\" alt=\"paisajismo con drones - uav\" width=\"500\" height=\"500\" srcset=\"https:\/\/geodronsl.com\/wp-content\/uploads\/2017\/10\/paisajismo-con-drones-uav.jpg 500w, https:\/\/geodronsl.com\/wp-content\/uploads\/2017\/10\/paisajismo-con-drones-uav-150x150.jpg 150w, https:\/\/geodronsl.com\/wp-content\/uploads\/2017\/10\/paisajismo-con-drones-uav-300x300.jpg 300w\" sizes=\"auto, (max-width: 500px) 100vw, 500px\" \/>[\/vc_column_text][\/vc_column][vc_column width=\u00bb1\/2&#8243;][vc_column_text]<\/p>\n<h1>Paisajismo con Drones<\/h1>\n<p>[\/vc_column_text][vc_separator type=\u00bbtransparent\u00bb][vc_column_text el_class=\u00bbdiv-Custom-List\u00bb]<\/p>\n<ul>\n<li>Estudios de ordenaci\u00f3n y an\u00e1lisis del paisaje<\/li>\n<li>Monitorizaci\u00f3n para auditor\u00edas ambientales y de infraestructuras<\/li>\n<li>Estudios de impacto ambiental y cartograf\u00eda de riesgos naturales<\/li>\n<li>Seguimiento, planificaci\u00f3n, restauraci\u00f3n y regeneraci\u00f3n de espacios y de los usos del suelo<\/li>\n<li>Determinaci\u00f3n de impacto por la sequ\u00eda, degradaci\u00f3n y erosi\u00f3n costera y contaminaci\u00f3n de suelos<\/li>\n<li>Control de vertidos, sellado y almacenaje de residuos s\u00f3lidos<\/li>\n<li>Control de cuencas hidrogr\u00e1ficas<\/li>\n<li>Restauraci\u00f3n ambiental de extracciones mineras<\/li>\n<li>Ordenaci\u00f3n y gesti\u00f3n del territorio<\/li>\n<li>Medici\u00f3n y control de laderas inestables<\/li>\n<li>Estudios de inundaciones para evaluaci\u00f3n de riesgo<\/li>\n<\/ul>\n<p>[\/vc_column_text][\/vc_column][\/vc_row]<\/p>\n","protected":false},"excerpt":{"rendered":"<p>[vc_row row_type=\u00bbrow\u00bb use_row_as_full_screen_section=\u00bbno\u00bb type=\u00bbfull_width\u00bb angled_section=\u00bbno\u00bb text_align=\u00bbleft\u00bb background_image_as_pattern=\u00bbwithout_pattern\u00bb css_animation=\u00bb\u00bb][vc_column width=\u00bb1\/2&#8243;][vc_column_text][\/vc_column_text][\/vc_column][vc_column width=\u00bb1\/2&#8243;][vc_column_text] Paisajismo con Drones [\/vc_column_text][vc_separator type=\u00bbtransparent\u00bb][vc_column_text el_class=\u00bbdiv-Custom-List\u00bb] Estudios de ordenaci\u00f3n y an\u00e1lisis del paisaje Monitorizaci\u00f3n para auditor\u00edas ambientales y de infraestructuras Estudios de impacto ambiental y cartograf\u00eda de riesgos naturales Seguimiento, planificaci\u00f3n, restauraci\u00f3n y regeneraci\u00f3n de&#8230;<\/p>\n","protected":false},"author":5,"featured_media":0,"parent":0,"menu_order":0,"comment_status":"closed","ping_status":"closed","template":"","meta":{"footnotes":""},"class_list":["post-659","page","type-page","status-publish","hentry"],"_links":{"self":[{"href":"https:\/\/geodronsl.com\/es\/wp-json\/wp\/v2\/pages\/659","targetHints":{"allow":["GET"]}}],"collection":[{"href":"https:\/\/geodronsl.com\/es\/wp-json\/wp\/v2\/pages"}],"about":[{"href":"https:\/\/geodronsl.com\/es\/wp-json\/wp\/v2\/types\/page"}],"author":[{"embeddable":true,"href":"https:\/\/geodronsl.com\/es\/wp-json\/wp\/v2\/users\/5"}],"replies":[{"embeddable":true,"href":"https:\/\/geodronsl.com\/es\/wp-json\/wp\/v2\/comments?post=659"}],"version-history":[{"count":5,"href":"https:\/\/geodronsl.com\/es\/wp-json\/wp\/v2\/pages\/659\/revisions"}],"predecessor-version":[{"id":1237,"href":"https:\/\/geodronsl.com\/es\/wp-json\/wp\/v2\/pages\/659\/revisions\/1237"}],"wp:attachment":[{"href":"https:\/\/geodronsl.com\/es\/wp-json\/wp\/v2\/media?parent=659"}],"curies":[{"name":"wp","href":"https:\/\/api.w.org\/{rel}","templated":true}]}}