{"id":653,"date":"2018-06-19T12:00:56","date_gmt":"2018-06-19T12:00:56","guid":{"rendered":"http:\/\/geodron.dev-smedialab.es\/?page_id=653\/"},"modified":"2018-07-14T14:11:34","modified_gmt":"2018-07-14T14:11:34","slug":"tecnologia-software","status":"publish","type":"page","link":"https:\/\/geodronsl.com\/es\/tecnologia\/software-fotogrametria-tratamiento-nube-puntos\/","title":{"rendered":"Software de fotogrametr\u00eda &#8211; tratamiento de nube de puntos"},"content":{"rendered":"<p>[vc_row row_type=\u00bbrow\u00bb use_row_as_full_screen_section=\u00bbno\u00bb type=\u00bbfull_width\u00bb angled_section=\u00bbno\u00bb text_align=\u00bbleft\u00bb background_image_as_pattern=\u00bbwithout_pattern\u00bb css_animation=\u00bb\u00bb][vc_column width=\u00bb1\/2&#8243; css=\u00bb.vc_custom_1489669225955{padding-right: 0px !important;padding-left: 0px !important;}\u00bb el_class=\u00bbelement_from_left element_from_left_on\u00bb][vc_column_text]<img loading=\"lazy\" decoding=\"async\" class=\"alignnone wp-image-815 size-full\" title=\"software de fotogrametr\u00eda, tratamiento de nube de puntos\" src=\"https:\/\/geodronsl.com\/wp-content\/uploads\/2016\/08\/software-fotogrametria-tratamiento-de-nubes-restitucion.jpg\" alt=\"software de fotogrametr\u00eda, tratamiento de nube de puntos\" width=\"500\" height=\"500\" srcset=\"https:\/\/geodronsl.com\/wp-content\/uploads\/2016\/08\/software-fotogrametria-tratamiento-de-nubes-restitucion.jpg 500w, https:\/\/geodronsl.com\/wp-content\/uploads\/2016\/08\/software-fotogrametria-tratamiento-de-nubes-restitucion-150x150.jpg 150w, https:\/\/geodronsl.com\/wp-content\/uploads\/2016\/08\/software-fotogrametria-tratamiento-de-nubes-restitucion-300x300.jpg 300w\" sizes=\"auto, (max-width: 500px) 100vw, 500px\" \/>[\/vc_column_text][\/vc_column][vc_column width=\u00bb1\/2&#8243;][vc_column_text]<\/p>\n<h1>Software de fotogrametr\u00eda, tratamiento de nube de puntos, etc<\/h1>\n<p>[\/vc_column_text][vc_separator type=\u00bbtransparent\u00bb][vc_column_text]Geodron emplea software profesional especializado en la producci\u00f3n y tratamiento de la informaci\u00f3n geogr\u00e1fica, empleado las tecnolog\u00edas de procesamiento y visualizaci\u00f3n estereosc\u00f3picas 3D m\u00e1s avanzadas del mercado que aportan las siguientes ventajas:[\/vc_column_text][vc_separator type=\u00bbtransparent\u00bb][vc_column_text el_class=\u00bbdiv-Custom-List\u00bb]<\/p>\n<ul>\n<li>Integra en una sola herramienta funcionalidades que tradicionalmente se llevaban a cabo usando diferentes software de an\u00e1lisis o producci\u00f3n en un mismo proyecto (restituci\u00f3n est\u00e9reo, depuraci\u00f3n y clasificaci\u00f3n LiDAR, generaci\u00f3n de productos altim\u00e9tricos, digitalizaci\u00f3n 2D, geoprocesos, an\u00e1lisis r\u00e1ster, ejecuci\u00f3n de utilidades de l\u00ednea de comandos de software libre, exportaci\u00f3n a diferentes formatos, gesti\u00f3n completa de vuelos fotogram\u00e9ticos, incluyendo aerotriangulaci\u00f3n, generaci\u00f3n de nubes de puntos 3D por correlaci\u00f3n de im\u00e1genes, ortofotogaf\u00eda, etc.<\/li>\n<li>Manejo integrado de todas las fuentes de datos en un sistema \u00fanico (LiDAR, pares estereosc\u00f3picos, MDE, ortofotograf\u00eda, WMS, etc.)<\/li>\n<li>Captura en 3D de informaci\u00f3n sobre modelos de datos SIG, bien por estereoscop\u00eda o mediante la captura de cotas a partir de LiDAR, dando soporte a m\u00faltiples formatos y sistemas de proyecci\u00f3n.<\/li>\n<\/ul>\n<p>[\/vc_column_text][vc_separator type=\u00bbtransparent\u00bb][vc_column_text]Aplicaciones: desde la generaci\u00f3n y producci\u00f3n cartogr\u00e1fica, al control de calidad o a la explotaci\u00f3n integrada junto a otros sistemas de m\u00faltiple prop\u00f3sito, como SIG, soluciones de realidad aumentada, sistemas de emergencias, gesti\u00f3n de costas y zonas inundables, etc.[\/vc_column_text][\/vc_column][\/vc_row]<\/p>\n","protected":false},"excerpt":{"rendered":"<p>[vc_row row_type=\u00bbrow\u00bb use_row_as_full_screen_section=\u00bbno\u00bb type=\u00bbfull_width\u00bb angled_section=\u00bbno\u00bb text_align=\u00bbleft\u00bb background_image_as_pattern=\u00bbwithout_pattern\u00bb css_animation=\u00bb\u00bb][vc_column width=\u00bb1\/2&#8243; css=\u00bb.vc_custom_1489669225955{padding-right: 0px !important;padding-left: 0px !important;}\u00bb el_class=\u00bbelement_from_left element_from_left_on\u00bb][vc_column_text][\/vc_column_text][\/vc_column][vc_column width=\u00bb1\/2&#8243;][vc_column_text] Software de fotogrametr\u00eda, tratamiento de nube de puntos, etc [\/vc_column_text][vc_separator type=\u00bbtransparent\u00bb][vc_column_text]Geodron emplea software profesional especializado en la producci\u00f3n y tratamiento de la informaci\u00f3n geogr\u00e1fica, empleado las tecnolog\u00edas de&#8230;<\/p>\n","protected":false},"author":5,"featured_media":0,"parent":0,"menu_order":0,"comment_status":"closed","ping_status":"closed","template":"","meta":{"footnotes":""},"class_list":["post-653","page","type-page","status-publish","hentry"],"_links":{"self":[{"href":"https:\/\/geodronsl.com\/es\/wp-json\/wp\/v2\/pages\/653","targetHints":{"allow":["GET"]}}],"collection":[{"href":"https:\/\/geodronsl.com\/es\/wp-json\/wp\/v2\/pages"}],"about":[{"href":"https:\/\/geodronsl.com\/es\/wp-json\/wp\/v2\/types\/page"}],"author":[{"embeddable":true,"href":"https:\/\/geodronsl.com\/es\/wp-json\/wp\/v2\/users\/5"}],"replies":[{"embeddable":true,"href":"https:\/\/geodronsl.com\/es\/wp-json\/wp\/v2\/comments?post=653"}],"version-history":[{"count":5,"href":"https:\/\/geodronsl.com\/es\/wp-json\/wp\/v2\/pages\/653\/revisions"}],"predecessor-version":[{"id":1255,"href":"https:\/\/geodronsl.com\/es\/wp-json\/wp\/v2\/pages\/653\/revisions\/1255"}],"wp:attachment":[{"href":"https:\/\/geodronsl.com\/es\/wp-json\/wp\/v2\/media?parent=653"}],"curies":[{"name":"wp","href":"https:\/\/api.w.org\/{rel}","templated":true}]}}