{"id":649,"date":"2018-06-19T11:59:36","date_gmt":"2018-06-19T11:59:36","guid":{"rendered":"http:\/\/geodron.dev-smedialab.es\/?page_id=649\/"},"modified":"2018-07-14T13:20:56","modified_gmt":"2018-07-14T13:20:56","slug":"tecnologia-mobile-mapping","status":"publish","type":"page","link":"https:\/\/geodronsl.com\/es\/tecnologia\/captacion-datos-via-publica-mobile-mapping\/","title":{"rendered":"Captaci\u00f3n de datos con Mobile Mapping"},"content":{"rendered":"<p>[vc_row row_type=\u00bbrow\u00bb use_row_as_full_screen_section=\u00bbno\u00bb type=\u00bbfull_width\u00bb angled_section=\u00bbno\u00bb text_align=\u00bbleft\u00bb background_image_as_pattern=\u00bbwithout_pattern\u00bb css_animation=\u00bb\u00bb][vc_column width=\u00bb1\/2&#8243;][vc_column_text]<\/p>\n<h1>Captaci\u00f3n de datos con Mobile Mapping<\/h1>\n<p>[\/vc_column_text][vc_separator type=\u00bbtransparent\u00bb][vc_column_text]Mobile Mapping es la apuesta clara por una tecnolog\u00eda que ofrece infinidad de aplicaciones y usos nuevos en las distintas \u00e1reas, desde la planificaci\u00f3n y gesti\u00f3n de la v\u00eda p\u00fablica en base al conocimiento detallado del mobiliario urbano, patrimonio, alumbrado, pavimentos, espacios verdes, dise\u00f1o de planes de movilidad y estudios de accesibilidad para equipos de emergencia y protecci\u00f3n civil, gesti\u00f3n optimizada de servicios de recogida de residuos y limpieza viaria\u2026 todo ello fotografiando y escaneando 360\u00ba del viario desde un veh\u00edculo obteniendo im\u00e1genes y datos necesarios para convertir los millones de puntos en productos entregables \u00fatiles en Ingenier\u00eda, Topograf\u00eda, Cartograf\u00eda Urbana, inventarios\u2026[\/vc_column_text][\/vc_column][vc_column width=\u00bb1\/2&#8243; css=\u00bb.vc_custom_1489669179067{padding-right: 0px !important;padding-left: 0px !important;}\u00bb el_class=\u00bbelement_from_right element_from_right_on\u00bb][vc_column_text]<img loading=\"lazy\" decoding=\"async\" class=\"alignnone size-full wp-image-810\" title=\"captar datos con mobile mapping en tenerife - canarias\" src=\"https:\/\/geodronsl.com\/wp-content\/uploads\/2016\/08\/captar-datos-con-mobile-mapping.jpg\" alt=\"captar datos con mobile mapping\" width=\"500\" height=\"500\" srcset=\"https:\/\/geodronsl.com\/wp-content\/uploads\/2016\/08\/captar-datos-con-mobile-mapping.jpg 500w, https:\/\/geodronsl.com\/wp-content\/uploads\/2016\/08\/captar-datos-con-mobile-mapping-150x150.jpg 150w, https:\/\/geodronsl.com\/wp-content\/uploads\/2016\/08\/captar-datos-con-mobile-mapping-300x300.jpg 300w\" sizes=\"auto, (max-width: 500px) 100vw, 500px\" \/>[\/vc_column_text][\/vc_column][\/vc_row]<\/p>\n","protected":false},"excerpt":{"rendered":"<p>[vc_row row_type=\u00bbrow\u00bb use_row_as_full_screen_section=\u00bbno\u00bb type=\u00bbfull_width\u00bb angled_section=\u00bbno\u00bb text_align=\u00bbleft\u00bb background_image_as_pattern=\u00bbwithout_pattern\u00bb css_animation=\u00bb\u00bb][vc_column width=\u00bb1\/2&#8243;][vc_column_text] Captaci\u00f3n de datos con Mobile Mapping [\/vc_column_text][vc_separator type=\u00bbtransparent\u00bb][vc_column_text]Mobile Mapping es la apuesta clara por una tecnolog\u00eda que ofrece infinidad de aplicaciones y usos nuevos en las distintas \u00e1reas, desde la planificaci\u00f3n y gesti\u00f3n de la v\u00eda&#8230;<\/p>\n","protected":false},"author":5,"featured_media":0,"parent":0,"menu_order":0,"comment_status":"closed","ping_status":"closed","template":"","meta":{"footnotes":""},"class_list":["post-649","page","type-page","status-publish","hentry"],"_links":{"self":[{"href":"https:\/\/geodronsl.com\/es\/wp-json\/wp\/v2\/pages\/649","targetHints":{"allow":["GET"]}}],"collection":[{"href":"https:\/\/geodronsl.com\/es\/wp-json\/wp\/v2\/pages"}],"about":[{"href":"https:\/\/geodronsl.com\/es\/wp-json\/wp\/v2\/types\/page"}],"author":[{"embeddable":true,"href":"https:\/\/geodronsl.com\/es\/wp-json\/wp\/v2\/users\/5"}],"replies":[{"embeddable":true,"href":"https:\/\/geodronsl.com\/es\/wp-json\/wp\/v2\/comments?post=649"}],"version-history":[{"count":5,"href":"https:\/\/geodronsl.com\/es\/wp-json\/wp\/v2\/pages\/649\/revisions"}],"predecessor-version":[{"id":948,"href":"https:\/\/geodronsl.com\/es\/wp-json\/wp\/v2\/pages\/649\/revisions\/948"}],"wp:attachment":[{"href":"https:\/\/geodronsl.com\/es\/wp-json\/wp\/v2\/media?parent=649"}],"curies":[{"name":"wp","href":"https:\/\/api.w.org\/{rel}","templated":true}]}}