{"id":645,"date":"2018-06-19T11:58:13","date_gmt":"2018-06-19T11:58:13","guid":{"rendered":"http:\/\/geodron.dev-smedialab.es\/?page_id=645\/"},"modified":"2018-07-14T13:19:39","modified_gmt":"2018-07-14T13:19:39","slug":"tecnologia-lidar","status":"publish","type":"page","link":"https:\/\/geodronsl.com\/es\/tecnologia\/tecnologia-lidar-profesionales\/","title":{"rendered":"Tecnolog\u00eda Lidar para profesionales"},"content":{"rendered":"<p>[vc_row row_type=\u00bbrow\u00bb use_row_as_full_screen_section=\u00bbno\u00bb type=\u00bbfull_width\u00bb angled_section=\u00bbno\u00bb text_align=\u00bbleft\u00bb background_image_as_pattern=\u00bbwithout_pattern\u00bb css_animation=\u00bb\u00bb][vc_column width=\u00bb1\/2&#8243; css=\u00bb.vc_custom_1489669217146{padding-right: 0px !important;padding-left: 0px !important;}\u00bb el_class=\u00bbelement_from_left element_from_left_on\u00bb][vc_column_text]<img loading=\"lazy\" decoding=\"async\" class=\"alignnone wp-image-1304 size-full\" title=\"tecnolog\u00eda lidar para profesionales\" src=\"https:\/\/geodronsl.com\/wp-content\/uploads\/2018\/07\/tecnologia-lidar-para-profesionales.jpg\" alt=\"tecnolog\u00eda lidar para profesionales\" width=\"500\" height=\"500\" srcset=\"https:\/\/geodronsl.com\/wp-content\/uploads\/2018\/07\/tecnologia-lidar-para-profesionales.jpg 500w, https:\/\/geodronsl.com\/wp-content\/uploads\/2018\/07\/tecnologia-lidar-para-profesionales-150x150.jpg 150w, https:\/\/geodronsl.com\/wp-content\/uploads\/2018\/07\/tecnologia-lidar-para-profesionales-300x300.jpg 300w\" sizes=\"auto, (max-width: 500px) 100vw, 500px\" \/>[\/vc_column_text][\/vc_column][vc_column width=\u00bb1\/2&#8243;][vc_column_text]<\/p>\n<h1>Tecnolog\u00eda Lidar para profesionales<\/h1>\n<p>[\/vc_column_text][vc_separator type=\u00bbtransparent\u00bb][vc_column_text]Para obtener mapas de alt\u00edsima precisi\u00f3n y resoluci\u00f3n GEODRON dispone de tecnolog\u00eda LIDAR siendo un referente para ingenieros, ecologistas, gestores del h\u00e1bitat y de aquellas instituciones financieras inversoras en el campo de la Energ\u00eda, ofreciendo informaci\u00f3n esencial y dando soluciones para sacar el m\u00e1ximo rendimiento en cada proyecto.[\/vc_column_text][\/vc_column][\/vc_row]<\/p>\n","protected":false},"excerpt":{"rendered":"<p>[vc_row row_type=\u00bbrow\u00bb use_row_as_full_screen_section=\u00bbno\u00bb type=\u00bbfull_width\u00bb angled_section=\u00bbno\u00bb text_align=\u00bbleft\u00bb background_image_as_pattern=\u00bbwithout_pattern\u00bb css_animation=\u00bb\u00bb][vc_column width=\u00bb1\/2&#8243; css=\u00bb.vc_custom_1489669217146{padding-right: 0px !important;padding-left: 0px !important;}\u00bb el_class=\u00bbelement_from_left element_from_left_on\u00bb][vc_column_text][\/vc_column_text][\/vc_column][vc_column width=\u00bb1\/2&#8243;][vc_column_text] Tecnolog\u00eda Lidar para profesionales [\/vc_column_text][vc_separator type=\u00bbtransparent\u00bb][vc_column_text]Para obtener mapas de alt\u00edsima precisi\u00f3n y resoluci\u00f3n GEODRON dispone de tecnolog\u00eda LIDAR siendo un referente para ingenieros, ecologistas, gestores del h\u00e1bitat y&#8230;<\/p>\n","protected":false},"author":5,"featured_media":0,"parent":0,"menu_order":0,"comment_status":"closed","ping_status":"closed","template":"","meta":{"footnotes":""},"class_list":["post-645","page","type-page","status-publish","hentry"],"_links":{"self":[{"href":"https:\/\/geodronsl.com\/es\/wp-json\/wp\/v2\/pages\/645","targetHints":{"allow":["GET"]}}],"collection":[{"href":"https:\/\/geodronsl.com\/es\/wp-json\/wp\/v2\/pages"}],"about":[{"href":"https:\/\/geodronsl.com\/es\/wp-json\/wp\/v2\/types\/page"}],"author":[{"embeddable":true,"href":"https:\/\/geodronsl.com\/es\/wp-json\/wp\/v2\/users\/5"}],"replies":[{"embeddable":true,"href":"https:\/\/geodronsl.com\/es\/wp-json\/wp\/v2\/comments?post=645"}],"version-history":[{"count":6,"href":"https:\/\/geodronsl.com\/es\/wp-json\/wp\/v2\/pages\/645\/revisions"}],"predecessor-version":[{"id":1307,"href":"https:\/\/geodronsl.com\/es\/wp-json\/wp\/v2\/pages\/645\/revisions\/1307"}],"wp:attachment":[{"href":"https:\/\/geodronsl.com\/es\/wp-json\/wp\/v2\/media?parent=645"}],"curies":[{"name":"wp","href":"https:\/\/api.w.org\/{rel}","templated":true}]}}