{"id":641,"date":"2018-06-19T11:56:47","date_gmt":"2018-06-19T11:56:47","guid":{"rendered":"http:\/\/geodron.dev-smedialab.es\/?page_id=641\/"},"modified":"2018-07-13T11:42:40","modified_gmt":"2018-07-13T11:42:40","slug":"tecnologia-laser-escaner","status":"publish","type":"page","link":"https:\/\/geodronsl.com\/es\/tecnologia\/laser-escaner-topografia\/","title":{"rendered":"L\u00e1ser esc\u00e1ner para Topograf\u00eda"},"content":{"rendered":"<p>[vc_row row_type=\u00bbrow\u00bb use_row_as_full_screen_section=\u00bbno\u00bb type=\u00bbfull_width\u00bb angled_section=\u00bbno\u00bb text_align=\u00bbleft\u00bb background_image_as_pattern=\u00bbwithout_pattern\u00bb css_animation=\u00bb\u00bb][vc_column width=\u00bb1\/2&#8243;][vc_column_text]<\/p>\n<h1>L\u00e1ser Esc\u00e1ner para Topograf\u00eda<\/h1>\n<p>[\/vc_column_text][vc_separator type=\u00bbtransparent\u00bb][vc_column_text]Esta tecnolog\u00eda nos permite crear modelos en 3D con precisiones milim\u00e9tricas y cuyo rango de aplicaci\u00f3n es ilimitado. El producto que se crea es una nube de puntos de alt\u00edsima intensidad a partir de la cual podemos realizar c\u00e1lculos m\u00e9tricos, modelar elementos en 3D y 2D, obtener dibujos, secciones, cortes, c\u00e1lculos topogr\u00e1ficos&#8230;[\/vc_column_text][vc_separator type=\u00bbtransparent\u00bb][vc_column_text]<\/p>\n<h2>Aplicaciones del L\u00e1ser Esc\u00e1ner<\/h2>\n<p>[\/vc_column_text][vc_separator type=\u00bbtransparent\u00bb][vc_column_text]<\/p>\n<ul>\n<li>Levantamientos Topogr\u00e1ficos, Levantamientos mineros y subterr\u00e1neos<\/li>\n<li>Presas<\/li>\n<li>V\u00edas de comunicaci\u00f3n (Carreteras, taludes, estructuras\u2026)<\/li>\n<li>Viaductos y obras de f\u00e1brica<\/li>\n<li>Arquitectura y edificaci\u00f3n<\/li>\n<li>L\u00edneas El\u00e9ctricas y Subestaciones<\/li>\n<li>Plantas industriales (Refiner\u00edas de Gas, petr\u00f3leo\u2026)<\/li>\n<li>Instalaciones (automoci\u00f3n, aeron\u00e1utica\u2026)<\/li>\n<li>Construcci\u00f3n naval<\/li>\n<li>Tuber\u00edas<\/li>\n<li>Plataformas mar\u00edtimas<\/li>\n<li>Documentaci\u00f3n y monitorizaci\u00f3n patrimonial (arquitect\u00f3nica, arqueol\u00f3gica, obras de arte\u2026)<\/li>\n<li>Estudios forenses<\/li>\n<li>Entornos militares\u2026<\/li>\n<\/ul>\n<p>[\/vc_column_text][\/vc_column][vc_column width=\u00bb1\/2&#8243;][vc_column_text]<img loading=\"lazy\" decoding=\"async\" class=\"alignnone wp-image-811 size-full\" title=\"l\u00e1ser esc\u00e1ner para topograf\u00eda\" src=\"https:\/\/geodronsl.com\/wp-content\/uploads\/2016\/08\/laser-escaner-para-topografia.jpg\" alt=\"aplicaciones del l\u00e1ser esc\u00e1ner\" width=\"500\" height=\"500\" srcset=\"https:\/\/geodronsl.com\/wp-content\/uploads\/2016\/08\/laser-escaner-para-topografia.jpg 500w, https:\/\/geodronsl.com\/wp-content\/uploads\/2016\/08\/laser-escaner-para-topografia-150x150.jpg 150w, https:\/\/geodronsl.com\/wp-content\/uploads\/2016\/08\/laser-escaner-para-topografia-300x300.jpg 300w\" sizes=\"auto, (max-width: 500px) 100vw, 500px\" \/>[\/vc_column_text][\/vc_column][\/vc_row]<\/p>\n","protected":false},"excerpt":{"rendered":"<p>[vc_row row_type=\u00bbrow\u00bb use_row_as_full_screen_section=\u00bbno\u00bb type=\u00bbfull_width\u00bb angled_section=\u00bbno\u00bb text_align=\u00bbleft\u00bb background_image_as_pattern=\u00bbwithout_pattern\u00bb css_animation=\u00bb\u00bb][vc_column width=\u00bb1\/2&#8243;][vc_column_text] L\u00e1ser Esc\u00e1ner para Topograf\u00eda [\/vc_column_text][vc_separator type=\u00bbtransparent\u00bb][vc_column_text]Esta tecnolog\u00eda nos permite crear modelos en 3D con precisiones milim\u00e9tricas y cuyo rango de aplicaci\u00f3n es ilimitado. El producto que se crea es una nube de puntos de alt\u00edsima intensidad&#8230;<\/p>\n","protected":false},"author":5,"featured_media":0,"parent":0,"menu_order":0,"comment_status":"closed","ping_status":"closed","template":"","meta":{"footnotes":""},"class_list":["post-641","page","type-page","status-publish","hentry"],"_links":{"self":[{"href":"https:\/\/geodronsl.com\/es\/wp-json\/wp\/v2\/pages\/641","targetHints":{"allow":["GET"]}}],"collection":[{"href":"https:\/\/geodronsl.com\/es\/wp-json\/wp\/v2\/pages"}],"about":[{"href":"https:\/\/geodronsl.com\/es\/wp-json\/wp\/v2\/types\/page"}],"author":[{"embeddable":true,"href":"https:\/\/geodronsl.com\/es\/wp-json\/wp\/v2\/users\/5"}],"replies":[{"embeddable":true,"href":"https:\/\/geodronsl.com\/es\/wp-json\/wp\/v2\/comments?post=641"}],"version-history":[{"count":8,"href":"https:\/\/geodronsl.com\/es\/wp-json\/wp\/v2\/pages\/641\/revisions"}],"predecessor-version":[{"id":1216,"href":"https:\/\/geodronsl.com\/es\/wp-json\/wp\/v2\/pages\/641\/revisions\/1216"}],"wp:attachment":[{"href":"https:\/\/geodronsl.com\/es\/wp-json\/wp\/v2\/media?parent=641"}],"curies":[{"name":"wp","href":"https:\/\/api.w.org\/{rel}","templated":true}]}}