{"id":631,"date":"2018-06-19T11:50:53","date_gmt":"2018-06-19T11:50:53","guid":{"rendered":"http:\/\/geodron.dev-smedialab.es\/?page_id=631\/"},"modified":"2018-07-14T13:45:23","modified_gmt":"2018-07-14T13:45:23","slug":"tecnologia-cartografia-fotogrametria-aerea","status":"publish","type":"page","link":"https:\/\/geodronsl.com\/es\/tecnologia\/drones-uav-cartografia-fotogrametria-aerea\/","title":{"rendered":"Drones &#8211; UAV para Cartograf\u00eda y Fotogrametr\u00eda A\u00e9rea"},"content":{"rendered":"<p>[vc_row row_type=\u00bbrow\u00bb use_row_as_full_screen_section=\u00bbno\u00bb type=\u00bbfull_width\u00bb angled_section=\u00bbno\u00bb text_align=\u00bbleft\u00bb background_image_as_pattern=\u00bbwithout_pattern\u00bb css_animation=\u00bb\u00bb][vc_column width=\u00bb1\/2&#8243;][vc_column_text]<\/p>\n<h1>Cartograf\u00eda y Fotogrametr\u00eda A\u00e9rea con Drones &#8211; UAV<\/h1>\n<p>[\/vc_column_text][vc_separator type=\u00bbtransparent\u00bb][vc_column_text]Con los UAV de ala fija y ala rotatoria de GEODRON establecemos un nuevo est\u00e1ndar en la precisi\u00f3n, robustez y rendimiento cartogr\u00e1fico, mediante la captura de im\u00e1genes a\u00e9reas como soporte preciso en la obtenci\u00f3n de datos para trabajos topogr\u00e1ficos e informaci\u00f3n Geoespacial.[\/vc_column_text][vc_separator type=\u00bbtransparent\u00bb][vc_column_text]<\/p>\n<h2>Tecnolog\u00eda RTK en los Drones<\/h2>\n<p>[\/vc_column_text][vc_column_text]Provistos de RTK, los nuevos UAV de Geodron pueden asignar m\u00e1s hect\u00e1reas por vuelo que cualquier avi\u00f3n no tripulado en su clase de peso. Volando a una altura permitida de 120 mts sobre el terreno y una duraci\u00f3n superior a 1 hora de vuelo, la cobertura del terreno adquirida es de 220 has, con una GSD de 1cm\/pixel, lo que equivale a una precisi\u00f3n en xyz de 3cm.[\/vc_column_text][\/vc_column][vc_column width=\u00bb1\/2&#8243; css=\u00bb.vc_custom_1489669162394{padding-right: 0px !important;padding-left: 0px !important;}\u00bb el_class=\u00bbelement_from_right element_from_right_on\u00bb][vc_column_text]<img loading=\"lazy\" decoding=\"async\" class=\"alignnone wp-image-1264 size-full\" title=\"cartograf\u00eda y fotogrametr\u00eda a\u00e9rea con drones \u2013 uav\" src=\"https:\/\/geodronsl.com\/wp-content\/uploads\/2018\/07\/cartografia-y-fotogrametria-aerea-con-drones-uav.jpg\" alt=\"tecnolog\u00eda rtk en los drones\" width=\"500\" height=\"500\" srcset=\"https:\/\/geodronsl.com\/wp-content\/uploads\/2018\/07\/cartografia-y-fotogrametria-aerea-con-drones-uav.jpg 500w, https:\/\/geodronsl.com\/wp-content\/uploads\/2018\/07\/cartografia-y-fotogrametria-aerea-con-drones-uav-150x150.jpg 150w, https:\/\/geodronsl.com\/wp-content\/uploads\/2018\/07\/cartografia-y-fotogrametria-aerea-con-drones-uav-300x300.jpg 300w\" sizes=\"auto, (max-width: 500px) 100vw, 500px\" \/>[\/vc_column_text][\/vc_column][\/vc_row]<\/p>\n","protected":false},"excerpt":{"rendered":"<p>[vc_row row_type=\u00bbrow\u00bb use_row_as_full_screen_section=\u00bbno\u00bb type=\u00bbfull_width\u00bb angled_section=\u00bbno\u00bb text_align=\u00bbleft\u00bb background_image_as_pattern=\u00bbwithout_pattern\u00bb css_animation=\u00bb\u00bb][vc_column width=\u00bb1\/2&#8243;][vc_column_text] Cartograf\u00eda y Fotogrametr\u00eda A\u00e9rea con Drones &#8211; UAV [\/vc_column_text][vc_separator type=\u00bbtransparent\u00bb][vc_column_text]Con los UAV de ala fija y ala rotatoria de GEODRON establecemos un nuevo est\u00e1ndar en la precisi\u00f3n, robustez y rendimiento cartogr\u00e1fico, mediante la captura de im\u00e1genes&#8230;<\/p>\n","protected":false},"author":5,"featured_media":0,"parent":0,"menu_order":0,"comment_status":"closed","ping_status":"closed","template":"","meta":{"footnotes":""},"class_list":["post-631","page","type-page","status-publish","hentry"],"_links":{"self":[{"href":"https:\/\/geodronsl.com\/es\/wp-json\/wp\/v2\/pages\/631","targetHints":{"allow":["GET"]}}],"collection":[{"href":"https:\/\/geodronsl.com\/es\/wp-json\/wp\/v2\/pages"}],"about":[{"href":"https:\/\/geodronsl.com\/es\/wp-json\/wp\/v2\/types\/page"}],"author":[{"embeddable":true,"href":"https:\/\/geodronsl.com\/es\/wp-json\/wp\/v2\/users\/5"}],"replies":[{"embeddable":true,"href":"https:\/\/geodronsl.com\/es\/wp-json\/wp\/v2\/comments?post=631"}],"version-history":[{"count":10,"href":"https:\/\/geodronsl.com\/es\/wp-json\/wp\/v2\/pages\/631\/revisions"}],"predecessor-version":[{"id":1267,"href":"https:\/\/geodronsl.com\/es\/wp-json\/wp\/v2\/pages\/631\/revisions\/1267"}],"wp:attachment":[{"href":"https:\/\/geodronsl.com\/es\/wp-json\/wp\/v2\/media?parent=631"}],"curies":[{"name":"wp","href":"https:\/\/api.w.org\/{rel}","templated":true}]}}