{"id":600,"date":"2018-06-13T15:33:37","date_gmt":"2018-06-13T15:33:37","guid":{"rendered":"http:\/\/geodron.dev-smedialab.es\/?page_id=600\/"},"modified":"2018-07-14T13:16:55","modified_gmt":"2018-07-14T13:16:55","slug":"trabajos-fotograficos-audiovisuales","status":"publish","type":"page","link":"https:\/\/geodronsl.com\/es\/servicios\/trabajos-fotograficos-y-audiovisuales\/","title":{"rendered":"Trabajos Fotogr\u00e1ficos y Audiovisuales con Drones &#8211; UAV"},"content":{"rendered":"<p>[vc_row row_type=\u00bbrow\u00bb use_row_as_full_screen_section=\u00bbno\u00bb type=\u00bbfull_width\u00bb angled_section=\u00bbno\u00bb text_align=\u00bbleft\u00bb background_image_as_pattern=\u00bbwithout_pattern\u00bb css_animation=\u00bb\u00bb][vc_column width=\u00bb1\/2&#8243;][vc_column_text]<\/p>\n<h1>Inspecci\u00f3n y revisi\u00f3n de instalaciones con Drones<\/h1>\n<p>[\/vc_column_text][vc_separator type=\u00bbtransparent\u00bb][vc_column_text]La excelente relaci\u00f3n de precio y operatividad que GEODRON ofrece respecto a otros sistemas y aeronaves tradicionales (helic\u00f3pteros, aviones tripulados\u2026) proporciona un aumento en la eficiencia y disminuci\u00f3n de costes por su r\u00e1pida capacidad de <strong>inspecci\u00f3n y revisi\u00f3n en instalaciones de grandes dimensiones o de acceso dif\u00edcil<\/strong> obteniendo im\u00e1genes de alta calidad.[\/vc_column_text][vc_separator type=\u00bbtransparent\u00bb][vc_column_text]<\/p>\n<h2>Aplicaciones Paisaj\u00edsticas con Drones<\/h2>\n<p>[\/vc_column_text][vc_separator type=\u00bbtransparent\u00bb][vc_column_text el_class=\u00bbdiv-Custom-List\u00bb]<\/p>\n<ul>\n<li>Seguimientos de obra civil y p\u00fablica<\/li>\n<li>Inspecciones de generadores e\u00f3licos.<\/li>\n<li>Inspecciones generales en buques, edificios y grandes infraestructuras (embalses, puentes, viaductos\u2026)<\/li>\n<li>Documentales.<\/li>\n<li>Turismo.<\/li>\n<li>Trabajos fotog\u00e1ficos<\/li>\n<li>Trabajos audiovisuales<\/li>\n<li>Arquitectura.<\/li>\n<li>Arqueolog\u00eda y Patrimonio Hist\u00f3rico Art\u00edstico<\/li>\n<li>Im\u00e1genes a\u00e9reas en general.<\/li>\n<\/ul>\n<p>[\/vc_column_text][\/vc_column][vc_column width=\u00bb1\/2&#8243;][vc_column_text]<img loading=\"lazy\" decoding=\"async\" class=\"alignnone wp-image-785 size-full\" title=\"inspecci\u00f3n y revisi\u00f3n de instalaciones con drones\" src=\"https:\/\/geodronsl.com\/wp-content\/uploads\/2017\/10\/inspeccion-revision-instalaciones-con-drones-uav.jpg\" alt=\"aplicaciones paisaj\u00edsticas con drones\" width=\"500\" height=\"500\" srcset=\"https:\/\/geodronsl.com\/wp-content\/uploads\/2017\/10\/inspeccion-revision-instalaciones-con-drones-uav.jpg 500w, https:\/\/geodronsl.com\/wp-content\/uploads\/2017\/10\/inspeccion-revision-instalaciones-con-drones-uav-150x150.jpg 150w, https:\/\/geodronsl.com\/wp-content\/uploads\/2017\/10\/inspeccion-revision-instalaciones-con-drones-uav-300x300.jpg 300w\" sizes=\"auto, (max-width: 500px) 100vw, 500px\" \/>[\/vc_column_text][\/vc_column][\/vc_row]<\/p>\n","protected":false},"excerpt":{"rendered":"<p>[vc_row row_type=\u00bbrow\u00bb use_row_as_full_screen_section=\u00bbno\u00bb type=\u00bbfull_width\u00bb angled_section=\u00bbno\u00bb text_align=\u00bbleft\u00bb background_image_as_pattern=\u00bbwithout_pattern\u00bb css_animation=\u00bb\u00bb][vc_column width=\u00bb1\/2&#8243;][vc_column_text] Inspecci\u00f3n y revisi\u00f3n de instalaciones con Drones [\/vc_column_text][vc_separator type=\u00bbtransparent\u00bb][vc_column_text]La excelente relaci\u00f3n de precio y operatividad que GEODRON ofrece respecto a otros sistemas y aeronaves tradicionales (helic\u00f3pteros, aviones tripulados\u2026) proporciona un aumento en la eficiencia y disminuci\u00f3n&#8230;<\/p>\n","protected":false},"author":5,"featured_media":0,"parent":0,"menu_order":0,"comment_status":"closed","ping_status":"closed","template":"","meta":{"footnotes":""},"class_list":["post-600","page","type-page","status-publish","hentry"],"_links":{"self":[{"href":"https:\/\/geodronsl.com\/es\/wp-json\/wp\/v2\/pages\/600","targetHints":{"allow":["GET"]}}],"collection":[{"href":"https:\/\/geodronsl.com\/es\/wp-json\/wp\/v2\/pages"}],"about":[{"href":"https:\/\/geodronsl.com\/es\/wp-json\/wp\/v2\/types\/page"}],"author":[{"embeddable":true,"href":"https:\/\/geodronsl.com\/es\/wp-json\/wp\/v2\/users\/5"}],"replies":[{"embeddable":true,"href":"https:\/\/geodronsl.com\/es\/wp-json\/wp\/v2\/comments?post=600"}],"version-history":[{"count":6,"href":"https:\/\/geodronsl.com\/es\/wp-json\/wp\/v2\/pages\/600\/revisions"}],"predecessor-version":[{"id":1574,"href":"https:\/\/geodronsl.com\/es\/wp-json\/wp\/v2\/pages\/600\/revisions\/1574"}],"wp:attachment":[{"href":"https:\/\/geodronsl.com\/es\/wp-json\/wp\/v2\/media?parent=600"}],"curies":[{"name":"wp","href":"https:\/\/api.w.org\/{rel}","templated":true}]}}