{"id":596,"date":"2018-06-13T15:04:44","date_gmt":"2018-06-13T15:04:44","guid":{"rendered":"http:\/\/geodron.dev-smedialab.es\/?page_id=596\/"},"modified":"2018-07-14T13:17:36","modified_gmt":"2018-07-14T13:17:36","slug":"aplicaciones-forestales","status":"publish","type":"page","link":"https:\/\/geodronsl.com\/es\/servicios\/recursos-forestales-drones-uav\/","title":{"rendered":"Recursos forestales con Drones &#8211; UAV"},"content":{"rendered":"<p>[vc_row row_type=\u00bbrow\u00bb use_row_as_full_screen_section=\u00bbno\u00bb type=\u00bbfull_width\u00bb angled_section=\u00bbno\u00bb text_align=\u00bbleft\u00bb background_image_as_pattern=\u00bbwithout_pattern\u00bb css_animation=\u00bb\u00bb][vc_column width=\u00bb1\/2&#8243;][vc_column_text]<img loading=\"lazy\" decoding=\"async\" class=\"alignnone wp-image-788 size-full\" title=\"recursos forestales con drones - uav \" src=\"https:\/\/geodronsl.com\/wp-content\/uploads\/2017\/10\/recursos-forestales-con-drones-uav.jpg\" alt=\"recursos forestales con drones\" width=\"500\" height=\"500\" srcset=\"https:\/\/geodronsl.com\/wp-content\/uploads\/2017\/10\/recursos-forestales-con-drones-uav.jpg 500w, https:\/\/geodronsl.com\/wp-content\/uploads\/2017\/10\/recursos-forestales-con-drones-uav-150x150.jpg 150w, https:\/\/geodronsl.com\/wp-content\/uploads\/2017\/10\/recursos-forestales-con-drones-uav-300x300.jpg 300w\" sizes=\"auto, (max-width: 500px) 100vw, 500px\" \/>[\/vc_column_text][\/vc_column][vc_column width=\u00bb1\/2&#8243;][vc_column_text]<\/p>\n<h1>Recursos forestales con Drones<\/h1>\n<p>[\/vc_column_text][vc_separator type=\u00bbtransparent\u00bb][vc_column_text el_class=\u00bbdiv-Custom-List\u00bb]<\/p>\n<ul>\n<li>Inventarios forestales<\/li>\n<li>Planes de ordenaci\u00f3n de bosques<\/li>\n<li>Sanidad forestal<\/li>\n<li>Programas de repoblaci\u00f3n forestal y cuantificaci\u00f3n<\/li>\n<li>Prevenci\u00f3n, detecci\u00f3n y mapeo de los da\u00f1os por plagas, enfermedades, fuego y plantaci\u00f3n<\/li>\n<li>Identificaci\u00f3n de las \u00e1reas de deficiencia para las aplicaciones de fertilizantes<\/li>\n<li>Operaciones de aclareo, planificaci\u00f3n y cosecha<\/li>\n<li>Monitoreo de la rehabilitaci\u00f3n del lugar despu\u00e9s de la cosecha<\/li>\n<li>Estudios de campo preliminares<\/li>\n<\/ul>\n<p>[\/vc_column_text][\/vc_column][\/vc_row]<\/p>\n","protected":false},"excerpt":{"rendered":"<p>[vc_row row_type=\u00bbrow\u00bb use_row_as_full_screen_section=\u00bbno\u00bb type=\u00bbfull_width\u00bb angled_section=\u00bbno\u00bb text_align=\u00bbleft\u00bb background_image_as_pattern=\u00bbwithout_pattern\u00bb css_animation=\u00bb\u00bb][vc_column width=\u00bb1\/2&#8243;][vc_column_text][\/vc_column_text][\/vc_column][vc_column width=\u00bb1\/2&#8243;][vc_column_text] Recursos forestales con Drones [\/vc_column_text][vc_separator type=\u00bbtransparent\u00bb][vc_column_text el_class=\u00bbdiv-Custom-List\u00bb] Inventarios forestales Planes de ordenaci\u00f3n de bosques Sanidad forestal Programas de repoblaci\u00f3n forestal y cuantificaci\u00f3n Prevenci\u00f3n, detecci\u00f3n y mapeo de los da\u00f1os por plagas, enfermedades, fuego y plantaci\u00f3n&#8230;<\/p>\n","protected":false},"author":5,"featured_media":0,"parent":0,"menu_order":0,"comment_status":"closed","ping_status":"closed","template":"","meta":{"footnotes":""},"class_list":["post-596","page","type-page","status-publish","hentry"],"_links":{"self":[{"href":"https:\/\/geodronsl.com\/es\/wp-json\/wp\/v2\/pages\/596","targetHints":{"allow":["GET"]}}],"collection":[{"href":"https:\/\/geodronsl.com\/es\/wp-json\/wp\/v2\/pages"}],"about":[{"href":"https:\/\/geodronsl.com\/es\/wp-json\/wp\/v2\/types\/page"}],"author":[{"embeddable":true,"href":"https:\/\/geodronsl.com\/es\/wp-json\/wp\/v2\/users\/5"}],"replies":[{"embeddable":true,"href":"https:\/\/geodronsl.com\/es\/wp-json\/wp\/v2\/comments?post=596"}],"version-history":[{"count":7,"href":"https:\/\/geodronsl.com\/es\/wp-json\/wp\/v2\/pages\/596\/revisions"}],"predecessor-version":[{"id":1246,"href":"https:\/\/geodronsl.com\/es\/wp-json\/wp\/v2\/pages\/596\/revisions\/1246"}],"wp:attachment":[{"href":"https:\/\/geodronsl.com\/es\/wp-json\/wp\/v2\/media?parent=596"}],"curies":[{"name":"wp","href":"https:\/\/api.w.org\/{rel}","templated":true}]}}