{"id":592,"date":"2018-06-13T14:57:53","date_gmt":"2018-06-13T14:57:53","guid":{"rendered":"http:\/\/geodron.dev-smedialab.es\/?page_id=592\/"},"modified":"2018-07-13T11:44:05","modified_gmt":"2018-07-13T11:44:05","slug":"medio-ambiente","status":"publish","type":"page","link":"https:\/\/geodronsl.com\/es\/servicios\/cuidado-medio-ambiente-drones-uav\/","title":{"rendered":"Drones para cuidar el Medio Ambiente"},"content":{"rendered":"<p>[vc_row row_type=\u00bbrow\u00bb use_row_as_full_screen_section=\u00bbno\u00bb type=\u00bbfull_width\u00bb angled_section=\u00bbno\u00bb text_align=\u00bbleft\u00bb background_image_as_pattern=\u00bbwithout_pattern\u00bb css_animation=\u00bb\u00bb][vc_column width=\u00bb1\/2&#8243;][vc_column_text]<\/p>\n<h1>Drones para cuidar el Medio Ambiente<\/h1>\n<p>[\/vc_column_text][vc_separator type=\u00bbtransparent\u00bb][vc_column_text]Los datos obtenidos mediante los UAVs de GEODRON son utilizados en distintas facetas medioambientales. Los S.I.G (Sistema de informaci\u00f3n geogr\u00e1fica) se basar\u00edan en ellos permitiendo una mejor planificaci\u00f3n de los servicios de mantenimiento y control de las empresas que realicen trabajos en las distintas \u00e1reas de actuaci\u00f3n desarrollando programas y utilizando la documentaci\u00f3n fotogr\u00e1fica para cada acci\u00f3n en particular.[\/vc_column_text][vc_separator type=\u00bbtransparent\u00bb][vc_column_text]\u00bbGEODRON es consciente de la importancia de proteger nuestros recursos naturales y facilitar el desarrollo humano de una manera sostenible\u00bb[\/vc_column_text][vc_separator type=\u00bbtransparent\u00bb][vc_column_text]<\/p>\n<h2>Drones para la gesti\u00f3n territorial<\/h2>\n<p>[\/vc_column_text][vc_column_text]La tecnolog\u00eda empleada por GEODRON facilita la labor a las Administraciones p\u00fablicas, estudios de arquitectura o empresas que trabajen en <strong>estudios de gesti\u00f3n territorial<\/strong> ayud\u00e1ndoles tanto en \u00e1mbitos forestales como paisaj\u00edsticos.[\/vc_column_text][\/vc_column][vc_column width=\u00bb1\/2&#8243;][vc_column_text]<img loading=\"lazy\" decoding=\"async\" class=\"alignnone wp-image-783 size-full\" title=\"drones para cuidar el medio ambiente\" src=\"https:\/\/geodronsl.com\/wp-content\/uploads\/2017\/10\/cuidado-medio-ambiente-con-drones-uav.jpg\" alt=\"drones para la gestion territorial\" width=\"500\" height=\"500\" srcset=\"https:\/\/geodronsl.com\/wp-content\/uploads\/2017\/10\/cuidado-medio-ambiente-con-drones-uav.jpg 500w, https:\/\/geodronsl.com\/wp-content\/uploads\/2017\/10\/cuidado-medio-ambiente-con-drones-uav-150x150.jpg 150w, https:\/\/geodronsl.com\/wp-content\/uploads\/2017\/10\/cuidado-medio-ambiente-con-drones-uav-300x300.jpg 300w\" sizes=\"auto, (max-width: 500px) 100vw, 500px\" \/>[\/vc_column_text][\/vc_column][\/vc_row][vc_row row_type=\u00bbrow\u00bb use_row_as_full_screen_section=\u00bbno\u00bb type=\u00bbfull_width\u00bb angled_section=\u00bbno\u00bb text_align=\u00bbleft\u00bb background_image_as_pattern=\u00bbwithout_pattern\u00bb css_animation=\u00bb\u00bb][vc_column][vc_separator type=\u00bbnormal\u00bb up=\u00bb20px\u00bb][\/vc_column][\/vc_row][vc_row row_type=\u00bbrow\u00bb use_row_as_full_screen_section=\u00bbno\u00bb type=\u00bbfull_width\u00bb angled_section=\u00bbno\u00bb text_align=\u00bbleft\u00bb background_image_as_pattern=\u00bbwithout_pattern\u00bb css_animation=\u00bb\u00bb el_id=\u00bbproyectos\u00bb][vc_column][vc_column_text]<\/p>\n<h2>Proyectos de Medio Ambiente<\/h2>\n<p>[\/vc_column_text][\/vc_column][\/vc_row][vc_row row_type=\u00bbrow\u00bb use_row_as_full_screen_section=\u00bbno\u00bb type=\u00bbfull_width\u00bb angled_section=\u00bbno\u00bb text_align=\u00bbleft\u00bb background_image_as_pattern=\u00bbwithout_pattern\u00bb css_animation=\u00bb\u00bb][vc_column]<div class=\"projects_masonry_wrapper \"><div class=\"projects_masonry_holder portfolio_main_holder portfolio_masonry_gallery_with_space  gs5\"><div class=\"qode-portfolio-masonry-gallery-grid-sizer\"><\/div><div class=\"qode-portfolio-masonry-gallery-grid-gutter\"><\/div><article class='portfolio_masonry_item portfolio_category_8  default'><div class='image_holder'><a itemprop='url' class='portfolio_link_for_touch' href='https:\/\/geodronsl.com\/es\/servicios\/agricultura-precision-drones\/proyectos\/vuelo-fotogrametrico-uav-campo-de-maiz\/' target='_self'><span class='image'><img loading=\"lazy\" decoding=\"async\" width=\"500\" height=\"500\" src=\"https:\/\/geodronsl.com\/wp-content\/uploads\/2017\/05\/AGRICULTURA-DE-PRECISI\u00d3N_conjunto-500x500.jpg\" class=\"attachment-portfolio_masonry_regular size-portfolio_masonry_regular wp-post-image\" alt=\"\" srcset=\"https:\/\/geodronsl.com\/wp-content\/uploads\/2017\/05\/AGRICULTURA-DE-PRECISI\u00d3N_conjunto-500x500.jpg 500w, https:\/\/geodronsl.com\/wp-content\/uploads\/2017\/05\/AGRICULTURA-DE-PRECISI\u00d3N_conjunto-150x150.jpg 150w, https:\/\/geodronsl.com\/wp-content\/uploads\/2017\/05\/AGRICULTURA-DE-PRECISI\u00d3N_conjunto-570x570.jpg 570w\" sizes=\"auto, (max-width: 500px) 100vw, 500px\" \/><\/span><\/a><span class='text_holder'><span class='text_outer'><span class='text_inner'><div class=\"hover_feature_holder_title\"><div class=\"hover_feature_holder_title_inner\"><h3 itemprop=\"name\" class=\"portfolio_title entry_title\"><a itemprop=\"url\" href=\"https:\/\/geodronsl.com\/es\/servicios\/agricultura-precision-drones\/proyectos\/vuelo-fotogrametrico-uav-campo-de-maiz\/\"  target=\"_self\">Vuelo fotogram\u00e9trico con c\u00e1mara NIR &#8211; VUELO CAMPO DE MA\u00cdZ, HUESCA<\/a><\/h3><span class=\"project_category\" >Agricultura de precisi\u00f3n y Medio Ambiente<\/span><\/div><\/div><span class='feature_holder'><span class=\"feature_holder_icons\"><a itemprop='url' class='preview qbutton small white' href='https:\/\/geodronsl.com\/es\/servicios\/agricultura-precision-drones\/proyectos\/vuelo-fotogrametrico-uav-campo-de-maiz\/' target='_self'>ver<\/i><\/a><\/span><\/span><\/span><\/span><\/span><\/div><\/article><\/div><\/div>[\/vc_column][\/vc_row]<\/p>\n","protected":false},"excerpt":{"rendered":"<p>[vc_row row_type=\u00bbrow\u00bb use_row_as_full_screen_section=\u00bbno\u00bb type=\u00bbfull_width\u00bb angled_section=\u00bbno\u00bb text_align=\u00bbleft\u00bb background_image_as_pattern=\u00bbwithout_pattern\u00bb css_animation=\u00bb\u00bb][vc_column width=\u00bb1\/2&#8243;][vc_column_text] Drones para cuidar el Medio Ambiente [\/vc_column_text][vc_separator type=\u00bbtransparent\u00bb][vc_column_text]Los datos obtenidos mediante los UAVs de GEODRON son utilizados en distintas facetas medioambientales. Los S.I.G (Sistema de informaci\u00f3n geogr\u00e1fica) se basar\u00edan en ellos permitiendo una mejor planificaci\u00f3n de&#8230;<\/p>\n","protected":false},"author":5,"featured_media":0,"parent":0,"menu_order":0,"comment_status":"closed","ping_status":"closed","template":"","meta":{"footnotes":""},"class_list":["post-592","page","type-page","status-publish","hentry"],"_links":{"self":[{"href":"https:\/\/geodronsl.com\/es\/wp-json\/wp\/v2\/pages\/592","targetHints":{"allow":["GET"]}}],"collection":[{"href":"https:\/\/geodronsl.com\/es\/wp-json\/wp\/v2\/pages"}],"about":[{"href":"https:\/\/geodronsl.com\/es\/wp-json\/wp\/v2\/types\/page"}],"author":[{"embeddable":true,"href":"https:\/\/geodronsl.com\/es\/wp-json\/wp\/v2\/users\/5"}],"replies":[{"embeddable":true,"href":"https:\/\/geodronsl.com\/es\/wp-json\/wp\/v2\/comments?post=592"}],"version-history":[{"count":11,"href":"https:\/\/geodronsl.com\/es\/wp-json\/wp\/v2\/pages\/592\/revisions"}],"predecessor-version":[{"id":1186,"href":"https:\/\/geodronsl.com\/es\/wp-json\/wp\/v2\/pages\/592\/revisions\/1186"}],"wp:attachment":[{"href":"https:\/\/geodronsl.com\/es\/wp-json\/wp\/v2\/media?parent=592"}],"curies":[{"name":"wp","href":"https:\/\/api.w.org\/{rel}","templated":true}]}}