{"id":588,"date":"2018-06-13T14:56:21","date_gmt":"2018-06-13T14:56:21","guid":{"rendered":"http:\/\/geodron.dev-smedialab.es\/?page_id=588\/"},"modified":"2018-07-14T13:27:00","modified_gmt":"2018-07-14T13:27:00","slug":"ordenacion-territorio","status":"publish","type":"page","link":"https:\/\/geodronsl.com\/es\/servicios\/ordenamiento-territorial-con-drones\/","title":{"rendered":"Ordenamiento territorial con Drones &#8211; UAV"},"content":{"rendered":"<p>[vc_row row_type=\u00bbrow\u00bb use_row_as_full_screen_section=\u00bbno\u00bb type=\u00bbfull_width\u00bb angled_section=\u00bbno\u00bb text_align=\u00bbleft\u00bb background_image_as_pattern=\u00bbwithout_pattern\u00bb css_animation=\u00bb\u00bb][vc_column width=\u00bb1\/2&#8243;][vc_column_text]<img loading=\"lazy\" decoding=\"async\" class=\"alignnone wp-image-1225 size-full\" title=\"ordenamiento territorial con drones SIG\" src=\"https:\/\/geodronsl.com\/wp-content\/uploads\/2018\/07\/SIG-ordenamiento-territorial-con-drones-uav.jpg\" alt=\"ordenamiento territorial con drones (s.i.g)\" width=\"500\" height=\"500\" srcset=\"https:\/\/geodronsl.com\/wp-content\/uploads\/2018\/07\/SIG-ordenamiento-territorial-con-drones-uav.jpg 500w, https:\/\/geodronsl.com\/wp-content\/uploads\/2018\/07\/SIG-ordenamiento-territorial-con-drones-uav-150x150.jpg 150w, https:\/\/geodronsl.com\/wp-content\/uploads\/2018\/07\/SIG-ordenamiento-territorial-con-drones-uav-300x300.jpg 300w\" sizes=\"auto, (max-width: 500px) 100vw, 500px\" \/>[\/vc_column_text][\/vc_column][vc_column width=\u00bb1\/2&#8243;][vc_column_text]<\/p>\n<h1>Ordenamiento territorial con Drones (S.I.G)<\/h1>\n<p>[\/vc_column_text][vc_separator type=\u00bbtransparent\u00bb][vc_column_text]Proyectos integrales de regeneraci\u00f3n de espacios urbanos, evaluaciones ambientales, estudios de transporte, tr\u00e1fico y movilidad\u2026 son proyectos a los que GEODRON puede aportar datos eficaces para poderlos llevar a cabo con precisi\u00f3n y \u00e9xito. Con los datos tomados con los UAV y gestion\u00e1ndolos adecuadamente mediante programas de S.I.G (sistema de informaci\u00f3n geogr\u00e1fica) se podr\u00e1 dar soluciones sostenibles a problemas territoriales.[\/vc_column_text][vc_separator type=\u00bbtransparent\u00bb][vc_column_text]\u00bbLa raz\u00f3n fundamental para utilizar un S.I.G es la gesti\u00f3n de informaci\u00f3n espacial\u00bb[\/vc_column_text][\/vc_column][\/vc_row][vc_row row_type=\u00bbrow\u00bb use_row_as_full_screen_section=\u00bbno\u00bb type=\u00bbfull_width\u00bb angled_section=\u00bbno\u00bb text_align=\u00bbleft\u00bb background_image_as_pattern=\u00bbwithout_pattern\u00bb css_animation=\u00bb\u00bb][vc_column][vc_separator type=\u00bbnormal\u00bb up=\u00bb20px\u00bb][\/vc_column][\/vc_row][vc_row row_type=\u00bbrow\u00bb use_row_as_full_screen_section=\u00bbno\u00bb type=\u00bbfull_width\u00bb angled_section=\u00bbno\u00bb text_align=\u00bbleft\u00bb background_image_as_pattern=\u00bbwithout_pattern\u00bb css_animation=\u00bb\u00bb el_id=\u00bbproyectos\u00bb][vc_column][vc_column_text]<\/p>\n<h2>Proyectos de Ordenamiento Territorial con Drones<\/h2>\n<p>[\/vc_column_text][\/vc_column][\/vc_row][vc_row row_type=\u00bbrow\u00bb use_row_as_full_screen_section=\u00bbno\u00bb type=\u00bbfull_width\u00bb angled_section=\u00bbno\u00bb text_align=\u00bbleft\u00bb background_image_as_pattern=\u00bbwithout_pattern\u00bb css_animation=\u00bb\u00bb][vc_column]<div class=\"projects_masonry_wrapper \"><div class=\"projects_masonry_holder portfolio_main_holder portfolio_masonry_gallery_with_space  gs5\"><div class=\"qode-portfolio-masonry-gallery-grid-sizer\"><\/div><div class=\"qode-portfolio-masonry-gallery-grid-gutter\"><\/div><article class='portfolio_masonry_item portfolio_category_9  default'><div class='image_holder'><a itemprop='url' class='portfolio_link_for_touch' href='https:\/\/geodronsl.com\/es\/servicios\/ordenamiento-territorial-con-drones\/proyectos\/puerto-de-morrojable\/' target='_self'><span class='image'><img loading=\"lazy\" decoding=\"async\" width=\"500\" height=\"500\" src=\"https:\/\/geodronsl.com\/wp-content\/uploads\/2017\/05\/BATIMETR\u00cdA-TOPOGR\u00c1FICO-MORROJABLE-500x500.jpg\" class=\"attachment-portfolio_masonry_regular size-portfolio_masonry_regular wp-post-image\" alt=\"\" srcset=\"https:\/\/geodronsl.com\/wp-content\/uploads\/2017\/05\/BATIMETR\u00cdA-TOPOGR\u00c1FICO-MORROJABLE-500x500.jpg 500w, https:\/\/geodronsl.com\/wp-content\/uploads\/2017\/05\/BATIMETR\u00cdA-TOPOGR\u00c1FICO-MORROJABLE-150x150.jpg 150w, https:\/\/geodronsl.com\/wp-content\/uploads\/2017\/05\/BATIMETR\u00cdA-TOPOGR\u00c1FICO-MORROJABLE-570x570.jpg 570w\" sizes=\"auto, (max-width: 500px) 100vw, 500px\" \/><\/span><\/a><span class='text_holder'><span class='text_outer'><span class='text_inner'><div class=\"hover_feature_holder_title\"><div class=\"hover_feature_holder_title_inner\"><h3 itemprop=\"name\" class=\"portfolio_title entry_title\"><a itemprop=\"url\" href=\"https:\/\/geodronsl.com\/es\/servicios\/ordenamiento-territorial-con-drones\/proyectos\/puerto-de-morrojable\/\"  target=\"_self\">Estudio topobatim\u00e9trico e inspecci\u00f3n submarina &#8211; PUERTO DE MORROJABLE<\/a><\/h3><span class=\"project_category\" >G.I.S. ordenacio\u0301n del territorio<\/span><\/div><\/div><span class='feature_holder'><span class=\"feature_holder_icons\"><a itemprop='url' class='preview qbutton small white' href='https:\/\/geodronsl.com\/es\/servicios\/ordenamiento-territorial-con-drones\/proyectos\/puerto-de-morrojable\/' target='_self'>ver<\/i><\/a><\/span><\/span><\/span><\/span><\/span><\/div><\/article><article class='portfolio_masonry_item portfolio_category_9  default'><div class='image_holder'><a itemprop='url' class='portfolio_link_for_touch' href='https:\/\/geodronsl.com\/es\/servicios\/ordenamiento-territorial-con-drones\/proyectos\/p-i-r-s\/' target='_self'><span class='image'><img loading=\"lazy\" decoding=\"async\" width=\"500\" height=\"500\" src=\"https:\/\/geodronsl.com\/wp-content\/uploads\/2017\/05\/P.I.R.S-CONTROL-SELLADO-CELDA-4-TENERIFE-FINAL-500x500.jpg\" class=\"attachment-portfolio_masonry_regular size-portfolio_masonry_regular wp-post-image\" alt=\"\" srcset=\"https:\/\/geodronsl.com\/wp-content\/uploads\/2017\/05\/P.I.R.S-CONTROL-SELLADO-CELDA-4-TENERIFE-FINAL-500x500.jpg 500w, https:\/\/geodronsl.com\/wp-content\/uploads\/2017\/05\/P.I.R.S-CONTROL-SELLADO-CELDA-4-TENERIFE-FINAL-150x150.jpg 150w, https:\/\/geodronsl.com\/wp-content\/uploads\/2017\/05\/P.I.R.S-CONTROL-SELLADO-CELDA-4-TENERIFE-FINAL-570x570.jpg 570w\" sizes=\"auto, (max-width: 500px) 100vw, 500px\" \/><\/span><\/a><span class='text_holder'><span class='text_outer'><span class='text_inner'><div class=\"hover_feature_holder_title\"><div class=\"hover_feature_holder_title_inner\"><h3 itemprop=\"name\" class=\"portfolio_title entry_title\"><a itemprop=\"url\" href=\"https:\/\/geodronsl.com\/es\/servicios\/ordenamiento-territorial-con-drones\/proyectos\/p-i-r-s\/\"  target=\"_self\">Levantamiento topogr\u00e1fico &#8211; Plan Insular de Residuos S\u00f3lidos (P.I.R.S)<\/a><\/h3><span class=\"project_category\" >G.I.S. ordenacio\u0301n del territorio<\/span><\/div><\/div><span class='feature_holder'><span class=\"feature_holder_icons\"><a itemprop='url' class='preview qbutton small white' href='https:\/\/geodronsl.com\/es\/servicios\/ordenamiento-territorial-con-drones\/proyectos\/p-i-r-s\/' target='_self'>ver<\/i><\/a><\/span><\/span><\/span><\/span><\/span><\/div><\/article><article class='portfolio_masonry_item portfolio_category_9  default'><div class='image_holder'><a itemprop='url' class='portfolio_link_for_touch' href='https:\/\/geodronsl.com\/es\/servicios\/ordenamiento-territorial-con-drones\/proyectos\/central-hidroelectrica-san-gaban-peru\/' target='_self'><span class='image'><img loading=\"lazy\" decoding=\"async\" width=\"500\" height=\"500\" src=\"https:\/\/geodronsl.com\/wp-content\/uploads\/2017\/05\/CONJUNTO-CASAHUIRI-500x500.jpg\" class=\"attachment-portfolio_masonry_regular size-portfolio_masonry_regular wp-post-image\" alt=\"\" srcset=\"https:\/\/geodronsl.com\/wp-content\/uploads\/2017\/05\/CONJUNTO-CASAHUIRI-500x500.jpg 500w, https:\/\/geodronsl.com\/wp-content\/uploads\/2017\/05\/CONJUNTO-CASAHUIRI-150x150.jpg 150w, https:\/\/geodronsl.com\/wp-content\/uploads\/2017\/05\/CONJUNTO-CASAHUIRI-570x570.jpg 570w\" sizes=\"auto, (max-width: 500px) 100vw, 500px\" \/><\/span><\/a><span class='text_holder'><span class='text_outer'><span class='text_inner'><div class=\"hover_feature_holder_title\"><div class=\"hover_feature_holder_title_inner\"><h3 itemprop=\"name\" class=\"portfolio_title entry_title\"><a itemprop=\"url\" href=\"https:\/\/geodronsl.com\/es\/servicios\/ordenamiento-territorial-con-drones\/proyectos\/central-hidroelectrica-san-gaban-peru\/\"  target=\"_self\">Apoyo topogr\u00e1fico en campo, revisi\u00f3n y elaboraci\u00f3n de planos finales &#8211; CENTRAL HIDROEL\u00c9CTRICA SAN GAB\u00c1N &#8211; PER\u00da<\/a><\/h3><span class=\"project_category\" >G.I.S. ordenacio\u0301n del territorio<\/span><\/div><\/div><span class='feature_holder'><span class=\"feature_holder_icons\"><a itemprop='url' class='preview qbutton small white' href='https:\/\/geodronsl.com\/es\/servicios\/ordenamiento-territorial-con-drones\/proyectos\/central-hidroelectrica-san-gaban-peru\/' target='_self'>ver<\/i><\/a><\/span><\/span><\/span><\/span><\/span><\/div><\/article><\/div><\/div>[\/vc_column][\/vc_row]<\/p>\n","protected":false},"excerpt":{"rendered":"<p>[vc_row row_type=\u00bbrow\u00bb use_row_as_full_screen_section=\u00bbno\u00bb type=\u00bbfull_width\u00bb angled_section=\u00bbno\u00bb text_align=\u00bbleft\u00bb background_image_as_pattern=\u00bbwithout_pattern\u00bb css_animation=\u00bb\u00bb][vc_column width=\u00bb1\/2&#8243;][vc_column_text][\/vc_column_text][\/vc_column][vc_column width=\u00bb1\/2&#8243;][vc_column_text] Ordenamiento territorial con Drones (S.I.G) [\/vc_column_text][vc_separator type=\u00bbtransparent\u00bb][vc_column_text]Proyectos integrales de regeneraci\u00f3n de espacios urbanos, evaluaciones ambientales, estudios de transporte, tr\u00e1fico y movilidad\u2026 son proyectos a los que GEODRON puede aportar datos eficaces para poderlos llevar a&#8230;<\/p>\n","protected":false},"author":5,"featured_media":0,"parent":0,"menu_order":0,"comment_status":"closed","ping_status":"closed","template":"","meta":{"footnotes":""},"class_list":["post-588","page","type-page","status-publish","hentry"],"_links":{"self":[{"href":"https:\/\/geodronsl.com\/es\/wp-json\/wp\/v2\/pages\/588","targetHints":{"allow":["GET"]}}],"collection":[{"href":"https:\/\/geodronsl.com\/es\/wp-json\/wp\/v2\/pages"}],"about":[{"href":"https:\/\/geodronsl.com\/es\/wp-json\/wp\/v2\/types\/page"}],"author":[{"embeddable":true,"href":"https:\/\/geodronsl.com\/es\/wp-json\/wp\/v2\/users\/5"}],"replies":[{"embeddable":true,"href":"https:\/\/geodronsl.com\/es\/wp-json\/wp\/v2\/comments?post=588"}],"version-history":[{"count":8,"href":"https:\/\/geodronsl.com\/es\/wp-json\/wp\/v2\/pages\/588\/revisions"}],"predecessor-version":[{"id":1228,"href":"https:\/\/geodronsl.com\/es\/wp-json\/wp\/v2\/pages\/588\/revisions\/1228"}],"wp:attachment":[{"href":"https:\/\/geodronsl.com\/es\/wp-json\/wp\/v2\/media?parent=588"}],"curies":[{"name":"wp","href":"https:\/\/api.w.org\/{rel}","templated":true}]}}