{"id":584,"date":"2018-06-13T14:52:20","date_gmt":"2018-06-13T14:52:20","guid":{"rendered":"http:\/\/geodron.dev-smedialab.es\/?page_id=584\/"},"modified":"2018-07-19T17:51:40","modified_gmt":"2018-07-19T17:51:40","slug":"agricultura-de-precision","status":"publish","type":"page","link":"https:\/\/geodronsl.com\/es\/servicios\/agricultura-precision-drones\/","title":{"rendered":"Agricultura de precisi\u00f3n con Drones &#8211; UAV"},"content":{"rendered":"<p>[vc_row row_type=\u00bbrow\u00bb use_row_as_full_screen_section=\u00bbno\u00bb type=\u00bbfull_width\u00bb angled_section=\u00bbno\u00bb text_align=\u00bbleft\u00bb background_image_as_pattern=\u00bbwithout_pattern\u00bb css_animation=\u00bb\u00bb][vc_column width=\u00bb1\/2&#8243; el_class=\u00bbelement_from_left element_from_left_on\u00bb][vc_column_text]<\/p>\n<h1>Agricultura de precisi\u00f3n con Drones<\/h1>\n<p>[\/vc_column_text][vc_separator type=\u00bbtransparent\u00bb][vc_column_text]La <strong>Agricultura de Precisi\u00f3n<\/strong> es un sistema de gesti\u00f3n inteligente de los cultivos que utiliza las \u00faltimas herramientas tecnol\u00f3gicas y brinda beneficios a nivel econ\u00f3mico, as\u00ed como en eficiencia ambiental, ahorrando en el costo de riego, abonado, fumigaci\u00f3n de plagas\u2026[\/vc_column_text][vc_separator type=\u00bbtransparent\u00bb][vc_column_text]\u00bbLas plantas enferman, pero no siempre sus s\u00edntomas son visibles para el ojo humano\u00bb[\/vc_column_text][vc_separator type=\u00bbtransparent\u00bb][vc_column_text]<\/p>\n<h2>C\u00c1MARAS T\u00c9RMICAS PARA AGRICULTURA DE PRECISI\u00d3N<\/h2>\n<p>[\/vc_column_text][vc_column_text]Sabiendo de la importancia que cada d\u00eda va adquiriendo la optimizaci\u00f3n de los recursos disponibles, GEODRON proporciona una herramienta fundamental para la <strong>Agricultura de precisi\u00f3n y Silvicultura<\/strong>. <strong>Con el uso de los UAV<\/strong>, equipados con c\u00e1maras multiespectrales y t\u00e9rmicas, podremos conocer en tiempo real el estado de las diferentes explotaciones y as\u00ed mejorar su eficiencia, pudiendo intervenir en el momento adecuado y en el lugar preciso.[\/vc_column_text][\/vc_column][vc_column width=\u00bb1\/2&#8243; css=\u00bb.vc_custom_1532022690457{padding-right: 0px !important;padding-left: 0px !important;}\u00bb el_class=\u00bbelement_from_right element_from_right_on\u00bb][vc_column_text]<img loading=\"lazy\" decoding=\"async\" class=\"alignnone wp-image-887\" title=\"agricultura de precision con drones - uav\" src=\"https:\/\/geodronsl.com\/wp-content\/uploads\/2017\/09\/agricultura-de-precision-con-drones-uav.gif\" alt=\"Camaras Termicas Para Agricultura De Precision\" width=\"500\" height=\"552\" \/>[\/vc_column_text][\/vc_column][\/vc_row][vc_row row_type=\u00bbrow\u00bb use_row_as_full_screen_section=\u00bbno\u00bb type=\u00bbfull_width\u00bb angled_section=\u00bbno\u00bb text_align=\u00bbleft\u00bb background_image_as_pattern=\u00bbwithout_pattern\u00bb css_animation=\u00bb\u00bb][vc_column][vc_separator type=\u00bbnormal\u00bb up=\u00bb20px\u00bb][\/vc_column][\/vc_row][vc_row row_type=\u00bbrow\u00bb use_row_as_full_screen_section=\u00bbno\u00bb type=\u00bbfull_width\u00bb angled_section=\u00bbno\u00bb text_align=\u00bbleft\u00bb background_image_as_pattern=\u00bbwithout_pattern\u00bb css_animation=\u00bb\u00bb el_id=\u00bbproyectos\u00bb][vc_column][vc_column_text]<\/p>\n<h2>Proyectos de Agricultura de Precisi\u00f3n<\/h2>\n<p>[\/vc_column_text][\/vc_column][\/vc_row][vc_row row_type=\u00bbrow\u00bb use_row_as_full_screen_section=\u00bbno\u00bb type=\u00bbfull_width\u00bb angled_section=\u00bbno\u00bb text_align=\u00bbleft\u00bb background_image_as_pattern=\u00bbwithout_pattern\u00bb css_animation=\u00bb\u00bb][vc_column]<div class=\"projects_masonry_wrapper \"><div class=\"projects_masonry_holder portfolio_main_holder portfolio_masonry_gallery_with_space  gs5\"><div class=\"qode-portfolio-masonry-gallery-grid-sizer\"><\/div><div class=\"qode-portfolio-masonry-gallery-grid-gutter\"><\/div><article class='portfolio_masonry_item portfolio_category_8  default'><div class='image_holder'><a itemprop='url' class='portfolio_link_for_touch' href='https:\/\/geodronsl.com\/es\/servicios\/agricultura-precision-drones\/proyectos\/vuelo-fotogrametrico-uav-campo-de-maiz\/' target='_self'><span class='image'><img loading=\"lazy\" decoding=\"async\" width=\"500\" height=\"500\" src=\"https:\/\/geodronsl.com\/wp-content\/uploads\/2017\/05\/AGRICULTURA-DE-PRECISI\u00d3N_conjunto-500x500.jpg\" class=\"attachment-portfolio_masonry_regular size-portfolio_masonry_regular wp-post-image\" alt=\"\" srcset=\"https:\/\/geodronsl.com\/wp-content\/uploads\/2017\/05\/AGRICULTURA-DE-PRECISI\u00d3N_conjunto-500x500.jpg 500w, https:\/\/geodronsl.com\/wp-content\/uploads\/2017\/05\/AGRICULTURA-DE-PRECISI\u00d3N_conjunto-150x150.jpg 150w, https:\/\/geodronsl.com\/wp-content\/uploads\/2017\/05\/AGRICULTURA-DE-PRECISI\u00d3N_conjunto-570x570.jpg 570w\" sizes=\"auto, (max-width: 500px) 100vw, 500px\" \/><\/span><\/a><span class='text_holder'><span class='text_outer'><span class='text_inner'><div class=\"hover_feature_holder_title\"><div class=\"hover_feature_holder_title_inner\"><h3 itemprop=\"name\" class=\"portfolio_title entry_title\"><a itemprop=\"url\" href=\"https:\/\/geodronsl.com\/es\/servicios\/agricultura-precision-drones\/proyectos\/vuelo-fotogrametrico-uav-campo-de-maiz\/\"  target=\"_self\">Vuelo fotogram\u00e9trico con c\u00e1mara NIR &#8211; VUELO CAMPO DE MA\u00cdZ, HUESCA<\/a><\/h3><span class=\"project_category\" >Agricultura de precisi\u00f3n y Medio Ambiente<\/span><\/div><\/div><span class='feature_holder'><span class=\"feature_holder_icons\"><a itemprop='url' class='preview qbutton small white' href='https:\/\/geodronsl.com\/es\/servicios\/agricultura-precision-drones\/proyectos\/vuelo-fotogrametrico-uav-campo-de-maiz\/' target='_self'>ver<\/i><\/a><\/span><\/span><\/span><\/span><\/span><\/div><\/article><\/div><\/div>[\/vc_column][\/vc_row]<\/p>\n","protected":false},"excerpt":{"rendered":"<p>[vc_row row_type=\u00bbrow\u00bb use_row_as_full_screen_section=\u00bbno\u00bb type=\u00bbfull_width\u00bb angled_section=\u00bbno\u00bb text_align=\u00bbleft\u00bb background_image_as_pattern=\u00bbwithout_pattern\u00bb css_animation=\u00bb\u00bb][vc_column width=\u00bb1\/2&#8243; el_class=\u00bbelement_from_left element_from_left_on\u00bb][vc_column_text] Agricultura de precisi\u00f3n con Drones [\/vc_column_text][vc_separator type=\u00bbtransparent\u00bb][vc_column_text]La Agricultura de Precisi\u00f3n es un sistema de gesti\u00f3n inteligente de los cultivos que utiliza las \u00faltimas herramientas tecnol\u00f3gicas y brinda beneficios a nivel econ\u00f3mico, as\u00ed como en&#8230;<\/p>\n","protected":false},"author":5,"featured_media":0,"parent":0,"menu_order":0,"comment_status":"closed","ping_status":"closed","template":"","meta":{"footnotes":""},"class_list":["post-584","page","type-page","status-publish","hentry"],"_links":{"self":[{"href":"https:\/\/geodronsl.com\/es\/wp-json\/wp\/v2\/pages\/584","targetHints":{"allow":["GET"]}}],"collection":[{"href":"https:\/\/geodronsl.com\/es\/wp-json\/wp\/v2\/pages"}],"about":[{"href":"https:\/\/geodronsl.com\/es\/wp-json\/wp\/v2\/types\/page"}],"author":[{"embeddable":true,"href":"https:\/\/geodronsl.com\/es\/wp-json\/wp\/v2\/users\/5"}],"replies":[{"embeddable":true,"href":"https:\/\/geodronsl.com\/es\/wp-json\/wp\/v2\/comments?post=584"}],"version-history":[{"count":15,"href":"https:\/\/geodronsl.com\/es\/wp-json\/wp\/v2\/pages\/584\/revisions"}],"predecessor-version":[{"id":1594,"href":"https:\/\/geodronsl.com\/es\/wp-json\/wp\/v2\/pages\/584\/revisions\/1594"}],"wp:attachment":[{"href":"https:\/\/geodronsl.com\/es\/wp-json\/wp\/v2\/media?parent=584"}],"curies":[{"name":"wp","href":"https:\/\/api.w.org\/{rel}","templated":true}]}}