{"id":579,"date":"2018-06-13T14:49:32","date_gmt":"2018-06-13T14:49:32","guid":{"rendered":"http:\/\/geodron.dev-smedialab.es\/?page_id=579\/"},"modified":"2018-07-14T13:21:44","modified_gmt":"2018-07-14T13:21:44","slug":"mineria-canteras","status":"publish","type":"page","link":"https:\/\/geodronsl.com\/es\/servicios\/topografia-mineria-canteras\/","title":{"rendered":"Topograf\u00eda de minas y canteras con Drones &#8211; UAV"},"content":{"rendered":"<p>[vc_row row_type=\u00bbrow\u00bb use_row_as_full_screen_section=\u00bbno\u00bb type=\u00bbfull_width\u00bb angled_section=\u00bbno\u00bb text_align=\u00bbleft\u00bb background_image_as_pattern=\u00bbwithout_pattern\u00bb css_animation=\u00bb\u00bb][vc_column width=\u00bb1\/2&#8243;][vc_column_text]<img loading=\"lazy\" decoding=\"async\" class=\"alignnone wp-image-789 size-full\" title=\"topografia de minas y canteras con drones \" src=\"https:\/\/geodronsl.com\/wp-content\/uploads\/2017\/10\/topografia-de-minas-y-canteras-con-drones.jpg\" alt=\"ventajas al usar drones en minas y canteras\" width=\"500\" height=\"500\" srcset=\"https:\/\/geodronsl.com\/wp-content\/uploads\/2017\/10\/topografia-de-minas-y-canteras-con-drones.jpg 500w, https:\/\/geodronsl.com\/wp-content\/uploads\/2017\/10\/topografia-de-minas-y-canteras-con-drones-150x150.jpg 150w, https:\/\/geodronsl.com\/wp-content\/uploads\/2017\/10\/topografia-de-minas-y-canteras-con-drones-300x300.jpg 300w\" sizes=\"auto, (max-width: 500px) 100vw, 500px\" \/>[\/vc_column_text][\/vc_column][vc_column width=\u00bb1\/2&#8243;][vc_column_text]<\/p>\n<h1>Topograf\u00eda de minas y canteras con Drones y l\u00e1ser esc\u00e1ner<\/h1>\n<p>[\/vc_column_text][vc_separator type=\u00bbtransparent\u00bb][vc_column_text]La topograf\u00eda de una mina a cielo abierto puede ser una tarea peligrosa. A la luz de las normas de seguridad cada vez m\u00e1s estrictas y sanciones, algunas empresas se niegan a dejar que el Ingeniero en\u00a0Topograf\u00eda se acerque demasiado a zonas cr\u00edticas. Se necesita una manera de llevar a cabo mediciones de forma r\u00e1pida y precisa, con un riesgo m\u00ednimo para la salud y la seguridad.[\/vc_column_text][vc_separator type=\u00bbtransparent\u00bb][vc_column_text]\u00bbLa mejor y eficaz soluci\u00f3n viene desde el aire\u00bb[\/vc_column_text][vc_separator type=\u00bbtransparent\u00bb][vc_column_text]<\/p>\n<h2>Ventajas al usar drones en minas y canteras<\/h2>\n<p>[\/vc_column_text][vc_column_text]Una de las grandes ventajas de utilizar los aviones no tripulados de GEODRON en la miner\u00eda es que, en comparaci\u00f3n con las mediciones tradicionales topogr\u00e1ficas, el trabajo no es in-situ y por lo tanto no interviene en el proceso de la miner\u00eda, garantizando una seguridad \u00f3ptima para los top\u00f3grafos. Este m\u00e9todo de trabajo permite trabajar de forma segura y sin riesgo de lesi\u00f3n como consecuencia de terrenos peligrosos, contaminantes ambientales o maquinaria peligrosa.[\/vc_column_text][\/vc_column][\/vc_row][vc_row row_type=\u00bbrow\u00bb use_row_as_full_screen_section=\u00bbno\u00bb type=\u00bbfull_width\u00bb angled_section=\u00bbno\u00bb text_align=\u00bbleft\u00bb background_image_as_pattern=\u00bbwithout_pattern\u00bb css_animation=\u00bb\u00bb][vc_column][vc_separator type=\u00bbnormal\u00bb up=\u00bb20px\u00bb][\/vc_column][\/vc_row][vc_row row_type=\u00bbrow\u00bb use_row_as_full_screen_section=\u00bbno\u00bb type=\u00bbfull_width\u00bb angled_section=\u00bbno\u00bb text_align=\u00bbleft\u00bb background_image_as_pattern=\u00bbwithout_pattern\u00bb css_animation=\u00bb\u00bb el_id=\u00bbproyectos\u00bb][vc_column][vc_column_text]<\/p>\n<h2>Proyectos realizados de Topograf\u00eda en minas y canteras<\/h2>\n<p>[\/vc_column_text][\/vc_column][\/vc_row][vc_row row_type=\u00bbrow\u00bb use_row_as_full_screen_section=\u00bbno\u00bb type=\u00bbfull_width\u00bb angled_section=\u00bbno\u00bb text_align=\u00bbleft\u00bb background_image_as_pattern=\u00bbwithout_pattern\u00bb css_animation=\u00bb\u00bb][vc_column]<div class=\"projects_masonry_wrapper \"><div class=\"projects_masonry_holder portfolio_main_holder portfolio_masonry_gallery_with_space  gs5\"><div class=\"qode-portfolio-masonry-gallery-grid-sizer\"><\/div><div class=\"qode-portfolio-masonry-gallery-grid-gutter\"><\/div><article class='portfolio_masonry_item portfolio_category_7  default'><div class='image_holder'><a itemprop='url' class='portfolio_link_for_touch' href='https:\/\/geodronsl.com\/es\/servicios\/topografia-mineria-canteras\/proyectos\/levantamiento-fotogrametrico-cantera-el-rio\/' target='_self'><span class='image'><img loading=\"lazy\" decoding=\"async\" width=\"500\" height=\"500\" src=\"https:\/\/geodronsl.com\/wp-content\/uploads\/2017\/05\/MINER\u00cdA-DE-CANTERA_CANTERA-EL-R\u00cdO-TENO-INGENIEROS-2-500x500.jpg\" class=\"attachment-portfolio_masonry_regular size-portfolio_masonry_regular wp-post-image\" alt=\"\" srcset=\"https:\/\/geodronsl.com\/wp-content\/uploads\/2017\/05\/MINER\u00cdA-DE-CANTERA_CANTERA-EL-R\u00cdO-TENO-INGENIEROS-2-500x500.jpg 500w, https:\/\/geodronsl.com\/wp-content\/uploads\/2017\/05\/MINER\u00cdA-DE-CANTERA_CANTERA-EL-R\u00cdO-TENO-INGENIEROS-2-150x150.jpg 150w, https:\/\/geodronsl.com\/wp-content\/uploads\/2017\/05\/MINER\u00cdA-DE-CANTERA_CANTERA-EL-R\u00cdO-TENO-INGENIEROS-2-570x570.jpg 570w\" sizes=\"auto, (max-width: 500px) 100vw, 500px\" \/><\/span><\/a><span class='text_holder'><span class='text_outer'><span class='text_inner'><div class=\"hover_feature_holder_title\"><div class=\"hover_feature_holder_title_inner\"><h3 itemprop=\"name\" class=\"portfolio_title entry_title\"><a itemprop=\"url\" href=\"https:\/\/geodronsl.com\/es\/servicios\/topografia-mineria-canteras\/proyectos\/levantamiento-fotogrametrico-cantera-el-rio\/\"  target=\"_self\">Levantamiento topogr\u00e1fico por fotogrametr\u00eda a\u00e9rea &#8211; CANTERA EL R\u00cdO<\/a><\/h3><span class=\"project_category\" >Miner\u00eda y Canteras<\/span><\/div><\/div><span class='feature_holder'><span class=\"feature_holder_icons\"><a itemprop='url' class='preview qbutton small white' href='https:\/\/geodronsl.com\/es\/servicios\/topografia-mineria-canteras\/proyectos\/levantamiento-fotogrametrico-cantera-el-rio\/' target='_self'>ver<\/i><\/a><\/span><\/span><\/span><\/span><\/span><\/div><\/article><article class='portfolio_masonry_item portfolio_category_7  default'><div class='image_holder'><a itemprop='url' class='portfolio_link_for_touch' href='https:\/\/geodronsl.com\/es\/servicios\/topografia-mineria-canteras\/proyectos\/extraccion-puerto-granadilla\/' target='_self'><span class='image'><img loading=\"lazy\" decoding=\"async\" width=\"500\" height=\"500\" src=\"https:\/\/geodronsl.com\/wp-content\/uploads\/2017\/05\/MINER\u00cdA-DE-CANTERAS_EXTRACCI\u00d3N-DE-\u00c1RIDOS-PUERTO-DE-GRANADILLA-TENERIFE-500x500.jpg\" class=\"attachment-portfolio_masonry_regular size-portfolio_masonry_regular wp-post-image\" alt=\"\" srcset=\"https:\/\/geodronsl.com\/wp-content\/uploads\/2017\/05\/MINER\u00cdA-DE-CANTERAS_EXTRACCI\u00d3N-DE-\u00c1RIDOS-PUERTO-DE-GRANADILLA-TENERIFE-500x500.jpg 500w, https:\/\/geodronsl.com\/wp-content\/uploads\/2017\/05\/MINER\u00cdA-DE-CANTERAS_EXTRACCI\u00d3N-DE-\u00c1RIDOS-PUERTO-DE-GRANADILLA-TENERIFE-150x150.jpg 150w, https:\/\/geodronsl.com\/wp-content\/uploads\/2017\/05\/MINER\u00cdA-DE-CANTERAS_EXTRACCI\u00d3N-DE-\u00c1RIDOS-PUERTO-DE-GRANADILLA-TENERIFE-570x570.jpg 570w\" sizes=\"auto, (max-width: 500px) 100vw, 500px\" \/><\/span><\/a><span class='text_holder'><span class='text_outer'><span class='text_inner'><div class=\"hover_feature_holder_title\"><div class=\"hover_feature_holder_title_inner\"><h3 itemprop=\"name\" class=\"portfolio_title entry_title\"><a itemprop=\"url\" href=\"https:\/\/geodronsl.com\/es\/servicios\/topografia-mineria-canteras\/proyectos\/extraccion-puerto-granadilla\/\"  target=\"_self\">Levantamiento topogr\u00e1fico del movimiento de tierras &#8211; EXTRACCI\u00d3N PUERTO DE GRANADILLA<\/a><\/h3><span class=\"project_category\" >Miner\u00eda y Canteras<\/span><\/div><\/div><span class='feature_holder'><span class=\"feature_holder_icons\"><a itemprop='url' class='preview qbutton small white' href='https:\/\/geodronsl.com\/es\/servicios\/topografia-mineria-canteras\/proyectos\/extraccion-puerto-granadilla\/' target='_self'>ver<\/i><\/a><\/span><\/span><\/span><\/span><\/span><\/div><\/article><\/div><\/div>[\/vc_column][\/vc_row]<\/p>\n","protected":false},"excerpt":{"rendered":"<p>[vc_row row_type=\u00bbrow\u00bb use_row_as_full_screen_section=\u00bbno\u00bb type=\u00bbfull_width\u00bb angled_section=\u00bbno\u00bb text_align=\u00bbleft\u00bb background_image_as_pattern=\u00bbwithout_pattern\u00bb css_animation=\u00bb\u00bb][vc_column width=\u00bb1\/2&#8243;][vc_column_text][\/vc_column_text][\/vc_column][vc_column width=\u00bb1\/2&#8243;][vc_column_text] Topograf\u00eda de minas y canteras con Drones y l\u00e1ser esc\u00e1ner [\/vc_column_text][vc_separator type=\u00bbtransparent\u00bb][vc_column_text]La topograf\u00eda de una mina a cielo abierto puede ser una tarea peligrosa. A la luz de las normas de seguridad cada vez m\u00e1s&#8230;<\/p>\n","protected":false},"author":5,"featured_media":0,"parent":0,"menu_order":0,"comment_status":"closed","ping_status":"closed","template":"","meta":{"footnotes":""},"class_list":["post-579","page","type-page","status-publish","hentry"],"_links":{"self":[{"href":"https:\/\/geodronsl.com\/es\/wp-json\/wp\/v2\/pages\/579","targetHints":{"allow":["GET"]}}],"collection":[{"href":"https:\/\/geodronsl.com\/es\/wp-json\/wp\/v2\/pages"}],"about":[{"href":"https:\/\/geodronsl.com\/es\/wp-json\/wp\/v2\/types\/page"}],"author":[{"embeddable":true,"href":"https:\/\/geodronsl.com\/es\/wp-json\/wp\/v2\/users\/5"}],"replies":[{"embeddable":true,"href":"https:\/\/geodronsl.com\/es\/wp-json\/wp\/v2\/comments?post=579"}],"version-history":[{"count":10,"href":"https:\/\/geodronsl.com\/es\/wp-json\/wp\/v2\/pages\/579\/revisions"}],"predecessor-version":[{"id":1292,"href":"https:\/\/geodronsl.com\/es\/wp-json\/wp\/v2\/pages\/579\/revisions\/1292"}],"wp:attachment":[{"href":"https:\/\/geodronsl.com\/es\/wp-json\/wp\/v2\/media?parent=579"}],"curies":[{"name":"wp","href":"https:\/\/api.w.org\/{rel}","templated":true}]}}