{"id":568,"date":"2018-06-13T13:47:36","date_gmt":"2018-06-13T13:47:36","guid":{"rendered":"http:\/\/geodron.dev-smedialab.es\/?page_id=568\/"},"modified":"2018-07-14T13:28:31","modified_gmt":"2018-07-14T13:28:31","slug":"lineas-electricas","status":"publish","type":"page","link":"https:\/\/geodronsl.com\/es\/servicios\/control-lineas-electricas\/","title":{"rendered":"Control de L\u00edneas El\u00e9ctricas con Drones &#8211; UAV"},"content":{"rendered":"<p>[vc_row row_type=\u00bbrow\u00bb use_row_as_full_screen_section=\u00bbno\u00bb type=\u00bbfull_width\u00bb angled_section=\u00bbno\u00bb text_align=\u00bbleft\u00bb background_image_as_pattern=\u00bbwithout_pattern\u00bb css_animation=\u00bb\u00bb][vc_column width=\u00bb1\/2&#8243;][vc_column_text]<\/p>\n<h1>Control de L\u00edneas El\u00e9ctricas con Drones y L\u00e1ser Esc\u00e1ner<\/h1>\n<p>[\/vc_column_text][vc_separator type=\u00bbtransparent\u00bb][vc_column_text]Realizamos tareas de vigilancia e inspecci\u00f3n de infraestructuras con aviones no tripulados, equipados con c\u00e1maras termogr\u00e1ficas y de alt\u00edsima resoluci\u00f3n para poder volar muy cerca de los cables sin riesgo para las personas, reduciendo costes econ\u00f3micos y permitiendo detectar y prevenir cualquier problema en la l\u00ednea, dando la informaci\u00f3n precisa para evaluar los motivos de un mal funcionamiento en las l\u00edneas. El L\u00e1ser Esc\u00e1ner y LIDAR (terrestre y A\u00e9reo) es el complemento perfecto para una medici\u00f3n exacta de todos los elementos de una Red.[\/vc_column_text][vc_separator type=\u00bbtransparent\u00bb][vc_column_text]<\/p>\n<h2>C\u00e1maras termogr\u00e1ficas para seguimiento de l\u00edneas el\u00e9ctricas<\/h2>\n<p>[\/vc_column_text][vc_column_text]Las c\u00e1maras termogr\u00e1ficas tambi\u00e9n se pueden aplicar en el control de plantas fotovolt\u00e1icas y termosolares analizando todos los datos obtenidos para gestionar cantidad de informaci\u00f3n y poder realizar un mantenimiento preventivo y correctivo y calcular los costes producidos por un mal funcionamiento, as\u00ed como evaluar posibles reparaciones necesarias.[\/vc_column_text][vc_separator type=\u00bbtransparent\u00bb][vc_column_text el_class=\u00bbdiv-Custom-List\u00bb]<\/p>\n<ul>\n<li>Aerogeneradores<\/li>\n<li>L\u00edneas de alta y media tensi\u00f3n<\/li>\n<li>Oleoductos<\/li>\n<li>Gasoductos<\/li>\n<li>Ferrocarriles<\/li>\n<li>Instalaciones Fotovolt\u00e1icas<\/li>\n<\/ul>\n<p>[\/vc_column_text][\/vc_column][vc_column width=\u00bb1\/2&#8243; css=\u00bb.vc_custom_1489669027146{padding-right: 0px !important;padding-left: 0px !important;}\u00bb el_class=\u00bbelement_from_right element_from_right_on\u00bb][vc_column_text]<img loading=\"lazy\" decoding=\"async\" class=\"alignnone wp-image-1174 size-full\" title=\"control de lineas electricas con drones y laser escaner\" src=\"https:\/\/geodronsl.com\/wp-content\/uploads\/2018\/07\/control-de-lineas-electricas-con-drones-uav.jpg\" alt=\"Camaras Termograficas Para Seguimiento De Lineas Electricas\" width=\"535\" height=\"689\" srcset=\"https:\/\/geodronsl.com\/wp-content\/uploads\/2018\/07\/control-de-lineas-electricas-con-drones-uav.jpg 535w, https:\/\/geodronsl.com\/wp-content\/uploads\/2018\/07\/control-de-lineas-electricas-con-drones-uav-233x300.jpg 233w\" sizes=\"auto, (max-width: 535px) 100vw, 535px\" \/>[\/vc_column_text][\/vc_column][\/vc_row][vc_row row_type=\u00bbrow\u00bb use_row_as_full_screen_section=\u00bbno\u00bb type=\u00bbfull_width\u00bb angled_section=\u00bbno\u00bb text_align=\u00bbleft\u00bb background_image_as_pattern=\u00bbwithout_pattern\u00bb css_animation=\u00bb\u00bb][vc_column][vc_separator type=\u00bbnormal\u00bb up=\u00bb20px\u00bb][\/vc_column][\/vc_row][vc_row row_type=\u00bbrow\u00bb use_row_as_full_screen_section=\u00bbno\u00bb type=\u00bbfull_width\u00bb angled_section=\u00bbno\u00bb text_align=\u00bbleft\u00bb background_image_as_pattern=\u00bbwithout_pattern\u00bb css_animation=\u00bb\u00bb el_id=\u00bbproyectos\u00bb][vc_column][vc_column_text]<\/p>\n<h2>Proyectos de Control de l\u00edneas el\u00e9ctricas<\/h2>\n<p>[\/vc_column_text][\/vc_column][\/vc_row][vc_row row_type=\u00bbrow\u00bb use_row_as_full_screen_section=\u00bbno\u00bb type=\u00bbfull_width\u00bb angled_section=\u00bbno\u00bb text_align=\u00bbleft\u00bb background_image_as_pattern=\u00bbwithout_pattern\u00bb css_animation=\u00bb\u00bb][vc_column]<div class=\"projects_masonry_wrapper \"><div class=\"projects_masonry_holder portfolio_main_holder portfolio_masonry_gallery_with_space  gs5\"><div class=\"qode-portfolio-masonry-gallery-grid-sizer\"><\/div><div class=\"qode-portfolio-masonry-gallery-grid-gutter\"><\/div><article class='portfolio_masonry_item portfolio_category_6  default'><div class='image_holder'><a itemprop='url' class='portfolio_link_for_touch' href='https:\/\/geodronsl.com\/es\/servicios\/control-lineas-electricas\/proyectos\/campo-eolico-bermejo-abote-lineas-alta-tension\/' target='_self'><span class='image'><img loading=\"lazy\" decoding=\"async\" width=\"500\" height=\"500\" src=\"https:\/\/geodronsl.com\/wp-content\/uploads\/2017\/05\/L\u00cdNEAS_EL\u00c9CTRICAS-500x500.jpg\" class=\"attachment-portfolio_masonry_regular size-portfolio_masonry_regular wp-post-image\" alt=\"\" srcset=\"https:\/\/geodronsl.com\/wp-content\/uploads\/2017\/05\/L\u00cdNEAS_EL\u00c9CTRICAS-500x500.jpg 500w, https:\/\/geodronsl.com\/wp-content\/uploads\/2017\/05\/L\u00cdNEAS_EL\u00c9CTRICAS-150x150.jpg 150w, https:\/\/geodronsl.com\/wp-content\/uploads\/2017\/05\/L\u00cdNEAS_EL\u00c9CTRICAS-570x570.jpg 570w\" sizes=\"auto, (max-width: 500px) 100vw, 500px\" \/><\/span><\/a><span class='text_holder'><span class='text_outer'><span class='text_inner'><div class=\"hover_feature_holder_title\"><div class=\"hover_feature_holder_title_inner\"><h3 itemprop=\"name\" class=\"portfolio_title entry_title\"><a itemprop=\"url\" href=\"https:\/\/geodronsl.com\/es\/servicios\/control-lineas-electricas\/proyectos\/campo-eolico-bermejo-abote-lineas-alta-tension\/\"  target=\"_self\">Levantamiento topogr\u00e1fico por fotogrametr\u00eda a\u00e9rea &#8211; CAMPO E\u00d3LICO BERMEJO ABOTE<\/a><\/h3><span class=\"project_category\" >L\u00edneas el\u00e9ctricas<\/span><\/div><\/div><span class='feature_holder'><span class=\"feature_holder_icons\"><a itemprop='url' class='preview qbutton small white' href='https:\/\/geodronsl.com\/es\/servicios\/control-lineas-electricas\/proyectos\/campo-eolico-bermejo-abote-lineas-alta-tension\/' target='_self'>ver<\/i><\/a><\/span><\/span><\/span><\/span><\/span><\/div><\/article><\/div><\/div>[\/vc_column][\/vc_row]<\/p>\n","protected":false},"excerpt":{"rendered":"<p>[vc_row row_type=\u00bbrow\u00bb use_row_as_full_screen_section=\u00bbno\u00bb type=\u00bbfull_width\u00bb angled_section=\u00bbno\u00bb text_align=\u00bbleft\u00bb background_image_as_pattern=\u00bbwithout_pattern\u00bb css_animation=\u00bb\u00bb][vc_column width=\u00bb1\/2&#8243;][vc_column_text] Control de L\u00edneas El\u00e9ctricas con Drones y L\u00e1ser Esc\u00e1ner [\/vc_column_text][vc_separator type=\u00bbtransparent\u00bb][vc_column_text]Realizamos tareas de vigilancia e inspecci\u00f3n de infraestructuras con aviones no tripulados, equipados con c\u00e1maras termogr\u00e1ficas y de alt\u00edsima resoluci\u00f3n para poder volar muy cerca de&#8230;<\/p>\n","protected":false},"author":5,"featured_media":0,"parent":0,"menu_order":0,"comment_status":"closed","ping_status":"closed","template":"","meta":{"footnotes":""},"class_list":["post-568","page","type-page","status-publish","hentry"],"_links":{"self":[{"href":"https:\/\/geodronsl.com\/es\/wp-json\/wp\/v2\/pages\/568","targetHints":{"allow":["GET"]}}],"collection":[{"href":"https:\/\/geodronsl.com\/es\/wp-json\/wp\/v2\/pages"}],"about":[{"href":"https:\/\/geodronsl.com\/es\/wp-json\/wp\/v2\/types\/page"}],"author":[{"embeddable":true,"href":"https:\/\/geodronsl.com\/es\/wp-json\/wp\/v2\/users\/5"}],"replies":[{"embeddable":true,"href":"https:\/\/geodronsl.com\/es\/wp-json\/wp\/v2\/comments?post=568"}],"version-history":[{"count":18,"href":"https:\/\/geodronsl.com\/es\/wp-json\/wp\/v2\/pages\/568\/revisions"}],"predecessor-version":[{"id":1177,"href":"https:\/\/geodronsl.com\/es\/wp-json\/wp\/v2\/pages\/568\/revisions\/1177"}],"wp:attachment":[{"href":"https:\/\/geodronsl.com\/es\/wp-json\/wp\/v2\/media?parent=568"}],"curies":[{"name":"wp","href":"https:\/\/api.w.org\/{rel}","templated":true}]}}