{"id":562,"date":"2018-06-13T13:46:03","date_gmt":"2018-06-13T13:46:03","guid":{"rendered":"http:\/\/geodron.dev-smedialab.es\/?page_id=562\/"},"modified":"2018-07-19T17:57:39","modified_gmt":"2018-07-19T17:57:39","slug":"servicios","status":"publish","type":"page","link":"https:\/\/geodronsl.com\/es\/servicios\/","title":{"rendered":"Servicios de Cartograf\u00eda y Topograf\u00eda"},"content":{"rendered":"<p>[vc_row row_type=\u00bbrow\u00bb use_row_as_full_screen_section=\u00bbno\u00bb type=\u00bbfull_width\u00bb angled_section=\u00bbno\u00bb text_align=\u00bbleft\u00bb background_image_as_pattern=\u00bbwithout_pattern\u00bb css_animation=\u00bb\u00bb][vc_column width=\u00bb1\/2&#8243; el_class=\u00bbelement_from_left element_from_left_on\u00bb][vc_column_text]<img loading=\"lazy\" decoding=\"async\" class=\"alignnone wp-image-1509 size-full\" style=\"margin: 0;\" title=\"Servicios Cartografia Topografia\" src=\"https:\/\/geodronsl.com\/wp-content\/uploads\/2018\/07\/servicios-cartografia-topografia.jpg\" alt=\"Servicios Cartografia Topografia\" width=\"602\" height=\"556\" srcset=\"https:\/\/geodronsl.com\/wp-content\/uploads\/2018\/07\/servicios-cartografia-topografia.jpg 602w, https:\/\/geodronsl.com\/wp-content\/uploads\/2018\/07\/servicios-cartografia-topografia-300x277.jpg 300w\" sizes=\"auto, (max-width: 602px) 100vw, 602px\" \/>[\/vc_column_text][\/vc_column][vc_column width=\u00bb1\/2&#8243; el_class=\u00bbelement_from_right element_from_right_on\u00bb][vc_column_text]<\/p>\n<h1>Servicios de Cartograf\u00eda y Topograf\u00eda<\/h1>\n<p>[\/vc_column_text][vc_separator type=\u00bbtransparent\u00bb][vc_column_text]<\/p>\n<p style=\"font-size: 16px;\">En GEODRON estamos capacitados para sacar el m\u00e1ximo rendimiento aplicando tecnolog\u00eda punta en las distintas \u00e1reas que componen nuestros servicios, ahorrando tiempo y dinero al cliente.<\/p>\n<p>[\/vc_column_text][vc_separator type=\u00bbtransparent\u00bb][vc_column_text]En cada una de estas industrias, las im\u00e1genes a\u00e9reas pueden ser utilizadas para realizar variedad de tareas y generar una amplia gama de resultados. Las soluciones de adquisici\u00f3n de im\u00e1genes a\u00e9reas UAV de GEODRON est\u00e1n siendo utilizadas para realizar levantamientos topogr\u00e1ficos y de l\u00edmites, planificaci\u00f3n de rutas y sitios de la obra, monitoreo de progreso, levantamientos de ubicaci\u00f3n, determinaci\u00f3n de vol\u00famenes, medici\u00f3n de la salud vegetal y an\u00e1lisis de desastres. Nuestros t\u00e9cnicos pueden generar en un s\u00f3lo vuelo mapas de caracter\u00edsticas, curvas de nivel topogr\u00e1ficas, modelos de superficie 3D, ortofotos y mapas de \u00cdndice de Vegetaci\u00f3n Diferencial Normalizado.[\/vc_column_text][\/vc_column][\/vc_row][vc_row row_type=\u00bbrow\u00bb use_row_as_full_screen_section=\u00bbno\u00bb type=\u00bbfull_width\u00bb angled_section=\u00bbno\u00bb text_align=\u00bbleft\u00bb background_image_as_pattern=\u00bbwithout_pattern\u00bb css_animation=\u00bb\u00bb][vc_column][vc_separator type=\u00bbtransparent\u00bb up=\u00bb5px\u00bb down=\u00bb5px\u00bb][\/vc_column][\/vc_row][vc_row row_type=\u00bbrow\u00bb use_row_as_full_screen_section=\u00bbno\u00bb type=\u00bbfull_width\u00bb angled_section=\u00bbno\u00bb text_align=\u00bbleft\u00bb background_image_as_pattern=\u00bbwithout_pattern\u00bb css_animation=\u00bb\u00bb][vc_column width=\u00bb1\/3&#8243;][vc_column_text]<\/p>\n<h2 class=\"h2-servicio\"><a title=\"topografia y obra civil en tenerife\" href=\"https:\/\/geodronsl.com\/es\/servicios\/topografia-obra-civil\/\">Topograf\u00eda y Obra Civil<\/a><\/h2>\n<p><a title=\"topografia y obra civil en tenerife\" href=\"https:\/\/geodronsl.com\/es\/servicios\/topografia-obra-civil\/\"><img loading=\"lazy\" decoding=\"async\" class=\"alignnone wp-image-790 size-medium\" title=\"topografia y obra civil en \" src=\"https:\/\/geodronsl.com\/wp-content\/uploads\/2017\/10\/topografia-y-obra-civil-300x300.jpg\" alt=\"topografia y obra civil\" width=\"300\" height=\"300\" srcset=\"https:\/\/geodronsl.com\/wp-content\/uploads\/2017\/10\/topografia-y-obra-civil-300x300.jpg 300w, https:\/\/geodronsl.com\/wp-content\/uploads\/2017\/10\/topografia-y-obra-civil-150x150.jpg 150w, https:\/\/geodronsl.com\/wp-content\/uploads\/2017\/10\/topografia-y-obra-civil.jpg 500w\" sizes=\"auto, (max-width: 300px) 100vw, 300px\" \/><\/a>[\/vc_column_text][vc_separator type=\u00bbtransparent\u00bb up=\u00bb5px\u00bb down=\u00bb5px\u00bb][\/vc_column][vc_column width=\u00bb1\/3&#8243;][vc_column_text]<\/p>\n<h2 class=\"h2-servicio\"><a title=\"inspeccion de infraestructuras con drones - uav\" href=\"https:\/\/geodronsl.com\/es\/servicios\/inspeccion-infraestructuras-drones-uav\/\">Ingenier\u00eda y Urbanismo<\/a><\/h2>\n<p><a title=\"inspeccion de edificios con drones\" href=\"https:\/\/geodronsl.com\/es\/servicios\/inspeccion-infraestructuras-drones-uav\/\"><img loading=\"lazy\" decoding=\"async\" class=\"alignnone wp-image-784 size-medium\" src=\"https:\/\/geodronsl.com\/wp-content\/uploads\/2017\/10\/inspeccion-de-infraestructuras-con-drones-300x300.jpg\" alt=\"inspeccion de infraestructuras con drones\" width=\"300\" height=\"300\" srcset=\"https:\/\/geodronsl.com\/wp-content\/uploads\/2017\/10\/inspeccion-de-infraestructuras-con-drones-300x300.jpg 300w, https:\/\/geodronsl.com\/wp-content\/uploads\/2017\/10\/inspeccion-de-infraestructuras-con-drones-150x150.jpg 150w, https:\/\/geodronsl.com\/wp-content\/uploads\/2017\/10\/inspeccion-de-infraestructuras-con-drones.jpg 500w\" sizes=\"auto, (max-width: 300px) 100vw, 300px\" \/><\/a>[\/vc_column_text][vc_separator type=\u00bbtransparent\u00bb up=\u00bb5px\u00bb down=\u00bb5px\u00bb][\/vc_column][vc_column width=\u00bb1\/3&#8243;][vc_column_text]<\/p>\n<h2 class=\"h2-servicio\"><a title=\"control de lineas electricas con drones\" href=\"https:\/\/geodronsl.com\/es\/servicios\/control-lineas-electricas\/\">L\u00edneas El\u00e9ctricas<\/a><\/h2>\n<p><a title=\"mantenimiento de lineas electricas con drones - uav\" href=\"https:\/\/geodronsl.com\/es\/servicios\/control-lineas-electricas\/\"><img loading=\"lazy\" decoding=\"async\" class=\"alignnone wp-image-782 size-medium\" title=\"control de lineas electricas con uav\" src=\"https:\/\/geodronsl.com\/wp-content\/uploads\/2017\/10\/control-de-lineas-electricas-con-drones-300x300.jpg\" alt=\"control de lineas electricas con drones - uav\" width=\"300\" height=\"300\" srcset=\"https:\/\/geodronsl.com\/wp-content\/uploads\/2017\/10\/control-de-lineas-electricas-con-drones-300x300.jpg 300w, https:\/\/geodronsl.com\/wp-content\/uploads\/2017\/10\/control-de-lineas-electricas-con-drones-150x150.jpg 150w, https:\/\/geodronsl.com\/wp-content\/uploads\/2017\/10\/control-de-lineas-electricas-con-drones.jpg 500w\" sizes=\"auto, (max-width: 300px) 100vw, 300px\" \/><\/a>[\/vc_column_text][vc_separator type=\u00bbtransparent\u00bb up=\u00bb5px\u00bb down=\u00bb5px\u00bb][\/vc_column][\/vc_row][vc_row row_type=\u00bbrow\u00bb use_row_as_full_screen_section=\u00bbno\u00bb type=\u00bbfull_width\u00bb angled_section=\u00bbno\u00bb text_align=\u00bbleft\u00bb background_image_as_pattern=\u00bbwithout_pattern\u00bb css_animation=\u00bb\u00bb][vc_column width=\u00bb1\/3&#8243;][vc_column_text]<\/p>\n<h2 class=\"h2-servicio\"><a title=\"topografia de minas y canteras con drones - uav\" href=\"https:\/\/geodronsl.com\/es\/servicios\/topografia-mineria-canteras\/\">Miner\u00eda y Canteras<\/a><\/h2>\n<p><a href=\"https:\/\/geodronsl.com\/es\/servicios\/topografia-mineria-canteras\/\"><img loading=\"lazy\" decoding=\"async\" class=\"alignnone wp-image-789 size-medium\" title=\"topografia de minas con drones - uav\" src=\"https:\/\/geodronsl.com\/wp-content\/uploads\/2017\/10\/topografia-de-minas-y-canteras-con-drones-300x300.jpg\" alt=\"topografia de minas y canteras con drones - uav\" width=\"300\" height=\"300\" srcset=\"https:\/\/geodronsl.com\/wp-content\/uploads\/2017\/10\/topografia-de-minas-y-canteras-con-drones-300x300.jpg 300w, https:\/\/geodronsl.com\/wp-content\/uploads\/2017\/10\/topografia-de-minas-y-canteras-con-drones-150x150.jpg 150w, https:\/\/geodronsl.com\/wp-content\/uploads\/2017\/10\/topografia-de-minas-y-canteras-con-drones.jpg 500w\" sizes=\"auto, (max-width: 300px) 100vw, 300px\" \/><\/a>[\/vc_column_text][vc_separator type=\u00bbtransparent\u00bb up=\u00bb5px\u00bb down=\u00bb5px\u00bb][\/vc_column][vc_column width=\u00bb1\/3&#8243;][vc_column_text]<\/p>\n<h2 class=\"h2-servicio\"><a title=\"agricultura de precision con drones\" href=\"https:\/\/geodronsl.com\/es\/servicios\/agricultura-precision-drones\/\">Agricultura de Precisi\u00f3n<\/a><\/h2>\n<p><a title=\"agricultura de precision con drones\" href=\"https:\/\/geodronsl.com\/es\/servicios\/agricultura-precision-drones\/\"><img loading=\"lazy\" decoding=\"async\" class=\"alignnone wp-image-781 size-medium\" title=\"agricultura de precision con uav\" src=\"https:\/\/geodronsl.com\/wp-content\/uploads\/2017\/10\/agricultura-de-precisi\u00f3n-con-drones-300x300.gif\" alt=\"agricultura de precisi\u00f3n con drones - uav\" width=\"300\" height=\"300\" srcset=\"https:\/\/geodronsl.com\/wp-content\/uploads\/2017\/10\/agricultura-de-precisi\u00f3n-con-drones-300x300.gif 300w, https:\/\/geodronsl.com\/wp-content\/uploads\/2017\/10\/agricultura-de-precisi\u00f3n-con-drones-150x150.gif 150w, https:\/\/geodronsl.com\/wp-content\/uploads\/2017\/10\/agricultura-de-precisi\u00f3n-con-drones-500x500.gif 500w\" sizes=\"auto, (max-width: 300px) 100vw, 300px\" \/><\/a>[\/vc_column_text][vc_separator type=\u00bbtransparent\u00bb up=\u00bb5px\u00bb down=\u00bb5px\u00bb][\/vc_column][vc_column width=\u00bb1\/3&#8243;][vc_column_text]<\/p>\n<h2 class=\"h2-servicio\"><a title=\"ordenacion del territorio con drones - uav\" href=\"https:\/\/geodronsl.com\/es\/servicios\/ordenamiento-territorial-con-drones\/\">Ordenaci\u00f3n del Territorio<\/a><\/h2>\n<p><a title=\"ordenacion del terreno con drones\" href=\"https:\/\/geodronsl.com\/es\/servicios\/ordenamiento-territorial-con-drones\/\"><img loading=\"lazy\" decoding=\"async\" class=\"alignnone wp-image-786 size-medium\" src=\"https:\/\/geodronsl.com\/wp-content\/uploads\/2017\/10\/ordenamiento-territorial-con-drones-uav-300x300.jpg\" alt=\"ordenamiento territorial con drones - uav\" width=\"300\" height=\"300\" srcset=\"https:\/\/geodronsl.com\/wp-content\/uploads\/2017\/10\/ordenamiento-territorial-con-drones-uav-300x300.jpg 300w, https:\/\/geodronsl.com\/wp-content\/uploads\/2017\/10\/ordenamiento-territorial-con-drones-uav-150x150.jpg 150w, https:\/\/geodronsl.com\/wp-content\/uploads\/2017\/10\/ordenamiento-territorial-con-drones-uav.jpg 500w\" sizes=\"auto, (max-width: 300px) 100vw, 300px\" \/><\/a>[\/vc_column_text][vc_separator type=\u00bbtransparent\u00bb up=\u00bb5px\u00bb down=\u00bb5px\u00bb][\/vc_column][\/vc_row][vc_row row_type=\u00bbrow\u00bb use_row_as_full_screen_section=\u00bbno\u00bb type=\u00bbfull_width\u00bb angled_section=\u00bbno\u00bb text_align=\u00bbleft\u00bb background_image_as_pattern=\u00bbwithout_pattern\u00bb css_animation=\u00bb\u00bb][vc_column width=\u00bb1\/3&#8243;][vc_column_text]<\/p>\n<h2 class=\"h2-servicio\"><a title=\"cuidado del medio ambiente con drones - uav\" href=\"https:\/\/geodronsl.com\/es\/servicios\/cuidado-medio-ambiente-drones-uav\/\">Medio Ambiente<\/a><\/h2>\n<p><a title=\"revisi\u00f3n del medio ambiente con drones - uav\" href=\"https:\/\/geodronsl.com\/es\/servicios\/cuidado-medio-ambiente-drones-uav\/\"><img loading=\"lazy\" decoding=\"async\" class=\"alignnone wp-image-783 size-medium\" title=\"cuidado medio ambiente con drones\" src=\"https:\/\/geodronsl.com\/wp-content\/uploads\/2017\/10\/cuidado-medio-ambiente-con-drones-uav-300x300.jpg\" alt=\"cuidado medio ambiente con drones - uav\" width=\"300\" height=\"300\" srcset=\"https:\/\/geodronsl.com\/wp-content\/uploads\/2017\/10\/cuidado-medio-ambiente-con-drones-uav-300x300.jpg 300w, https:\/\/geodronsl.com\/wp-content\/uploads\/2017\/10\/cuidado-medio-ambiente-con-drones-uav-150x150.jpg 150w, https:\/\/geodronsl.com\/wp-content\/uploads\/2017\/10\/cuidado-medio-ambiente-con-drones-uav.jpg 500w\" sizes=\"auto, (max-width: 300px) 100vw, 300px\" \/><\/a>[\/vc_column_text][vc_separator type=\u00bbtransparent\u00bb up=\u00bb5px\u00bb down=\u00bb5px\u00bb][\/vc_column][vc_column width=\u00bb1\/3&#8243;][vc_column_text]<\/p>\n<h2 class=\"h2-servicio\"><a title=\"recursos forestales con drones - uav\" href=\"https:\/\/geodronsl.com\/es\/servicios\/recursos-forestales-drones-uav\/\">Aplicaciones Forestales<\/a><\/h2>\n<p><a title=\"recursos forestales con drones - uav\" href=\"https:\/\/geodronsl.com\/es\/servicios\/recursos-forestales-drones-uav\/\"><img loading=\"lazy\" decoding=\"async\" class=\"alignnone wp-image-788 size-medium\" src=\"https:\/\/geodronsl.com\/wp-content\/uploads\/2017\/10\/recursos-forestales-con-drones-uav-300x300.jpg\" alt=\"recursos forestales con drones - uav\" width=\"300\" height=\"300\" srcset=\"https:\/\/geodronsl.com\/wp-content\/uploads\/2017\/10\/recursos-forestales-con-drones-uav-300x300.jpg 300w, https:\/\/geodronsl.com\/wp-content\/uploads\/2017\/10\/recursos-forestales-con-drones-uav-150x150.jpg 150w, https:\/\/geodronsl.com\/wp-content\/uploads\/2017\/10\/recursos-forestales-con-drones-uav.jpg 500w\" sizes=\"auto, (max-width: 300px) 100vw, 300px\" \/><\/a>[\/vc_column_text][vc_separator type=\u00bbtransparent\u00bb up=\u00bb5px\u00bb down=\u00bb5px\u00bb][\/vc_column][vc_column width=\u00bb1\/3&#8243;][vc_column_text]<\/p>\n<h2 class=\"h2-servicio\"><a title=\"paisajismo con drones\" href=\"https:\/\/geodronsl.com\/es\/servicios\/paisajismo-drones-uav\/\">Aplicaciones Paisaj\u00edsticas<\/a><\/h2>\n<p><a title=\"paisajismo con drones\" href=\"https:\/\/geodronsl.com\/es\/servicios\/paisajismo-drones-uav\/\"><img loading=\"lazy\" decoding=\"async\" class=\"alignnone wp-image-787 size-medium\" title=\"paisajismo con drones - uav\" src=\"https:\/\/geodronsl.com\/wp-content\/uploads\/2017\/10\/paisajismo-con-drones-uav-300x300.jpg\" alt=\"paisajismo con drones - uav\" width=\"300\" height=\"300\" srcset=\"https:\/\/geodronsl.com\/wp-content\/uploads\/2017\/10\/paisajismo-con-drones-uav-300x300.jpg 300w, https:\/\/geodronsl.com\/wp-content\/uploads\/2017\/10\/paisajismo-con-drones-uav-150x150.jpg 150w, https:\/\/geodronsl.com\/wp-content\/uploads\/2017\/10\/paisajismo-con-drones-uav.jpg 500w\" sizes=\"auto, (max-width: 300px) 100vw, 300px\" \/><\/a>[\/vc_column_text][vc_separator type=\u00bbtransparent\u00bb up=\u00bb5px\u00bb down=\u00bb5px\u00bb][\/vc_column][\/vc_row][vc_row row_type=\u00bbrow\u00bb use_row_as_full_screen_section=\u00bbno\u00bb type=\u00bbfull_width\u00bb angled_section=\u00bbno\u00bb text_align=\u00bbleft\u00bb background_image_as_pattern=\u00bbwithout_pattern\u00bb css_animation=\u00bb\u00bb][vc_column width=\u00bb1\/3&#8243;][vc_column_text]<\/p>\n<h2 class=\"h2-servicio\"><a title=\"inspeccion y revision de instalaciones con drones\" href=\"https:\/\/geodronsl.com\/es\/servicios\/trabajos-fotograficos-y-audiovisuales\/\">Trabajos Fotogr\u00e1ficos y Audiovisuales<\/a><\/h2>\n<p><a title=\"inspeccion y revision de instalaciones con drones\" href=\"https:\/\/geodronsl.com\/es\/servicios\/trabajos-fotograficos-y-audiovisuales\/\"><img loading=\"lazy\" decoding=\"async\" class=\"alignnone wp-image-785 size-medium\" title=\"mantenimiento de instalaciones con drones - uav\" src=\"https:\/\/geodronsl.com\/wp-content\/uploads\/2017\/10\/inspeccion-revision-instalaciones-con-drones-uav-300x300.jpg\" alt=\"inspeccion - revision instalaciones con drones - uav\" width=\"300\" height=\"300\" srcset=\"https:\/\/geodronsl.com\/wp-content\/uploads\/2017\/10\/inspeccion-revision-instalaciones-con-drones-uav-300x300.jpg 300w, https:\/\/geodronsl.com\/wp-content\/uploads\/2017\/10\/inspeccion-revision-instalaciones-con-drones-uav-150x150.jpg 150w, https:\/\/geodronsl.com\/wp-content\/uploads\/2017\/10\/inspeccion-revision-instalaciones-con-drones-uav.jpg 500w\" sizes=\"auto, (max-width: 300px) 100vw, 300px\" \/><\/a>[\/vc_column_text][vc_separator type=\u00bbtransparent\u00bb up=\u00bb5px\u00bb down=\u00bb5px\u00bb][\/vc_column][vc_column width=\u00bb1\/3&#8243;][\/vc_column][vc_column width=\u00bb1\/3&#8243;][\/vc_column][\/vc_row]<\/p>\n","protected":false},"excerpt":{"rendered":"<p>[vc_row row_type=\u00bbrow\u00bb use_row_as_full_screen_section=\u00bbno\u00bb type=\u00bbfull_width\u00bb angled_section=\u00bbno\u00bb text_align=\u00bbleft\u00bb background_image_as_pattern=\u00bbwithout_pattern\u00bb css_animation=\u00bb\u00bb][vc_column width=\u00bb1\/2&#8243; el_class=\u00bbelement_from_left element_from_left_on\u00bb][vc_column_text][\/vc_column_text][\/vc_column][vc_column width=\u00bb1\/2&#8243; el_class=\u00bbelement_from_right element_from_right_on\u00bb][vc_column_text] Servicios de Cartograf\u00eda y Topograf\u00eda [\/vc_column_text][vc_separator type=\u00bbtransparent\u00bb][vc_column_text] En GEODRON estamos capacitados para sacar el m\u00e1ximo rendimiento aplicando tecnolog\u00eda punta en las distintas \u00e1reas que componen nuestros servicios, ahorrando tiempo y dinero&#8230;<\/p>\n","protected":false},"author":5,"featured_media":0,"parent":0,"menu_order":0,"comment_status":"closed","ping_status":"closed","template":"","meta":{"footnotes":""},"class_list":["post-562","page","type-page","status-publish","hentry"],"_links":{"self":[{"href":"https:\/\/geodronsl.com\/es\/wp-json\/wp\/v2\/pages\/562","targetHints":{"allow":["GET"]}}],"collection":[{"href":"https:\/\/geodronsl.com\/es\/wp-json\/wp\/v2\/pages"}],"about":[{"href":"https:\/\/geodronsl.com\/es\/wp-json\/wp\/v2\/types\/page"}],"author":[{"embeddable":true,"href":"https:\/\/geodronsl.com\/es\/wp-json\/wp\/v2\/users\/5"}],"replies":[{"embeddable":true,"href":"https:\/\/geodronsl.com\/es\/wp-json\/wp\/v2\/comments?post=562"}],"version-history":[{"count":56,"href":"https:\/\/geodronsl.com\/es\/wp-json\/wp\/v2\/pages\/562\/revisions"}],"predecessor-version":[{"id":1596,"href":"https:\/\/geodronsl.com\/es\/wp-json\/wp\/v2\/pages\/562\/revisions\/1596"}],"wp:attachment":[{"href":"https:\/\/geodronsl.com\/es\/wp-json\/wp\/v2\/media?parent=562"}],"curies":[{"name":"wp","href":"https:\/\/api.w.org\/{rel}","templated":true}]}}