{"id":557,"date":"2018-06-13T13:39:20","date_gmt":"2018-06-13T13:39:20","guid":{"rendered":"http:\/\/geodron.dev-smedialab.es\/?page_id=557\/"},"modified":"2018-07-13T11:45:18","modified_gmt":"2018-07-13T11:45:18","slug":"topografia-y-obra-civil","status":"publish","type":"page","link":"https:\/\/geodronsl.com\/es\/servicios\/topografia-obra-civil\/","title":{"rendered":"Topografia y Obra Civil"},"content":{"rendered":"<p>[vc_row row_type=\u00bbrow\u00bb use_row_as_full_screen_section=\u00bbno\u00bb type=\u00bbfull_width\u00bb angled_section=\u00bbno\u00bb text_align=\u00bbleft\u00bb background_image_as_pattern=\u00bbwithout_pattern\u00bb css_animation=\u00bb\u00bb][vc_column width=\u00bb1\/2&#8243;][vc_column_text]<\/p>\n<h1 style=\"text-align: left;\">TOPOGRAF\u00cdA Y OBRA CIVIL<\/h1>\n<p>[\/vc_column_text][vc_separator type=\u00bbtransparent\u00bb][vc_column_text]Nuestros t\u00e9cnicos son especialistas extremadamente vers\u00e1tiles empleando esta tecnolog\u00eda para la representaci\u00f3n precisa y detallada de cualquier infraestructura: carreteras, ferrocarriles, l\u00edneas el\u00e9ctricas\u2026 realizando tambi\u00e9n cartograf\u00eda de zonas muy amplias, inaccesibles y complejas.[\/vc_column_text][vc_separator type=\u00bbtransparent\u00bb][vc_column_text]La fotogrametr\u00eda a\u00e9rea nos permite obtener Modelos Digitales del Terreno y Ortofotos con gran nivel de detalle, como si de planos o mapas se tratasen y que permiten realizar mediciones exactas.[\/vc_column_text][\/vc_column][vc_column width=\u00bb1\/2&#8243;][vc_column_text]<img loading=\"lazy\" decoding=\"async\" class=\"alignnone wp-image-790 size-full\" title=\"topograf\u00eda y obra civil\" src=\"https:\/\/geodronsl.com\/wp-content\/uploads\/2017\/10\/topografia-y-obra-civil.jpg\" alt=\"topograf\u00eda y obra civil\" width=\"500\" height=\"500\" srcset=\"https:\/\/geodronsl.com\/wp-content\/uploads\/2017\/10\/topografia-y-obra-civil.jpg 500w, https:\/\/geodronsl.com\/wp-content\/uploads\/2017\/10\/topografia-y-obra-civil-150x150.jpg 150w, https:\/\/geodronsl.com\/wp-content\/uploads\/2017\/10\/topografia-y-obra-civil-300x300.jpg 300w\" sizes=\"auto, (max-width: 500px) 100vw, 500px\" \/>[\/vc_column_text][\/vc_column][\/vc_row][vc_row row_type=\u00bbrow\u00bb use_row_as_full_screen_section=\u00bbno\u00bb type=\u00bbfull_width\u00bb angled_section=\u00bbno\u00bb text_align=\u00bbleft\u00bb background_image_as_pattern=\u00bbwithout_pattern\u00bb css_animation=\u00bb\u00bb][vc_column width=\u00bb1\/2&#8243;][vc_column_text]<img loading=\"lazy\" decoding=\"async\" class=\"alignnone wp-image-142 size-full\" style=\"margin: 0;\" title=\"topograf\u00eda cl\u00e1sica con fotogrametr\u00eda a\u00e9rea, l\u00e1ser esc\u00e1ner y mobile mapping\" src=\"https:\/\/geodronsl.com\/wp-content\/uploads\/2017\/02\/topografia_clasica.jpg\" alt=\"topograf\u00eda cl\u00e1sica con fotogrametr\u00eda a\u00e9rea, l\u00e1ser esc\u00e1ner y mobile mapping\" width=\"602\" height=\"946\" srcset=\"https:\/\/geodronsl.com\/wp-content\/uploads\/2017\/02\/topografia_clasica.jpg 602w, https:\/\/geodronsl.com\/wp-content\/uploads\/2017\/02\/topografia_clasica-191x300.jpg 191w\" sizes=\"auto, (max-width: 602px) 100vw, 602px\" \/>[\/vc_column_text][\/vc_column][vc_column width=\u00bb1\/2&#8243;][vc_separator type=\u00bbtransparent\u00bb][vc_column_text]<\/p>\n<h2>Topograf\u00eda Cl\u00e1sica con Fotogrametr\u00eda a\u00e9rea, L\u00e1ser Esc\u00e1ner y Mobile Mapping<\/h2>\n<p>[\/vc_column_text][vc_separator type=\u00bbtransparent\u00bb][vc_column_text]Para dar un completo servicio y empleando instrumental de \u00faltima generaci\u00f3n, GEODRON dispone de Ingenieros en topograf\u00eda que dan cobertura profesional a cualquier trabajo topogr\u00e1fico tradicional con gran solvencia y alta calidad, asesorando y ofreciendo una asistencia global a diferentes profesionales de la Construcci\u00f3n, Administraci\u00f3n, Estudios, Empresas y Particulares.[\/vc_column_text][vc_separator type=\u00bbtransparent\u00bb][vc_column_text el_class=\u00bbdiv-Custom-List\u00bb]<\/p>\n<ul>\n<li>Ajuste de redes de bases de replanteo<\/li>\n<li>Secciones y encajes de proyectos<\/li>\n<li>Actas de replanteo<\/li>\n<li>Auscultaciones: Presas, Viaductos, Estructuras\u2026<\/li>\n<li>Replanteo de estructuras<\/li>\n<li>Replanteos de obras lineales<\/li>\n<li>Nivelaciones<\/li>\n<li>Apoyos fotogram\u00e9tricos con GPS<\/li>\n<li>Ejecuci\u00f3n y control de obra: Civil \u2013 Viaductos, Carreteras, L\u00edneas de Ferrocarril, T\u00faneles\u2026 Hidr\u00e1ulica \u2013 Presas, Canalizaciones, Embalses, Tanques de Abastecimiento\u2026 Industrial \u2013 L\u00edneas El\u00e9ctricas y de Comunicaci\u00f3n, Parques E\u00f3licos, Centrales, Refiner\u00edas, Gaseoductos\u2026 Urbanizaciones<\/li>\n<li>Control de mediciones<\/li>\n<li>Levantamientos topogr\u00e1ficos para proyectos (en 3D, arquitect\u00f3nicos\u2026)<\/li>\n<li>Planos de fin de obra<\/li>\n<li>Elaboraci\u00f3n de informes t\u00e9cnicos periciales para tramitaciones y alegaciones (catastro, registro de la propiedad, ayuntamientos\u2026)<\/li>\n<li>Particiones de herencias<\/li>\n<li>Proyectos de segregaci\u00f3n y agrupaci\u00f3n de parcelas<\/li>\n<li>Identificaci\u00f3n y ubicaci\u00f3n de fincas<\/li>\n<li>Deslindes y amojonamientos parcelarios<\/li>\n<\/ul>\n<p>[\/vc_column_text][\/vc_column][\/vc_row][vc_row row_type=\u00bbrow\u00bb use_row_as_full_screen_section=\u00bbno\u00bb type=\u00bbfull_width\u00bb angled_section=\u00bbno\u00bb text_align=\u00bbleft\u00bb background_image_as_pattern=\u00bbwithout_pattern\u00bb css_animation=\u00bb\u00bb][vc_column][vc_separator type=\u00bbnormal\u00bb up=\u00bb20px\u00bb][\/vc_column][\/vc_row][vc_row row_type=\u00bbrow\u00bb use_row_as_full_screen_section=\u00bbno\u00bb type=\u00bbfull_width\u00bb angled_section=\u00bbno\u00bb text_align=\u00bbleft\u00bb background_image_as_pattern=\u00bbwithout_pattern\u00bb css_animation=\u00bb\u00bb el_id=\u00bbproyectos\u00bb][vc_column][vc_column_text]<\/p>\n<h2>Proyectos de Topograf\u00eda y Obra Civil<\/h2>\n<p>[\/vc_column_text][\/vc_column][\/vc_row][vc_row row_type=\u00bbrow\u00bb use_row_as_full_screen_section=\u00bbno\u00bb type=\u00bbfull_width\u00bb angled_section=\u00bbno\u00bb text_align=\u00bbleft\u00bb background_image_as_pattern=\u00bbwithout_pattern\u00bb css_animation=\u00bb\u00bb][vc_column]<div class=\"projects_masonry_wrapper \"><div class=\"projects_masonry_holder portfolio_main_holder portfolio_masonry_gallery_with_space  gs5\"><div class=\"qode-portfolio-masonry-gallery-grid-sizer\"><\/div><div class=\"qode-portfolio-masonry-gallery-grid-gutter\"><\/div><article class='portfolio_masonry_item portfolio_category_4  default'><div class='image_holder'><a itemprop='url' class='portfolio_link_for_touch' href='https:\/\/geodronsl.com\/es\/servicios\/topografia-obra-civil\/proyectos\/restituion-fotogrametrica-y-levantamiento-topografico-la-gomera\/' target='_self'><span class='image'><img loading=\"lazy\" decoding=\"async\" width=\"500\" height=\"500\" src=\"https:\/\/geodronsl.com\/wp-content\/uploads\/2017\/05\/Topograf\u00eda-y-obra-civil_Proyma_1-500x500.jpg\" class=\"attachment-portfolio_masonry_regular size-portfolio_masonry_regular wp-post-image\" alt=\"\" srcset=\"https:\/\/geodronsl.com\/wp-content\/uploads\/2017\/05\/Topograf\u00eda-y-obra-civil_Proyma_1-500x500.jpg 500w, https:\/\/geodronsl.com\/wp-content\/uploads\/2017\/05\/Topograf\u00eda-y-obra-civil_Proyma_1-150x150.jpg 150w, https:\/\/geodronsl.com\/wp-content\/uploads\/2017\/05\/Topograf\u00eda-y-obra-civil_Proyma_1-570x570.jpg 570w\" sizes=\"auto, (max-width: 500px) 100vw, 500px\" \/><\/span><\/a><span class='text_holder'><span class='text_outer'><span class='text_inner'><div class=\"hover_feature_holder_title\"><div class=\"hover_feature_holder_title_inner\"><h3 itemprop=\"name\" class=\"portfolio_title entry_title\"><a itemprop=\"url\" href=\"https:\/\/geodronsl.com\/es\/servicios\/topografia-obra-civil\/proyectos\/restituion-fotogrametrica-y-levantamiento-topografico-la-gomera\/\"  target=\"_self\">Restituci\u00f3n fotogram\u00e9trica y levantamiento topogr\u00e1fico &#8211; \u201cParedes &#8211; Alajer\u00f3 \u2013 Aeropuerto de La Gomera\u201d<\/a><\/h3><span class=\"project_category\" >Topograf\u00eda y Obra Civil<\/span><\/div><\/div><span class='feature_holder'><span class=\"feature_holder_icons\"><a itemprop='url' class='preview qbutton small white' href='https:\/\/geodronsl.com\/es\/servicios\/topografia-obra-civil\/proyectos\/restituion-fotogrametrica-y-levantamiento-topografico-la-gomera\/' target='_self'>ver<\/i><\/a><\/span><\/span><\/span><\/span><\/span><\/div><\/article><article class='portfolio_masonry_item portfolio_category_4  default'><div class='image_holder'><a itemprop='url' class='portfolio_link_for_touch' href='https:\/\/geodronsl.com\/es\/servicios\/topografia-obra-civil\/proyectos\/vuelo-fotogrametrico-uav-observatorio-astrofisico-roque-los-muchachos\/' target='_self'><span class='image'><img loading=\"lazy\" decoding=\"async\" width=\"500\" height=\"500\" src=\"https:\/\/geodronsl.com\/wp-content\/uploads\/2017\/05\/Topograf\u00eda-y-obra-civil_Roque-de-los-Muchachos_2-500x500.jpg\" class=\"attachment-portfolio_masonry_regular size-portfolio_masonry_regular wp-post-image\" alt=\"\" srcset=\"https:\/\/geodronsl.com\/wp-content\/uploads\/2017\/05\/Topograf\u00eda-y-obra-civil_Roque-de-los-Muchachos_2-500x500.jpg 500w, https:\/\/geodronsl.com\/wp-content\/uploads\/2017\/05\/Topograf\u00eda-y-obra-civil_Roque-de-los-Muchachos_2-150x150.jpg 150w, https:\/\/geodronsl.com\/wp-content\/uploads\/2017\/05\/Topograf\u00eda-y-obra-civil_Roque-de-los-Muchachos_2-570x570.jpg 570w\" sizes=\"auto, (max-width: 500px) 100vw, 500px\" \/><\/span><\/a><span class='text_holder'><span class='text_outer'><span class='text_inner'><div class=\"hover_feature_holder_title\"><div class=\"hover_feature_holder_title_inner\"><h3 itemprop=\"name\" class=\"portfolio_title entry_title\"><a itemprop=\"url\" href=\"https:\/\/geodronsl.com\/es\/servicios\/topografia-obra-civil\/proyectos\/vuelo-fotogrametrico-uav-observatorio-astrofisico-roque-los-muchachos\/\"  target=\"_self\">Vuelo fotogram\u00e9trico con avi\u00f3n no tripulado &#8211; OBSERVATORIO ASTROF\u00cdSICO ROQUE DE LOS MUCHACHOS<\/a><\/h3><span class=\"project_category\" >Topograf\u00eda y Obra Civil<\/span><\/div><\/div><span class='feature_holder'><span class=\"feature_holder_icons\"><a itemprop='url' class='preview qbutton small white' href='https:\/\/geodronsl.com\/es\/servicios\/topografia-obra-civil\/proyectos\/vuelo-fotogrametrico-uav-observatorio-astrofisico-roque-los-muchachos\/' target='_self'>ver<\/i><\/a><\/span><\/span><\/span><\/span><\/span><\/div><\/article><\/div><\/div>[\/vc_column][\/vc_row]<\/p>\n","protected":false},"excerpt":{"rendered":"<p>[vc_row row_type=\u00bbrow\u00bb use_row_as_full_screen_section=\u00bbno\u00bb type=\u00bbfull_width\u00bb angled_section=\u00bbno\u00bb text_align=\u00bbleft\u00bb background_image_as_pattern=\u00bbwithout_pattern\u00bb css_animation=\u00bb\u00bb][vc_column width=\u00bb1\/2&#8243;][vc_column_text] TOPOGRAF\u00cdA Y OBRA CIVIL [\/vc_column_text][vc_separator type=\u00bbtransparent\u00bb][vc_column_text]Nuestros t\u00e9cnicos son especialistas extremadamente vers\u00e1tiles empleando esta tecnolog\u00eda para la representaci\u00f3n precisa y detallada de cualquier infraestructura: carreteras, ferrocarriles, l\u00edneas el\u00e9ctricas\u2026 realizando tambi\u00e9n cartograf\u00eda de zonas muy amplias, inaccesibles y&#8230;<\/p>\n","protected":false},"author":5,"featured_media":0,"parent":0,"menu_order":0,"comment_status":"closed","ping_status":"closed","template":"","meta":{"footnotes":""},"class_list":["post-557","page","type-page","status-publish","hentry"],"_links":{"self":[{"href":"https:\/\/geodronsl.com\/es\/wp-json\/wp\/v2\/pages\/557","targetHints":{"allow":["GET"]}}],"collection":[{"href":"https:\/\/geodronsl.com\/es\/wp-json\/wp\/v2\/pages"}],"about":[{"href":"https:\/\/geodronsl.com\/es\/wp-json\/wp\/v2\/types\/page"}],"author":[{"embeddable":true,"href":"https:\/\/geodronsl.com\/es\/wp-json\/wp\/v2\/users\/5"}],"replies":[{"embeddable":true,"href":"https:\/\/geodronsl.com\/es\/wp-json\/wp\/v2\/comments?post=557"}],"version-history":[{"count":22,"href":"https:\/\/geodronsl.com\/es\/wp-json\/wp\/v2\/pages\/557\/revisions"}],"predecessor-version":[{"id":1277,"href":"https:\/\/geodronsl.com\/es\/wp-json\/wp\/v2\/pages\/557\/revisions\/1277"}],"wp:attachment":[{"href":"https:\/\/geodronsl.com\/es\/wp-json\/wp\/v2\/media?parent=557"}],"curies":[{"name":"wp","href":"https:\/\/api.w.org\/{rel}","templated":true}]}}