{"id":24,"date":"2018-06-05T10:25:40","date_gmt":"2018-06-05T10:25:40","guid":{"rendered":"http:\/\/www.new.url:6689\/wordpress\/geodron\/?page_id=24"},"modified":"2022-05-17T09:42:49","modified_gmt":"2022-05-17T09:42:49","slug":"tecnologia","status":"publish","type":"page","link":"https:\/\/geodronsl.com\/es\/tecnologia\/","title":{"rendered":"Tecnolog\u00eda avanzada para Cartograf\u00eda y Topograf\u00eda"},"content":{"rendered":"<p>[vc_row row_type=\u00bbrow\u00bb use_row_as_full_screen_section=\u00bbno\u00bb type=\u00bbfull_width\u00bb angled_section=\u00bbno\u00bb text_align=\u00bbleft\u00bb background_image_as_pattern=\u00bbwithout_pattern\u00bb css_animation=\u00bb\u00bb][vc_column width=\u00bb1\/2&#8243;][vc_column_text]<img loading=\"lazy\" decoding=\"async\" class=\"alignnone wp-image-1371 size-full\" title=\"tecnologia avanzada para cartografia y topografia\" src=\"https:\/\/geodronsl.com\/wp-content\/uploads\/2018\/07\/tecnologia-avanzada-para-cartografia-y-topografia.jpg\" alt=\"tecnologia avanzada para cartografia y topografia\" width=\"602\" height=\"379\" srcset=\"https:\/\/geodronsl.com\/wp-content\/uploads\/2018\/07\/tecnologia-avanzada-para-cartografia-y-topografia.jpg 602w, https:\/\/geodronsl.com\/wp-content\/uploads\/2018\/07\/tecnologia-avanzada-para-cartografia-y-topografia-300x189.jpg 300w, https:\/\/geodronsl.com\/wp-content\/uploads\/2018\/07\/tecnologia-avanzada-para-cartografia-y-topografia-600x379.jpg 600w\" sizes=\"auto, (max-width: 602px) 100vw, 602px\" \/>[\/vc_column_text][\/vc_column][vc_column width=\u00bb1\/2&#8243;][vc_column_text]<\/p>\n<h1>Tecnolog\u00eda avanzada para Cartograf\u00eda y Topograf\u00eda<\/h1>\n<p>[\/vc_column_text][vc_column_text]Trabajamos con marcas l\u00edderes a nivel mundial en los campos de la <strong>Cartograf\u00eda, Fotogrametr\u00eda A\u00e9rea y Topograf\u00eda Terrestre<\/strong>. Empleando esta <strong>tecnolog\u00eda avanzada<\/strong> y sin precedentes, desarrollamos \u00e1gilmente proyectos y trabajos que de una forma tradicional ser\u00edan m\u00e1s costosos e imposibles de realizar en los plazos que somos capaces de ofrecer. Mucho menor tiempo y por tanto, mayor rentabilidad para nuestros clientes.[\/vc_column_text][\/vc_column][\/vc_row][vc_row row_type=\u00bbrow\u00bb use_row_as_full_screen_section=\u00bbno\u00bb type=\u00bbfull_width\u00bb angled_section=\u00bbno\u00bb text_align=\u00bbleft\u00bb background_image_as_pattern=\u00bbwithout_pattern\u00bb css_animation=\u00bb\u00bb][vc_column][vc_separator type=\u00bbtransparent\u00bb up=\u00bb5px\u00bb down=\u00bb5px\u00bb][\/vc_column][\/vc_row][vc_row row_type=\u00bbrow\u00bb use_row_as_full_screen_section=\u00bbno\u00bb type=\u00bbfull_width\u00bb angled_section=\u00bbno\u00bb text_align=\u00bbleft\u00bb background_image_as_pattern=\u00bbwithout_pattern\u00bb css_animation=\u00bb\u00bb][vc_column width=\u00bb1\/3&#8243;][vc_column_text]<\/p>\n<h2><a title=\"drones para cartograf\u00eda y fotogrametr\u00eda a\u00e9rea en tenerife\" href=\"https:\/\/geodronsl.com\/es\/tecnologia\/drones-uav-cartografia-fotogrametria-aerea\/\">Cartograf\u00eda y<br \/>\nFotogrametr\u00eda A\u00e9rea<\/a><\/h2>\n<p><a href=\"https:\/\/geodronsl.com\/es\/tecnologia\/drones-uav-cartografia-fotogrametria-aerea\/\"><img loading=\"lazy\" decoding=\"async\" class=\"alignnone wp-image-813 size-full\" title=\"drones - uav para cartografia y topografia\" src=\"https:\/\/geodronsl.com\/wp-content\/uploads\/2016\/08\/tecnologia-avanzada-para-cartografia-y-topografia.jpg\" alt=\"drones - uav para cartografia y topografia \" width=\"500\" height=\"500\" srcset=\"https:\/\/geodronsl.com\/wp-content\/uploads\/2016\/08\/tecnologia-avanzada-para-cartografia-y-topografia.jpg 500w, https:\/\/geodronsl.com\/wp-content\/uploads\/2016\/08\/tecnologia-avanzada-para-cartografia-y-topografia-150x150.jpg 150w, https:\/\/geodronsl.com\/wp-content\/uploads\/2016\/08\/tecnologia-avanzada-para-cartografia-y-topografia-300x300.jpg 300w\" sizes=\"auto, (max-width: 500px) 100vw, 500px\" \/><\/a>[\/vc_column_text][vc_separator type=\u00bbtransparent\u00bb up=\u00bb5px\u00bb down=\u00bb5px\u00bb][\/vc_column][vc_column width=\u00bb1\/3&#8243;][vc_column_text]<\/p>\n<h2 class=\"h2-tecnologia\"><a title=\"laser escaner para topografia en tenerife\" href=\"https:\/\/geodronsl.com\/es\/tecnologia\/laser-escaner-topografia\/\">L\u00e1ser Esc\u00e1ner<\/a><\/h2>\n<p>[\/vc_column_text][vc_separator type=\u00bbtransparent\u00bb up=\u00bb14&#8243; down=\u00bb14&#8243; el_class=\u00bbseparator-hide\u00bb][vc_column_text]<a href=\"https:\/\/geodronsl.com\/es\/tecnologia\/laser-escaner-topografia\/\"><img loading=\"lazy\" decoding=\"async\" class=\"alignnone wp-image-811 size-full\" title=\"laser escaner para topografia en tenerife\" src=\"https:\/\/geodronsl.com\/wp-content\/uploads\/2016\/08\/laser-escaner-para-topografia.jpg\" alt=\"laser escaner para topografia canarias\" width=\"500\" height=\"500\" srcset=\"https:\/\/geodronsl.com\/wp-content\/uploads\/2016\/08\/laser-escaner-para-topografia.jpg 500w, https:\/\/geodronsl.com\/wp-content\/uploads\/2016\/08\/laser-escaner-para-topografia-150x150.jpg 150w, https:\/\/geodronsl.com\/wp-content\/uploads\/2016\/08\/laser-escaner-para-topografia-300x300.jpg 300w\" sizes=\"auto, (max-width: 500px) 100vw, 500px\" \/><\/a>[\/vc_column_text][vc_separator type=\u00bbtransparent\u00bb up=\u00bb5px\u00bb down=\u00bb5px\u00bb][\/vc_column][vc_column width=\u00bb1\/3&#8243;][vc_column_text]<\/p>\n<h2 class=\"h2-tecnologia\"><a title=\"tecnolog\u00eda lidar en tenerife\" href=\"https:\/\/geodronsl.com\/es\/tecnologia\/tecnologia-lidar-profesionales\/\">Lidar<\/a><\/h2>\n<p>[\/vc_column_text][vc_separator type=\u00bbtransparent\u00bb up=\u00bb14&#8243; down=\u00bb14&#8243; el_class=\u00bbseparator-hide\u00bb][vc_column_text]<a href=\"https:\/\/geodronsl.com\/es\/tecnologia\/tecnologia-lidar-profesionales\/\"><img loading=\"lazy\" decoding=\"async\" class=\"alignnone wp-image-814 size-full\" title=\"tecnologia lidar en tenerife canarias\" src=\"https:\/\/geodronsl.com\/wp-content\/uploads\/2016\/08\/tecnologia-lidar-en-tenerife-canarias.jpg\" alt=\"tecnologia lidar en tenerife canarias\" width=\"500\" height=\"500\" srcset=\"https:\/\/geodronsl.com\/wp-content\/uploads\/2016\/08\/tecnologia-lidar-en-tenerife-canarias.jpg 500w, https:\/\/geodronsl.com\/wp-content\/uploads\/2016\/08\/tecnologia-lidar-en-tenerife-canarias-150x150.jpg 150w, https:\/\/geodronsl.com\/wp-content\/uploads\/2016\/08\/tecnologia-lidar-en-tenerife-canarias-300x300.jpg 300w\" sizes=\"auto, (max-width: 500px) 100vw, 500px\" \/><\/a>[\/vc_column_text][vc_separator type=\u00bbtransparent\u00bb up=\u00bb5px\u00bb down=\u00bb5px\u00bb][\/vc_column][\/vc_row][vc_row row_type=\u00bbrow\u00bb use_row_as_full_screen_section=\u00bbno\u00bb type=\u00bbfull_width\u00bb angled_section=\u00bbno\u00bb text_align=\u00bbleft\u00bb background_image_as_pattern=\u00bbwithout_pattern\u00bb css_animation=\u00bb\u00bb][vc_column width=\u00bb1\/3&#8243;][vc_column_text]<\/p>\n<h2 class=\"h2-tecnologia\"><a title=\"captar datos con mobile mapping en tenerife\" href=\"https:\/\/geodronsl.com\/es\/tecnologia\/captacion-datos-via-publica-mobile-mapping\/\">Mobile Mapping<\/a><\/h2>\n<p><a title=\"captacion de datos v\u00eda p\u00fablica con mobile mapping\" href=\"https:\/\/geodronsl.com\/es\/tecnologia\/captacion-datos-via-publica-mobile-mapping\/\"><img loading=\"lazy\" decoding=\"async\" class=\"alignnone wp-image-810 size-full\" title=\"captar datos con mobile mapping en tenerife\" src=\"https:\/\/geodronsl.com\/wp-content\/uploads\/2016\/08\/captar-datos-con-mobile-mapping.jpg\" alt=\"captar datos con mobile mapping\" width=\"500\" height=\"500\" srcset=\"https:\/\/geodronsl.com\/wp-content\/uploads\/2016\/08\/captar-datos-con-mobile-mapping.jpg 500w, https:\/\/geodronsl.com\/wp-content\/uploads\/2016\/08\/captar-datos-con-mobile-mapping-150x150.jpg 150w, https:\/\/geodronsl.com\/wp-content\/uploads\/2016\/08\/captar-datos-con-mobile-mapping-300x300.jpg 300w\" sizes=\"auto, (max-width: 500px) 100vw, 500px\" \/><\/a>[\/vc_column_text][vc_separator type=\u00bbtransparent\u00bb up=\u00bb5px\u00bb down=\u00bb5px\u00bb][\/vc_column][vc_column width=\u00bb1\/3&#8243;][vc_column_text]<\/p>\n<h2 class=\"h2-tecnologia\"><a title=\"software de fotogrametr\u00eda, tratamiento de nubes, restituci\u00f3n...\" href=\"https:\/\/geodronsl.com\/es\/tecnologia\/software-fotogrametria-tratamiento-nube-puntos\/\">Software<\/a><\/h2>\n<p><a title=\"software de fotogrametr\u00eda, tratamiento de nubes, restituci\u00f3n...\" href=\"https:\/\/geodronsl.com\/es\/tecnologia\/software-fotogrametria-tratamiento-nube-puntos\/\"><img loading=\"lazy\" decoding=\"async\" class=\"alignnone wp-image-815 size-full\" title=\"software fotogrametria tratamiento de nubes restitucion tenerife\" src=\"https:\/\/geodronsl.com\/wp-content\/uploads\/2016\/08\/software-fotogrametria-tratamiento-de-nubes-restitucion.jpg\" alt=\"software fotogrametria tratamiento de nubes restitucion canarias\" width=\"500\" height=\"500\" srcset=\"https:\/\/geodronsl.com\/wp-content\/uploads\/2016\/08\/software-fotogrametria-tratamiento-de-nubes-restitucion.jpg 500w, https:\/\/geodronsl.com\/wp-content\/uploads\/2016\/08\/software-fotogrametria-tratamiento-de-nubes-restitucion-150x150.jpg 150w, https:\/\/geodronsl.com\/wp-content\/uploads\/2016\/08\/software-fotogrametria-tratamiento-de-nubes-restitucion-300x300.jpg 300w\" sizes=\"auto, (max-width: 500px) 100vw, 500px\" \/><\/a>[\/vc_column_text][vc_separator type=\u00bbtransparent\u00bb up=\u00bb5px\u00bb down=\u00bb5px\u00bb][\/vc_column][vc_column width=\u00bb1\/3&#8243;][\/vc_column][\/vc_row]<\/p>\n","protected":false},"excerpt":{"rendered":"<p>[vc_row row_type=\u00bbrow\u00bb use_row_as_full_screen_section=\u00bbno\u00bb type=\u00bbfull_width\u00bb angled_section=\u00bbno\u00bb text_align=\u00bbleft\u00bb background_image_as_pattern=\u00bbwithout_pattern\u00bb css_animation=\u00bb\u00bb][vc_column width=\u00bb1\/2&#8243;][vc_column_text][\/vc_column_text][\/vc_column][vc_column width=\u00bb1\/2&#8243;][vc_column_text] Tecnolog\u00eda avanzada para Cartograf\u00eda y Topograf\u00eda [\/vc_column_text][vc_column_text]Trabajamos con marcas l\u00edderes a nivel mundial en los campos de la Cartograf\u00eda, Fotogrametr\u00eda A\u00e9rea y Topograf\u00eda Terrestre. Empleando esta tecnolog\u00eda avanzada y sin precedentes, desarrollamos \u00e1gilmente proyectos y&#8230;<\/p>\n","protected":false},"author":1,"featured_media":0,"parent":0,"menu_order":0,"comment_status":"closed","ping_status":"closed","template":"","meta":{"footnotes":""},"class_list":["post-24","page","type-page","status-publish","hentry"],"_links":{"self":[{"href":"https:\/\/geodronsl.com\/es\/wp-json\/wp\/v2\/pages\/24","targetHints":{"allow":["GET"]}}],"collection":[{"href":"https:\/\/geodronsl.com\/es\/wp-json\/wp\/v2\/pages"}],"about":[{"href":"https:\/\/geodronsl.com\/es\/wp-json\/wp\/v2\/types\/page"}],"author":[{"embeddable":true,"href":"https:\/\/geodronsl.com\/es\/wp-json\/wp\/v2\/users\/1"}],"replies":[{"embeddable":true,"href":"https:\/\/geodronsl.com\/es\/wp-json\/wp\/v2\/comments?post=24"}],"version-history":[{"count":81,"href":"https:\/\/geodronsl.com\/es\/wp-json\/wp\/v2\/pages\/24\/revisions"}],"predecessor-version":[{"id":1622,"href":"https:\/\/geodronsl.com\/es\/wp-json\/wp\/v2\/pages\/24\/revisions\/1622"}],"wp:attachment":[{"href":"https:\/\/geodronsl.com\/es\/wp-json\/wp\/v2\/media?parent=24"}],"curies":[{"name":"wp","href":"https:\/\/api.w.org\/{rel}","templated":true}]}}