{"id":22,"date":"2018-06-05T10:25:23","date_gmt":"2018-06-05T10:25:23","guid":{"rendered":"http:\/\/www.new.url:6689\/wordpress\/geodron\/?page_id=22"},"modified":"2018-07-19T18:02:55","modified_gmt":"2018-07-19T18:02:55","slug":"empresa","status":"publish","type":"page","link":"https:\/\/geodronsl.com\/es\/empresa\/","title":{"rendered":"Empresa de Topograf\u00eda Cartograf\u00eda y Tecnolog\u00eda de la Informaci\u00f3n"},"content":{"rendered":"<p>[vc_row row_type=\u00bbrow\u00bb use_row_as_full_screen_section=\u00bbno\u00bb type=\u00bbfull_width\u00bb angled_section=\u00bbno\u00bb text_align=\u00bbleft\u00bb background_image_as_pattern=\u00bbwithout_pattern\u00bb css_animation=\u00bb\u00bb][vc_column width=\u00bb1\/2&#8243; css=\u00bb.vc_custom_1489669250339{padding-right: 0px !important;padding-left: 0px !important;}\u00bb el_class=\u00bbelement_from_left element_from_left_on\u00bb][vc_column_text]<img loading=\"lazy\" decoding=\"async\" class=\"aligncenter wp-image-16 size-large\" style=\"margin: 0;\" src=\"https:\/\/geodronsl.com\/wp-content\/uploads\/2016\/08\/nosotros2-1024x848.jpg\" alt=\"Nosotros_02\" width=\"1024\" height=\"848\" srcset=\"https:\/\/geodronsl.com\/wp-content\/uploads\/2016\/08\/nosotros2-1024x848.jpg 1024w, https:\/\/geodronsl.com\/wp-content\/uploads\/2016\/08\/nosotros2-300x248.jpg 300w, https:\/\/geodronsl.com\/wp-content\/uploads\/2016\/08\/nosotros2-768x636.jpg 768w, https:\/\/geodronsl.com\/wp-content\/uploads\/2016\/08\/nosotros2-700x580.jpg 700w, https:\/\/geodronsl.com\/wp-content\/uploads\/2016\/08\/nosotros2.jpg 1255w\" sizes=\"auto, (max-width: 1024px) 100vw, 1024px\" \/>[\/vc_column_text][\/vc_column][vc_column width=\u00bb1\/2&#8243; css=\u00bb.vc_custom_1532023367605{padding-top: 10px !important;padding-right: 50px !important;padding-left: 50px !important;}\u00bb el_class=\u00bbelement_from_right element_from_right_on\u00bb][vc_column_text css=\u00bb.vc_custom_1532023309266{padding-bottom: 10px !important;}\u00bb]<\/p>\n<h1>Empresa de Topograf\u00eda, Cartograf\u00eda y Tecnolog\u00eda de la Informaci\u00f3n<\/h1>\n<p>[\/vc_column_text][vc_column_text]<\/p>\n<p style=\"text-align: center;\"><span style=\"font-size: 18px;\">Nace de la uni\u00f3n de dos estudios de topograf\u00eda con m\u00e1s de 20 a\u00f1os de experiencia en el campo de la geom\u00e1tica y cartograf\u00eda<\/span><\/p>\n<p>[\/vc_column_text][vc_separator type=\u00bbtransparent\u00bb][vc_column_text]A lo largo de este tiempo hemos apostado por un desarrollo empresarial basado en la innovaci\u00f3n tecnol\u00f3gica y especializaci\u00f3n para dar soluciones competitivas a nivel mundial en campos cuyo nexo de uni\u00f3n es la cartograf\u00eda a distintos niveles:[\/vc_column_text][vc_separator type=\u00bbtransparent\u00bb][vc_column_text el_class=\u00bbdiv-Custom-List\u00bb]<\/p>\n<ul>\n<li>Topograf\u00eda<\/li>\n<li>Ingenier\u00eda Civil e Industrial<\/li>\n<li>Medio Ambiente y Desarrollo Territorial<\/li>\n<li>Agricultura de Precisi\u00f3n y Silvicultura<\/li>\n<li>Miner\u00eda<\/li>\n<li>S.I.G \/ G.I.S<\/li>\n<\/ul>\n<p>[\/vc_column_text][\/vc_column][\/vc_row][vc_row row_type=\u00bbrow\u00bb use_row_as_full_screen_section=\u00bbno\u00bb type=\u00bbfull_width\u00bb angled_section=\u00bbno\u00bb text_align=\u00bbleft\u00bb background_image_as_pattern=\u00bbwithout_pattern\u00bb css_animation=\u00bb\u00bb][vc_column width=\u00bb1\/2&#8243; css=\u00bb.vc_custom_1489669253962{padding-top: 15px !important;padding-right: 50px !important;padding-bottom: 15px !important;padding-left: 50px !important;}\u00bb el_class=\u00bbelement_from_left element_from_left_on\u00bb][vc_column_text css=\u00bb.vc_custom_1470741691837{padding-top: 20px !important;padding-bottom: 20px !important;}\u00bb]<\/p>\n<h3>SERVICIO AL CLIENTE<\/h3>\n<p>[\/vc_column_text][vc_separator type=\u00bbtransparent\u00bb][vc_column_text]Geodron trabaja con un Equipo Multidisciplinar capaz de desarrollar cualquier proyecto independiente en su campo de actuaci\u00f3n. La aportaci\u00f3n de este equipo de personas es vital para el \u00e9xito de cada proyecto.[\/vc_column_text][vc_separator type=\u00bbtransparent\u00bb][vc_column_text]Aplicamos una pol\u00edtica activa en la formaci\u00f3n, tanto tecnol\u00f3gica como de habilidades personales y colectivas buscando potenciar el desarrollo integral del equipo humano repercutiendo en el resultado \ufb01nal satisfactorio para el cliente.[\/vc_column_text][vc_separator type=\u00bbtransparent\u00bb][vc_column_text]El crecimiento de nuestra compa\u00f1\u00eda depende de su con\ufb01anza y satisfacci\u00f3n y eso se consigue mediante un trabajo bien hecho y con la m\u00e1xima garant\u00eda de calidad. Es nuestra obligaci\u00f3n reinventarse cuando ofrecer un buen servicio al cliente es un gran valor diferencial en un mercado donde la competencia es cada vez m\u00e1s fuerte.[\/vc_column_text][vc_separator type=\u00bbtransparent\u00bb][\/vc_column][vc_column width=\u00bb1\/2&#8243; css=\u00bb.vc_custom_1489669272515{padding-right: 0px !important;padding-left: 0px !important;}\u00bb el_class=\u00bbelement_from_right element_from_right_on\u00bb][vc_column_text]<img decoding=\"async\" class=\"aligncenter wp-image-15 size-large\" style=\"margin: 0;\" src=\"https:\/\/geodronsl.com\/wp-content\/uploads\/2017\/05\/Empresa_Servicio-al-Cliente.jpg\" alt=\"Nosotros_01\" \/><\/p>\n<p>[\/vc_column_text][\/vc_column][\/vc_row]<\/p>\n","protected":false},"excerpt":{"rendered":"<p>[vc_row row_type=\u00bbrow\u00bb use_row_as_full_screen_section=\u00bbno\u00bb type=\u00bbfull_width\u00bb angled_section=\u00bbno\u00bb text_align=\u00bbleft\u00bb background_image_as_pattern=\u00bbwithout_pattern\u00bb css_animation=\u00bb\u00bb][vc_column width=\u00bb1\/2&#8243; css=\u00bb.vc_custom_1489669250339{padding-right: 0px !important;padding-left: 0px !important;}\u00bb el_class=\u00bbelement_from_left element_from_left_on\u00bb][vc_column_text][\/vc_column_text][\/vc_column][vc_column width=\u00bb1\/2&#8243; css=\u00bb.vc_custom_1532023367605{padding-top: 10px !important;padding-right: 50px !important;padding-left: 50px !important;}\u00bb el_class=\u00bbelement_from_right element_from_right_on\u00bb][vc_column_text css=\u00bb.vc_custom_1532023309266{padding-bottom: 10px !important;}\u00bb] Empresa de Topograf\u00eda, Cartograf\u00eda y Tecnolog\u00eda de la Informaci\u00f3n [\/vc_column_text][vc_column_text] Nace de la uni\u00f3n de dos&#8230;<\/p>\n","protected":false},"author":1,"featured_media":0,"parent":0,"menu_order":0,"comment_status":"closed","ping_status":"closed","template":"","meta":{"footnotes":""},"class_list":["post-22","page","type-page","status-publish","hentry"],"_links":{"self":[{"href":"https:\/\/geodronsl.com\/es\/wp-json\/wp\/v2\/pages\/22","targetHints":{"allow":["GET"]}}],"collection":[{"href":"https:\/\/geodronsl.com\/es\/wp-json\/wp\/v2\/pages"}],"about":[{"href":"https:\/\/geodronsl.com\/es\/wp-json\/wp\/v2\/types\/page"}],"author":[{"embeddable":true,"href":"https:\/\/geodronsl.com\/es\/wp-json\/wp\/v2\/users\/1"}],"replies":[{"embeddable":true,"href":"https:\/\/geodronsl.com\/es\/wp-json\/wp\/v2\/comments?post=22"}],"version-history":[{"count":61,"href":"https:\/\/geodronsl.com\/es\/wp-json\/wp\/v2\/pages\/22\/revisions"}],"predecessor-version":[{"id":1599,"href":"https:\/\/geodronsl.com\/es\/wp-json\/wp\/v2\/pages\/22\/revisions\/1599"}],"wp:attachment":[{"href":"https:\/\/geodronsl.com\/es\/wp-json\/wp\/v2\/media?parent=22"}],"curies":[{"name":"wp","href":"https:\/\/api.w.org\/{rel}","templated":true}]}}