{"id":155,"date":"2018-06-23T11:07:02","date_gmt":"2018-06-23T11:07:02","guid":{"rendered":"http:\/\/geodronsl.com\/?page_id=155"},"modified":"2018-07-14T13:19:02","modified_gmt":"2018-07-14T13:19:02","slug":"ingenieria-construccion-urbanismo","status":"publish","type":"page","link":"https:\/\/geodronsl.com\/es\/servicios\/inspeccion-infraestructuras-drones-uav\/","title":{"rendered":"Inspecci\u00f3n de infraestructuras con Drones &#8211; UAV"},"content":{"rendered":"<p>[vc_row row_type=\u00bbrow\u00bb use_row_as_full_screen_section=\u00bbno\u00bb type=\u00bbfull_width\u00bb angled_section=\u00bbno\u00bb text_align=\u00bbleft\u00bb background_image_as_pattern=\u00bbwithout_pattern\u00bb css_animation=\u00bb\u00bb][vc_column width=\u00bb1\/2&#8243;][vc_column_text]<img loading=\"lazy\" decoding=\"async\" class=\"alignnone wp-image-1195 size-full\" title=\"inspeccion de infraestructuras con drones laser escaner y mobile mapping\" src=\"https:\/\/geodronsl.com\/wp-content\/uploads\/2018\/07\/inspeccion-de-infraestructuras-con-drones-laser-escaner-y-mobile-mapping.jpg\" alt=\"trabajos de inspecci\u00f3n de infraestructuras\" width=\"500\" height=\"500\" srcset=\"https:\/\/geodronsl.com\/wp-content\/uploads\/2018\/07\/inspeccion-de-infraestructuras-con-drones-laser-escaner-y-mobile-mapping.jpg 500w, https:\/\/geodronsl.com\/wp-content\/uploads\/2018\/07\/inspeccion-de-infraestructuras-con-drones-laser-escaner-y-mobile-mapping-150x150.jpg 150w, https:\/\/geodronsl.com\/wp-content\/uploads\/2018\/07\/inspeccion-de-infraestructuras-con-drones-laser-escaner-y-mobile-mapping-300x300.jpg 300w\" sizes=\"auto, (max-width: 500px) 100vw, 500px\" \/>[\/vc_column_text][\/vc_column][vc_column width=\u00bb1\/2&#8243;][vc_column_text]<\/p>\n<h1>Inspecci\u00f3n de infraestructuras con Drones, L\u00e1ser Esc\u00e1ner y Mobile Mapping<\/h1>\n<p>[\/vc_column_text][vc_separator type=\u00bbtransparent\u00bb][vc_column_text]Las empresas constructoras siempre se enfrentan a los mismos problemas en lo relativo a la <strong>mejora de infraestructuras<\/strong>. En el actual paisaje, siempre cambiante, y ante la demanda de un servicio de elaboraci\u00f3n de mapas r\u00e1pidamente, la tecnolog\u00eda de Geodron se ha convertido en una herramienta indispensable para las asociaciones de la construcci\u00f3n y su planificaci\u00f3n. Las obras viales, puentes, rampas, canales y \u00e1reas de inundaci\u00f3n ahora se pueden <strong>inspeccionar f\u00e1cilmente desde el aire<\/strong>. Una gran visi\u00f3n general de la zona de proyecto permite a los ingenieros tomar las precauciones necesarias en la construcci\u00f3n de infraestructuras. Esta tecnolog\u00eda puede sustituir a los estudios tradicionales del terreno y proporcionar m\u00e1s datos en intervalos m\u00e1s cortos para un costo total m\u00e1s bajo.[\/vc_column_text][vc_separator type=\u00bbtransparent\u00bb][vc_column_text el_class=\u00bbdiv-Custom-List\u00bb]<\/p>\n<h2>Trabajos de inspecci\u00f3n de infraestructuras<\/h2>\n<ul>\n<li>Fotogrametr\u00eda e im\u00e1genes a\u00e9reas para seguimiento de obras<\/li>\n<li>Modelos digitales del terreno en 3D para cubicaciones, mediciones, perfiles transversales y longitudinales, curvas de nivel\u2026<\/li>\n<li>Industria del gas y petr\u00f3leo<\/li>\n<li>Control de ejecuci\u00f3n en alta precisi\u00f3n y en diferentes per\u00edodos<\/li>\n<\/ul>\n<p>[\/vc_column_text][\/vc_column][\/vc_row][vc_row row_type=\u00bbrow\u00bb use_row_as_full_screen_section=\u00bbno\u00bb type=\u00bbfull_width\u00bb angled_section=\u00bbno\u00bb text_align=\u00bbleft\u00bb background_image_as_pattern=\u00bbwithout_pattern\u00bb css_animation=\u00bb\u00bb][vc_column][vc_separator type=\u00bbnormal\u00bb up=\u00bb20px\u00bb][\/vc_column][\/vc_row][vc_row row_type=\u00bbrow\u00bb use_row_as_full_screen_section=\u00bbno\u00bb type=\u00bbfull_width\u00bb angled_section=\u00bbno\u00bb text_align=\u00bbleft\u00bb background_image_as_pattern=\u00bbwithout_pattern\u00bb css_animation=\u00bb\u00bb el_id=\u00bbproyectos\u00bb][vc_column][vc_column_text]<\/p>\n<h2>Proyectos de Ingenier\u00eda y Urbanismo<\/h2>\n<p>[\/vc_column_text][\/vc_column][\/vc_row][vc_row row_type=\u00bbrow\u00bb use_row_as_full_screen_section=\u00bbno\u00bb type=\u00bbfull_width\u00bb angled_section=\u00bbno\u00bb text_align=\u00bbleft\u00bb background_image_as_pattern=\u00bbwithout_pattern\u00bb css_animation=\u00bb\u00bb][vc_column]<div class=\"projects_masonry_wrapper \"><div class=\"projects_masonry_holder portfolio_main_holder portfolio_masonry_gallery_with_space  gs5\"><div class=\"qode-portfolio-masonry-gallery-grid-sizer\"><\/div><div class=\"qode-portfolio-masonry-gallery-grid-gutter\"><\/div><article class='portfolio_masonry_item portfolio_category_5  default'><div class='image_holder'><a itemprop='url' class='portfolio_link_for_touch' href='https:\/\/geodronsl.com\/es\/servicios\/inspeccion-infraestructuras-drones-uav\/proyectos\/levantamiento-topografico-estaciones-servicio-cepsa\/' target='_self'><span class='image'><img loading=\"lazy\" decoding=\"async\" width=\"500\" height=\"500\" src=\"https:\/\/geodronsl.com\/wp-content\/uploads\/2017\/05\/INGENIER\u00cdA_CONSTRUCCI\u00d3N-Y-URBANISMO_GASOLINERAS_LA-CALETA-500x500.jpg\" class=\"attachment-portfolio_masonry_regular size-portfolio_masonry_regular wp-post-image\" alt=\"\" srcset=\"https:\/\/geodronsl.com\/wp-content\/uploads\/2017\/05\/INGENIER\u00cdA_CONSTRUCCI\u00d3N-Y-URBANISMO_GASOLINERAS_LA-CALETA-500x500.jpg 500w, https:\/\/geodronsl.com\/wp-content\/uploads\/2017\/05\/INGENIER\u00cdA_CONSTRUCCI\u00d3N-Y-URBANISMO_GASOLINERAS_LA-CALETA-150x150.jpg 150w, https:\/\/geodronsl.com\/wp-content\/uploads\/2017\/05\/INGENIER\u00cdA_CONSTRUCCI\u00d3N-Y-URBANISMO_GASOLINERAS_LA-CALETA-570x570.jpg 570w\" sizes=\"auto, (max-width: 500px) 100vw, 500px\" \/><\/span><\/a><span class='text_holder'><span class='text_outer'><span class='text_inner'><div class=\"hover_feature_holder_title\"><div class=\"hover_feature_holder_title_inner\"><h3 itemprop=\"name\" class=\"portfolio_title entry_title\"><a itemprop=\"url\" href=\"https:\/\/geodronsl.com\/es\/servicios\/inspeccion-infraestructuras-drones-uav\/proyectos\/levantamiento-topografico-estaciones-servicio-cepsa\/\"  target=\"_self\">Levantamientos topogr\u00e1ficos de precisi\u00f3n y detalle &#8211; ESTACIONES DE SERVICIO-CEPSA<\/a><\/h3><span class=\"project_category\" >Ingenier\u00eda y Urbanismo<\/span><\/div><\/div><span class='feature_holder'><span class=\"feature_holder_icons\"><a itemprop='url' class='preview qbutton small white' href='https:\/\/geodronsl.com\/es\/servicios\/inspeccion-infraestructuras-drones-uav\/proyectos\/levantamiento-topografico-estaciones-servicio-cepsa\/' target='_self'>ver<\/i><\/a><\/span><\/span><\/span><\/span><\/span><\/div><\/article><article class='portfolio_masonry_item portfolio_category_5  default'><div class='image_holder'><a itemprop='url' class='portfolio_link_for_touch' href='https:\/\/geodronsl.com\/es\/servicios\/inspeccion-infraestructuras-drones-uav\/proyectos\/levantamiento-topografico-de-precision-hotel-jardines-nivaria\/' target='_self'><span class='image'><img loading=\"lazy\" decoding=\"async\" width=\"500\" height=\"500\" src=\"https:\/\/geodronsl.com\/wp-content\/uploads\/2017\/05\/HOTELES_jardines-de-nivaria_1-500x500.jpg\" class=\"attachment-portfolio_masonry_regular size-portfolio_masonry_regular wp-post-image\" alt=\"\" srcset=\"https:\/\/geodronsl.com\/wp-content\/uploads\/2017\/05\/HOTELES_jardines-de-nivaria_1-500x500.jpg 500w, https:\/\/geodronsl.com\/wp-content\/uploads\/2017\/05\/HOTELES_jardines-de-nivaria_1-150x150.jpg 150w, https:\/\/geodronsl.com\/wp-content\/uploads\/2017\/05\/HOTELES_jardines-de-nivaria_1-570x570.jpg 570w\" sizes=\"auto, (max-width: 500px) 100vw, 500px\" \/><\/span><\/a><span class='text_holder'><span class='text_outer'><span class='text_inner'><div class=\"hover_feature_holder_title\"><div class=\"hover_feature_holder_title_inner\"><h3 itemprop=\"name\" class=\"portfolio_title entry_title\"><a itemprop=\"url\" href=\"https:\/\/geodronsl.com\/es\/servicios\/inspeccion-infraestructuras-drones-uav\/proyectos\/levantamiento-topografico-de-precision-hotel-jardines-nivaria\/\"  target=\"_self\">Levantamiento topogr\u00e1fico de precisi\u00f3n &#8211; HOTEL JARDINES DE NIVARIA<\/a><\/h3><span class=\"project_category\" >Ingenier\u00eda y Urbanismo<\/span><\/div><\/div><span class='feature_holder'><span class=\"feature_holder_icons\"><a itemprop='url' class='preview qbutton small white' href='https:\/\/geodronsl.com\/es\/servicios\/inspeccion-infraestructuras-drones-uav\/proyectos\/levantamiento-topografico-de-precision-hotel-jardines-nivaria\/' target='_self'>ver<\/i><\/a><\/span><\/span><\/span><\/span><\/span><\/div><\/article><article class='portfolio_masonry_item portfolio_category_5  default'><div class='image_holder'><a itemprop='url' class='portfolio_link_for_touch' href='https:\/\/geodronsl.com\/es\/servicios\/inspeccion-infraestructuras-drones-uav\/proyectos\/levantamiento-topografico-hotel-playa-paraiso\/' target='_self'><span class='image'><img loading=\"lazy\" decoding=\"async\" width=\"500\" height=\"500\" src=\"https:\/\/geodronsl.com\/wp-content\/uploads\/2017\/05\/HOTELES_PLAYA-PARA\u00cdSO_1-500x500.jpg\" class=\"attachment-portfolio_masonry_regular size-portfolio_masonry_regular wp-post-image\" alt=\"\" srcset=\"https:\/\/geodronsl.com\/wp-content\/uploads\/2017\/05\/HOTELES_PLAYA-PARA\u00cdSO_1-500x500.jpg 500w, https:\/\/geodronsl.com\/wp-content\/uploads\/2017\/05\/HOTELES_PLAYA-PARA\u00cdSO_1-150x150.jpg 150w, https:\/\/geodronsl.com\/wp-content\/uploads\/2017\/05\/HOTELES_PLAYA-PARA\u00cdSO_1-570x570.jpg 570w\" sizes=\"auto, (max-width: 500px) 100vw, 500px\" \/><\/span><\/a><span class='text_holder'><span class='text_outer'><span class='text_inner'><div class=\"hover_feature_holder_title\"><div class=\"hover_feature_holder_title_inner\"><h3 itemprop=\"name\" class=\"portfolio_title entry_title\"><a itemprop=\"url\" href=\"https:\/\/geodronsl.com\/es\/servicios\/inspeccion-infraestructuras-drones-uav\/proyectos\/levantamiento-topografico-hotel-playa-paraiso\/\"  target=\"_self\">Levantamiento topogr\u00e1fico &#8211; HOTEL EN PLAYA PARA\u00cdSO<\/a><\/h3><span class=\"project_category\" >Ingenier\u00eda y Urbanismo<\/span><\/div><\/div><span class='feature_holder'><span class=\"feature_holder_icons\"><a itemprop='url' class='preview qbutton small white' href='https:\/\/geodronsl.com\/es\/servicios\/inspeccion-infraestructuras-drones-uav\/proyectos\/levantamiento-topografico-hotel-playa-paraiso\/' target='_self'>ver<\/i><\/a><\/span><\/span><\/span><\/span><\/span><\/div><\/article><article class='portfolio_masonry_item portfolio_category_5  default'><div class='image_holder'><a itemprop='url' class='portfolio_link_for_touch' href='https:\/\/geodronsl.com\/es\/servicios\/inspeccion-infraestructuras-drones-uav\/proyectos\/levantamiento-topografico-parque-pino-las-jabas\/' target='_self'><span class='image'><img loading=\"lazy\" decoding=\"async\" width=\"500\" height=\"500\" src=\"https:\/\/geodronsl.com\/wp-content\/uploads\/2017\/05\/PARQUE-LAS-VEGAS-500x500.jpg\" class=\"attachment-portfolio_masonry_regular size-portfolio_masonry_regular wp-post-image\" alt=\"\" srcset=\"https:\/\/geodronsl.com\/wp-content\/uploads\/2017\/05\/PARQUE-LAS-VEGAS-500x500.jpg 500w, https:\/\/geodronsl.com\/wp-content\/uploads\/2017\/05\/PARQUE-LAS-VEGAS-150x150.jpg 150w, https:\/\/geodronsl.com\/wp-content\/uploads\/2017\/05\/PARQUE-LAS-VEGAS-570x570.jpg 570w\" sizes=\"auto, (max-width: 500px) 100vw, 500px\" \/><\/span><\/a><span class='text_holder'><span class='text_outer'><span class='text_inner'><div class=\"hover_feature_holder_title\"><div class=\"hover_feature_holder_title_inner\"><h3 itemprop=\"name\" class=\"portfolio_title entry_title\"><a itemprop=\"url\" href=\"https:\/\/geodronsl.com\/es\/servicios\/inspeccion-infraestructuras-drones-uav\/proyectos\/levantamiento-topografico-parque-pino-las-jabas\/\"  target=\"_self\">Levantamiento topogr\u00e1fico del parque etnogr\u00e1fico &#8211; PARQUE PINO LAS JABAS<\/a><\/h3><span class=\"project_category\" >Ingenier\u00eda y Urbanismo<\/span><\/div><\/div><span class='feature_holder'><span class=\"feature_holder_icons\"><a itemprop='url' class='preview qbutton small white' href='https:\/\/geodronsl.com\/es\/servicios\/inspeccion-infraestructuras-drones-uav\/proyectos\/levantamiento-topografico-parque-pino-las-jabas\/' target='_self'>ver<\/i><\/a><\/span><\/span><\/span><\/span><\/span><\/div><\/article><article class='portfolio_masonry_item portfolio_category_5  default'><div class='image_holder'><a itemprop='url' class='portfolio_link_for_touch' href='https:\/\/geodronsl.com\/es\/servicios\/inspeccion-infraestructuras-drones-uav\/proyectos\/levantamiento-topografico-aeropuerto-sur-reina-sofia\/' target='_self'><span class='image'><img loading=\"lazy\" decoding=\"async\" width=\"500\" height=\"500\" src=\"https:\/\/geodronsl.com\/wp-content\/uploads\/2017\/05\/CONELSAN-CAPA-RODADURA-TENERIFE-SUR-500x500.jpg\" class=\"attachment-portfolio_masonry_regular size-portfolio_masonry_regular wp-post-image\" alt=\"\" srcset=\"https:\/\/geodronsl.com\/wp-content\/uploads\/2017\/05\/CONELSAN-CAPA-RODADURA-TENERIFE-SUR-500x500.jpg 500w, https:\/\/geodronsl.com\/wp-content\/uploads\/2017\/05\/CONELSAN-CAPA-RODADURA-TENERIFE-SUR-150x150.jpg 150w, https:\/\/geodronsl.com\/wp-content\/uploads\/2017\/05\/CONELSAN-CAPA-RODADURA-TENERIFE-SUR-570x570.jpg 570w\" sizes=\"auto, (max-width: 500px) 100vw, 500px\" \/><\/span><\/a><span class='text_holder'><span class='text_outer'><span class='text_inner'><div class=\"hover_feature_holder_title\"><div class=\"hover_feature_holder_title_inner\"><h3 itemprop=\"name\" class=\"portfolio_title entry_title\"><a itemprop=\"url\" href=\"https:\/\/geodronsl.com\/es\/servicios\/inspeccion-infraestructuras-drones-uav\/proyectos\/levantamiento-topografico-aeropuerto-sur-reina-sofia\/\"  target=\"_self\">Levantamiento topogr\u00e1fico pistas de rodadura &#8211; AEROPUERTO SUR REINA SOF\u00cdA<\/a><\/h3><span class=\"project_category\" >Ingenier\u00eda y Urbanismo<\/span><\/div><\/div><span class='feature_holder'><span class=\"feature_holder_icons\"><a itemprop='url' class='preview qbutton small white' href='https:\/\/geodronsl.com\/es\/servicios\/inspeccion-infraestructuras-drones-uav\/proyectos\/levantamiento-topografico-aeropuerto-sur-reina-sofia\/' target='_self'>ver<\/i><\/a><\/span><\/span><\/span><\/span><\/span><\/div><\/article><article class='portfolio_masonry_item portfolio_category_5  default'><div class='image_holder'><a itemprop='url' class='portfolio_link_for_touch' href='https:\/\/geodronsl.com\/es\/servicios\/inspeccion-infraestructuras-drones-uav\/proyectos\/levantamiento-topografico-cesped-estadio-heliodoro-rodriguez-lopez\/' target='_self'><span class='image'><img loading=\"lazy\" decoding=\"async\" width=\"500\" height=\"500\" src=\"https:\/\/geodronsl.com\/wp-content\/uploads\/2017\/05\/HELIODORO-RODRIGUEZ-LOPEZ-500x500.jpg\" class=\"attachment-portfolio_masonry_regular size-portfolio_masonry_regular wp-post-image\" alt=\"\" srcset=\"https:\/\/geodronsl.com\/wp-content\/uploads\/2017\/05\/HELIODORO-RODRIGUEZ-LOPEZ-500x500.jpg 500w, https:\/\/geodronsl.com\/wp-content\/uploads\/2017\/05\/HELIODORO-RODRIGUEZ-LOPEZ-150x150.jpg 150w, https:\/\/geodronsl.com\/wp-content\/uploads\/2017\/05\/HELIODORO-RODRIGUEZ-LOPEZ-570x570.jpg 570w\" sizes=\"auto, (max-width: 500px) 100vw, 500px\" \/><\/span><\/a><span class='text_holder'><span class='text_outer'><span class='text_inner'><div class=\"hover_feature_holder_title\"><div class=\"hover_feature_holder_title_inner\"><h3 itemprop=\"name\" class=\"portfolio_title entry_title\"><a itemprop=\"url\" href=\"https:\/\/geodronsl.com\/es\/servicios\/inspeccion-infraestructuras-drones-uav\/proyectos\/levantamiento-topografico-cesped-estadio-heliodoro-rodriguez-lopez\/\"  target=\"_self\">Levantamiento topogr\u00e1fico &#8211; ESTADIO HELIODORO RODRIGUEZ L\u00d3PEZ<\/a><\/h3><span class=\"project_category\" >Ingenier\u00eda y Urbanismo<\/span><\/div><\/div><span class='feature_holder'><span class=\"feature_holder_icons\"><a itemprop='url' class='preview qbutton small white' href='https:\/\/geodronsl.com\/es\/servicios\/inspeccion-infraestructuras-drones-uav\/proyectos\/levantamiento-topografico-cesped-estadio-heliodoro-rodriguez-lopez\/' target='_self'>ver<\/i><\/a><\/span><\/span><\/span><\/span><\/span><\/div><\/article><article class='portfolio_masonry_item portfolio_category_5  default'><div class='image_holder'><a itemprop='url' class='portfolio_link_for_touch' href='https:\/\/geodronsl.com\/es\/servicios\/inspeccion-infraestructuras-drones-uav\/proyectos\/levantamiento-planimetrico-segregacion-finca-barrame\/' target='_self'><span class='image'><img loading=\"lazy\" decoding=\"async\" width=\"500\" height=\"500\" src=\"https:\/\/geodronsl.com\/wp-content\/uploads\/2017\/05\/segregaci\u00f3n-finca-barrameda-barrameda-tance-s.l-500x500.jpg\" class=\"attachment-portfolio_masonry_regular size-portfolio_masonry_regular wp-post-image\" alt=\"\" srcset=\"https:\/\/geodronsl.com\/wp-content\/uploads\/2017\/05\/segregaci\u00f3n-finca-barrameda-barrameda-tance-s.l-500x500.jpg 500w, https:\/\/geodronsl.com\/wp-content\/uploads\/2017\/05\/segregaci\u00f3n-finca-barrameda-barrameda-tance-s.l-150x150.jpg 150w, https:\/\/geodronsl.com\/wp-content\/uploads\/2017\/05\/segregaci\u00f3n-finca-barrameda-barrameda-tance-s.l-570x570.jpg 570w\" sizes=\"auto, (max-width: 500px) 100vw, 500px\" \/><\/span><\/a><span class='text_holder'><span class='text_outer'><span class='text_inner'><div class=\"hover_feature_holder_title\"><div class=\"hover_feature_holder_title_inner\"><h3 itemprop=\"name\" class=\"portfolio_title entry_title\"><a itemprop=\"url\" href=\"https:\/\/geodronsl.com\/es\/servicios\/inspeccion-infraestructuras-drones-uav\/proyectos\/levantamiento-planimetrico-segregacion-finca-barrame\/\"  target=\"_self\">Levantamiento planim\u00e9trico de la Finca Barrameda &#8211; SEGREGACI\u00d3N FINCA BARRAMEDA<\/a><\/h3><span class=\"project_category\" >Ingenier\u00eda y Urbanismo<\/span><\/div><\/div><span class='feature_holder'><span class=\"feature_holder_icons\"><a itemprop='url' class='preview qbutton small white' href='https:\/\/geodronsl.com\/es\/servicios\/inspeccion-infraestructuras-drones-uav\/proyectos\/levantamiento-planimetrico-segregacion-finca-barrame\/' target='_self'>ver<\/i><\/a><\/span><\/span><\/span><\/span><\/span><\/div><\/article><\/div><\/div>[\/vc_column][\/vc_row]<\/p>\n","protected":false},"excerpt":{"rendered":"<p>[vc_row row_type=\u00bbrow\u00bb use_row_as_full_screen_section=\u00bbno\u00bb type=\u00bbfull_width\u00bb angled_section=\u00bbno\u00bb text_align=\u00bbleft\u00bb background_image_as_pattern=\u00bbwithout_pattern\u00bb css_animation=\u00bb\u00bb][vc_column width=\u00bb1\/2&#8243;][vc_column_text][\/vc_column_text][\/vc_column][vc_column width=\u00bb1\/2&#8243;][vc_column_text] Inspecci\u00f3n de infraestructuras con Drones, L\u00e1ser Esc\u00e1ner y Mobile Mapping [\/vc_column_text][vc_separator type=\u00bbtransparent\u00bb][vc_column_text]Las empresas constructoras siempre se enfrentan a los mismos problemas en lo relativo a la mejora de infraestructuras. En el actual paisaje, siempre cambiante,&#8230;<\/p>\n","protected":false},"author":1,"featured_media":0,"parent":0,"menu_order":0,"comment_status":"closed","ping_status":"closed","template":"","meta":{"footnotes":""},"class_list":["post-155","page","type-page","status-publish","hentry"],"_links":{"self":[{"href":"https:\/\/geodronsl.com\/es\/wp-json\/wp\/v2\/pages\/155","targetHints":{"allow":["GET"]}}],"collection":[{"href":"https:\/\/geodronsl.com\/es\/wp-json\/wp\/v2\/pages"}],"about":[{"href":"https:\/\/geodronsl.com\/es\/wp-json\/wp\/v2\/types\/page"}],"author":[{"embeddable":true,"href":"https:\/\/geodronsl.com\/es\/wp-json\/wp\/v2\/users\/1"}],"replies":[{"embeddable":true,"href":"https:\/\/geodronsl.com\/es\/wp-json\/wp\/v2\/comments?post=155"}],"version-history":[{"count":36,"href":"https:\/\/geodronsl.com\/es\/wp-json\/wp\/v2\/pages\/155\/revisions"}],"predecessor-version":[{"id":1198,"href":"https:\/\/geodronsl.com\/es\/wp-json\/wp\/v2\/pages\/155\/revisions\/1198"}],"wp:attachment":[{"href":"https:\/\/geodronsl.com\/es\/wp-json\/wp\/v2\/media?parent=155"}],"curies":[{"name":"wp","href":"https:\/\/api.w.org\/{rel}","templated":true}]}}