{"id":1428,"date":"2018-07-12T11:18:34","date_gmt":"2018-07-12T11:18:34","guid":{"rendered":"http:\/\/geodron.dev-smedialab.es\/?page_id=1428"},"modified":"2018-07-14T15:44:46","modified_gmt":"2018-07-14T15:44:46","slug":"proyecto-de-agricultura-de-precision-y-medio-ambiente-2","status":"publish","type":"page","link":"https:\/\/geodronsl.com\/es\/servicios\/ordenamiento-territorial-con-drones\/proyectos\/","title":{"rendered":"Proyectos de G.I.S. ordenacio\u0301n del territorio"},"content":{"rendered":"<p>[vc_row row_type=\u00bbrow\u00bb use_row_as_full_screen_section=\u00bbno\u00bb type=\u00bbfull_width\u00bb angled_section=\u00bbno\u00bb text_align=\u00bbleft\u00bb background_image_as_pattern=\u00bbwithout_pattern\u00bb css_animation=\u00bb\u00bb][vc_column]<div class=\"projects_masonry_wrapper \"><div class=\"projects_masonry_holder portfolio_main_holder portfolio_masonry_gallery_with_space  gs3\"><div class=\"qode-portfolio-masonry-gallery-grid-sizer\"><\/div><div class=\"qode-portfolio-masonry-gallery-grid-gutter\"><\/div><article class='portfolio_masonry_item portfolio_category_9  default'><div class='image_holder'><a itemprop='url' class='portfolio_link_for_touch' href='https:\/\/geodronsl.com\/es\/servicios\/ordenamiento-territorial-con-drones\/proyectos\/puerto-de-morrojable\/' target='_self'><span class='image'><img loading=\"lazy\" decoding=\"async\" width=\"500\" height=\"500\" src=\"https:\/\/geodronsl.com\/wp-content\/uploads\/2017\/05\/BATIMETR\u00cdA-TOPOGR\u00c1FICO-MORROJABLE-500x500.jpg\" class=\"attachment-portfolio_masonry_regular size-portfolio_masonry_regular wp-post-image\" alt=\"\" srcset=\"https:\/\/geodronsl.com\/wp-content\/uploads\/2017\/05\/BATIMETR\u00cdA-TOPOGR\u00c1FICO-MORROJABLE-500x500.jpg 500w, https:\/\/geodronsl.com\/wp-content\/uploads\/2017\/05\/BATIMETR\u00cdA-TOPOGR\u00c1FICO-MORROJABLE-150x150.jpg 150w, https:\/\/geodronsl.com\/wp-content\/uploads\/2017\/05\/BATIMETR\u00cdA-TOPOGR\u00c1FICO-MORROJABLE-570x570.jpg 570w\" sizes=\"auto, (max-width: 500px) 100vw, 500px\" \/><\/span><\/a><span class='text_holder'><span class='text_outer'><span class='text_inner'><div class=\"hover_feature_holder_title\"><div class=\"hover_feature_holder_title_inner\"><h5 itemprop=\"name\" class=\"portfolio_title entry_title\"><a itemprop=\"url\" href=\"https:\/\/geodronsl.com\/es\/servicios\/ordenamiento-territorial-con-drones\/proyectos\/puerto-de-morrojable\/\"  target=\"_self\">Estudio topobatim\u00e9trico e inspecci\u00f3n submarina &#8211; PUERTO DE MORROJABLE<\/a><\/h5><span class=\"project_category\" >G.I.S. ordenacio\u0301n del territorio<\/span><\/div><\/div><span class='feature_holder'><span class=\"feature_holder_icons\"><a itemprop='url' class='preview qbutton small white' href='https:\/\/geodronsl.com\/es\/servicios\/ordenamiento-territorial-con-drones\/proyectos\/puerto-de-morrojable\/' target='_self'>ver<\/i><\/a><\/span><\/span><\/span><\/span><\/span><\/div><\/article><article class='portfolio_masonry_item portfolio_category_9  default'><div class='image_holder'><a itemprop='url' class='portfolio_link_for_touch' href='https:\/\/geodronsl.com\/es\/servicios\/ordenamiento-territorial-con-drones\/proyectos\/p-i-r-s\/' target='_self'><span class='image'><img loading=\"lazy\" decoding=\"async\" width=\"500\" height=\"500\" src=\"https:\/\/geodronsl.com\/wp-content\/uploads\/2017\/05\/P.I.R.S-CONTROL-SELLADO-CELDA-4-TENERIFE-FINAL-500x500.jpg\" class=\"attachment-portfolio_masonry_regular size-portfolio_masonry_regular wp-post-image\" alt=\"\" srcset=\"https:\/\/geodronsl.com\/wp-content\/uploads\/2017\/05\/P.I.R.S-CONTROL-SELLADO-CELDA-4-TENERIFE-FINAL-500x500.jpg 500w, https:\/\/geodronsl.com\/wp-content\/uploads\/2017\/05\/P.I.R.S-CONTROL-SELLADO-CELDA-4-TENERIFE-FINAL-150x150.jpg 150w, https:\/\/geodronsl.com\/wp-content\/uploads\/2017\/05\/P.I.R.S-CONTROL-SELLADO-CELDA-4-TENERIFE-FINAL-570x570.jpg 570w\" sizes=\"auto, (max-width: 500px) 100vw, 500px\" \/><\/span><\/a><span class='text_holder'><span class='text_outer'><span class='text_inner'><div class=\"hover_feature_holder_title\"><div class=\"hover_feature_holder_title_inner\"><h5 itemprop=\"name\" class=\"portfolio_title entry_title\"><a itemprop=\"url\" href=\"https:\/\/geodronsl.com\/es\/servicios\/ordenamiento-territorial-con-drones\/proyectos\/p-i-r-s\/\"  target=\"_self\">Levantamiento topogr\u00e1fico &#8211; Plan Insular de Residuos S\u00f3lidos (P.I.R.S)<\/a><\/h5><span class=\"project_category\" >G.I.S. ordenacio\u0301n del territorio<\/span><\/div><\/div><span class='feature_holder'><span class=\"feature_holder_icons\"><a itemprop='url' class='preview qbutton small white' href='https:\/\/geodronsl.com\/es\/servicios\/ordenamiento-territorial-con-drones\/proyectos\/p-i-r-s\/' target='_self'>ver<\/i><\/a><\/span><\/span><\/span><\/span><\/span><\/div><\/article><article class='portfolio_masonry_item portfolio_category_9  default'><div class='image_holder'><a itemprop='url' class='portfolio_link_for_touch' href='https:\/\/geodronsl.com\/es\/servicios\/ordenamiento-territorial-con-drones\/proyectos\/central-hidroelectrica-san-gaban-peru\/' target='_self'><span class='image'><img loading=\"lazy\" decoding=\"async\" width=\"500\" height=\"500\" src=\"https:\/\/geodronsl.com\/wp-content\/uploads\/2017\/05\/CONJUNTO-CASAHUIRI-500x500.jpg\" class=\"attachment-portfolio_masonry_regular size-portfolio_masonry_regular wp-post-image\" alt=\"\" srcset=\"https:\/\/geodronsl.com\/wp-content\/uploads\/2017\/05\/CONJUNTO-CASAHUIRI-500x500.jpg 500w, https:\/\/geodronsl.com\/wp-content\/uploads\/2017\/05\/CONJUNTO-CASAHUIRI-150x150.jpg 150w, https:\/\/geodronsl.com\/wp-content\/uploads\/2017\/05\/CONJUNTO-CASAHUIRI-570x570.jpg 570w\" sizes=\"auto, (max-width: 500px) 100vw, 500px\" \/><\/span><\/a><span class='text_holder'><span class='text_outer'><span class='text_inner'><div class=\"hover_feature_holder_title\"><div class=\"hover_feature_holder_title_inner\"><h5 itemprop=\"name\" class=\"portfolio_title entry_title\"><a itemprop=\"url\" href=\"https:\/\/geodronsl.com\/es\/servicios\/ordenamiento-territorial-con-drones\/proyectos\/central-hidroelectrica-san-gaban-peru\/\"  target=\"_self\">Apoyo topogr\u00e1fico en campo, revisi\u00f3n y elaboraci\u00f3n de planos finales &#8211; CENTRAL HIDROEL\u00c9CTRICA SAN GAB\u00c1N &#8211; PER\u00da<\/a><\/h5><span class=\"project_category\" >G.I.S. ordenacio\u0301n del territorio<\/span><\/div><\/div><span class='feature_holder'><span class=\"feature_holder_icons\"><a itemprop='url' class='preview qbutton small white' href='https:\/\/geodronsl.com\/es\/servicios\/ordenamiento-territorial-con-drones\/proyectos\/central-hidroelectrica-san-gaban-peru\/' target='_self'>ver<\/i><\/a><\/span><\/span><\/span><\/span><\/span><\/div><\/article><\/div><\/div>[\/vc_column][\/vc_row]<\/p>\n","protected":false},"excerpt":{"rendered":"<p>[vc_row row_type=\u00bbrow\u00bb use_row_as_full_screen_section=\u00bbno\u00bb type=\u00bbfull_width\u00bb angled_section=\u00bbno\u00bb text_align=\u00bbleft\u00bb background_image_as_pattern=\u00bbwithout_pattern\u00bb css_animation=\u00bb\u00bb][vc_column][\/vc_column][\/vc_row]<\/p>\n","protected":false},"author":5,"featured_media":0,"parent":0,"menu_order":0,"comment_status":"closed","ping_status":"closed","template":"","meta":{"footnotes":""},"class_list":["post-1428","page","type-page","status-publish","hentry"],"_links":{"self":[{"href":"https:\/\/geodronsl.com\/es\/wp-json\/wp\/v2\/pages\/1428","targetHints":{"allow":["GET"]}}],"collection":[{"href":"https:\/\/geodronsl.com\/es\/wp-json\/wp\/v2\/pages"}],"about":[{"href":"https:\/\/geodronsl.com\/es\/wp-json\/wp\/v2\/types\/page"}],"author":[{"embeddable":true,"href":"https:\/\/geodronsl.com\/es\/wp-json\/wp\/v2\/users\/5"}],"replies":[{"embeddable":true,"href":"https:\/\/geodronsl.com\/es\/wp-json\/wp\/v2\/comments?post=1428"}],"version-history":[{"count":2,"href":"https:\/\/geodronsl.com\/es\/wp-json\/wp\/v2\/pages\/1428\/revisions"}],"predecessor-version":[{"id":1430,"href":"https:\/\/geodronsl.com\/es\/wp-json\/wp\/v2\/pages\/1428\/revisions\/1430"}],"wp:attachment":[{"href":"https:\/\/geodronsl.com\/es\/wp-json\/wp\/v2\/media?parent=1428"}],"curies":[{"name":"wp","href":"https:\/\/api.w.org\/{rel}","templated":true}]}}