{"id":1423,"date":"2018-07-12T10:50:30","date_gmt":"2018-07-12T10:50:30","guid":{"rendered":"http:\/\/geodron.dev-smedialab.es\/?page_id=1423"},"modified":"2018-07-14T15:44:40","modified_gmt":"2018-07-14T15:44:40","slug":"proyecto-de-agricultura-de-precision-y-medio-ambiente","status":"publish","type":"page","link":"https:\/\/geodronsl.com\/es\/servicios\/agricultura-precision-drones\/proyectos\/","title":{"rendered":"Proyectos de Agricultura de precisi\u00f3n y Medio Ambiente"},"content":{"rendered":"<p>[vc_row row_type=\u00bbrow\u00bb use_row_as_full_screen_section=\u00bbno\u00bb type=\u00bbfull_width\u00bb angled_section=\u00bbno\u00bb text_align=\u00bbleft\u00bb background_image_as_pattern=\u00bbwithout_pattern\u00bb css_animation=\u00bb\u00bb][vc_column]<div class=\"projects_masonry_wrapper \"><div class=\"projects_masonry_holder portfolio_main_holder portfolio_masonry_gallery_with_space  gs3\"><div class=\"qode-portfolio-masonry-gallery-grid-sizer\"><\/div><div class=\"qode-portfolio-masonry-gallery-grid-gutter\"><\/div><article class='portfolio_masonry_item portfolio_category_8  default'><div class='image_holder'><a itemprop='url' class='portfolio_link_for_touch' href='https:\/\/geodronsl.com\/es\/servicios\/agricultura-precision-drones\/proyectos\/vuelo-fotogrametrico-uav-campo-de-maiz\/' target='_self'><span class='image'><img loading=\"lazy\" decoding=\"async\" width=\"500\" height=\"500\" src=\"https:\/\/geodronsl.com\/wp-content\/uploads\/2017\/05\/AGRICULTURA-DE-PRECISI\u00d3N_conjunto-500x500.jpg\" class=\"attachment-portfolio_masonry_regular size-portfolio_masonry_regular wp-post-image\" alt=\"\" srcset=\"https:\/\/geodronsl.com\/wp-content\/uploads\/2017\/05\/AGRICULTURA-DE-PRECISI\u00d3N_conjunto-500x500.jpg 500w, https:\/\/geodronsl.com\/wp-content\/uploads\/2017\/05\/AGRICULTURA-DE-PRECISI\u00d3N_conjunto-150x150.jpg 150w, https:\/\/geodronsl.com\/wp-content\/uploads\/2017\/05\/AGRICULTURA-DE-PRECISI\u00d3N_conjunto-570x570.jpg 570w\" sizes=\"auto, (max-width: 500px) 100vw, 500px\" \/><\/span><\/a><span class='text_holder'><span class='text_outer'><span class='text_inner'><div class=\"hover_feature_holder_title\"><div class=\"hover_feature_holder_title_inner\"><h5 itemprop=\"name\" class=\"portfolio_title entry_title\"><a itemprop=\"url\" href=\"https:\/\/geodronsl.com\/es\/servicios\/agricultura-precision-drones\/proyectos\/vuelo-fotogrametrico-uav-campo-de-maiz\/\"  target=\"_self\">Vuelo fotogram\u00e9trico con c\u00e1mara NIR &#8211; VUELO CAMPO DE MA\u00cdZ, HUESCA<\/a><\/h5><span class=\"project_category\" >Agricultura de precisi\u00f3n y Medio Ambiente<\/span><\/div><\/div><span class='feature_holder'><span class=\"feature_holder_icons\"><a itemprop='url' class='preview qbutton small white' href='https:\/\/geodronsl.com\/es\/servicios\/agricultura-precision-drones\/proyectos\/vuelo-fotogrametrico-uav-campo-de-maiz\/' target='_self'>ver<\/i><\/a><\/span><\/span><\/span><\/span><\/span><\/div><\/article><\/div><\/div>[\/vc_column][\/vc_row]<\/p>\n","protected":false},"excerpt":{"rendered":"<p>[vc_row row_type=\u00bbrow\u00bb use_row_as_full_screen_section=\u00bbno\u00bb type=\u00bbfull_width\u00bb angled_section=\u00bbno\u00bb text_align=\u00bbleft\u00bb background_image_as_pattern=\u00bbwithout_pattern\u00bb css_animation=\u00bb\u00bb][vc_column][\/vc_column][\/vc_row]<\/p>\n","protected":false},"author":5,"featured_media":0,"parent":0,"menu_order":0,"comment_status":"closed","ping_status":"closed","template":"","meta":{"footnotes":""},"class_list":["post-1423","page","type-page","status-publish","hentry"],"_links":{"self":[{"href":"https:\/\/geodronsl.com\/es\/wp-json\/wp\/v2\/pages\/1423","targetHints":{"allow":["GET"]}}],"collection":[{"href":"https:\/\/geodronsl.com\/es\/wp-json\/wp\/v2\/pages"}],"about":[{"href":"https:\/\/geodronsl.com\/es\/wp-json\/wp\/v2\/types\/page"}],"author":[{"embeddable":true,"href":"https:\/\/geodronsl.com\/es\/wp-json\/wp\/v2\/users\/5"}],"replies":[{"embeddable":true,"href":"https:\/\/geodronsl.com\/es\/wp-json\/wp\/v2\/comments?post=1423"}],"version-history":[{"count":4,"href":"https:\/\/geodronsl.com\/es\/wp-json\/wp\/v2\/pages\/1423\/revisions"}],"predecessor-version":[{"id":1427,"href":"https:\/\/geodronsl.com\/es\/wp-json\/wp\/v2\/pages\/1423\/revisions\/1427"}],"wp:attachment":[{"href":"https:\/\/geodronsl.com\/es\/wp-json\/wp\/v2\/media?parent=1423"}],"curies":[{"name":"wp","href":"https:\/\/api.w.org\/{rel}","templated":true}]}}