{"id":1068,"date":"2018-06-13T14:49:32","date_gmt":"2018-06-13T14:49:32","guid":{"rendered":"http:\/\/geodron.dev-smedialab.es\/mineria-canteras\/"},"modified":"2018-07-14T13:22:35","modified_gmt":"2018-07-14T13:22:35","slug":"mineria-canteras","status":"publish","type":"page","link":"https:\/\/geodronsl.com\/en\/services\/topography-of-mines-and-quarries\/","title":{"rendered":"Topography of mines and quarries with drones and laser scanner"},"content":{"rendered":"<p>[vc_row row_type=&#8221;row&#8221; use_row_as_full_screen_section=&#8221;no&#8221; type=&#8221;full_width&#8221; angled_section=&#8221;no&#8221; text_align=&#8221;left&#8221; background_image_as_pattern=&#8221;without_pattern&#8221; css_animation=&#8221;&#8221;][vc_column width=&#8221;1\/2&#8243;][vc_column_text]<img loading=\"lazy\" decoding=\"async\" class=\"alignnone wp-image-1293 size-full\" title=\"topography of mines and quarries with drones and laser scanner\" src=\"https:\/\/geodronsl.com\/wp-content\/uploads\/2018\/07\/topography-of-mines-and-quarries-with-drones-and-laser-scanner.jpg\" alt=\"advantajes of using drones in mining quarries\" width=\"500\" height=\"500\" srcset=\"https:\/\/geodronsl.com\/wp-content\/uploads\/2018\/07\/topography-of-mines-and-quarries-with-drones-and-laser-scanner.jpg 500w, https:\/\/geodronsl.com\/wp-content\/uploads\/2018\/07\/topography-of-mines-and-quarries-with-drones-and-laser-scanner-150x150.jpg 150w, https:\/\/geodronsl.com\/wp-content\/uploads\/2018\/07\/topography-of-mines-and-quarries-with-drones-and-laser-scanner-300x300.jpg 300w\" sizes=\"auto, (max-width: 500px) 100vw, 500px\" \/>[\/vc_column_text][\/vc_column][vc_column width=&#8221;1\/2&#8243;][vc_column_text]<\/p>\n<h1>Topography of mines and quarries with drones and laser scanner<\/h1>\n<p>[\/vc_column_text][vc_separator type=&#8221;transparent&#8221;][vc_column_text]The topography of an open pit mine can be a dangerous task. In light of increasingly stringent safety regulations and sanctions, certain companies refuse to allow a Surveying Engineer to get too close to critical areas. A method to carry out measurements quickly and accurately, with minimal risk to occupational health and safety, is required.[\/vc_column_text][vc_separator type=&#8221;transparent&#8221;][vc_column_text]&#8221;The best and effective solution comes from the air&#8221;[\/vc_column_text][vc_separator type=&#8221;transparent&#8221;][vc_column_text]<\/p>\n<h2>Advantajes of using drones in mining quarries<\/h2>\n<p>[\/vc_column_text][vc_column_text]One of the great advantages of using GEODRON unmanned aerial vehicle in mining is that, as compared to traditional topographic measurements, the work is not carried out on-site and therefore does not interfere in the mining process, ensuring optimum safety for surveyors. This work method enables one to work safely and without risk of injury as a result of dangerous terrain, environmental pollutants or hazardous machinery.[\/vc_column_text][\/vc_column][\/vc_row][vc_row row_type=&#8221;row&#8221; use_row_as_full_screen_section=&#8221;no&#8221; type=&#8221;full_width&#8221; angled_section=&#8221;no&#8221; text_align=&#8221;left&#8221; background_image_as_pattern=&#8221;without_pattern&#8221; css_animation=&#8221;&#8221;][vc_column][vc_separator type=&#8221;normal&#8221; up=&#8221;20px&#8221;][\/vc_column][\/vc_row][vc_row row_type=&#8221;row&#8221; use_row_as_full_screen_section=&#8221;no&#8221; type=&#8221;full_width&#8221; angled_section=&#8221;no&#8221; text_align=&#8221;left&#8221; background_image_as_pattern=&#8221;without_pattern&#8221; css_animation=&#8221;&#8221; el_id=&#8221;proyectos&#8221;][vc_column][vc_column_text]<\/p>\n<h2>Projects carried out of Topography in mines and quarries<\/h2>\n<p>[\/vc_column_text][\/vc_column][\/vc_row][vc_row row_type=&#8221;row&#8221; use_row_as_full_screen_section=&#8221;no&#8221; type=&#8221;full_width&#8221; angled_section=&#8221;no&#8221; text_align=&#8221;left&#8221; background_image_as_pattern=&#8221;without_pattern&#8221; css_animation=&#8221;&#8221;][vc_column]<div class=\"projects_masonry_wrapper \"><div class=\"projects_masonry_holder portfolio_main_holder portfolio_masonry_gallery_with_space  gs5\"><div class=\"qode-portfolio-masonry-gallery-grid-sizer\"><\/div><div class=\"qode-portfolio-masonry-gallery-grid-gutter\"><\/div><article class='portfolio_masonry_item portfolio_category_14  default'><div class='image_holder'><a itemprop='url' class='portfolio_link_for_touch' href='https:\/\/geodronsl.com\/en\/services\/topography-of-mines-and-quarries\/projects\/topographic-survey-by-aerial-photogrammetry-cantera-el-rio\/' target='_self'><span class='image'><img loading=\"lazy\" decoding=\"async\" width=\"500\" height=\"500\" src=\"https:\/\/geodronsl.com\/wp-content\/uploads\/2017\/05\/MINER\u00cdA-DE-CANTERA_CANTERA-EL-R\u00cdO-TENO-INGENIEROS-2-500x500.jpg\" class=\"attachment-portfolio_masonry_regular size-portfolio_masonry_regular wp-post-image\" alt=\"\" srcset=\"https:\/\/geodronsl.com\/wp-content\/uploads\/2017\/05\/MINER\u00cdA-DE-CANTERA_CANTERA-EL-R\u00cdO-TENO-INGENIEROS-2-500x500.jpg 500w, https:\/\/geodronsl.com\/wp-content\/uploads\/2017\/05\/MINER\u00cdA-DE-CANTERA_CANTERA-EL-R\u00cdO-TENO-INGENIEROS-2-150x150.jpg 150w, https:\/\/geodronsl.com\/wp-content\/uploads\/2017\/05\/MINER\u00cdA-DE-CANTERA_CANTERA-EL-R\u00cdO-TENO-INGENIEROS-2-570x570.jpg 570w\" sizes=\"auto, (max-width: 500px) 100vw, 500px\" \/><\/span><\/a><span class='text_holder'><span class='text_outer'><span class='text_inner'><div class=\"hover_feature_holder_title\"><div class=\"hover_feature_holder_title_inner\"><h3 itemprop=\"name\" class=\"portfolio_title entry_title\"><a itemprop=\"url\" href=\"https:\/\/geodronsl.com\/en\/services\/topography-of-mines-and-quarries\/projects\/topographic-survey-by-aerial-photogrammetry-cantera-el-rio\/\"  target=\"_self\">Topographic survey by aerial photogrammetry &#8211; CANTERA EL R\u00cdO<\/a><\/h3><span class=\"project_category\" >Mining and Quarries<\/span><\/div><\/div><span class='feature_holder'><span class=\"feature_holder_icons\"><a itemprop='url' class='preview qbutton small white' href='https:\/\/geodronsl.com\/en\/services\/topography-of-mines-and-quarries\/projects\/topographic-survey-by-aerial-photogrammetry-cantera-el-rio\/' target='_self'>view<\/i><\/a><\/span><\/span><\/span><\/span><\/span><\/div><\/article><article class='portfolio_masonry_item portfolio_category_14  default'><div class='image_holder'><a itemprop='url' class='portfolio_link_for_touch' href='https:\/\/geodronsl.com\/en\/services\/topography-of-mines-and-quarries\/projects\/granadilla-port\/' target='_self'><span class='image'><img loading=\"lazy\" decoding=\"async\" width=\"500\" height=\"500\" src=\"https:\/\/geodronsl.com\/wp-content\/uploads\/2017\/05\/MINER\u00cdA-DE-CANTERAS_EXTRACCI\u00d3N-DE-\u00c1RIDOS-PUERTO-DE-GRANADILLA-TENERIFE-500x500.jpg\" class=\"attachment-portfolio_masonry_regular size-portfolio_masonry_regular wp-post-image\" alt=\"\" srcset=\"https:\/\/geodronsl.com\/wp-content\/uploads\/2017\/05\/MINER\u00cdA-DE-CANTERAS_EXTRACCI\u00d3N-DE-\u00c1RIDOS-PUERTO-DE-GRANADILLA-TENERIFE-500x500.jpg 500w, https:\/\/geodronsl.com\/wp-content\/uploads\/2017\/05\/MINER\u00cdA-DE-CANTERAS_EXTRACCI\u00d3N-DE-\u00c1RIDOS-PUERTO-DE-GRANADILLA-TENERIFE-150x150.jpg 150w, https:\/\/geodronsl.com\/wp-content\/uploads\/2017\/05\/MINER\u00cdA-DE-CANTERAS_EXTRACCI\u00d3N-DE-\u00c1RIDOS-PUERTO-DE-GRANADILLA-TENERIFE-570x570.jpg 570w\" sizes=\"auto, (max-width: 500px) 100vw, 500px\" \/><\/span><\/a><span class='text_holder'><span class='text_outer'><span class='text_inner'><div class=\"hover_feature_holder_title\"><div class=\"hover_feature_holder_title_inner\"><h3 itemprop=\"name\" class=\"portfolio_title entry_title\"><a itemprop=\"url\" href=\"https:\/\/geodronsl.com\/en\/services\/topography-of-mines-and-quarries\/projects\/granadilla-port\/\"  target=\"_self\">Topographic survey of the earthworks &#8211; Granadilla Port<\/a><\/h3><span class=\"project_category\" >Mining and Quarries<\/span><\/div><\/div><span class='feature_holder'><span class=\"feature_holder_icons\"><a itemprop='url' class='preview qbutton small white' href='https:\/\/geodronsl.com\/en\/services\/topography-of-mines-and-quarries\/projects\/granadilla-port\/' target='_self'>view<\/i><\/a><\/span><\/span><\/span><\/span><\/span><\/div><\/article><\/div><\/div>[\/vc_column][\/vc_row]<\/p>\n","protected":false},"excerpt":{"rendered":"<p>[vc_row row_type=&#8221;row&#8221; use_row_as_full_screen_section=&#8221;no&#8221; type=&#8221;full_width&#8221; angled_section=&#8221;no&#8221; text_align=&#8221;left&#8221; background_image_as_pattern=&#8221;without_pattern&#8221; css_animation=&#8221;&#8221;][vc_column width=&#8221;1\/2&#8243;][vc_column_text][\/vc_column_text][\/vc_column][vc_column width=&#8221;1\/2&#8243;][vc_column_text] Topography of mines and quarries with drones and laser scanner [\/vc_column_text][vc_separator type=&#8221;transparent&#8221;][vc_column_text]The topography of an open pit mine can be a dangerous task. In light of increasingly stringent safety regulations and sanctions, certain companies refuse&#8230;<\/p>\n","protected":false},"author":5,"featured_media":0,"parent":0,"menu_order":0,"comment_status":"closed","ping_status":"closed","template":"","meta":{"footnotes":""},"class_list":["post-1068","page","type-page","status-publish","hentry"],"_links":{"self":[{"href":"https:\/\/geodronsl.com\/en\/wp-json\/wp\/v2\/pages\/1068","targetHints":{"allow":["GET"]}}],"collection":[{"href":"https:\/\/geodronsl.com\/en\/wp-json\/wp\/v2\/pages"}],"about":[{"href":"https:\/\/geodronsl.com\/en\/wp-json\/wp\/v2\/types\/page"}],"author":[{"embeddable":true,"href":"https:\/\/geodronsl.com\/en\/wp-json\/wp\/v2\/users\/5"}],"replies":[{"embeddable":true,"href":"https:\/\/geodronsl.com\/en\/wp-json\/wp\/v2\/comments?post=1068"}],"version-history":[{"count":3,"href":"https:\/\/geodronsl.com\/en\/wp-json\/wp\/v2\/pages\/1068\/revisions"}],"predecessor-version":[{"id":1296,"href":"https:\/\/geodronsl.com\/en\/wp-json\/wp\/v2\/pages\/1068\/revisions\/1296"}],"wp:attachment":[{"href":"https:\/\/geodronsl.com\/en\/wp-json\/wp\/v2\/media?parent=1068"}],"curies":[{"name":"wp","href":"https:\/\/api.w.org\/{rel}","templated":true}]}}