{"id":1002,"date":"2018-06-19T11:50:53","date_gmt":"2018-06-19T11:50:53","guid":{"rendered":"http:\/\/geodron.dev-smedialab.es\/tecnologia\/tecnologia-cartografia-fotogrametria-aerea\/"},"modified":"2018-07-14T13:45:59","modified_gmt":"2018-07-14T13:45:59","slug":"tecnologia-cartografia-fotogrametria-aerea","status":"publish","type":"page","link":"https:\/\/geodronsl.com\/en\/technology\/mapping-and-aerial-photogrammetry\/","title":{"rendered":"Drones &#8211; UAV para Cartograf\u00eda y Fotogrametr\u00eda A\u00e9rea"},"content":{"rendered":"<p>[vc_row row_type=&#8221;row&#8221; use_row_as_full_screen_section=&#8221;no&#8221; type=&#8221;full_width&#8221; angled_section=&#8221;no&#8221; text_align=&#8221;left&#8221; background_image_as_pattern=&#8221;without_pattern&#8221; css_animation=&#8221;&#8221;][vc_column width=&#8221;1\/2&#8243;][vc_column_text]<\/p>\n<h1>Mapping and Aerial Photogrammetry<\/h1>\n<p>[\/vc_column_text][vc_separator type=&#8221;transparent&#8221;][vc_column_text]With GEODRON\u2019s fixed wing and rotary wing unmanned aerial vehicles (UAV or commonly known as a drone), new standards in precision, robustness and performance mapping by capturing aerial images as accurate medium for obtaining data for topographic works and Geospatial information are set.[\/vc_column_text][vc_separator type=&#8221;transparent&#8221;][vc_column_text]<\/p>\n<h2>RTK Technology in Drones<\/h2>\n<p>[\/vc_column_text][vc_column_text]Equipped with RTK (Real Time Kinematic), Geodron\u2019s new UAVs can allocate more hectares per flight than any unmanned aerial vehicle in its weight class. Flying at a permissible height of 120 metres over the ground and a duration of over 1 hour of flight, the coverage of the acquired land is 220 has, with a GSD (ground sample distance) of 1cm\/pixel, which corresponds to a precision in xyz of 3cm.[\/vc_column_text][\/vc_column][vc_column width=&#8221;1\/2&#8243; css=&#8221;.vc_custom_1489669162394{padding-right: 0px !important;padding-left: 0px !important;}&#8221; el_class=&#8221;element_from_right element_from_right_on&#8221;][vc_column_text]<img loading=\"lazy\" decoding=\"async\" class=\"alignnone wp-image-1268 size-full\" title=\"mapping and aerial photogrammetry\" src=\"https:\/\/geodronsl.com\/wp-content\/uploads\/2018\/07\/mapping-and-aerial-photogrammetry.jpg\" alt=\"rtk technology in drones\" width=\"500\" height=\"500\" srcset=\"https:\/\/geodronsl.com\/wp-content\/uploads\/2018\/07\/mapping-and-aerial-photogrammetry.jpg 500w, https:\/\/geodronsl.com\/wp-content\/uploads\/2018\/07\/mapping-and-aerial-photogrammetry-150x150.jpg 150w, https:\/\/geodronsl.com\/wp-content\/uploads\/2018\/07\/mapping-and-aerial-photogrammetry-300x300.jpg 300w\" sizes=\"auto, (max-width: 500px) 100vw, 500px\" \/>[\/vc_column_text][\/vc_column][\/vc_row]<\/p>\n","protected":false},"excerpt":{"rendered":"<p>[vc_row row_type=&#8221;row&#8221; use_row_as_full_screen_section=&#8221;no&#8221; type=&#8221;full_width&#8221; angled_section=&#8221;no&#8221; text_align=&#8221;left&#8221; background_image_as_pattern=&#8221;without_pattern&#8221; css_animation=&#8221;&#8221;][vc_column width=&#8221;1\/2&#8243;][vc_column_text] Mapping and Aerial Photogrammetry [\/vc_column_text][vc_separator type=&#8221;transparent&#8221;][vc_column_text]With GEODRON\u2019s fixed wing and rotary wing unmanned aerial vehicles (UAV or commonly known as a drone), new standards in precision, robustness and performance mapping by capturing aerial images as accurate&#8230;<\/p>\n","protected":false},"author":5,"featured_media":0,"parent":0,"menu_order":0,"comment_status":"closed","ping_status":"closed","template":"","meta":{"footnotes":""},"class_list":["post-1002","page","type-page","status-publish","hentry"],"_links":{"self":[{"href":"https:\/\/geodronsl.com\/en\/wp-json\/wp\/v2\/pages\/1002","targetHints":{"allow":["GET"]}}],"collection":[{"href":"https:\/\/geodronsl.com\/en\/wp-json\/wp\/v2\/pages"}],"about":[{"href":"https:\/\/geodronsl.com\/en\/wp-json\/wp\/v2\/types\/page"}],"author":[{"embeddable":true,"href":"https:\/\/geodronsl.com\/en\/wp-json\/wp\/v2\/users\/5"}],"replies":[{"embeddable":true,"href":"https:\/\/geodronsl.com\/en\/wp-json\/wp\/v2\/comments?post=1002"}],"version-history":[{"count":3,"href":"https:\/\/geodronsl.com\/en\/wp-json\/wp\/v2\/pages\/1002\/revisions"}],"predecessor-version":[{"id":1271,"href":"https:\/\/geodronsl.com\/en\/wp-json\/wp\/v2\/pages\/1002\/revisions\/1271"}],"wp:attachment":[{"href":"https:\/\/geodronsl.com\/en\/wp-json\/wp\/v2\/media?parent=1002"}],"curies":[{"name":"wp","href":"https:\/\/api.w.org\/{rel}","templated":true}]}}